{"id":7474,"date":"2025-06-07T08:21:30","date_gmt":"2025-06-07T08:21:30","guid":{"rendered":"https:\/\/sinoextrud.com\/product\/aluminum-handrail-extrusions\/"},"modified":"2025-06-24T06:12:55","modified_gmt":"2025-06-24T06:12:55","slug":"extrusions-de-mains-courantes-en-aluminium","status":"publish","type":"product","link":"https:\/\/sinoextrud.com\/fr\/product\/aluminum-handrail-extrusions\/","title":{"rendered":"Extrusions de mains courantes en aluminium"},"content":{"rendered":"<h2>D\u00e9tails des produits<\/h2>\n<table class=\"custom-table\">\n<tr>\n<td class=\"label\">Nom du produit<\/td>\n<td>Extrusions de mains courantes en aluminium<\/td>\n<\/tr>\n<tr>\n<td class=\"label\">Mat\u00e9riau<\/td>\n<td>Alliage d'aluminium 6063 ou 6061<\/td>\n<\/tr>\n<tr>\n<td class=\"label\">Traitement de surface<\/td>\n<td>Grain de bois, anodis\u00e9, rev\u00eatement par poudre, \u00e9lectrophor\u00e8se, PVDF, sablage, etc.<\/td>\n<\/tr>\n<tr>\n<td class=\"label\">Longueur<\/td>\n<td>Longueur normale 1-9M, autres longueurs personnalis\u00e9es disponibles.<\/td>\n<\/tr>\n<tr>\n<td class=\"label\">Utilisation<\/td>\n<td>Garde-corps d'escalier, garde-corps de balcon, garde-corps de cour.<\/td>\n<\/tr>\n<tr>\n<td class=\"label\">Contr\u00f4le de la qualit\u00e9<\/td>\n<td>Le client peut venir \u00e0 l'usine pour une inspection avant l'exp\u00e9dition.<\/td>\n<\/tr>\n<tr>\n<td class=\"label\">Certification<\/td>\n<td>ISO9001, ISO4001, CQM, SGS, CE, BV, JIS, AS, NZS, QUALICOAT, QUOLANOD<\/td>\n<\/tr>\n<tr>\n<td class=\"label\">MOQ<\/td>\n<td>200KG pour chaque article<\/td>\n<\/tr>\n<tr>\n<td class=\"label\">D\u00e9lai d'ex\u00e9cution<\/td>\n<td>Ouverture de la matrice et essai de l'\u00e9chantillon : 12-18 jours<br \/>\nProduction en s\u00e9rie : 25-30 jours<\/td>\n<\/tr>\n<tr>\n<td class=\"label\">D\u00e9tails de l'emballage<\/td>\n<td>(1) Int\u00e9rieur : Emball\u00e9 avec un film protecteur en plastique pour garantir une bonne surface.<br \/>\n(2) Ext\u00e9rieur : Chaque paquet est emball\u00e9 avec du papier artisanal imperm\u00e9able.<\/td>\n<\/tr>\n<tr>\n<td class=\"label\">Service<\/td>\n<td>Service OEM&amp;ODM accept\u00e9<\/td>\n<\/tr>\n<tr>\n<td class=\"label\">D\u00e9lai de paiement<\/td>\n<td>L\/C T\/T(30% Deposit), le solde avant le chargement.<\/td>\n<\/tr>\n<tr>\n<td class=\"label\">D\u00e9lai de livraison<\/td>\n<td>FOB, EXW ou autres conditions n\u00e9gociables<\/td>\n<\/tr>\n<tr>\n<td class=\"label\">Origine<\/td>\n<td>Guangdong, Chine<\/td>\n<\/tr>\n<tr>\n<td class=\"label\">Port de chargement<\/td>\n<td>Foshan\/Guangzhou\/Shenzhen<\/td>\n<\/tr>\n<\/table>\n<h2>Notre base de production<\/h2>\n<h3>Panorama de l'usine<\/h3>\n<p><img decoding=\"async\" src=\"\/wp-content\/uploads\/factory-01.webp\"\/><\/p>\n<h3>Atelier de fabrication de barres d'aluminium<\/h3>\n<p><img decoding=\"async\" src=\"\/wp-content\/uploads\/factory-02.webp\"\/><\/p>\n<\/p>\n<p><img decoding=\"async\" src=\"\/wp-content\/uploads\/factory-03.webp\"\/><\/p>\n<h3>Entrep\u00f4t de stockage des moules<\/h3>\n<p><img decoding=\"async\" src=\"\/wp-content\/uploads\/factory-04.webp\"\/><\/p>\n<h3>43 lignes d'extrusion d'aluminium (500 \u00e0 5500 tonnes)<\/h3>\n<p><img decoding=\"async\" src=\"\/wp-content\/uploads\/factory-05.webp\"\/><\/p>\n<p><img decoding=\"async\" src=\"\/wp-content\/uploads\/factory-06.webp\"\/><\/p>\n<p><img decoding=\"async\" src=\"\/wp-content\/uploads\/factory-07.webp\"\/><\/p>\n<h3>Atelier de peinture en poudre<\/h3>\n<p><img decoding=\"async\" src=\"\/wp-content\/uploads\/factory-09.webp\"\/><\/p>\n<h3>Atelier d'anodisation<\/h3>\n<p><img decoding=\"async\" src=\"\/wp-content\/uploads\/factory-10.webp\"\/><\/p>\n<h3>Atelier sur le traitement en profondeur<\/h3>\n<p><img decoding=\"async\" src=\"\/wp-content\/uploads\/factory-11.webp\"\/><\/p>\n<h3>Atelier d'usinage de pr\u00e9cision CNC<\/h3>\n<p><img decoding=\"async\" src=\"\/wp-content\/uploads\/factory-11.5.webp\"\/><\/p>\n<h3>Entrep\u00f4t de produits finis et d'exportation<\/h3>\n<p><img decoding=\"async\" src=\"\/wp-content\/uploads\/factory-12.webp\"\/><\/p>\n<p><img decoding=\"async\" src=\"\/wp-content\/uploads\/factory-13.webp\"\/><\/p>\n<p><img decoding=\"async\" src=\"\/wp-content\/uploads\/factory-14.webp\"\/><\/p>\n<h2>FAQ<\/h2>\n<p><b>1) Qu'est-ce qu'une main courante en aluminium extrud\u00e9 ? <\/b><\/p>\n<p> Les mains courantes en aluminium extrud\u00e9 sont des composants structurels form\u00e9s en poussant de l'aluminium \u00e0 travers une fili\u00e8re pour cr\u00e9er des profils de section transversale sp\u00e9cifiques, couramment utilis\u00e9s pour la s\u00e9curit\u00e9 et le soutien dans diverses applications de construction.\n<\/p>\n<p><\/p>\n<p><b>2) Pourquoi choisir l'aluminium extrud\u00e9 pour les mains courantes ? <\/b><\/p>\n<p> L'aluminium extrud\u00e9 offre une combinaison de solidit\u00e9, de l\u00e9g\u00e8ret\u00e9, de r\u00e9sistance \u00e0 la corrosion et de polyvalence de conception, ce qui le rend id\u00e9al pour les applications de mains courantes dans les environnements r\u00e9sidentiels et commerciaux.\n<\/p>\n<p><\/p>\n<p><b>3) Quelle est la durabilit\u00e9 des mains courantes en aluminium extrud\u00e9 ? <\/b><\/p>\n<p> Ces mains courantes sont tr\u00e8s durables et r\u00e9sistent \u00e0 la rouille, \u00e0 la corrosion et \u00e0 l'usure de l'environnement, ce qui garantit des performances durables avec un minimum d'entretien.\n<\/p>\n<p><\/p>\n<p><b>4. les mains courantes en aluminium extrud\u00e9 peuvent-elles \u00eatre personnalis\u00e9es ? <\/b><\/p>\n<p> Oui, ils peuvent \u00eatre adapt\u00e9s en termes de forme, de taille et de finition, y compris des options telles que l'anodisation et le rev\u00eatement par poudre, afin de r\u00e9pondre \u00e0 des exigences sp\u00e9cifiques en mati\u00e8re de conception et de fonctionnalit\u00e9.\n<\/p>\n<p><\/p>\n<p><b>5. les mains courantes en aluminium extrud\u00e9 peuvent-elles \u00eatre utilis\u00e9es \u00e0 l'ext\u00e9rieur ? <\/b><\/p>\n<p> De plus, leurs propri\u00e9t\u00e9s de r\u00e9sistance \u00e0 la corrosion en font des produits id\u00e9aux pour les applications ext\u00e9rieures, car ils r\u00e9sistent \u00e0 diverses conditions m\u00e9t\u00e9orologiques sans se d\u00e9grader.\n<\/p>\n<p><\/p>\n<p><b>6. Quel entretien est n\u00e9cessaire pour les mains courantes en aluminium extrud\u00e9 ? <\/b><\/p>\n<p> L'entretien est minime ; un nettoyage r\u00e9gulier avec de l'eau et du savon doux suffit g\u00e9n\u00e9ralement \u00e0 pr\u00e9server leur aspect et leur fonctionnement.\n<\/p>\n<p><\/p>\n<p><b>7. Comment les mains courantes en aluminium extrud\u00e9 contribuent-elles au d\u00e9veloppement durable ? <\/b><\/p>\n<p> Enti\u00e8rement recyclables, les mains courantes en aluminium soutiennent les pratiques de construction \u00e9cologiques en r\u00e9duisant les d\u00e9chets et le besoin de mat\u00e9riaux vierges.\n<\/p>\n<p><\/p>\n<p><b>8. les mains courantes en aluminium extrud\u00e9 sont-elles rentables ? <\/b><\/p>\n<p> En effet, leur durabilit\u00e9 et leur faible niveau d'entretien permettent de r\u00e9aliser des \u00e9conomies \u00e0 long terme par rapport \u00e0 d'autres mat\u00e9riaux qui peuvent n\u00e9cessiter des r\u00e9parations ou des remplacements fr\u00e9quents.<\/p>\n<p><\/p>","protected":false},"featured_media":7473,"template":"","categories":[67],"class_list":["post-7474","product","type-product","status-publish","has-post-thumbnail","hentry","category-architectural-aluminium-profile"],"meta_box":{"hilight_text_group":{"product_hilight_text":"<li>Extruded aluminum handrails offer exceptional durability, resisting rust, corrosion, and warping, ensuring long-term structural integrity in various environments.<\/li>\r\r\n<li>Lightweight design facilitates easy handling and installation, reducing labor costs and construction time.<\/li>\r\r\n<li>High strength-to-weight ratio provides robust support without adding excessive weight to structures.<\/li>\r\r\n<li>Design flexibility allows for customization in shapes, sizes, and finishes to meet specific architectural requirements.<\/li>\r\r\n<li>Low maintenance requirements, needing only occasional cleaning to maintain appearance and functionality.<\/li>\r\r\n<li>Eco-friendly material, being 100% recyclable, contributing to sustainable building practices.<\/li>\r\r\n<li>Cost-effective solution due to longevity and minimal upkeep, offering long-term savings over alternative materials.<\/li>","product_chanpin_blog":"<ul>\r\r\n<li><a href=\"https:\/\/sinoextrud.com\/t-slot-v-slot-differences\/\" target=\"_blank\">t slot vs v slot<\/a><\/li>\r\r\n<li><a href=\"https:\/\/sinoextrud.com\/what-is-4040-aluminium-extrud\/\" target=\"_blank\">4040 aluminium extrusion<\/a><\/li>\r\r\n<li><a href=\"https:\/\/sinoextrud.com\/what-is-4040-aluminium-extrud\/\" target=\"_blank\">aluminum extrusions for industrial racks<\/a><\/li>\r\r\n<li><a href=\"https:\/\/sinoextrud.com\/powder-coating-aluminium-process\/\" target=\"_blank\">powder coating aluminium<\/a><\/li>\r\r\n<li><a href=\"https:\/\/sinoextrud.com\/what-is-an-aluminium-strip-ceiling\/\" target=\"_blank\">aluminium strip ceiling<\/a><\/li>\r\r\n<li><a href=\"https:\/\/sinoextrud.com\/what-is-a-heat-sink\/\" target=\"_blank\">what is a heat sink<\/a><\/li>\r\r\n<\/ul>","product_chanpin_chanpin":"<li><a href=\"https:\/\/sinoextrud.com\/product\/l-shaped-aluminum-trim\/\" target=\"_blank\">L Shaped Aluminum Trim<\/a><\/li>\r\n<li><a href=\"https:\/\/sinoextrud.com\/product\/standard-aluminium-sections-for-partition\/\" target=\"_blank\">Standard Aluminium Sections For Partition<\/a><\/li>\r\n<li><a href=\"https:\/\/sinoextrud.com\/product\/c-section-aluminium-extrusion\/\" target=\"_blank\">C Section Aluminium Extrusion<\/a><\/li>\r\n<li><a href=\"https:\/\/sinoextrud.com\/product\/aluminum-sliding-door-track\/\" target=\"_blank\">Aluminum Sliding Door Track<\/a><\/li>\r\n<li><a href=\"https:\/\/sinoextrud.com\/product\/aluminum-handrail-extrusions\/\" target=\"_blank\">Aluminum Handrail Extrusions<\/a><\/li>\r\n<li><a href=\"https:\/\/sinoextrud.com\/product\/aluminium-window-frame-section\/\" target=\"_blank\">Aluminium Window Frame Section<\/a><\/li>\r\n<li><a href=\"https:\/\/sinoextrud.com\/product\/aluminum-cabinet-frame-extrusions\/\" target=\"_blank\">Aluminum Cabinet Frame Extrusions<\/a><\/li>\r\n<li><a href=\"https:\/\/sinoextrud.com\/product\/66-mm-aluminum-glass-railing-for-balcony-led-strip-u-channel-stair-railings\/\" target=\"_blank\">6+6 MM Aluminum Glass Railing For Balcony LED Strip U Channel Stair Railings<\/a><\/li>\r\n<li><a href=\"https:\/\/sinoextrud.com\/product\/aluminum-channel-for-plexiglass\/\" target=\"_blank\">Aluminum Channel For Plexiglass<\/a><\/li>\r\n<li><a href=\"https:\/\/sinoextrud.com\/product\/linear-rail-aluminium-extrusion\/\" target=\"_blank\">Linear Rail Aluminium Extrusion<\/a><\/li>\r\n<li><a href=\"https:\/\/sinoextrud.com\/product\/aluminum-profile-for-tent\/\" target=\"_blank\">Aluminum profile for tent<\/a><\/li>"},"feature_list":[]},"_links":{"self":[{"href":"https:\/\/sinoextrud.com\/fr\/wp-json\/wp\/v2\/product\/7474","targetHints":{"allow":["GET"]}}],"collection":[{"href":"https:\/\/sinoextrud.com\/fr\/wp-json\/wp\/v2\/product"}],"about":[{"href":"https:\/\/sinoextrud.com\/fr\/wp-json\/wp\/v2\/types\/product"}],"wp:featuredmedia":[{"embeddable":true,"href":"https:\/\/sinoextrud.com\/fr\/wp-json\/wp\/v2\/media\/7473"}],"wp:attachment":[{"href":"https:\/\/sinoextrud.com\/fr\/wp-json\/wp\/v2\/media?parent=7474"}],"wp:term":[{"taxonomy":"category","embeddable":true,"href":"https:\/\/sinoextrud.com\/fr\/wp-json\/wp\/v2\/categories?post=7474"}],"curies":[{"name":"wp","href":"https:\/\/api.w.org\/{rel}","templated":true}]}}