{"id":7466,"date":"2025-06-07T08:09:24","date_gmt":"2025-06-07T08:09:24","guid":{"rendered":"https:\/\/sinoextrud.com\/product\/l-shaped-aluminum-trim\/"},"modified":"2025-06-24T06:12:53","modified_gmt":"2025-06-24T06:12:53","slug":"garniture-en-aluminium-en-forme-de-l","status":"publish","type":"product","link":"https:\/\/sinoextrud.com\/fr\/product\/l-shaped-aluminum-trim\/","title":{"rendered":"Garniture en aluminium en forme de L"},"content":{"rendered":"<h2>D\u00e9tails des produits<\/h2>\n<table class=\"custom-table\">\n<tbody>\n<tr>\n<td> Mat\u00e9riau<\/td>\n<td> Aluminium 6063, T5<\/td>\n<\/tr>\n<tr>\n<td> Forme<\/td>\n<td> Rond ouvert\/rond ferm\u00e9\/U forme\/L forme\/T forme\/X forme\/E forme carr\u00e9e\/type personnalis\u00e9<\/td>\n<\/tr>\n<tr>\n<td> Hauteur<\/td>\n<td> 4.5m\/6mm\/DESIGNATION DU PRODUIT8mm\/9mm\/10mm\/11mm\/12.5mmPersonnalis\u00e9<\/td>\n<\/tr>\n<tr>\n<td> Longueur<\/td>\n<td> 2,5m\/2,6m\/2,7m\/3,0m\/personnalis\u00e9<\/td>\n<\/tr>\n<tr>\n<td> \u00c9paisseur<\/td>\n<td> 0,8 mm\/1,0 mm\/personnalis\u00e9<\/td>\n<\/tr>\n<tr>\n<td> Couleur<\/td>\n<td> naturel\/polissage\/mat\/brosse\/bois\/marbre\/personnalis\u00e9<\/td>\n<\/tr>\n<tr>\n<td> Forme du trou de perforation<\/td>\n<td> Carr\u00e9\/Rond\/Triangle\/Lettres\/Diamant\/Personnalis\u00e9<\/td>\n<\/tr>\n<tr>\n<td> Paquet<\/td>\n<td> Normalement, chaque pi\u00e8ce est munie d'un film protecteur et d'une \u00e9tiquette, 10 pi\u00e8ces par paquet, 60 pi\u00e8ces par carton ou par tube.<\/td>\n<\/tr>\n<tr>\n<td> D\u00e9lai de livraison<\/td>\n<td> 15-30 jours ouvrables apr\u00e8s r\u00e9ception de l'acompte et confirmation des d\u00e9tails<\/td>\n<\/tr>\n<tr>\n<td> Caract\u00e9ristiques<\/td>\n<td> 1. simple et facile \u00e0 installer ; aspect attrayant et \u00e9l\u00e9gant.<br \/>\n2. couleurs vari\u00e9es, douceur, haute luminosit\u00e9.<br \/>\n3. haute r\u00e9sistance \u00e0 la corrosion et aux intemp\u00e9ries.<br \/>\n4. forte adh\u00e9rence du rev\u00eatement qui convient aux mat\u00e9riaux de construction et industriels.<\/td>\n<\/tr>\n<\/tbody>\n<\/table>\n<h2>Notre base de production<\/h2>\n<h3>Panorama de l'usine<\/h3>\n<p><img decoding=\"async\" src=\"\/wp-content\/uploads\/factory-01.webp\"\/><\/p>\n<h3>Atelier de fabrication de barres d'aluminium<\/h3>\n<p><img decoding=\"async\" src=\"\/wp-content\/uploads\/factory-02.webp\"\/><\/p>\n<p><img decoding=\"async\" src=\"\/wp-content\/uploads\/factory-03.webp\"\/><\/p>\n<h3>Entrep\u00f4t de stockage des moules<\/h3>\n<p><img decoding=\"async\" src=\"\/wp-content\/uploads\/factory-04.webp\"\/><\/p>\n<h3>43 lignes d'extrusion d'aluminium (500 \u00e0 5500 tonnes)<\/h3>\n<p><img decoding=\"async\" src=\"\/wp-content\/uploads\/factory-05.webp\"\/><\/p>\n<p><img decoding=\"async\" src=\"\/wp-content\/uploads\/factory-06.webp\"\/><\/p>\n<p><img decoding=\"async\" src=\"\/wp-content\/uploads\/factory-07.webp\"\/><\/p>\n<h3>Atelier de peinture en poudre<\/h3>\n<p><img decoding=\"async\" src=\"\/wp-content\/uploads\/factory-09.webp\"\/><\/p>\n<h3>Atelier d'anodisation<\/h3>\n<p><img decoding=\"async\" src=\"\/wp-content\/uploads\/factory-10.webp\"\/><\/p>\n<h3>Atelier sur le traitement en profondeur<\/h3>\n<p><img decoding=\"async\" src=\"\/wp-content\/uploads\/factory-11.webp\"\/><\/p>\n<h3>Atelier d'usinage de pr\u00e9cision CNC<\/h3>\n<p><img decoding=\"async\" src=\"\/wp-content\/uploads\/factory-11.5.webp\"\/><\/p>\n<h3>Entrep\u00f4t de produits finis et d'exportation<\/h3>\n<p><img decoding=\"async\" src=\"\/wp-content\/uploads\/factory-12.webp\"\/><\/p>\n<p><img decoding=\"async\" src=\"\/wp-content\/uploads\/factory-13.webp\"\/><\/p>\n<p><img decoding=\"async\" src=\"\/wp-content\/uploads\/factory-14.webp\"\/><\/p>\n<h2>FAQ<\/h2>\n<p><p><b>1) Qu'est-ce qu'une garniture en aluminium en forme de L ? <\/b><\/p>\n<p> La moulure en aluminium en forme de \"L\" est un profil\u00e9 m\u00e9tallique en forme de \"L\", couramment utilis\u00e9 pour les bordures et les encadrements dans les applications architecturales et de d\u00e9coration int\u00e9rieure, offrant \u00e0 la fois fonctionnalit\u00e9 et attrait esth\u00e9tique.<br \/>\n<\/p><br \/>\n<br \/>\n<p><b>2. pourquoi choisir la garniture en aluminium en forme de L ? <\/b><\/p>\n<p> La garniture en aluminium en forme de L offre une finition propre et moderne, ainsi qu'une durabilit\u00e9, une r\u00e9sistance \u00e0 la corrosion et une installation facile, ce qui la rend id\u00e9ale pour encadrer les portes, les fen\u00eatres et d'autres \u00e9l\u00e9ments structurels.<br \/>\n<\/p><br \/>\n<br \/>\n<p><b>3) Les garnitures en aluminium en forme de L peuvent-elles \u00eatre personnalis\u00e9es ? <\/b><\/p>\n<p> Oui, les garnitures en aluminium en forme de L peuvent \u00eatre personnalis\u00e9es en termes de taille, de forme, de finition et de couleur pour r\u00e9pondre \u00e0 vos exigences sp\u00e9cifiques en mati\u00e8re de design et d'application.<br \/>\n<\/p><br \/>\n<br \/>\n<p><b>4. les garnitures en aluminium conviennent-elles pour une utilisation en ext\u00e9rieur ? <\/b><\/p>\n<p> Oui, l'aluminium est r\u00e9sistant \u00e0 la corrosion, ce qui le rend parfait pour les applications int\u00e9rieures et ext\u00e9rieures, y compris les environnements expos\u00e9s aux intemp\u00e9ries.<br \/>\n<\/p><br \/>\n<br \/>\n<p><b>5) Quelles sont les finitions disponibles pour les garnitures en aluminium en forme de L ? <\/b><\/p>\n<p> Les finitions comprennent l'anodisation, le rev\u00eatement par poudre, le brossage ou le polissage, ce qui vous permet de choisir la meilleure option pour la durabilit\u00e9 et l'attrait esth\u00e9tique.<br \/>\n<\/p><br \/>\n<br \/>\n<p><b>6) Est-il facile d'installer une garniture en aluminium en forme de L ? <\/b><\/p>\n<p> L'installation est rapide et facile, car la garniture est l\u00e9g\u00e8re et con\u00e7ue pour s'adapter parfaitement aux \u00e9l\u00e9ments d'ossature standard, ce qui minimise les co\u00fbts de main-d'\u0153uvre.<br \/>\n<\/p><br \/>\n<br \/>\n<p><b>7. les garnitures en aluminium sont-elles respectueuses de l'environnement ? <\/b><\/p>\n<p> Oui, l'aluminium est 100% recyclable, ce qui fait de la garniture en aluminium en forme de L une option \u00e9cologique et durable pour les projets de construction et de r\u00e9novation.<br \/>\n<\/p><br \/><\/p>","protected":false},"featured_media":7465,"template":"","categories":[67],"class_list":["post-7466","product","type-product","status-publish","has-post-thumbnail","hentry","category-architectural-aluminium-profile"],"meta_box":{"hilight_text_group":{"product_hilight_text":"<li>L-shaped aluminum trim offers a sleek, modern design for framing and edging in various applications.<\/li>\r\r\n<li>Durable and lightweight aluminum ensures long-lasting performance while being easy to handle and install.<\/li>\r\r\n<li>Corrosion-resistant surface provides excellent durability in both indoor and outdoor environments.<\/li>\r\r\n<li>Customizable sizes, finishes, and shapes to meet specific project requirements and aesthetic preferences.<\/li>\r\r\n<li>Versatile design, ideal for use in door frames, windows, furniture, and other architectural finishes.<\/li>\r\r\n<li>Low maintenance, offering an affordable and long-term solution for clean and professional-looking trims.<\/li>","product_chanpin_blog":"<ul>\r\r\n<li><a href=\"https:\/\/sinoextrud.com\/t-slot-v-slot-differences\/\" target=\"_blank\">t slot vs v slot<\/a><\/li>\r\r\n<li><a href=\"https:\/\/sinoextrud.com\/what-is-4040-aluminium-extrud\/\" target=\"_blank\">4040 aluminium extrusion<\/a><\/li>\r\r\n<li><a href=\"https:\/\/sinoextrud.com\/what-is-4040-aluminium-extrud\/\" target=\"_blank\">aluminum extrusions for industrial racks<\/a><\/li>\r\r\n<li><a href=\"https:\/\/sinoextrud.com\/powder-coating-aluminium-process\/\" target=\"_blank\">powder coating aluminium<\/a><\/li>\r\r\n<li><a href=\"https:\/\/sinoextrud.com\/what-is-an-aluminium-strip-ceiling\/\" target=\"_blank\">aluminium strip ceiling<\/a><\/li>\r\r\n<li><a href=\"https:\/\/sinoextrud.com\/what-is-a-heat-sink\/\" target=\"_blank\">what is a heat sink<\/a><\/li>\r\r\n<\/ul>","product_chanpin_chanpin":"<li><a href=\"https:\/\/sinoextrud.com\/product\/coated-treatment-aluminium-extrusion\/\" target=\"_blank\">Coated Treatment Aluminium Extrusion<\/a><\/li>\r\n<li><a href=\"https:\/\/sinoextrud.com\/product\/shutter-type-of-aluminum-profiles-for-doors-and-windows\/\" target=\"_blank\">Shutter Type Of Aluminum Profiles For Doors And Windows<\/a><\/li>\r\n<li><a href=\"https:\/\/sinoextrud.com\/product\/wood-grain-aluminum-extrusion-slider\/\" target=\"_blank\">Wood Grain Aluminum Extrusion Slider<\/a><\/li>\r\n<li><a href=\"https:\/\/sinoextrud.com\/product\/standard-aluminium-extrusion-profiles-windows-and-doors\/\" target=\"_blank\">Standard Aluminium Extrusion Profiles Windows And Doors<\/a><\/li>\r\n<li><a href=\"https:\/\/sinoextrud.com\/product\/l-shaped-aluminum-trim\/\" target=\"_blank\">L Shaped Aluminum Trim<\/a><\/li>\r\n<li><a href=\"https:\/\/sinoextrud.com\/product\/standard-aluminium-sections-for-partition\/\" target=\"_blank\">Standard Aluminium Sections For Partition<\/a><\/li>\r\n<li><a href=\"https:\/\/sinoextrud.com\/product\/c-section-aluminium-extrusion\/\" target=\"_blank\">C Section Aluminium Extrusion<\/a><\/li>\r\n<li><a href=\"https:\/\/sinoextrud.com\/product\/aluminum-sliding-door-track\/\" target=\"_blank\">Aluminum Sliding Door Track<\/a><\/li>\r\n<li><a href=\"https:\/\/sinoextrud.com\/product\/aluminum-handrail-extrusions\/\" target=\"_blank\">Aluminum Handrail Extrusions<\/a><\/li>\r\n<li><a href=\"https:\/\/sinoextrud.com\/product\/aluminum-profiles-for-glass\/\" target=\"_blank\">Aluminum Profiles For Glass<\/a><\/li>\r\n<li><a href=\"https:\/\/sinoextrud.com\/product\/aluminum-door-jamb-extrusions\/\" target=\"_blank\">Aluminum Door Jamb Extrusions<\/a><\/li>"},"feature_list":[]},"_links":{"self":[{"href":"https:\/\/sinoextrud.com\/fr\/wp-json\/wp\/v2\/product\/7466","targetHints":{"allow":["GET"]}}],"collection":[{"href":"https:\/\/sinoextrud.com\/fr\/wp-json\/wp\/v2\/product"}],"about":[{"href":"https:\/\/sinoextrud.com\/fr\/wp-json\/wp\/v2\/types\/product"}],"wp:featuredmedia":[{"embeddable":true,"href":"https:\/\/sinoextrud.com\/fr\/wp-json\/wp\/v2\/media\/7465"}],"wp:attachment":[{"href":"https:\/\/sinoextrud.com\/fr\/wp-json\/wp\/v2\/media?parent=7466"}],"wp:term":[{"taxonomy":"category","embeddable":true,"href":"https:\/\/sinoextrud.com\/fr\/wp-json\/wp\/v2\/categories?post=7466"}],"curies":[{"name":"wp","href":"https:\/\/api.w.org\/{rel}","templated":true}]}}