{"id":7464,"date":"2025-06-07T08:05:35","date_gmt":"2025-06-07T08:05:35","guid":{"rendered":"https:\/\/sinoextrud.com\/product\/standard-aluminium-extrusion-profiles-windows-and-doors\/"},"modified":"2025-06-24T06:12:53","modified_gmt":"2025-06-24T06:12:53","slug":"profiles-extrudes-en-aluminium-standard-fenetres-et-portes","status":"publish","type":"product","link":"https:\/\/sinoextrud.com\/fr\/product\/standard-aluminium-extrusion-profiles-windows-and-doors\/","title":{"rendered":"Profil\u00e9s d'extrusion en aluminium standard Fen\u00eatres et portes"},"content":{"rendered":"<h2>D\u00e9tails des produits<\/h2>\n<table class=\"custom-table\">\n<tbody>\n<tr>\n<td> Nom du produit<\/td>\n<td> Profil\u00e9s d'extrusion en aluminium standard, Profil\u00e9s d'extrusion en aluminium standard Fen\u00eatres et portes<\/td>\n<\/tr>\n<tr>\n<td> Alliage d'aluminium<\/td>\n<td> 6063-T5, ou personnalisation<\/td>\n<\/tr>\n<tr>\n<td> Traitement de surface<\/td>\n<td> Rev\u00eatement en poudre ou personnalisation<\/td>\n<\/tr>\n<tr>\n<td> Couleur<\/td>\n<td> blanc ou personnalisation<\/td>\n<\/tr>\n<tr>\n<td> Taille<\/td>\n<td> 1-9m, ou personnalisation<\/td>\n<\/tr>\n<tr>\n<td> Application<\/td>\n<td> Profil\u00e9s sp\u00e9ciaux en aluminium pour dissipateurs thermiques en aluminium pour machines \u00e9lectriques, moteurs, \u00e9quipements, etc.<\/td>\n<\/tr>\n<tr>\n<td> Marque<\/td>\n<td> Sinoextrud \/ Sinoextrud \/ Sinoextrud Aluminium<\/td>\n<\/tr>\n<tr>\n<td> Origine<\/td>\n<td> Foshan, Chine<\/td>\n<\/tr>\n<\/tbody>\n<\/table>\n<h2>Notre base de production<\/h2>\n<h3>Panorama de l'usine<\/h3>\n<p><img decoding=\"async\" src=\"\/wp-content\/uploads\/factory-01.webp\"\/><\/p>\n<h3>Atelier de fabrication de barres d'aluminium<\/h3>\n<p><img decoding=\"async\" src=\"\/wp-content\/uploads\/factory-02.webp\"\/><\/p>\n<p><img decoding=\"async\" src=\"\/wp-content\/uploads\/factory-03.webp\"\/><\/p>\n<h3>Entrep\u00f4t de stockage des moules<\/h3>\n<p><img decoding=\"async\" src=\"\/wp-content\/uploads\/factory-04.webp\"\/><\/p>\n<h3>43 lignes d'extrusion d'aluminium (500 \u00e0 5500 tonnes)<\/h3>\n<p><img decoding=\"async\" src=\"\/wp-content\/uploads\/factory-05.webp\"\/><\/p>\n<p><img decoding=\"async\" src=\"\/wp-content\/uploads\/factory-06.webp\"\/><\/p>\n<p><img decoding=\"async\" src=\"\/wp-content\/uploads\/factory-07.webp\"\/><\/p>\n<h3>Atelier de peinture en poudre<\/h3>\n<p><img decoding=\"async\" src=\"\/wp-content\/uploads\/factory-09.webp\"\/><\/p>\n<h3>Atelier d'anodisation<\/h3>\n<p><img decoding=\"async\" src=\"\/wp-content\/uploads\/factory-10.webp\"\/><\/p>\n<h3>Atelier sur le traitement en profondeur<\/h3>\n<p><img decoding=\"async\" src=\"\/wp-content\/uploads\/factory-11.webp\"\/><\/p>\n<h3>Atelier d'usinage de pr\u00e9cision CNC<\/h3>\n<p><img decoding=\"async\" src=\"\/wp-content\/uploads\/factory-11.5.webp\"\/><\/p>\n<h3>Entrep\u00f4t de produits finis et d'exportation<\/h3>\n<p><img decoding=\"async\" src=\"\/wp-content\/uploads\/factory-12.webp\"\/><\/p>\n<p><img decoding=\"async\" src=\"\/wp-content\/uploads\/factory-13.webp\"\/><\/p>\n<p><img decoding=\"async\" src=\"\/wp-content\/uploads\/factory-14.webp\"\/><\/p>\n<h2>FAQ<\/h2>\n<p><p><b>1.Qu'est-ce qu'un profil\u00e9 extrud\u00e9 standard en aluminium pour fen\u00eatres et portes ? <\/b><\/p>\n<p> Les profil\u00e9s standard d'extrusion d'aluminium pour fen\u00eatres et portes sont des profil\u00e9s d'aluminium pr\u00e9fabriqu\u00e9s con\u00e7us pour \u00eatre utilis\u00e9s dans la construction de fen\u00eatres et de portes, offrant un cadre durable et fiable.<br \/>\n<\/p><br \/>\n<br \/>\n<p><b>2. Pourquoi utiliser l'aluminium pour les profil\u00e9s de fen\u00eatres et de portes ? <\/b><\/p>\n<p> L'aluminium est l\u00e9ger, r\u00e9sistant \u00e0 la corrosion et offre un rapport r\u00e9sistance\/poids \u00e9lev\u00e9, ce qui le rend id\u00e9al pour les syst\u00e8mes de fen\u00eatres et de portes qui n\u00e9cessitent durabilit\u00e9, s\u00e9curit\u00e9 et facilit\u00e9 d'entretien.<br \/>\n<\/p><br \/>\n<br \/>\n<p><b>3. ces profils peuvent-ils \u00eatre personnalis\u00e9s ? <\/b><\/p>\n<p> Oui, les profil\u00e9s d'extrusion d'aluminium standard pour fen\u00eatres et portes peuvent \u00eatre personnalis\u00e9s en termes de taille, de forme, de finition et d'alliage pour r\u00e9pondre aux exigences sp\u00e9cifiques du projet.<br \/>\n<\/p><br \/>\n<br \/>\n<p><b>4. Ces profil\u00e9s conviennent-ils \u00e0 une utilisation en ext\u00e9rieur ? <\/b><\/p>\n<p> Oui, avec une finition ad\u00e9quate, les profil\u00e9s en aluminium sont r\u00e9sistants aux rayons UV, \u00e0 l'humidit\u00e9 et aux fluctuations de temp\u00e9rature, ce qui les rend parfaits pour les applications ext\u00e9rieures telles que les cadres de fen\u00eatres et de portes.<br \/>\n<\/p><br \/>\n<br \/>\n<p><b>5. Quelles sont les finitions disponibles pour les profil\u00e9s en aluminium ? <\/b><\/p>\n<p> Les finitions courantes comprennent l'anodisation, le rev\u00eatement par poudre et les finitions en usine, offrant \u00e0 la fois une durabilit\u00e9 et une flexibilit\u00e9 esth\u00e9tique pour divers mod\u00e8les de fen\u00eatres et de portes.<br \/>\n<\/p><br \/>\n<br \/>\n<p><b>6. Quelle est la facilit\u00e9 d'installation des profil\u00e9s de fen\u00eatres et de portes en aluminium ? <\/b><\/p>\n<p> Les profil\u00e9s en aluminium sont con\u00e7us pour une installation facile, r\u00e9duisant le temps de travail et les co\u00fbts, et peuvent \u00eatre mont\u00e9s \u00e0 l'aide de mat\u00e9riel et de connecteurs standard.<br \/>\n<\/p><br \/>\n<br \/>\n<p><b>7. les profil\u00e9s de fen\u00eatres et de portes en aluminium sont-ils respectueux de l'environnement ? <\/b><\/p>\n<p> Oui, l'aluminium est recyclable 100%, ce qui en fait un choix \u00e9cologique pour la construction durable et les syst\u00e8mes d'encadrement des fen\u00eatres et des portes.<br \/>\n<\/p><br \/><\/p>","protected":false},"featured_media":7463,"template":"","categories":[67],"class_list":["post-7464","product","type-product","status-publish","has-post-thumbnail","hentry","category-architectural-aluminium-profile"],"meta_box":{"hilight_text_group":{"product_hilight_text":"<li>High-quality standard aluminum extrusion profiles provide strength, durability, and precision for windows and doors.<\/li>\r\r\n<li>Corrosion-resistant, making them ideal for both indoor and outdoor applications in varying weather conditions.<\/li>\r\r\n<li>Lightweight design ensures easy handling and faster installation, reducing overall project costs.<\/li>\r\r\n<li>Customizable profiles and finishes to meet specific design and functional requirements for windows and doors.<\/li>\r\r\n<li>Low maintenance, offering a long-term solution for energy-efficient, secure, and aesthetically pleasing window and door systems.<\/li>\r\r\n<li>Compatible with various glass types and hardware for versatile window and door system designs.<\/li>","product_chanpin_blog":"<ul>\r\r\n<li><a href=\"https:\/\/sinoextrud.com\/t-slot-v-slot-differences\/\" target=\"_blank\">t slot vs v slot<\/a><\/li>\r\r\n<li><a href=\"https:\/\/sinoextrud.com\/what-is-4040-aluminium-extrud\/\" target=\"_blank\">4040 aluminium extrusion<\/a><\/li>\r\r\n<li><a href=\"https:\/\/sinoextrud.com\/what-is-4040-aluminium-extrud\/\" target=\"_blank\">aluminum extrusions for industrial racks<\/a><\/li>\r\r\n<li><a href=\"https:\/\/sinoextrud.com\/powder-coating-aluminium-process\/\" target=\"_blank\">powder coating aluminium<\/a><\/li>\r\r\n<li><a href=\"https:\/\/sinoextrud.com\/what-is-an-aluminium-strip-ceiling\/\" target=\"_blank\">aluminium strip ceiling<\/a><\/li>\r\r\n<li><a href=\"https:\/\/sinoextrud.com\/what-is-a-heat-sink\/\" target=\"_blank\">what is a heat sink<\/a><\/li>\r\r\n<\/ul>","product_chanpin_chanpin":"<li><a href=\"https:\/\/sinoextrud.com\/product\/factory-offer-6061-aluminum-railing-profiles\/\" target=\"_blank\">Factory Offer 6061 Aluminum Railing Profiles<\/a><\/li>\r\n<li><a href=\"https:\/\/sinoextrud.com\/product\/coated-treatment-aluminium-extrusion\/\" target=\"_blank\">Coated Treatment Aluminium Extrusion<\/a><\/li>\r\n<li><a href=\"https:\/\/sinoextrud.com\/product\/shutter-type-of-aluminum-profiles-for-doors-and-windows\/\" target=\"_blank\">Shutter Type Of Aluminum Profiles For Doors And Windows<\/a><\/li>\r\n<li><a href=\"https:\/\/sinoextrud.com\/product\/wood-grain-aluminum-extrusion-slider\/\" target=\"_blank\">Wood Grain Aluminum Extrusion Slider<\/a><\/li>\r\n<li><a href=\"https:\/\/sinoextrud.com\/product\/standard-aluminium-extrusion-profiles-windows-and-doors\/\" target=\"_blank\">Standard Aluminium Extrusion Profiles Windows And Doors<\/a><\/li>\r\n<li><a href=\"https:\/\/sinoextrud.com\/product\/l-shaped-aluminum-trim\/\" target=\"_blank\">L Shaped Aluminum Trim<\/a><\/li>\r\n<li><a href=\"https:\/\/sinoextrud.com\/product\/standard-aluminium-sections-for-partition\/\" target=\"_blank\">Standard Aluminium Sections For Partition<\/a><\/li>\r\n<li><a href=\"https:\/\/sinoextrud.com\/product\/c-section-aluminium-extrusion\/\" target=\"_blank\">C Section Aluminium Extrusion<\/a><\/li>\r\n<li><a href=\"https:\/\/sinoextrud.com\/product\/aluminum-sliding-door-track\/\" target=\"_blank\">Aluminum Sliding Door Track<\/a><\/li>\r\n<li><a href=\"https:\/\/sinoextrud.com\/product\/l-shaped-aluminium-profile\/\" target=\"_blank\">L Shaped Aluminium Profile<\/a><\/li>\r\n<li><a href=\"https:\/\/sinoextrud.com\/product\/extruded-aluminum-sections\/\" target=\"_blank\">Extruded Aluminum Sections<\/a><\/li>"},"feature_list":[]},"_links":{"self":[{"href":"https:\/\/sinoextrud.com\/fr\/wp-json\/wp\/v2\/product\/7464","targetHints":{"allow":["GET"]}}],"collection":[{"href":"https:\/\/sinoextrud.com\/fr\/wp-json\/wp\/v2\/product"}],"about":[{"href":"https:\/\/sinoextrud.com\/fr\/wp-json\/wp\/v2\/types\/product"}],"wp:featuredmedia":[{"embeddable":true,"href":"https:\/\/sinoextrud.com\/fr\/wp-json\/wp\/v2\/media\/7463"}],"wp:attachment":[{"href":"https:\/\/sinoextrud.com\/fr\/wp-json\/wp\/v2\/media?parent=7464"}],"wp:term":[{"taxonomy":"category","embeddable":true,"href":"https:\/\/sinoextrud.com\/fr\/wp-json\/wp\/v2\/categories?post=7464"}],"curies":[{"name":"wp","href":"https:\/\/api.w.org\/{rel}","templated":true}]}}