{"id":7460,"date":"2025-06-07T07:51:06","date_gmt":"2025-06-07T07:51:06","guid":{"rendered":"https:\/\/sinoextrud.com\/product\/shutter-type-of-aluminum-profiles-for-doors-and-windows\/"},"modified":"2025-06-24T06:12:52","modified_gmt":"2025-06-24T06:12:52","slug":"type-de-volet-en-profiles-daluminium-pour-portes-et-fenetres","status":"publish","type":"product","link":"https:\/\/sinoextrud.com\/fr\/product\/shutter-type-of-aluminum-profiles-for-doors-and-windows\/","title":{"rendered":"Type de volet des profil\u00e9s en aluminium pour portes et fen\u00eatres"},"content":{"rendered":"<h2>D\u00e9tails des produits<\/h2>\n<table class=\"custom-table\">\n<tbody>\n<tr>\n<td> Nom<\/td>\n<td> Type de volet des profil\u00e9s en aluminium pour portes et fen\u00eatres<br \/>\nProfil\u00e9s en aluminium pour portes et fen\u00eatres<\/td>\n<\/tr>\n<tr>\n<td> Marque<\/td>\n<td> Sinoextrud\/Sinoextrud<\/td>\n<\/tr>\n<tr>\n<td> Cat\u00e9gorie<\/td>\n<td> Profil\u00e9s en aluminium<\/td>\n<\/tr>\n<tr>\n<td> Mat\u00e9riau<\/td>\n<td> La norme 6061 est largement utilis\u00e9e. 6063, 6463, 6005, 6082 sont \u00e9galement disponibles.<\/td>\n<\/tr>\n<tr>\n<td> Temp\u00e9rer<\/td>\n<td> T5-T8<\/td>\n<\/tr>\n<tr>\n<td> Longueur<\/td>\n<td> 1-9m ou personnalisation<\/td>\n<\/tr>\n<tr>\n<td> Taille (mm)<\/td>\n<td> personnalisation<\/td>\n<\/tr>\n<tr>\n<td> Forme<\/td>\n<td> Oblat \/ feuille \/ forme en U \/ rectangle \/ personnalisation<\/td>\n<\/tr>\n<tr>\n<td> Traitement de surface<\/td>\n<td> Anodisation, sablage, grain de bois, \u00e9lectrophor\u00e8se, rev\u00eatement de surface, etc.<\/td>\n<\/tr>\n<tr>\n<td> Couleur<\/td>\n<td> Argent ou couleur personnalis\u00e9e<\/td>\n<\/tr>\n<tr>\n<td> Standard<\/td>\n<td> ASTM, GB, DIN<\/td>\n<\/tr>\n<tr>\n<td> De<\/td>\n<td> Guangdong, Chine<\/td>\n<\/tr>\n<tr>\n<td> Application<\/td>\n<td> B\u00e2timent, d\u00e9coration, profil\u00e9s de fen\u00eatres et de portes<\/td>\n<\/tr>\n<\/tbody>\n<\/table>\n<h2>Notre base de production<\/h2>\n<h3>Panorama de l'usine<\/h3>\n<p><img decoding=\"async\" src=\"\/wp-content\/uploads\/factory-01.webp\"\/><\/p>\n<h3>Atelier de fabrication de barres d'aluminium<\/h3>\n<p><img decoding=\"async\" src=\"\/wp-content\/uploads\/factory-02.webp\"\/><\/p>\n<p><img decoding=\"async\" src=\"\/wp-content\/uploads\/factory-03.webp\"\/><\/p>\n<h3>Entrep\u00f4t de stockage des moules<\/h3>\n<p><img decoding=\"async\" src=\"\/wp-content\/uploads\/factory-04.webp\"\/><\/p>\n<h3>43 lignes d'extrusion d'aluminium (500 \u00e0 5500 tonnes)<\/h3>\n<p><img decoding=\"async\" src=\"\/wp-content\/uploads\/factory-05.webp\"\/><\/p>\n<p><img decoding=\"async\" src=\"\/wp-content\/uploads\/factory-06.webp\"\/><\/p>\n<p><img decoding=\"async\" src=\"\/wp-content\/uploads\/factory-07.webp\"\/><\/p>\n<h3>Atelier de peinture en poudre<\/h3>\n<p><img decoding=\"async\" src=\"\/wp-content\/uploads\/factory-09.webp\"\/><\/p>\n<h3>Atelier d'anodisation<\/h3>\n<p><img decoding=\"async\" src=\"\/wp-content\/uploads\/factory-10.webp\"\/><\/p>\n<h3>Atelier sur le traitement en profondeur<\/h3>\n<p><img decoding=\"async\" src=\"\/wp-content\/uploads\/factory-11.webp\"\/><\/p>\n<h3>Atelier d'usinage de pr\u00e9cision CNC<\/h3>\n<p><img decoding=\"async\" src=\"\/wp-content\/uploads\/factory-11.5.webp\"\/><\/p>\n<h3>Entrep\u00f4t de produits finis et d'exportation<\/h3>\n<p><img decoding=\"async\" src=\"\/wp-content\/uploads\/factory-12.webp\"\/><\/p>\n<p><img decoding=\"async\" src=\"\/wp-content\/uploads\/factory-13.webp\"\/><\/p>\n<p><img decoding=\"async\" src=\"\/wp-content\/uploads\/factory-14.webp\"\/><\/p>\n<h2>FAQ<\/h2>\n<p><p><b>1. Quels sont les types de volets des profil\u00e9s en aluminium pour portes et fen\u00eatres ? <\/b><\/p>\n<p> Les profil\u00e9s d'aluminium de type volet sont des profil\u00e9s d'aluminium sp\u00e9cialis\u00e9s utilis\u00e9s pour cr\u00e9er des volets pour les portes et les fen\u00eatres, assurant la s\u00e9curit\u00e9, l'isolation et l'attrait esth\u00e9tique.<br \/>\n<\/p><br \/>\n<br \/>\n<p><b>2. pourquoi choisir des profil\u00e9s en aluminium pour les volets ? <\/b><\/p>\n<p> L'aluminium est durable, r\u00e9sistant \u00e0 la corrosion, l\u00e9ger et facile \u00e0 entretenir, ce qui en fait un mat\u00e9riau id\u00e9al pour les volets dans les applications r\u00e9sidentielles et commerciales.<br \/>\n<\/p><br \/>\n<br \/>\n<p><b>3. ces profils peuvent-ils \u00eatre personnalis\u00e9s ? <\/b><\/p>\n<p> Oui, ces profil\u00e9s en aluminium peuvent \u00eatre personnalis\u00e9s en termes de taille, de finition et de design pour s'adapter \u00e0 des syst\u00e8mes de portes et de fen\u00eatres sp\u00e9cifiques.<br \/>\n<\/p><br \/>\n<br \/>\n<p><b>4. Ces profil\u00e9s conviennent-ils \u00e0 une utilisation en ext\u00e9rieur ? <\/b><\/p>\n<p> En effet, les propri\u00e9t\u00e9s anticorrosion de l'aluminium en font un mat\u00e9riau id\u00e9al pour les applications ext\u00e9rieures, offrant une protection contre les \u00e9l\u00e9ments m\u00e9t\u00e9orologiques et l'exposition aux UV.<br \/>\n<\/p><br \/>\n<br \/>\n<p><b>5. Quelles sont les finitions disponibles pour les profil\u00e9s d'aluminium de type volet ? <\/b><\/p>\n<p> Les finitions disponibles comprennent l'anodisation, le rev\u00eatement en poudre et l'aluminium bross\u00e9, offrant une durabilit\u00e9 et une apparence polie pour divers besoins de conception.<br \/>\n<\/p><br \/>\n<br \/>\n<p><b>6. Comment les volets en aluminium am\u00e9liorent-ils l'efficacit\u00e9 \u00e9nerg\u00e9tique ? <\/b><\/p>\n<p> Les profil\u00e9s en aluminium, lorsqu'ils sont associ\u00e9s \u00e0 des panneaux ou \u00e0 des vitrages appropri\u00e9s, offrent une excellente isolation, am\u00e9liorant les performances thermiques et acoustiques des portes et des fen\u00eatres.<br \/>\n<\/p><br \/>\n<br \/>\n<p><b>7. le processus d'installation est-il facile ? <\/b><\/p>\n<p> Oui, les profils de volets en aluminium sont l\u00e9gers et faciles \u00e0 installer, et ne n\u00e9cessitent souvent qu'un minimum d'outils pour une mise en place rapide et s\u00fbre.<br \/>\n<\/p><br \/>\n<br \/>\n<p><b>8. Comment l'aluminium contribue-t-il au d\u00e9veloppement durable ? <\/b><\/p>\n<p> L'aluminium est recyclable 100%, ce qui en fait une option respectueuse de l'environnement pour les volets de portes et de fen\u00eatres dans les projets de construction.<br \/>\n<\/p><br \/><\/p>","protected":false},"featured_media":7459,"template":"","categories":[67],"class_list":["post-7460","product","type-product","status-publish","has-post-thumbnail","hentry","category-architectural-aluminium-profile"],"meta_box":{"hilight_text_group":{"product_hilight_text":"<li>Shutter-type aluminum profiles provide robust protection and security for doors and windows.<\/li>\r\r\n<li>Corrosion-resistant finish ensures long-lasting performance in both residential and commercial environments.<\/li>\r\r\n<li>Customizable sizes, shapes, and finishes to suit various architectural designs.<\/li>\r\r\n<li>Lightweight yet durable, reducing installation effort while maintaining structural integrity.<\/li>\r\r\n<li>Enhanced thermal and sound insulation when paired with proper glass or paneling.<\/li>\r\r\n<li>Low maintenance and easy to clean, offering a cost-effective long-term solution for window and door security.<\/li>","product_chanpin_blog":"<ul>\r\r\n<li><a href=\"https:\/\/sinoextrud.com\/t-slot-v-slot-differences\/\" target=\"_blank\">t slot vs v slot<\/a><\/li>\r\r\n<li><a href=\"https:\/\/sinoextrud.com\/what-is-4040-aluminium-extrud\/\" target=\"_blank\">4040 aluminium extrusion<\/a><\/li>\r\r\n<li><a href=\"https:\/\/sinoextrud.com\/what-is-4040-aluminium-extrud\/\" target=\"_blank\">aluminum extrusions for industrial racks<\/a><\/li>\r\r\n<li><a href=\"https:\/\/sinoextrud.com\/powder-coating-aluminium-process\/\" target=\"_blank\">powder coating aluminium<\/a><\/li>\r\r\n<li><a href=\"https:\/\/sinoextrud.com\/what-is-an-aluminium-strip-ceiling\/\" target=\"_blank\">aluminium strip ceiling<\/a><\/li>\r\r\n<li><a href=\"https:\/\/sinoextrud.com\/what-is-a-heat-sink\/\" target=\"_blank\">what is a heat sink<\/a><\/li>\r\r\n<\/ul>","product_chanpin_chanpin":"<li><a href=\"https:\/\/sinoextrud.com\/product\/extruded-aluminum-enclosure-case\/\" target=\"_blank\">Extruded Aluminum Enclosure Case<\/a><\/li>\r\n<li><a href=\"https:\/\/sinoextrud.com\/product\/flat-aluminum-extrusions\/\" target=\"_blank\">Flat Aluminum Extrusions<\/a><\/li>\r\n<li><a href=\"https:\/\/sinoextrud.com\/product\/factory-offer-6061-aluminum-railing-profiles\/\" target=\"_blank\">Factory Offer 6061 Aluminum Railing Profiles<\/a><\/li>\r\n<li><a href=\"https:\/\/sinoextrud.com\/product\/coated-treatment-aluminium-extrusion\/\" target=\"_blank\">Coated Treatment Aluminium Extrusion<\/a><\/li>\r\n<li><a href=\"https:\/\/sinoextrud.com\/product\/shutter-type-of-aluminum-profiles-for-doors-and-windows\/\" target=\"_blank\">Shutter Type Of Aluminum Profiles For Doors And Windows<\/a><\/li>\r\n<li><a href=\"https:\/\/sinoextrud.com\/product\/wood-grain-aluminum-extrusion-slider\/\" target=\"_blank\">Wood Grain Aluminum Extrusion Slider<\/a><\/li>\r\n<li><a href=\"https:\/\/sinoextrud.com\/product\/standard-aluminium-extrusion-profiles-windows-and-doors\/\" target=\"_blank\">Standard Aluminium Extrusion Profiles Windows And Doors<\/a><\/li>\r\n<li><a href=\"https:\/\/sinoextrud.com\/product\/l-shaped-aluminum-trim\/\" target=\"_blank\">L Shaped Aluminum Trim<\/a><\/li>\r\n<li><a href=\"https:\/\/sinoextrud.com\/product\/standard-aluminium-sections-for-partition\/\" target=\"_blank\">Standard Aluminium Sections For Partition<\/a><\/li>\r\n<li><a href=\"https:\/\/sinoextrud.com\/product\/anodizing-aluminium-extrusion-profiles-for-windows-and-door\/\" target=\"_blank\">Anodizing Aluminium Extrusion Profiles for Windows and Door<\/a><\/li>\r\n<li><a href=\"https:\/\/sinoextrud.com\/product\/aluminium-tube-profiles\/\" target=\"_blank\">Aluminium Tube Profiles<\/a><\/li>"},"feature_list":[]},"_links":{"self":[{"href":"https:\/\/sinoextrud.com\/fr\/wp-json\/wp\/v2\/product\/7460","targetHints":{"allow":["GET"]}}],"collection":[{"href":"https:\/\/sinoextrud.com\/fr\/wp-json\/wp\/v2\/product"}],"about":[{"href":"https:\/\/sinoextrud.com\/fr\/wp-json\/wp\/v2\/types\/product"}],"wp:featuredmedia":[{"embeddable":true,"href":"https:\/\/sinoextrud.com\/fr\/wp-json\/wp\/v2\/media\/7459"}],"wp:attachment":[{"href":"https:\/\/sinoextrud.com\/fr\/wp-json\/wp\/v2\/media?parent=7460"}],"wp:term":[{"taxonomy":"category","embeddable":true,"href":"https:\/\/sinoextrud.com\/fr\/wp-json\/wp\/v2\/categories?post=7460"}],"curies":[{"name":"wp","href":"https:\/\/api.w.org\/{rel}","templated":true}]}}