{"id":7456,"date":"2025-06-07T07:47:05","date_gmt":"2025-06-07T07:47:05","guid":{"rendered":"https:\/\/sinoextrud.com\/product\/factory-offer-6061-aluminum-railing-profiles\/"},"modified":"2025-06-24T06:12:52","modified_gmt":"2025-06-24T06:12:52","slug":"profiles-de-garde-corps-en-aluminium-6061-offerts-par-lusine","status":"publish","type":"product","link":"https:\/\/sinoextrud.com\/fr\/product\/factory-offer-6061-aluminum-railing-profiles\/","title":{"rendered":"Factory Offer 6061 Aluminum Railing Profiles"},"content":{"rendered":"<h2>D\u00e9tails des produits<\/h2>\n<table class=\"custom-table\">\n<tbody>\n<tr>\n<td> Grade :<\/td>\n<td> 6061 -t5<\/td>\n<\/tr>\n<tr>\n<td> Technique :<\/td>\n<td> Factory Offer 6061 Aluminum Railing Profiles<\/td>\n<\/tr>\n<tr>\n<td> Temp\u00e9rer :<\/td>\n<td> T3 - T8<\/td>\n<\/tr>\n<tr>\n<td> Services d'usinage :<\/td>\n<td> Per\u00e7age, taraudage, rivetage, assemblage, etc.<\/td>\n<\/tr>\n<tr>\n<td> Marque d\u00e9pos\u00e9e :<\/td>\n<td> Sinoextrud Sinoextrud <\/td>\n<\/tr>\n<tr>\n<td> Type :<\/td>\n<td> Profil\u00e9s de garde-corps en aluminium 6061<\/td>\n<\/tr>\n<tr>\n<td> Forme :<\/td>\n<td> Con\u00e7us par les clients<\/td>\n<\/tr>\n<tr>\n<td> Traitement de surface :<\/td>\n<td> Finition broyage Anodis\u00e9 Bross\u00e9<\/td>\n<\/tr>\n<tr>\n<td> Longueur :<\/td>\n<td> 1m \u00e0 9m par longueur<\/td>\n<\/tr>\n<tr>\n<td> Couleurs :<\/td>\n<td> Argent Noir<\/td>\n<\/tr>\n<tr>\n<td> Code HS :<\/td>\n<td> 76042990<\/td>\n<\/tr>\n<\/tbody>\n<\/table>\n<h2>Notre base de production<\/h2>\n<h3>Panorama de l'usine<\/h3>\n<p><img decoding=\"async\" src=\"\/wp-content\/uploads\/factory-01.webp\"\/><\/p>\n<h3>Atelier de fabrication de barres d'aluminium<\/h3>\n<p><img decoding=\"async\" src=\"\/wp-content\/uploads\/factory-02.webp\"\/><\/p>\n<p><img decoding=\"async\" src=\"\/wp-content\/uploads\/factory-03.webp\"\/><\/p>\n<h3>Entrep\u00f4t de stockage des moules<\/h3>\n<p><img decoding=\"async\" src=\"\/wp-content\/uploads\/factory-04.webp\"\/><\/p>\n<h3>43 lignes d'extrusion d'aluminium (500 \u00e0 5500 tonnes)<\/h3>\n<p><img decoding=\"async\" src=\"\/wp-content\/uploads\/factory-05.webp\"\/><\/p>\n<p><img decoding=\"async\" src=\"\/wp-content\/uploads\/factory-06.webp\"\/><\/p>\n<p><img decoding=\"async\" src=\"\/wp-content\/uploads\/factory-07.webp\"\/><\/p>\n<h3>Atelier de peinture en poudre<\/h3>\n<p><img decoding=\"async\" src=\"\/wp-content\/uploads\/factory-09.webp\"\/><\/p>\n<h3>Atelier d'anodisation<\/h3>\n<p><img decoding=\"async\" src=\"\/wp-content\/uploads\/factory-10.webp\"\/><\/p>\n<h3>Atelier sur le traitement en profondeur<\/h3>\n<p><img decoding=\"async\" src=\"\/wp-content\/uploads\/factory-11.webp\"\/><\/p>\n<h3>Atelier d'usinage de pr\u00e9cision CNC<\/h3>\n<p><img decoding=\"async\" src=\"\/wp-content\/uploads\/factory-11.5.webp\"\/><\/p>\n<h3>Entrep\u00f4t de produits finis et d'exportation<\/h3>\n<p><img decoding=\"async\" src=\"\/wp-content\/uploads\/factory-12.webp\"\/><\/p>\n<p><img decoding=\"async\" src=\"\/wp-content\/uploads\/factory-13.webp\"\/><\/p>\n<p><img decoding=\"async\" src=\"\/wp-content\/uploads\/factory-14.webp\"\/><\/p>\n<h2>FAQ<\/h2>\n<p><p><b>1) Que sont les profils de garde-corps en aluminium 6061 propos\u00e9s par l'usine ? <\/b><\/p>\n<p> Les profil\u00e9s de garde-corps en aluminium 6061 sont des sections d'aluminium extrud\u00e9 en alliage 6061, sp\u00e9cialement con\u00e7ues pour \u00eatre utilis\u00e9es dans des syst\u00e8mes de garde-corps durables et personnalisables.<br \/>\n<\/p><br \/>\n<br \/>\n<p><b>2. pourquoi choisir l'aluminium 6061 pour les profil\u00e9s de garde-corps ? <\/b><\/p>\n<p> L'aluminium 6061 est un alliage tr\u00e8s r\u00e9sistant \u00e0 la corrosion, id\u00e9al pour les garde-corps qui doivent r\u00e9sister aux intemp\u00e9ries tout en offrant une stabilit\u00e9 \u00e0 long terme.<br \/>\n<\/p><br \/>\n<br \/>\n<p><b>3. ces profils peuvent-ils \u00eatre personnalis\u00e9s ? <\/b><\/p>\n<p> Oui, les profil\u00e9s de garde-corps en aluminium 6061 peuvent \u00eatre personnalis\u00e9s en termes de forme, de taille, de finition et de couleur pour r\u00e9pondre aux exigences sp\u00e9cifiques du projet et de la conception.<br \/>\n<\/p><br \/>\n<br \/>\n<p><b>4. ces profils de garde-corps en aluminium conviennent-ils pour une utilisation en ext\u00e9rieur ? <\/b><\/p>\n<p> Absolument, les propri\u00e9t\u00e9s de r\u00e9sistance \u00e0 la corrosion de l'aluminium 6061 en font un mat\u00e9riau id\u00e9al pour les environnements ext\u00e9rieurs tels que les balcons, les escaliers et les cl\u00f4tures.<br \/>\n<\/p><br \/>\n<br \/>\n<p><b>5) Quelles sont les finitions disponibles pour les profil\u00e9s de garde-corps en aluminium 6061 ? <\/b><\/p>\n<p> Les finitions comprennent l'anodisation, le rev\u00eatement en poudre et la finition en usine, offrant une protection accrue et une polyvalence esth\u00e9tique pour diff\u00e9rents styles architecturaux.<br \/>\n<\/p><br \/>\n<br \/>\n<p><b>6. le processus d'installation est-il facile ? <\/b><\/p>\n<p> Oui, les profil\u00e9s sont con\u00e7us pour une installation facile, avec des composants modulaires qui minimisent le temps d'installation et r\u00e9duisent les co\u00fbts de main-d'\u0153uvre.<br \/>\n<\/p><br \/>\n<br \/>\n<p><b>7. quelles industries utilisent les profil\u00e9s de garde-corps en aluminium 6061 ? <\/b><\/p>\n<p> Ces profil\u00e9s sont largement utilis\u00e9s dans la construction r\u00e9sidentielle, commerciale et industrielle pour les mains courantes, les rampes d'escalier et les barri\u00e8res de s\u00e9curit\u00e9 ext\u00e9rieures.<br \/>\n<\/p><br \/>\n<br \/>\n<p><b>8. ces profil\u00e9s de garde-corps sont-ils \u00e9cologiques ? <\/b><\/p>\n<p> Oui, l'aluminium est 100% recyclable, ce qui en fait une option \u00e9cologique pour les projets de construction durable.<br \/>\n<\/p><br \/><\/p>","protected":false},"featured_media":7455,"template":"","categories":[67],"class_list":["post-7456","product","type-product","status-publish","has-post-thumbnail","hentry","category-architectural-aluminium-profile"],"meta_box":{"hilight_text_group":{"product_hilight_text":"<li>6061 aluminum alloy provides exceptional strength, making it ideal for durable railing systems.<\/li>\r\r\n<li>Corrosion-resistant properties ensure long-lasting performance in outdoor environments.<\/li>\r\r\n<li>Factory direct pricing for cost-effective solutions without compromising quality.<\/li>\r\r\n<li>Customizable profiles and finishes to match any architectural design or color scheme.<\/li>\r\r\n<li>Easy to install with pre-engineered designs, reducing labor time and costs.<\/li>\r\r\n<li>Perfect for residential, commercial, and industrial railing applications, offering both safety and aesthetic appeal.<\/li>","product_chanpin_blog":"<ul>\r\r\n<li><a href=\"https:\/\/sinoextrud.com\/t-slot-v-slot-differences\/\" target=\"_blank\">t slot vs v slot<\/a><\/li>\r\r\n<li><a href=\"https:\/\/sinoextrud.com\/what-is-4040-aluminium-extrud\/\" target=\"_blank\">4040 aluminium extrusion<\/a><\/li>\r\r\n<li><a href=\"https:\/\/sinoextrud.com\/what-is-4040-aluminium-extrud\/\" target=\"_blank\">aluminum extrusions for industrial racks<\/a><\/li>\r\r\n<li><a href=\"https:\/\/sinoextrud.com\/powder-coating-aluminium-process\/\" target=\"_blank\">powder coating aluminium<\/a><\/li>\r\r\n<li><a href=\"https:\/\/sinoextrud.com\/what-is-an-aluminium-strip-ceiling\/\" target=\"_blank\">aluminium strip ceiling<\/a><\/li>\r\r\n<li><a href=\"https:\/\/sinoextrud.com\/what-is-a-heat-sink\/\" target=\"_blank\">what is a heat sink<\/a><\/li>\r\r\n<\/ul>","product_chanpin_chanpin":"<li><a href=\"https:\/\/sinoextrud.com\/product\/customize-extruded-aluminium-shower-profiles\/\" target=\"_blank\">Customize Extruded Aluminium Shower Profiles<\/a><\/li>\r\n<li><a href=\"https:\/\/sinoextrud.com\/product\/customize-extruded-aluminum-channel-profiles\/\" target=\"_blank\">Customize Extruded Aluminum Channel Profiles<\/a><\/li>\r\n<li><a href=\"https:\/\/sinoextrud.com\/product\/extruded-aluminum-enclosure-case\/\" target=\"_blank\">Extruded Aluminum Enclosure Case<\/a><\/li>\r\n<li><a href=\"https:\/\/sinoextrud.com\/product\/flat-aluminum-extrusions\/\" target=\"_blank\">Flat Aluminum Extrusions<\/a><\/li>\r\n<li><a href=\"https:\/\/sinoextrud.com\/product\/factory-offer-6061-aluminum-railing-profiles\/\" target=\"_blank\">Factory Offer 6061 Aluminum Railing Profiles<\/a><\/li>\r\n<li><a href=\"https:\/\/sinoextrud.com\/product\/coated-treatment-aluminium-extrusion\/\" target=\"_blank\">Coated Treatment Aluminium Extrusion<\/a><\/li>\r\n<li><a href=\"https:\/\/sinoextrud.com\/product\/shutter-type-of-aluminum-profiles-for-doors-and-windows\/\" target=\"_blank\">Shutter Type Of Aluminum Profiles For Doors And Windows<\/a><\/li>\r\n<li><a href=\"https:\/\/sinoextrud.com\/product\/wood-grain-aluminum-extrusion-slider\/\" target=\"_blank\">Wood Grain Aluminum Extrusion Slider<\/a><\/li>\r\n<li><a href=\"https:\/\/sinoextrud.com\/product\/standard-aluminium-extrusion-profiles-windows-and-doors\/\" target=\"_blank\">Standard Aluminium Extrusion Profiles Windows And Doors<\/a><\/li>\r\n<li><a href=\"https:\/\/sinoextrud.com\/product\/aluminium-mosquito-net-windows-and-door\/\" target=\"_blank\">Aluminium Mosquito Net Windows And Door<\/a><\/li>\r\n<li><a href=\"https:\/\/sinoextrud.com\/product\/powder-coating-aluminium-profiles-for-industrial\/\" target=\"_blank\">Powder Coating Aluminium Profiles For Industrial<\/a><\/li>"},"feature_list":[]},"_links":{"self":[{"href":"https:\/\/sinoextrud.com\/fr\/wp-json\/wp\/v2\/product\/7456","targetHints":{"allow":["GET"]}}],"collection":[{"href":"https:\/\/sinoextrud.com\/fr\/wp-json\/wp\/v2\/product"}],"about":[{"href":"https:\/\/sinoextrud.com\/fr\/wp-json\/wp\/v2\/types\/product"}],"wp:featuredmedia":[{"embeddable":true,"href":"https:\/\/sinoextrud.com\/fr\/wp-json\/wp\/v2\/media\/7455"}],"wp:attachment":[{"href":"https:\/\/sinoextrud.com\/fr\/wp-json\/wp\/v2\/media?parent=7456"}],"wp:term":[{"taxonomy":"category","embeddable":true,"href":"https:\/\/sinoextrud.com\/fr\/wp-json\/wp\/v2\/categories?post=7456"}],"curies":[{"name":"wp","href":"https:\/\/api.w.org\/{rel}","templated":true}]}}