{"id":7446,"date":"2025-06-07T07:38:16","date_gmt":"2025-06-07T07:38:16","guid":{"rendered":"https:\/\/sinoextrud.com\/product\/anodized-aluminum-railing-systems\/"},"modified":"2025-06-24T06:12:50","modified_gmt":"2025-06-24T06:12:50","slug":"systemes-de-garde-corps-en-aluminium-anodise","status":"publish","type":"product","link":"https:\/\/sinoextrud.com\/fr\/product\/anodized-aluminum-railing-systems\/","title":{"rendered":"Syst\u00e8mes de garde-corps en aluminium anodis\u00e9"},"content":{"rendered":"<h2>D\u00e9tails des produits<\/h2>\n<table class=\"custom-table\">\n<tbody>\n<tr>\n<td> Mod\u00e8le NO :<\/td>\n<td> FS2001 Syst\u00e8mes de garde-corps en aluminium anodis\u00e9<\/td>\n<\/tr>\n<tr>\n<td> Forme :<\/td>\n<td> Profil\u00e9 rond<\/td>\n<\/tr>\n<tr>\n<td> Temp\u00e9rer :<\/td>\n<td> T3-T8<\/td>\n<\/tr>\n<tr>\n<td> Alliage :<\/td>\n<td> Alliage<\/td>\n<\/tr>\n<tr>\n<td> Ingr\u00e9dient d'alliage :<\/td>\n<td> 6063, 6463, etc.<\/td>\n<\/tr>\n<tr>\n<td> Finition de la surface :<\/td>\n<td> polissage<\/td>\n<\/tr>\n<tr>\n<td> Honneur :<\/td>\n<td> Fournisseur de profil\u00e9s d'aluminium en Chine<\/td>\n<\/tr>\n<tr>\n<td> Autres finitions :<\/td>\n<td> Anodisation, grain de bois, polissage<\/td>\n<\/tr>\n<tr>\n<td> Certification :<\/td>\n<td> ISO 9001<\/td>\n<\/tr>\n<tr>\n<td> Code HS :<\/td>\n<td> 760429900<\/td>\n<\/tr>\n<tr>\n<td> Type :<\/td>\n<td> D\u00e9coration d'escaliers Profil\u00e9 en aluminium<\/td>\n<\/tr>\n<tr>\n<td> Usinage :<\/td>\n<td> D\u00e9coupage, per\u00e7age et poin\u00e7onnage raffin\u00e9s<\/td>\n<\/tr>\n<tr>\n<td> Origine :<\/td>\n<td> Foshan, Guangdong.<\/td>\n<\/tr>\n<\/tbody>\n<\/table>\n<h2>Notre base de production<\/h2>\n<h3>Panorama de l'usine<\/h3>\n<p><img decoding=\"async\" src=\"\/wp-content\/uploads\/factory-01.webp\"\/><\/p>\n<h3>Atelier de fabrication de barres d'aluminium<\/h3>\n<p><img decoding=\"async\" src=\"\/wp-content\/uploads\/factory-02.webp\"\/><\/p>\n<p><img decoding=\"async\" src=\"\/wp-content\/uploads\/factory-03.webp\"\/><\/p>\n<h3>Entrep\u00f4t de stockage des moules<\/h3>\n<p><img decoding=\"async\" src=\"\/wp-content\/uploads\/factory-04.webp\"\/><\/p>\n<h3>43 lignes d'extrusion d'aluminium (500 \u00e0 5500 tonnes)<\/h3>\n<p><img decoding=\"async\" src=\"\/wp-content\/uploads\/factory-05.webp\"\/><\/p>\n<p><img decoding=\"async\" src=\"\/wp-content\/uploads\/factory-06.webp\"\/><\/p>\n<p><img decoding=\"async\" src=\"\/wp-content\/uploads\/factory-07.webp\"\/><\/p>\n<h3>Atelier de peinture en poudre<\/h3>\n<p><img decoding=\"async\" src=\"\/wp-content\/uploads\/factory-09.webp\"\/><\/p>\n<h3>Atelier d'anodisation<\/h3>\n<p><img decoding=\"async\" src=\"\/wp-content\/uploads\/factory-10.webp\"\/><\/p>\n<h3>Atelier sur le traitement en profondeur<\/h3>\n<p><img decoding=\"async\" src=\"\/wp-content\/uploads\/factory-11.webp\"\/><\/p>\n<h3>Atelier d'usinage de pr\u00e9cision CNC<\/h3>\n<p><img decoding=\"async\" src=\"\/wp-content\/uploads\/factory-11.5.webp\"\/><\/p>\n<h3>Entrep\u00f4t de produits finis et d'exportation<\/h3>\n<p><img decoding=\"async\" src=\"\/wp-content\/uploads\/factory-12.webp\"\/><\/p>\n<p><img decoding=\"async\" src=\"\/wp-content\/uploads\/factory-13.webp\"\/><\/p>\n<p><img decoding=\"async\" src=\"\/wp-content\/uploads\/factory-14.webp\"\/><\/p>\n<h2>FAQ<\/h2>\n<p><p><b>1.Qu'est-ce qu'un syst\u00e8me de garde-corps en aluminium anodis\u00e9 ? <\/b><\/p>\n<p> Les syst\u00e8mes de garde-corps en aluminium anodis\u00e9 sont des solutions de garde-corps fabriqu\u00e9es \u00e0 partir de profil\u00e9s d'aluminium qui subissent un processus d'anodisation pour une protection, une r\u00e9sistance et un attrait esth\u00e9tique accrus.<br \/>\n<\/p><br \/>\n<br \/>\n<p><b>2. pourquoi choisir l'aluminium anodis\u00e9 pour les syst\u00e8mes de garde-corps ? <\/b><\/p>\n<p> L'aluminium anodis\u00e9 offre une excellente r\u00e9sistance \u00e0 la corrosion, une duret\u00e9 de surface accrue et une r\u00e9tention durable des couleurs, ce qui le rend id\u00e9al pour les environnements ext\u00e9rieurs et \u00e0 fort trafic.<br \/>\n<\/p><br \/>\n<br \/>\n<p><b>3. les syst\u00e8mes de garde-corps en aluminium anodis\u00e9 peuvent-ils \u00eatre personnalis\u00e9s ? <\/b><\/p>\n<p> Oui, les syst\u00e8mes de garde-corps en aluminium anodis\u00e9 peuvent \u00eatre adapt\u00e9s en termes de taille, de design et de couleur pour r\u00e9pondre aux besoins sp\u00e9cifiques des projets et des conceptions architecturales.<br \/>\n<\/p><br \/>\n<br \/>\n<p><b>4. ces syst\u00e8mes de garde-corps conviennent-ils \u00e0 une utilisation en ext\u00e9rieur ? <\/b><\/p>\n<p> La finition anodis\u00e9e offre une protection sup\u00e9rieure contre les rayons UV, l'humidit\u00e9 et les intemp\u00e9ries, ce qui les rend parfaits pour les applications ext\u00e9rieures telles que les balcons et les escaliers.<br \/>\n<\/p><br \/>\n<br \/>\n<p><b>5) Quelles sont les finitions disponibles pour les garde-corps en aluminium anodis\u00e9 ? <\/b><\/p>\n<p> Les finitions courantes comprennent l'anodisation claire, le bronze, le noir et les couleurs personnalis\u00e9es, qui offrent toutes une durabilit\u00e9 accrue et une grande souplesse esth\u00e9tique.<br \/>\n<\/p><br \/>\n<br \/>\n<p><b>6. quelle est la facilit\u00e9 d'installation des syst\u00e8mes de garde-corps en aluminium anodis\u00e9 ? <\/b><\/p>\n<p> Les syst\u00e8mes sont con\u00e7us pour une installation facile avec des composants standard et un minimum d'outils, ce qui permet de gagner du temps et de r\u00e9duire les co\u00fbts de main-d'\u0153uvre.<br \/>\n<\/p><br \/>\n<br \/>\n<p><b>7. les syst\u00e8mes de garde-corps en aluminium anodis\u00e9 n\u00e9cessitent-ils peu d'entretien ? <\/b><\/p>\n<p> Oui, le rev\u00eatement anodis\u00e9 offre une excellente r\u00e9sistance \u00e0 la salet\u00e9, \u00e0 la corrosion et \u00e0 l'usure, n\u00e9cessitant un entretien minimal et garantissant un aspect propre et durable.<br \/>\n<\/p><br \/>\n<br \/>\n<p><b>8. l'aluminium anodis\u00e9 est-il respectueux de l'environnement ? <\/b><\/p>\n<p> Oui, l'aluminium est 100% recyclable et le processus d'anodisation est respectueux de l'environnement, ce qui en fait un choix durable pour les syst\u00e8mes de garde-corps dans les projets de construction.<br \/>\n<\/p><br \/><\/p>","protected":false},"featured_media":7445,"template":"","categories":[67],"class_list":["post-7446","product","type-product","status-publish","has-post-thumbnail","hentry","category-architectural-aluminium-profile"],"meta_box":{"hilight_text_group":{"product_hilight_text":"<li>Anodized aluminum railing systems offer superior durability and resistance to corrosion, making them ideal for both indoor and outdoor applications.<\/li>\r\r\n<li>The anodized finish enhances the surface hardness, protecting against scratches and fading, ensuring long-term appearance.<\/li>\r\r\n<li>Lightweight yet strong, providing easy handling and installation while maintaining structural integrity.<\/li>\r\r\n<li>Customizable in size, shape, and color to match various architectural styles and design preferences.<\/li>\r\r\n<li>Low maintenance requirements, reducing the need for frequent repairs or replacements.<\/li>\r\r\n<li>Eco-friendly and sustainable, as aluminum is 100% recyclable, contributing to green building projects.<\/li>","product_chanpin_blog":"<ul>\r\r\n<li><a href=\"https:\/\/sinoextrud.com\/t-slot-v-slot-differences\/\" target=\"_blank\">t slot vs v slot<\/a><\/li>\r\r\n<li><a href=\"https:\/\/sinoextrud.com\/what-is-4040-aluminium-extrud\/\" target=\"_blank\">4040 aluminium extrusion<\/a><\/li>\r\r\n<li><a href=\"https:\/\/sinoextrud.com\/what-is-4040-aluminium-extrud\/\" target=\"_blank\">aluminum extrusions for industrial racks<\/a><\/li>\r\r\n<li><a href=\"https:\/\/sinoextrud.com\/powder-coating-aluminium-process\/\" target=\"_blank\">powder coating aluminium<\/a><\/li>\r\r\n<li><a href=\"https:\/\/sinoextrud.com\/what-is-an-aluminium-strip-ceiling\/\" target=\"_blank\">aluminium strip ceiling<\/a><\/li>\r\r\n<li><a href=\"https:\/\/sinoextrud.com\/what-is-a-heat-sink\/\" target=\"_blank\">what is a heat sink<\/a><\/li>\r\r\n<\/ul>","product_chanpin_chanpin":"<li><a href=\"https:\/\/sinoextrud.com\/product\/anodized-brushed-black-extruded-frame-profile\/\" target=\"_blank\">Anodized Brushed Black Extruded Frame Profile<\/a><\/li>\r\n<li><a href=\"https:\/\/sinoextrud.com\/product\/precision-cnc-machining-industrial-profile\/\" target=\"_blank\">Precision CNC Machining Industrial Profile<\/a><\/li>\r\n<li><a href=\"https:\/\/sinoextrud.com\/product\/architectural-aluminium-profiles\/\" target=\"_blank\">Architectural Aluminium Profiles<\/a><\/li>\r\n<li><a href=\"https:\/\/sinoextrud.com\/product\/anodized-aluminum-handrail\/\" target=\"_blank\">Anodized Aluminum Handrail<\/a><\/li>\r\n<li><a href=\"https:\/\/sinoextrud.com\/product\/anodized-aluminum-railing-systems\/\" target=\"_blank\">Anodized Aluminum Railing Systems<\/a><\/li>\r\n<li><a href=\"https:\/\/sinoextrud.com\/product\/customize-extruded-aluminium-shower-profiles\/\" target=\"_blank\">Customize Extruded Aluminium Shower Profiles<\/a><\/li>\r\n<li><a href=\"https:\/\/sinoextrud.com\/product\/customize-extruded-aluminum-channel-profiles\/\" target=\"_blank\">Customize Extruded Aluminum Channel Profiles<\/a><\/li>\r\n<li><a href=\"https:\/\/sinoextrud.com\/product\/extruded-aluminum-enclosure-case\/\" target=\"_blank\">Extruded Aluminum Enclosure Case<\/a><\/li>\r\n<li><a href=\"https:\/\/sinoextrud.com\/product\/flat-aluminum-extrusions\/\" target=\"_blank\">Flat Aluminum Extrusions<\/a><\/li>\r\n<li><a href=\"https:\/\/sinoextrud.com\/product\/aluminium-extrusion-cnc\/\" target=\"_blank\">Aluminium Extrusion CNC<\/a><\/li>\r\n<li><a href=\"https:\/\/sinoextrud.com\/product\/aluminum-machining-round-tube-processing-by-aluminum-profile-cad-vs-aluminium-alloy-customized-anodized\/\" target=\"_blank\">aluminum machining round tube processing by aluminum profile cad  vs aluminium alloy Customized Anodized<\/a><\/li>"},"feature_list":[]},"_links":{"self":[{"href":"https:\/\/sinoextrud.com\/fr\/wp-json\/wp\/v2\/product\/7446","targetHints":{"allow":["GET"]}}],"collection":[{"href":"https:\/\/sinoextrud.com\/fr\/wp-json\/wp\/v2\/product"}],"about":[{"href":"https:\/\/sinoextrud.com\/fr\/wp-json\/wp\/v2\/types\/product"}],"wp:featuredmedia":[{"embeddable":true,"href":"https:\/\/sinoextrud.com\/fr\/wp-json\/wp\/v2\/media\/7445"}],"wp:attachment":[{"href":"https:\/\/sinoextrud.com\/fr\/wp-json\/wp\/v2\/media?parent=7446"}],"wp:term":[{"taxonomy":"category","embeddable":true,"href":"https:\/\/sinoextrud.com\/fr\/wp-json\/wp\/v2\/categories?post=7446"}],"curies":[{"name":"wp","href":"https:\/\/api.w.org\/{rel}","templated":true}]}}