{"id":7430,"date":"2025-06-07T07:17:35","date_gmt":"2025-06-07T07:17:35","guid":{"rendered":"https:\/\/sinoextrud.com\/product\/l-aluminum-profile-for-glass-railing\/"},"modified":"2025-06-24T06:12:48","modified_gmt":"2025-06-24T06:12:48","slug":"l-profile-daluminium-pour-garde-corps-en-verre","status":"publish","type":"product","link":"https:\/\/sinoextrud.com\/fr\/product\/l-aluminum-profile-for-glass-railing\/","title":{"rendered":"Profil\u00e9 aluminium en L pour garde-corps en verre"},"content":{"rendered":"<h2>D\u00e9tails des produits<\/h2>\n<table class=\"custom-table\">\n<tbody>\n<tr>\n<td> Nom du produit<\/td>\n<td> Profil\u00e9 aluminium en L pour garde-corps en verre<\/td>\n<\/tr>\n<tr>\n<td> Mat\u00e9riau<\/td>\n<td> 6063-T5, autres mat\u00e9riaux sur mesure accept\u00e9s<\/td>\n<\/tr>\n<tr>\n<td> Forme et taille<\/td>\n<td> Selon les besoins du client<\/td>\n<\/tr>\n<tr>\n<td> \u00c9paisseur<\/td>\n<td> Plus de 0,7 mm<\/td>\n<\/tr>\n<tr>\n<td> Longueur<\/td>\n<td> Normalement 1-9M, longueur sp\u00e9ciale disponible<\/td>\n<\/tr>\n<tr>\n<td> Applications typiques<\/td>\n<td> Salle d'exposition, cl\u00f4ture, barre de protection, etc.<\/td>\n<\/tr>\n<tr>\n<td> Type personnalis\u00e9<\/td>\n<td> Dessin ou \u00e9chantillon fourni par le client<\/td>\n<\/tr>\n<tr>\n<td> Processus en profondeur<\/td>\n<td> Fraisage, per\u00e7age, poin\u00e7onnage, per\u00e7age, taraudage, cintrage, soudage, etc. \u00e0 commande num\u00e9rique.<\/td>\n<\/tr>\n<tr>\n<td> Marque<\/td>\n<td> Sinoextrud, Sinoextrud, marque personnalis\u00e9e disponible<\/td>\n<\/tr>\n<tr>\n<td> Traitement de surface<\/td>\n<td> Finition en usine, grain de bois, anodisation, rev\u00eatement en poudre, etc.<\/td>\n<\/tr>\n<tr>\n<td> Couleur<\/td>\n<td> Argent, noir, champagne, etc.<\/td>\n<\/tr>\n<tr>\n<td> MOQ<\/td>\n<td> 200KG en fonction des diff\u00e9rents traitements de surface<\/td>\n<\/tr>\n<tr>\n<td> Norme de qualit\u00e9<\/td>\n<td> Niveau de qualit\u00e9 \u00e9lev\u00e9<\/td>\n<\/tr>\n<tr>\n<td> Certificats<\/td>\n<td> ISO9001, ISO4001, CQM, SGS, CE, BV, etc.<\/td>\n<\/tr>\n<tr>\n<td> Capacit\u00e9<\/td>\n<td> 3000 tonnes par mois<\/td>\n<\/tr>\n<tr>\n<td> Lieu d'origine<\/td>\n<td> Guangdong, Chine<\/td>\n<\/tr>\n<tr>\n<td> Histoire de l'entreprise<\/td>\n<td> Depuis 1993<\/td>\n<\/tr>\n<\/tbody>\n<\/table>\n<h2>Notre base de production<\/h2>\n<h3>Panorama de l'usine<\/h3>\n<p><img decoding=\"async\" src=\"\/wp-content\/uploads\/factory-01.webp\"\/><\/p>\n<h3>Atelier de fabrication de barres d'aluminium<\/h3>\n<p><img decoding=\"async\" src=\"\/wp-content\/uploads\/factory-02.webp\"\/><\/p>\n<p><img decoding=\"async\" src=\"\/wp-content\/uploads\/factory-03.webp\"\/><\/p>\n<h3>Entrep\u00f4t de stockage des moules<\/h3>\n<p><img decoding=\"async\" src=\"\/wp-content\/uploads\/factory-04.webp\"\/><\/p>\n<h3>43 lignes d'extrusion d'aluminium (500-5500 tonnes)<\/h3>\n<p><img decoding=\"async\" src=\"\/wp-content\/uploads\/factory-05.webp\"\/><\/p>\n<p><img decoding=\"async\" src=\"\/wp-content\/uploads\/factory-06.webp\"\/><\/p>\n<p><img decoding=\"async\" src=\"\/wp-content\/uploads\/factory-07.webp\"\/><\/p>\n<h3>Atelier de peinture en poudre<\/h3>\n<p><img decoding=\"async\" src=\"\/wp-content\/uploads\/factory-09.webp\"\/><\/p>\n<h3>Atelier d'anodisation<\/h3>\n<p><img decoding=\"async\" src=\"\/wp-content\/uploads\/factory-10.webp\"\/><\/p>\n<h3>Atelier sur le traitement en profondeur<\/h3>\n<p><img decoding=\"async\" src=\"\/wp-content\/uploads\/factory-11.webp\"\/><\/p>\n<h3>Atelier d'usinage de pr\u00e9cision CNC<\/h3>\n<p><img decoding=\"async\" src=\"\/wp-content\/uploads\/factory-11.5.webp\"\/><\/p>\n<h3>Entrep\u00f4t de produits finis et d'exportation<\/h3>\n<p><img decoding=\"async\" src=\"\/wp-content\/uploads\/factory-12.webp\"\/><\/p>\n<p><img decoding=\"async\" src=\"\/wp-content\/uploads\/factory-13.webp\"\/><\/p>\n<p><img decoding=\"async\" src=\"\/wp-content\/uploads\/factory-14.webp\"\/><\/p>\n<h2>FAQ<\/h2>\n<p><p><b>1) Qu'est-ce qu'un profil\u00e9 en aluminium en L pour garde-corps en verre ?<\/b><\/p>\n<p>Il s'agit d'un profil\u00e9 en aluminium extrud\u00e9 en forme de L utilis\u00e9 pour soutenir solidement les panneaux de verre dans les syst\u00e8mes de garde-corps.<br \/>\n<\/p><br \/>\n<br \/>\n<p><b>2) Pourquoi choisir un profil\u00e9 en L pour les garde-corps en verre ?<\/b><\/p>\n<p>La forme en L offre un support structurel stable, une facilit\u00e9 d'installation et un aspect moderne et \u00e9pur\u00e9 pour les applications de garde-corps.<br \/>\n<\/p><br \/>\n<br \/>\n<p><b>3. le profil\u00e9 en aluminium est-il inoxydable ?<\/b><\/p>\n<p>Oui, le profil\u00e9 est anodis\u00e9 ou rev\u00eatu de poudre pour une excellente r\u00e9sistance \u00e0 la corrosion dans les environnements int\u00e9rieurs et ext\u00e9rieurs.<br \/>\n<\/p><br \/>\n<br \/>\n<p><b>4. peut-il s'adapter \u00e0 diff\u00e9rentes \u00e9paisseurs de verre ?<\/b><\/p>\n<p>Oui, le profil\u00e9 d'aluminium L est compatible avec plusieurs \u00e9paisseurs de verre pour des options de conception flexibles.<br \/>\n<\/p><br \/>\n<br \/>\n<p><b>5. o\u00f9 ce profil est-il g\u00e9n\u00e9ralement utilis\u00e9 ?<\/b><\/p>\n<p>Il est couramment utilis\u00e9 pour les balcons, les escaliers, les terrasses, les b\u00e2timents commerciaux et les projets r\u00e9sidentiels haut de gamme.<br \/>\n<\/p><br \/>\n<br \/>\n<p><b>6. le produit est-il personnalisable ?<\/b><\/p>\n<p>Oui, nous offrons la possibilit\u00e9 de personnaliser les dimensions, les angles, les couleurs et les traitements de surface pour r\u00e9pondre aux besoins du projet.<br \/>\n<\/p><br \/>\n<br \/>\n<p><b>7. Quelle est la r\u00e9sistance du profil\u00e9 en aluminium L ?<\/b><\/p>\n<p>Il est con\u00e7u pour offrir une capacit\u00e9 de charge et une r\u00e9sistance aux chocs, r\u00e9pondant ainsi aux normes de s\u00e9curit\u00e9 des syst\u00e8mes de garde-corps en verre.<br \/>\n<\/p><br \/>\n<br \/>\n<p><b>8. est-il compatible avec les mod\u00e8les de verre sans cadre ?<\/b><\/p>\n<p>Oui, le profil\u00e9 L peut \u00eatre int\u00e9gr\u00e9 dans des syst\u00e8mes de garde-corps en verre sans cadre ou enti\u00e8rement sans cadre pour un aspect minimaliste.<br \/>\n<\/p><br \/><\/p>","protected":false},"featured_media":0,"template":"","categories":[67],"class_list":["post-7430","product","type-product","status-publish","hentry","category-architectural-aluminium-profile"],"meta_box":{"hilight_text_group":{"product_hilight_text":"<li>L-shaped aluminum profile provides strong edge support for glass railing systems<\/li>\r\r\n<li>Corrosion-resistant surface for long-term outdoor and indoor applications<\/li>\r\r\n<li>Lightweight yet durable structure simplifies installation and reduces labor costs<\/li>\r\r\n<li>Modern and sleek design enhances architectural aesthetics<\/li>\r\r\n<li>Compatible with various glass thicknesses and safety standards<\/li>\r\r\n<li>Custom lengths, finishes, and angles available for tailored applications<\/li>\r\r\n<li>Ideal for balconies, staircases, and commercial railing systems<\/li>","product_chanpin_blog":"<ul>\r\r\n<li><a href=\"https:\/\/sinoextrud.com\/t-slot-v-slot-differences\/\" target=\"_blank\">t slot vs v slot<\/a><\/li>\r\r\n<li><a href=\"https:\/\/sinoextrud.com\/what-is-4040-aluminium-extrud\/\" target=\"_blank\">4040 aluminium extrusion<\/a><\/li>\r\r\n<li><a href=\"https:\/\/sinoextrud.com\/what-is-4040-aluminium-extrud\/\" target=\"_blank\">aluminum extrusions for industrial racks<\/a><\/li>\r\r\n<li><a href=\"https:\/\/sinoextrud.com\/powder-coating-aluminium-process\/\" target=\"_blank\">powder coating aluminium<\/a><\/li>\r\r\n<li><a href=\"https:\/\/sinoextrud.com\/what-is-an-aluminium-strip-ceiling\/\" target=\"_blank\">aluminium strip ceiling<\/a><\/li>\r\r\n<li><a href=\"https:\/\/sinoextrud.com\/what-is-a-heat-sink\/\" target=\"_blank\">what is a heat sink<\/a><\/li>\r\r\n<\/ul>","product_chanpin_chanpin":"<li><a href=\"https:\/\/sinoextrud.com\/product\/sound-proof-aluminum-glass-casement-windows-sliding-windows-and-doors-aluminum-profile-for-buildings-louver-system\/\" target=\"_blank\">Sound-proof Aluminum Glass Casement Windows Sliding Windows And Doors Aluminum Profile For Buildings Louver System<\/a><\/li>\r\n<li><a href=\"https:\/\/sinoextrud.com\/product\/shutter-aluminum-profile-for-window-louver-frame\/\" target=\"_blank\">Shutter Aluminum Profile For Window Louver Frame<\/a><\/li>\r\n<li><a href=\"https:\/\/sinoextrud.com\/product\/extrusion-aluminum-shutter-profile-free-mould\/\" target=\"_blank\">Extrusion Aluminum Shutter Profile Free Mould<\/a><\/li>\r\n<li><a href=\"https:\/\/sinoextrud.com\/product\/pvdf-aluminum-extrusion-curtain-wall-profile\/\" target=\"_blank\">PVDF Aluminum Extrusion Curtain Wall Profile<\/a><\/li>\r\n<li><a href=\"https:\/\/sinoextrud.com\/product\/l-aluminum-profile-for-glass-railing\/\" target=\"_blank\">L Aluminum Profile For Glass Railing<\/a><\/li>\r\n<li><a href=\"https:\/\/sinoextrud.com\/product\/bright-anodize-brushed-black-window-profile\/\" target=\"_blank\">Bright Anodize Brushed Black Window Profile<\/a><\/li>\r\n<li><a href=\"https:\/\/sinoextrud.com\/product\/customized-aluminum-alloy-housing-grow-light\/\" target=\"_blank\">Customized Aluminum Alloy Housing Grow Light<\/a><\/li>\r\n<li><a href=\"https:\/\/sinoextrud.com\/product\/extruded-aluminum-interlocking-plank-floor\/\" target=\"_blank\">Extruded Aluminum Interlocking Plank Floor<\/a><\/li>\r\n<li><a href=\"https:\/\/sinoextrud.com\/product\/anodized-brushed-black-extruded-frame-profile\/\" target=\"_blank\">Anodized Brushed Black Extruded Frame Profile<\/a><\/li>\r\n<li><a href=\"https:\/\/sinoextrud.com\/product\/large-aluminium-pipe-aluminium-pole\/\" target=\"_blank\">Large Aluminium Pipe Aluminium Pole<\/a><\/li>\r\n<li><a href=\"https:\/\/sinoextrud.com\/product\/construction-aluminum-profile\/\" target=\"_blank\">Construction Aluminum Profile<\/a><\/li>"},"feature_list":[]},"_links":{"self":[{"href":"https:\/\/sinoextrud.com\/fr\/wp-json\/wp\/v2\/product\/7430","targetHints":{"allow":["GET"]}}],"collection":[{"href":"https:\/\/sinoextrud.com\/fr\/wp-json\/wp\/v2\/product"}],"about":[{"href":"https:\/\/sinoextrud.com\/fr\/wp-json\/wp\/v2\/types\/product"}],"wp:attachment":[{"href":"https:\/\/sinoextrud.com\/fr\/wp-json\/wp\/v2\/media?parent=7430"}],"wp:term":[{"taxonomy":"category","embeddable":true,"href":"https:\/\/sinoextrud.com\/fr\/wp-json\/wp\/v2\/categories?post=7430"}],"curies":[{"name":"wp","href":"https:\/\/api.w.org\/{rel}","templated":true}]}}