{"id":7428,"date":"2025-06-07T07:10:33","date_gmt":"2025-06-07T07:10:33","guid":{"rendered":"https:\/\/sinoextrud.com\/product\/pvdf-aluminum-extrusion-curtain-wall-profile\/"},"modified":"2025-06-24T06:12:47","modified_gmt":"2025-06-24T06:12:47","slug":"profile-de-mur-rideau-en-aluminium-extrude-pvdf","status":"publish","type":"product","link":"https:\/\/sinoextrud.com\/fr\/product\/pvdf-aluminum-extrusion-curtain-wall-profile\/","title":{"rendered":"Profil\u00e9 de mur-rideau en extrusion d'aluminium PVDF"},"content":{"rendered":"<h2>D\u00e9tails des produits<\/h2>\n<table class=\"custom-table\">\n<tbody>\n<tr>\n<td> Titre<\/td>\n<td> profil\u00e9 de mur-rideau en aluminium extrud\u00e9 pvdf<\/td>\n<\/tr>\n<tr>\n<td> Mat\u00e9riau<\/td>\n<td> Alliage d'aluminium (6063, 6061, 6463, 6005, 6082)<\/td>\n<\/tr>\n<tr>\n<td> Temp\u00e9rer<\/td>\n<td> T5<\/td>\n<\/tr>\n<tr>\n<td> Taille<\/td>\n<td> Type de rail, selon le dessin<\/td>\n<\/tr>\n<tr>\n<td> Traitement de surface<\/td>\n<td> Anodisation, sablage, polissage, \u00e9lectrophor\u00e8se, rev\u00eatement \u00e9lectriqueLe rev\u00eatement \u00e9lectrique et le PVDF sont couramment utilis\u00e9s dans les profil\u00e9s de mur-rideau en aluminium extrud\u00e9.<\/td>\n<\/tr>\n<tr>\n<td> Couleur<\/td>\n<td> Possibilit\u00e9 de personnalisation<\/td>\n<\/tr>\n<tr>\n<td> Certificat<\/td>\n<td> TUV, ASTM, GB<\/td>\n<\/tr>\n<tr>\n<td> De<\/td>\n<td> Guangdong, Chine<\/td>\n<\/tr>\n<\/tbody>\n<\/table>\n<h2>Notre base de production<\/h2>\n<h3>Panorama de l'usine<\/h3>\n<p><img decoding=\"async\" src=\"\/wp-content\/uploads\/factory-01.webp\"\/><\/p>\n<h3>Atelier de fabrication de barres d'aluminium<\/h3>\n<p><img decoding=\"async\" src=\"\/wp-content\/uploads\/factory-02.webp\"\/><\/p>\n<p><img decoding=\"async\" src=\"\/wp-content\/uploads\/factory-03.webp\"\/><\/p>\n<h3>Entrep\u00f4t de stockage des moules<\/h3>\n<p><img decoding=\"async\" src=\"\/wp-content\/uploads\/factory-04.webp\"\/><\/p>\n<h3>43 lignes d'extrusion d'aluminium (500-5500 tonnes)<\/h3>\n<p><img decoding=\"async\" src=\"\/wp-content\/uploads\/factory-05.webp\"\/><\/p>\n<p><img decoding=\"async\" src=\"\/wp-content\/uploads\/factory-06.webp\"\/><\/p>\n<p><img decoding=\"async\" src=\"\/wp-content\/uploads\/factory-07.webp\"\/><\/p>\n<h3>Atelier de peinture en poudre<\/h3>\n<p><img decoding=\"async\" src=\"\/wp-content\/uploads\/factory-09.webp\"\/><\/p>\n<h3>Atelier d'anodisation<\/h3>\n<p><img decoding=\"async\" src=\"\/wp-content\/uploads\/factory-10.webp\"\/><\/p>\n<h3>Atelier sur le traitement en profondeur<\/h3>\n<p><img decoding=\"async\" src=\"\/wp-content\/uploads\/factory-11.webp\"\/><\/p>\n<h3>Atelier d'usinage de pr\u00e9cision CNC<\/h3>\n<p><img decoding=\"async\" src=\"\/wp-content\/uploads\/factory-11.5.webp\"\/><\/p>\n<h3>Entrep\u00f4t de produits finis et d'exportation<\/h3>\n<p><img decoding=\"async\" src=\"\/wp-content\/uploads\/factory-12.webp\"\/><\/p>\n<p><img decoding=\"async\" src=\"\/wp-content\/uploads\/factory-13.webp\"\/><\/p>\n<p><img decoding=\"async\" src=\"\/wp-content\/uploads\/factory-14.webp\"\/><\/p>\n<h2>FAQ<\/h2>\n<p><p><b>1) Qu'est-ce qu'un profil\u00e9 de mur-rideau en extrusion d'aluminium PVDF ?<\/b><\/p>\n<p>Il s'agit d'un profil\u00e9 en aluminium rev\u00eatu de PVDF (polyfluorure de vinylid\u00e8ne) destin\u00e9 \u00e0 \u00eatre utilis\u00e9 dans les syst\u00e8mes de murs-rideaux, offrant une grande durabilit\u00e9 et une r\u00e9sistance aux intemp\u00e9ries.<br \/>\n<\/p><br \/>\n<br \/>\n<p><b>2) Pourquoi choisir l'aluminium rev\u00eatu de PVDF pour les murs-rideaux ?<\/b><\/p>\n<p>Le rev\u00eatement PVDF offre une r\u00e9sistance sup\u00e9rieure aux rayons UV, \u00e0 la corrosion et aux conditions climatiques extr\u00eames, ce qui le rend id\u00e9al pour les applications ext\u00e9rieures \u00e0 long terme.<br \/>\n<\/p><br \/>\n<br \/>\n<p><b>3) Quelle est la dur\u00e9e de vie du rev\u00eatement PVDF sur les murs-rideaux en aluminium ?<\/b><\/p>\n<p>Les rev\u00eatements en PVDF peuvent durer de 20 \u00e0 30 ans sans se d\u00e9colorer, se fariner ou s'\u00e9cailler, m\u00eame dans des conditions climatiques difficiles.<br \/>\n<\/p><br \/>\n<br \/>\n<p><b>4. Les profil\u00e9s en aluminium PVDF conviennent-ils aux immeubles de grande hauteur ?<\/b><\/p>\n<p>Oui, ils sont solides, l\u00e9gers et r\u00e9pondent aux normes de performance requises pour les syst\u00e8mes modernes de fa\u00e7ades de grande hauteur.<br \/>\n<\/p><br \/>\n<br \/>\n<p><b>5. le profil\u00e9 du mur-rideau en aluminium peut-il \u00eatre personnalis\u00e9 ?<\/b><\/p>\n<p>Oui, nous offrons la possibilit\u00e9 de personnaliser la forme, la taille, la finition et la couleur des profils pour les adapter \u00e0 des conceptions architecturales sp\u00e9cifiques.<br \/>\n<\/p><br \/>\n<br \/>\n<p><b>6. l'aluminium PVDF est-il respectueux de l'environnement ?<\/b><\/p>\n<p>Oui, les rev\u00eatements en aluminium et en PVDF sont recyclables et conformes aux normes de construction \u00e9cologique.<br \/>\n<\/p><br \/>\n<br \/>\n<p><b>7. quel type d'entretien est n\u00e9cessaire ?<\/b><\/p>\n<p>L'entretien est minime : il suffit de nettoyer occasionnellement la surface avec un d\u00e9tergent doux pour qu'elle conserve son aspect neuf.<br \/>\n<\/p><br \/>\n<br \/>\n<p><b>8. ces profils sont-ils conformes aux codes de construction internationaux ?<\/b><\/p>\n<p>Oui, nos profil\u00e9s de mur-rideau en aluminium PVDF sont conformes aux normes ASTM, EN et autres normes mondiales de qualit\u00e9 et de s\u00e9curit\u00e9.<br \/>\n<\/p><br \/><\/p>","protected":false},"featured_media":7427,"template":"","categories":[67],"class_list":["post-7428","product","type-product","status-publish","has-post-thumbnail","hentry","category-architectural-aluminium-profile"],"meta_box":{"hilight_text_group":{"product_hilight_text":"<li>PVDF coating offers superior weather and UV resistance for long-term durability<\/li>\r\r\n<li>High-strength aluminum extrusion ensures structural integrity for curtain walls<\/li>\r\r\n<li>Excellent corrosion resistance, ideal for coastal and industrial environments<\/li>\r\r\n<li>Customizable shapes, sizes, and finishes to suit architectural designs<\/li>\r\r\n<li>Lightweight profile reduces building load and simplifies installation<\/li>\r\r\n<li>Fire-resistant and environmentally friendly material meets global standards<\/li>\r\r\n<li>Maintains color and gloss over decades, ensuring lasting aesthetic appeal<\/li>","product_chanpin_blog":"<ul>\r\r\n<li><a href=\"https:\/\/sinoextrud.com\/t-slot-v-slot-differences\/\" target=\"_blank\">t slot vs v slot<\/a><\/li>\r\r\n<li><a href=\"https:\/\/sinoextrud.com\/what-is-4040-aluminium-extrud\/\" target=\"_blank\">4040 aluminium extrusion<\/a><\/li>\r\r\n<li><a href=\"https:\/\/sinoextrud.com\/what-is-4040-aluminium-extrud\/\" target=\"_blank\">aluminum extrusions for industrial racks<\/a><\/li>\r\r\n<li><a href=\"https:\/\/sinoextrud.com\/powder-coating-aluminium-process\/\" target=\"_blank\">powder coating aluminium<\/a><\/li>\r\r\n<li><a href=\"https:\/\/sinoextrud.com\/what-is-an-aluminium-strip-ceiling\/\" target=\"_blank\">aluminium strip ceiling<\/a><\/li>\r\r\n<li><a href=\"https:\/\/sinoextrud.com\/what-is-a-heat-sink\/\" target=\"_blank\">what is a heat sink<\/a><\/li>\r\r\n<\/ul>","product_chanpin_chanpin":"<li><a href=\"https:\/\/sinoextrud.com\/product\/cabinet-furniture-aluminium-extrusions-aluminum-handle-profile-for-kitchen-cabinet-horizontal-g-handle-system\/\" target=\"_blank\">Cabinet Furniture Aluminium Extrusions Aluminum Handle Profile For Kitchen Cabinet Horizontal G Handle System<\/a><\/li>\r\n<li><a href=\"https:\/\/sinoextrud.com\/product\/sound-proof-aluminum-glass-casement-windows-sliding-windows-and-doors-aluminum-profile-for-buildings-louver-system\/\" target=\"_blank\">Sound-proof Aluminum Glass Casement Windows Sliding Windows And Doors Aluminum Profile For Buildings Louver System<\/a><\/li>\r\n<li><a href=\"https:\/\/sinoextrud.com\/product\/shutter-aluminum-profile-for-window-louver-frame\/\" target=\"_blank\">Shutter Aluminum Profile For Window Louver Frame<\/a><\/li>\r\n<li><a href=\"https:\/\/sinoextrud.com\/product\/extrusion-aluminum-shutter-profile-free-mould\/\" target=\"_blank\">Extrusion Aluminum Shutter Profile Free Mould<\/a><\/li>\r\n<li><a href=\"https:\/\/sinoextrud.com\/product\/pvdf-aluminum-extrusion-curtain-wall-profile\/\" target=\"_blank\">PVDF Aluminum Extrusion Curtain Wall Profile<\/a><\/li>\r\n<li><a href=\"https:\/\/sinoextrud.com\/product\/l-aluminum-profile-for-glass-railing\/\" target=\"_blank\">L Aluminum Profile For Glass Railing<\/a><\/li>\r\n<li><a href=\"https:\/\/sinoextrud.com\/product\/bright-anodize-brushed-black-window-profile\/\" target=\"_blank\">Bright Anodize Brushed Black Window Profile<\/a><\/li>\r\n<li><a href=\"https:\/\/sinoextrud.com\/product\/customized-aluminum-alloy-housing-grow-light\/\" target=\"_blank\">Customized Aluminum Alloy Housing Grow Light<\/a><\/li>\r\n<li><a href=\"https:\/\/sinoextrud.com\/product\/extruded-aluminum-interlocking-plank-floor\/\" target=\"_blank\">Extruded Aluminum Interlocking Plank Floor<\/a><\/li>\r\n<li><a href=\"https:\/\/sinoextrud.com\/product\/cnc-machined-6063-aluminium-extrusion-product\/\" target=\"_blank\">CNC Machined 6063 Aluminium Extrusion Product<\/a><\/li>\r\n<li><a href=\"https:\/\/sinoextrud.com\/product\/aluminum-louver-blades\/\" target=\"_blank\">Aluminum Louver Blades<\/a><\/li>"},"feature_list":[]},"_links":{"self":[{"href":"https:\/\/sinoextrud.com\/fr\/wp-json\/wp\/v2\/product\/7428","targetHints":{"allow":["GET"]}}],"collection":[{"href":"https:\/\/sinoextrud.com\/fr\/wp-json\/wp\/v2\/product"}],"about":[{"href":"https:\/\/sinoextrud.com\/fr\/wp-json\/wp\/v2\/types\/product"}],"wp:featuredmedia":[{"embeddable":true,"href":"https:\/\/sinoextrud.com\/fr\/wp-json\/wp\/v2\/media\/7427"}],"wp:attachment":[{"href":"https:\/\/sinoextrud.com\/fr\/wp-json\/wp\/v2\/media?parent=7428"}],"wp:term":[{"taxonomy":"category","embeddable":true,"href":"https:\/\/sinoextrud.com\/fr\/wp-json\/wp\/v2\/categories?post=7428"}],"curies":[{"name":"wp","href":"https:\/\/api.w.org\/{rel}","templated":true}]}}