{"id":7426,"date":"2025-06-07T07:08:25","date_gmt":"2025-06-07T07:08:25","guid":{"rendered":"https:\/\/sinoextrud.com\/product\/extrusion-aluminum-shutter-profile-free-mould\/"},"modified":"2025-06-24T06:12:47","modified_gmt":"2025-06-24T06:12:47","slug":"profile-dextrusion-de-volet-en-aluminium-moule-libre","status":"publish","type":"product","link":"https:\/\/sinoextrud.com\/fr\/product\/extrusion-aluminum-shutter-profile-free-mould\/","title":{"rendered":"Extrusion de profil\u00e9s de volets en aluminium Moule libre"},"content":{"rendered":"<h2>D\u00e9tails des produits<\/h2>\n<table class=\"custom-table\">\n<tbody>\n<tr>\n<td> Nom du produit<\/td>\n<td> Extrusion de profil\u00e9s de volets en aluminium Moule libre<\/td>\n<\/tr>\n<tr>\n<td> Mat\u00e9riau<\/td>\n<td> Alliage d'aluminium de haute qualit\u00e9 (6063, 6061, etc.)<\/td>\n<\/tr>\n<tr>\n<td> Traitement de surface<\/td>\n<td> Anodisation, rev\u00eatement en poudre, finition grain de bois<\/td>\n<\/tr>\n<tr>\n<td> Longueur standard<\/td>\n<td> Personnalisable (typiquement 2m, 3m, ou selon les besoins)<\/td>\n<\/tr>\n<tr>\n<td> Options de largeur<\/td>\n<td> 50 mm, 75 mm, 100 mm ou sur mesure<\/td>\n<\/tr>\n<tr>\n<td> Options d'\u00e9paisseur<\/td>\n<td> 1,0 mm, 1,5 mm, 2,0 mm ou sur mesure<\/td>\n<\/tr>\n<tr>\n<td> Poids<\/td>\n<td> Varie en fonction des dimensions (par exemple, 1,5 kg\/m)<\/td>\n<\/tr>\n<tr>\n<td> Options de couleur<\/td>\n<td> Diverses couleurs disponibles (couleurs personnalis\u00e9es sur demande)<\/td>\n<\/tr>\n<tr>\n<td> Application<\/td>\n<td> Volets roulants, portes de s\u00e9curit\u00e9, couvre-fen\u00eatres<\/td>\n<\/tr>\n<tr>\n<td> Conductivit\u00e9 thermique<\/td>\n<td> Excellente performance thermique<\/td>\n<\/tr>\n<tr>\n<td> R\u00e9sistance \u00e0 la corrosion<\/td>\n<td> \u00c9lev\u00e9e (surtout avec la finition anodis\u00e9e)<\/td>\n<\/tr>\n<tr>\n<td> R\u00e9sistance au feu<\/td>\n<td> Conforme aux normes de s\u00e9curit\u00e9 incendie<\/td>\n<\/tr>\n<tr>\n<td> Emballage<\/td>\n<td> Inserts en mousse personnalis\u00e9s, emballage sous film r\u00e9tractable, cartons robustes<\/td>\n<\/tr>\n<tr>\n<td> Certifications<\/td>\n<td> ISO 9001, conformit\u00e9 RoHS, certification CE<\/td>\n<\/tr>\n<tr>\n<td> D\u00e9lai d'ex\u00e9cution<\/td>\n<td> G\u00e9n\u00e9ralement 15 \u00e0 30 jours (en fonction de la taille de la commande)<\/td>\n<\/tr>\n<tr>\n<td> Support OEM\/ODM<\/td>\n<td> Oui (conceptions et sp\u00e9cifications personnalis\u00e9es disponibles)<\/td>\n<\/tr>\n<tr>\n<td> Quantit\u00e9 minimale de commande<\/td>\n<td> 200 kg ou selon n\u00e9gociation<\/td>\n<\/tr>\n<\/tbody>\n<\/table>\n<h2>Notre base de production<\/h2>\n<h3>Panorama de l'usine<\/h3>\n<p><img decoding=\"async\" src=\"\/wp-content\/uploads\/factory-01.webp\"\/><\/p>\n<h3>Atelier de fabrication de barres d'aluminium<\/h3>\n<p><img decoding=\"async\" src=\"\/wp-content\/uploads\/factory-02.webp\"\/><\/p>\n<\/p>\n<p><img decoding=\"async\" src=\"\/wp-content\/uploads\/factory-03.webp\"\/><\/p>\n<h3>Entrep\u00f4t de stockage des moules<\/h3>\n<p><img decoding=\"async\" src=\"\/wp-content\/uploads\/factory-04.webp\"\/><\/p>\n<h3>43 lignes d'extrusion d'aluminium (500 \u00e0 5500 tonnes)<\/h3>\n<p><img decoding=\"async\" src=\"\/wp-content\/uploads\/factory-05.webp\"\/><\/p>\n<p><img decoding=\"async\" src=\"\/wp-content\/uploads\/factory-06.webp\"\/><\/p>\n<p><img decoding=\"async\" src=\"\/wp-content\/uploads\/factory-07.webp\"\/><\/p>\n<h3>Atelier de peinture en poudre<\/h3>\n<p><img decoding=\"async\" src=\"\/wp-content\/uploads\/factory-09.webp\"\/><\/p>\n<h3>Atelier d'anodisation<\/h3>\n<p><img decoding=\"async\" src=\"\/wp-content\/uploads\/factory-10.webp\"\/><\/p>\n<h3>Atelier sur le traitement en profondeur<\/h3>\n<p><img decoding=\"async\" src=\"\/wp-content\/uploads\/factory-11.webp\"\/><\/p>\n<h3>Atelier d'usinage de pr\u00e9cision CNC<\/h3>\n<p><img decoding=\"async\" src=\"\/wp-content\/uploads\/factory-11.5.webp\"\/><\/p>\n<h3>Entrep\u00f4t de produits finis et d'exportation<\/h3>\n<p><img decoding=\"async\" src=\"\/wp-content\/uploads\/factory-12.webp\"\/><\/p>\n<p><img decoding=\"async\" src=\"\/wp-content\/uploads\/factory-13.webp\"\/><\/p>\n<p><img decoding=\"async\" src=\"\/wp-content\/uploads\/factory-14.webp\"\/><\/p>\n<h2>FAQ<\/h2>\n<p><b>1) Qu'est-ce qu'un moule d'extrusion pour profil\u00e9s d'obturateurs en aluminium ?<\/b><\/p>\n<p>Il s'agit d'un profil\u00e9 d'aluminium pr\u00e9con\u00e7u pour les volets qui ne n\u00e9cessite pas de frais de moulage, ce qui le rend rentable pour la production sur mesure ou en petit volume.\n<\/p>\n<p><\/p>\n<p><b>2. pourquoi choisir un profil\u00e9 de volet \u00e0 moulage libre ?<\/b><\/p>\n<p>Il \u00e9limine le co\u00fbt des moules, acc\u00e9l\u00e8re la livraison et r\u00e9duit les risques pour les essais de nouveaux produits ou les conceptions personnalis\u00e9es.\n<\/p>\n<p><\/p>\n<p><b>3. le profil\u00e9 en aluminium convient-il pour une utilisation ext\u00e9rieure ?<\/b><\/p>\n<p>Oui, il est dot\u00e9 d'une finition anodis\u00e9e ou d'un rev\u00eatement en poudre pour une meilleure r\u00e9sistance \u00e0 la corrosion dans les environnements ext\u00e9rieurs.\n<\/p>\n<p><\/p>\n<p><b>4. ce profil\u00e9 peut-il \u00eatre personnalis\u00e9 sans moule ?<\/b><\/p>\n<p>Oui, m\u00eame sans nouveaux moules, les matrices existantes permettent de personnaliser la longueur, l'\u00e9tat de surface et la couleur.\n<\/p>\n<p><\/p>\n<p><b>5. quelles sont les applications qui conviennent \u00e0 ce profil ?<\/b><\/p>\n<p>Il est id\u00e9al pour les volets de fen\u00eatres, les persiennes, les syst\u00e8mes de ventilation et les rev\u00eatements d\u00e9coratifs dans les maisons et les b\u00e2timents.\n<\/p>\n<p><\/p>\n<p><b>6. cette option est-elle valable pour les commandes de prototypes ou d'essais ?<\/b><\/p>\n<p>Absolument, le mod\u00e8le sans frais de moule permet un prototypage rapide et une production en petite s\u00e9rie sans co\u00fbts suppl\u00e9mentaires.\n<\/p>\n<p><\/p>\n<p><b>7. Quelles sont les finitions disponibles pour le profil\u00e9 du volet ?<\/b><\/p>\n<p>Nous proposons des traitements de surface anodis\u00e9s, des rev\u00eatements en poudre, des grains de bois et d'autres traitements de surface en fonction des pr\u00e9f\u00e9rences du client.\n<\/p>\n<p><\/p>\n<p><b>8. respecte-t-il les normes de qualit\u00e9 internationales ?<\/b><\/p>\n<p>Oui, tous les profils d'obturateurs sont produits sous un contr\u00f4le de qualit\u00e9 strict et sont conformes aux normes ISO et aux r\u00e9glementations en mati\u00e8re d'exportation.\n<\/p>\n<p><\/p>","protected":false},"featured_media":7425,"template":"","categories":[67],"class_list":["post-7426","product","type-product","status-publish","has-post-thumbnail","hentry","category-architectural-aluminium-profile"],"meta_box":{"hilight_text_group":{"product_hilight_text":"<li>No mould cost, saving initial tooling investment for customers<\/li>\r\r\n<li>High-quality extrusion ensures durability and smooth shutter operation<\/li>\r\r\n<li>Corrosion-resistant finish ideal for exterior window applications<\/li>\r\r\n<li>Lightweight aluminum material enables easy transport and installation<\/li>\r\r\n<li>Customizable length, finish, and color to match project requirements<\/li>\r\r\n<li>Quick turnaround time for prototyping and small batch orders<\/li>\r\r\n<li>Suitable for both residential and commercial louver shutter systems<\/li>","product_chanpin_blog":"<ul>\r\r\n<li><a href=\"https:\/\/sinoextrud.com\/t-slot-v-slot-differences\/\" target=\"_blank\">t slot vs v slot<\/a><\/li>\r\r\n<li><a href=\"https:\/\/sinoextrud.com\/what-is-4040-aluminium-extrud\/\" target=\"_blank\">4040 aluminium extrusion<\/a><\/li>\r\r\n<li><a href=\"https:\/\/sinoextrud.com\/what-is-4040-aluminium-extrud\/\" target=\"_blank\">aluminum extrusions for industrial racks<\/a><\/li>\r\r\n<li><a href=\"https:\/\/sinoextrud.com\/powder-coating-aluminium-process\/\" target=\"_blank\">powder coating aluminium<\/a><\/li>\r\r\n<li><a href=\"https:\/\/sinoextrud.com\/what-is-an-aluminium-strip-ceiling\/\" target=\"_blank\">aluminium strip ceiling<\/a><\/li>\r\r\n<li><a href=\"https:\/\/sinoextrud.com\/what-is-a-heat-sink\/\" target=\"_blank\">what is a heat sink<\/a><\/li>\r\r\n<\/ul>","product_chanpin_chanpin":"<li><a href=\"https:\/\/sinoextrud.com\/product\/shining-polishing-aluminum-profile-anodizing-silver\/\" target=\"_blank\">Shining Polishing Aluminum Profile Anodizing Silver<\/a><\/li>\r\n<li><a href=\"https:\/\/sinoextrud.com\/product\/cabinet-furniture-aluminium-extrusions-aluminum-handle-profile-for-kitchen-cabinet-horizontal-g-handle-system\/\" target=\"_blank\">Cabinet Furniture Aluminium Extrusions Aluminum Handle Profile For Kitchen Cabinet Horizontal G Handle System<\/a><\/li>\r\n<li><a href=\"https:\/\/sinoextrud.com\/product\/sound-proof-aluminum-glass-casement-windows-sliding-windows-and-doors-aluminum-profile-for-buildings-louver-system\/\" target=\"_blank\">Sound-proof Aluminum Glass Casement Windows Sliding Windows And Doors Aluminum Profile For Buildings Louver System<\/a><\/li>\r\n<li><a href=\"https:\/\/sinoextrud.com\/product\/shutter-aluminum-profile-for-window-louver-frame\/\" target=\"_blank\">Shutter Aluminum Profile For Window Louver Frame<\/a><\/li>\r\n<li><a href=\"https:\/\/sinoextrud.com\/product\/extrusion-aluminum-shutter-profile-free-mould\/\" target=\"_blank\">Extrusion Aluminum Shutter Profile Free Mould<\/a><\/li>\r\n<li><a href=\"https:\/\/sinoextrud.com\/product\/pvdf-aluminum-extrusion-curtain-wall-profile\/\" target=\"_blank\">PVDF Aluminum Extrusion Curtain Wall Profile<\/a><\/li>\r\n<li><a href=\"https:\/\/sinoextrud.com\/product\/l-aluminum-profile-for-glass-railing\/\" target=\"_blank\">L Aluminum Profile For Glass Railing<\/a><\/li>\r\n<li><a href=\"https:\/\/sinoextrud.com\/product\/bright-anodize-brushed-black-window-profile\/\" target=\"_blank\">Bright Anodize Brushed Black Window Profile<\/a><\/li>\r\n<li><a href=\"https:\/\/sinoextrud.com\/product\/customized-aluminum-alloy-housing-grow-light\/\" target=\"_blank\">Customized Aluminum Alloy Housing Grow Light<\/a><\/li>\r\n<li><a href=\"https:\/\/sinoextrud.com\/product\/industrial-aluminum-profiles\/\" target=\"_blank\">Industrial Aluminum Profiles<\/a><\/li>\r\n<li><a href=\"https:\/\/sinoextrud.com\/product\/extruded-aluminum-profiles-prices-competitive-99-pure-aluminum-ingot-curtain-wall-aluminum-profile-extrusion-manufacturers\/\" target=\"_blank\">Extruded aluminum profiles prices competitive 99% pure aluminum ingot curtain wall aluminum profile extrusion manufacturers<\/a><\/li>"},"feature_list":[]},"_links":{"self":[{"href":"https:\/\/sinoextrud.com\/fr\/wp-json\/wp\/v2\/product\/7426","targetHints":{"allow":["GET"]}}],"collection":[{"href":"https:\/\/sinoextrud.com\/fr\/wp-json\/wp\/v2\/product"}],"about":[{"href":"https:\/\/sinoextrud.com\/fr\/wp-json\/wp\/v2\/types\/product"}],"wp:featuredmedia":[{"embeddable":true,"href":"https:\/\/sinoextrud.com\/fr\/wp-json\/wp\/v2\/media\/7425"}],"wp:attachment":[{"href":"https:\/\/sinoextrud.com\/fr\/wp-json\/wp\/v2\/media?parent=7426"}],"wp:term":[{"taxonomy":"category","embeddable":true,"href":"https:\/\/sinoextrud.com\/fr\/wp-json\/wp\/v2\/categories?post=7426"}],"curies":[{"name":"wp","href":"https:\/\/api.w.org\/{rel}","templated":true}]}}