{"id":7422,"date":"2025-06-07T07:06:01","date_gmt":"2025-06-07T07:06:01","guid":{"rendered":"https:\/\/sinoextrud.com\/product\/sound-proof-aluminum-glass-casement-windows-sliding-windows-and-doors-aluminum-profile-for-buildings-louver-system\/"},"modified":"2025-06-24T06:12:47","modified_gmt":"2025-06-24T06:12:47","slug":"fenetres-a-battants-en-aluminium-insonorisees-fenetres-et-portes-coulissantes-profiles-en-aluminium-pour-batiments-systeme-de-persiennes","status":"publish","type":"product","link":"https:\/\/sinoextrud.com\/fr\/product\/sound-proof-aluminum-glass-casement-windows-sliding-windows-and-doors-aluminum-profile-for-buildings-louver-system\/","title":{"rendered":"Fen\u00eatres \u00e0 battants en aluminium insonoris\u00e9es Fen\u00eatres et portes coulissantes Profil\u00e9s en aluminium pour b\u00e2timents Syst\u00e8me de persiennes"},"content":{"rendered":"<h2>D\u00e9tails des produits<\/h2>\n<table class=\"custom-table\">\n<tr>\n<td class=\"label\">Titre<\/td>\n<td>Fen\u00eatres \u00e0 battants en aluminium insonoris\u00e9es Fen\u00eatres et portes coulissantes Profil\u00e9s en aluminium pour b\u00e2timents Syst\u00e8me de persiennes<\/td>\n<\/tr>\n<\/table>\n<h2>Notre base de production<\/h2>\n<h3>Panorama de l'usine<\/h3>\n<p><img decoding=\"async\" src=\"\/wp-content\/uploads\/factory-01.webp\"\/><\/p>\n<h3>Atelier de fabrication de barres d'aluminium<\/h3>\n<p><img decoding=\"async\" src=\"\/wp-content\/uploads\/factory-02.webp\"\/><\/p>\n<p><img decoding=\"async\" src=\"\/wp-content\/uploads\/factory-03.webp\"\/><\/p>\n<h3>Entrep\u00f4t de stockage des moules<\/h3>\n<p><img decoding=\"async\" src=\"\/wp-content\/uploads\/factory-04.webp\"\/><\/p>\n<h3>43 lignes d'extrusion d'aluminium (500 \u00e0 5500 tonnes)<\/h3>\n<p><img decoding=\"async\" src=\"\/wp-content\/uploads\/factory-05.webp\"\/><\/p>\n<p><img decoding=\"async\" src=\"\/wp-content\/uploads\/factory-06.webp\"\/><\/p>\n<p><img decoding=\"async\" src=\"\/wp-content\/uploads\/factory-07.webp\"\/><\/p>\n<h3>Atelier de peinture en poudre<\/h3>\n<p><img decoding=\"async\" src=\"\/wp-content\/uploads\/factory-09.webp\"\/><\/p>\n<h3>Atelier d'anodisation<\/h3>\n<p><img decoding=\"async\" src=\"\/wp-content\/uploads\/factory-10.webp\"\/><\/p>\n<h3>Atelier sur le traitement en profondeur<\/h3>\n<p><img decoding=\"async\" src=\"\/wp-content\/uploads\/factory-11.webp\"\/><\/p>\n<h3>Atelier d'usinage de pr\u00e9cision CNC<\/h3>\n<p><img decoding=\"async\" src=\"\/wp-content\/uploads\/factory-11.5.webp\"\/><\/p>\n<h3>Entrep\u00f4t de produits finis et d'exportation<\/h3>\n<p><img decoding=\"async\" src=\"\/wp-content\/uploads\/factory-12.webp\"\/><\/p>\n<p><img decoding=\"async\" src=\"\/wp-content\/uploads\/factory-13.webp\"\/><\/p>\n<p><img decoding=\"async\" src=\"\/wp-content\/uploads\/factory-14.webp\"\/><\/p>\n<h2>FAQ<\/h2>\n<p><p><b>1) Qu'est-ce qu'un profil\u00e9 insonorisant de porte et fen\u00eatre \u00e0 battant en aluminium et en verre ?<\/b><\/p>\n<p>Il s'agit d'un profil\u00e9 d'aluminium sp\u00e9cialement con\u00e7u pour la construction de fen\u00eatres et de portes offrant des avantages en mati\u00e8re d'insonorisation et d'isolation thermique.<br \/>\n<\/p><br \/>\n<br \/>\n<p><b>2. Quels sont les avantages de l'utilisation de profil\u00e9s en aluminium pour les fen\u00eatres coulissantes et \u00e0 battants ?<\/b><\/p>\n<p>L'aluminium offre une durabilit\u00e9 l\u00e9g\u00e8re, une r\u00e9sistance \u00e0 la corrosion et une flexibilit\u00e9 de conception pour diff\u00e9rents types de fen\u00eatres et de portes.<br \/>\n<\/p><br \/>\n<br \/>\n<p><b>3. Ce syst\u00e8me de profil\u00e9s est-il compatible avec les persiennes ?<\/b><\/p>\n<p>Oui, il peut \u00eatre int\u00e9gr\u00e9 \u00e0 des syst\u00e8mes de persiennes en aluminium pour am\u00e9liorer la ventilation, l'ombrage et l'esth\u00e9tique.<br \/>\n<\/p><br \/>\n<br \/>\n<p><b>4. Ces profil\u00e9s peuvent-ils \u00eatre utilis\u00e9s dans des b\u00e2timents commerciaux ?<\/b><\/p>\n<p>Oui, elles sont id\u00e9ales pour les structures r\u00e9sidentielles et commerciales qui n\u00e9cessitent des syst\u00e8mes de portes et fen\u00eatres performants.<br \/>\n<\/p><br \/>\n<br \/>\n<p><b>5. les caract\u00e9ristiques d'insonorisation sont-elles standard ?<\/b><\/p>\n<p>Oui, les profil\u00e9s sont con\u00e7us pour supporter des unit\u00e9s \u00e0 double ou triple vitrage pour une meilleure isolation acoustique.<br \/>\n<\/p><br \/>\n<br \/>\n<p><b>6. proposez-vous des options de rupture thermique ?<\/b><\/p>\n<p>Oui, des profil\u00e9s en aluminium \u00e0 rupture de pont thermique sont disponibles pour am\u00e9liorer l'efficacit\u00e9 \u00e9nerg\u00e9tique et le confort int\u00e9rieur.<br \/>\n<\/p><br \/>\n<br \/>\n<p><b>7. quelles sont les finitions de surface disponibles ?<\/b><\/p>\n<p>Les finitions comprennent l'anodisation, le rev\u00eatement par poudre et le grain de bois pour s'adapter aux diff\u00e9rents styles de conception et aux conditions m\u00e9t\u00e9orologiques.<br \/>\n<\/p><br \/>\n<br \/>\n<p><b>8. les tailles et les couleurs personnalis\u00e9es sont-elles prises en charge ?<\/b><\/p>\n<p>Absolument, nous offrons une personnalisation compl\u00e8te pour r\u00e9pondre aux exigences architecturales uniques et aux th\u00e8mes de couleurs.<br \/>\n<\/p><br \/><\/p>","protected":false},"featured_media":7421,"template":"","categories":[67],"class_list":["post-7422","product","type-product","status-publish","has-post-thumbnail","hentry","category-architectural-aluminium-profile"],"meta_box":{"hilight_text_group":{"product_hilight_text":"<li>Designed for sound-proof performance in modern residential and commercial buildings<\/li>\r\r\n<li>High-quality aluminum profiles ensure structural strength and long-term durability<\/li>\r\r\n<li>Compatible with casement windows, sliding windows, and door systems<\/li>\r\r\n<li>Supports integrated louver systems for ventilation and privacy<\/li>\r\r\n<li>Corrosion-resistant finishes ideal for harsh weather conditions<\/li>\r\r\n<li>Customizable sizes, colors, and profiles to match architectural designs<\/li>\r\r\n<li>Energy-efficient thermal break options available to reduce heat transfer<\/li>","product_chanpin_blog":"<ul>\r\r\n<li><a href=\"https:\/\/sinoextrud.com\/t-slot-v-slot-differences\/\" target=\"_blank\">t slot vs v slot<\/a><\/li>\r\r\n<li><a href=\"https:\/\/sinoextrud.com\/what-is-4040-aluminium-extrud\/\" target=\"_blank\">4040 aluminium extrusion<\/a><\/li>\r\r\n<li><a href=\"https:\/\/sinoextrud.com\/what-is-4040-aluminium-extrud\/\" target=\"_blank\">aluminum extrusions for industrial racks<\/a><\/li>\r\r\n<li><a href=\"https:\/\/sinoextrud.com\/powder-coating-aluminium-process\/\" target=\"_blank\">powder coating aluminium<\/a><\/li>\r\r\n<li><a href=\"https:\/\/sinoextrud.com\/what-is-an-aluminium-strip-ceiling\/\" target=\"_blank\">aluminium strip ceiling<\/a><\/li>\r\r\n<li><a href=\"https:\/\/sinoextrud.com\/what-is-a-heat-sink\/\" target=\"_blank\">what is a heat sink<\/a><\/li>\r\r\n<\/ul>","product_chanpin_chanpin":"<li><a href=\"https:\/\/sinoextrud.com\/product\/new-design-kitchen-handle-aluminum-profile\/\" target=\"_blank\">New Design Kitchen Handle Aluminum Profile<\/a><\/li>\r\n<li><a href=\"https:\/\/sinoextrud.com\/product\/aluminum-tube-profile-processing-with-6060-material\/\" target=\"_blank\">Aluminum Tube Profile Processing with 6060 material<\/a><\/li>\r\n<li><a href=\"https:\/\/sinoextrud.com\/product\/shining-polishing-aluminum-profile-anodizing-silver\/\" target=\"_blank\">Shining Polishing Aluminum Profile Anodizing Silver<\/a><\/li>\r\n<li><a href=\"https:\/\/sinoextrud.com\/product\/cabinet-furniture-aluminium-extrusions-aluminum-handle-profile-for-kitchen-cabinet-horizontal-g-handle-system\/\" target=\"_blank\">Cabinet Furniture Aluminium Extrusions Aluminum Handle Profile For Kitchen Cabinet Horizontal G Handle System<\/a><\/li>\r\n<li><a href=\"https:\/\/sinoextrud.com\/product\/sound-proof-aluminum-glass-casement-windows-sliding-windows-and-doors-aluminum-profile-for-buildings-louver-system\/\" target=\"_blank\">Sound-proof Aluminum Glass Casement Windows Sliding Windows And Doors Aluminum Profile For Buildings Louver System<\/a><\/li>\r\n<li><a href=\"https:\/\/sinoextrud.com\/product\/shutter-aluminum-profile-for-window-louver-frame\/\" target=\"_blank\">Shutter Aluminum Profile For Window Louver Frame<\/a><\/li>\r\n<li><a href=\"https:\/\/sinoextrud.com\/product\/extrusion-aluminum-shutter-profile-free-mould\/\" target=\"_blank\">Extrusion Aluminum Shutter Profile Free Mould<\/a><\/li>\r\n<li><a href=\"https:\/\/sinoextrud.com\/product\/pvdf-aluminum-extrusion-curtain-wall-profile\/\" target=\"_blank\">PVDF Aluminum Extrusion Curtain Wall Profile<\/a><\/li>\r\n<li><a href=\"https:\/\/sinoextrud.com\/product\/l-aluminum-profile-for-glass-railing\/\" target=\"_blank\">L Aluminum Profile For Glass Railing<\/a><\/li>\r\n<li><a href=\"https:\/\/sinoextrud.com\/product\/aluminum-outdoor-enclose-heat-sinks\/\" target=\"_blank\">Aluminum outdoor enclose heat sinks<\/a><\/li>\r\n<li><a href=\"https:\/\/sinoextrud.com\/product\/commercial-handrail-systems\/\" target=\"_blank\">Commercial Handrail Systems<\/a><\/li>"},"feature_list":[]},"_links":{"self":[{"href":"https:\/\/sinoextrud.com\/fr\/wp-json\/wp\/v2\/product\/7422","targetHints":{"allow":["GET"]}}],"collection":[{"href":"https:\/\/sinoextrud.com\/fr\/wp-json\/wp\/v2\/product"}],"about":[{"href":"https:\/\/sinoextrud.com\/fr\/wp-json\/wp\/v2\/types\/product"}],"wp:featuredmedia":[{"embeddable":true,"href":"https:\/\/sinoextrud.com\/fr\/wp-json\/wp\/v2\/media\/7421"}],"wp:attachment":[{"href":"https:\/\/sinoextrud.com\/fr\/wp-json\/wp\/v2\/media?parent=7422"}],"wp:term":[{"taxonomy":"category","embeddable":true,"href":"https:\/\/sinoextrud.com\/fr\/wp-json\/wp\/v2\/categories?post=7422"}],"curies":[{"name":"wp","href":"https:\/\/api.w.org\/{rel}","templated":true}]}}