{"id":7418,"date":"2025-06-07T07:02:22","date_gmt":"2025-06-07T07:02:22","guid":{"rendered":"https:\/\/sinoextrud.com\/product\/shining-polishing-aluminum-profile-anodizing-silver\/"},"modified":"2025-06-24T06:12:46","modified_gmt":"2025-06-24T06:12:46","slug":"polissage-brillant-profile-aluminium-anodisation-argent","status":"publish","type":"product","link":"https:\/\/sinoextrud.com\/fr\/product\/shining-polishing-aluminum-profile-anodizing-silver\/","title":{"rendered":"Polissage de profil\u00e9s en aluminium Anodisation argent\u00e9e"},"content":{"rendered":"<h2>D\u00e9tails des produits<\/h2>\n<table class=\"custom-table\">\n<tbody>\n<tr>\n<td> Article :<\/td>\n<td> Polissage de profil\u00e9s en aluminium Anodisation argent\u00e9e<\/td>\n<td> Grade :<\/td>\n<td> S\u00e9rie 6000 6063<\/td>\n<\/tr>\n<tr>\n<td> Temp\u00e9rer :<\/td>\n<td> 6063-T5<\/td>\n<td> Lieu d'origine :<\/td>\n<td> Foshan, Guangdong<\/td>\n<\/tr>\n<tr>\n<td> Forme :<\/td>\n<td> Selon les dessins du client<\/td>\n<td> Alliage ou non :<\/td>\n<td> Est un alliage<\/td>\n<\/tr>\n<tr>\n<td> Tol\u00e9rance :<\/td>\n<td> \u00b10,1%<\/td>\n<td> Marque :<\/td>\n<td> Sinoextrud, Sinoextrud<\/td>\n<\/tr>\n<tr>\n<td> Standard :<\/td>\n<td> Haut niveau, niveau moyen, bas niveau<\/td>\n<td> Traitement de surface :<\/td>\n<td> rev\u00eatement en poudre, \u00e9lectrophor\u00e8se, grain de bois, anodis\u00e9, bross\u00e9, polissage, sabl\u00e9, \u00e9lectrophor\u00e8se<\/td>\n<\/tr>\n<tr>\n<td> D\u00e9lai de livraison :<\/td>\n<td> 20-25 jours<\/td>\n<td> MOQ :<\/td>\n<td> 200KG pour chaque profil<\/td>\n<\/tr>\n<tr>\n<td> D\u00e9lai de paiement :<\/td>\n<td> T\/T(30% Deposit), L\/C<\/td>\n<td> Service de traitement :<\/td>\n<td> Fraisage, per\u00e7age, cintrage, d\u00e9coilage, soudage, poin\u00e7onnage, d\u00e9coupage<\/td>\n<\/tr>\n<tr>\n<td> Port :<\/td>\n<td> Guangzhou, Shenzhen, Foshan<\/td>\n<td> Longueur: :<\/td>\n<td> Sur mesure<\/td>\n<\/tr>\n<tr>\n<td> Service apr\u00e8s-vente :<\/td>\n<td> Un produit aprobl\u00e8me est \u00e9galement responsable<\/td>\n<td> Production mensuelle :<\/td>\n<td> 15 000 tonnes<\/td>\n<\/tr>\n<\/tbody>\n<\/table>\n<h2>Notre base de production<\/h2>\n<h3>Panorama de l'usine<\/h3>\n<p><img decoding=\"async\" src=\"\/wp-content\/uploads\/factory-01.webp\"\/><\/p>\n<h3>Atelier de fabrication de barres d'aluminium<\/h3>\n<p><img decoding=\"async\" src=\"\/wp-content\/uploads\/factory-02.webp\"\/><\/p>\n<\/p>\n<p><img decoding=\"async\" src=\"\/wp-content\/uploads\/factory-03.webp\"\/><\/p>\n<h3>Entrep\u00f4t de stockage des moules<\/h3>\n<p><img decoding=\"async\" src=\"\/wp-content\/uploads\/factory-04.webp\"\/><\/p>\n<h3>43 lignes d'extrusion d'aluminium (500-5500 tonnes)<\/h3>\n<p><img decoding=\"async\" src=\"\/wp-content\/uploads\/factory-05.webp\"\/><\/p>\n<p><img decoding=\"async\" src=\"\/wp-content\/uploads\/factory-06.webp\"\/><\/p>\n<p><img decoding=\"async\" src=\"\/wp-content\/uploads\/factory-07.webp\"\/><\/p>\n<h3>Atelier de peinture en poudre<\/h3>\n<p><img decoding=\"async\" src=\"\/wp-content\/uploads\/factory-09.webp\"\/><\/p>\n<h3>Atelier d'anodisation<\/h3>\n<p><img decoding=\"async\" src=\"\/wp-content\/uploads\/factory-10.webp\"\/><\/p>\n<h3>Atelier sur le traitement en profondeur<\/h3>\n<p><img decoding=\"async\" src=\"\/wp-content\/uploads\/factory-11.webp\"\/><\/p>\n<h3>Atelier d'usinage de pr\u00e9cision CNC<\/h3>\n<p><img decoding=\"async\" src=\"\/wp-content\/uploads\/factory-11.5.webp\"\/><\/p>\n<h3>Entrep\u00f4t de produits finis et d'exportation<\/h3>\n<p><img decoding=\"async\" src=\"\/wp-content\/uploads\/factory-12.webp\"\/><\/p>\n<p><img decoding=\"async\" src=\"\/wp-content\/uploads\/factory-13.webp\"\/><\/p>\n<p><img decoding=\"async\" src=\"\/wp-content\/uploads\/factory-14.webp\"\/><\/p>\n<h2>FAQ<\/h2>\n<p><b>1) Qu'est-ce que le polissage de profil\u00e9s d'aluminium par anodisation ?<\/b><\/p>\n<p>Il s'agit d'un profil\u00e9 en aluminium tr\u00e8s brillant qui a \u00e9t\u00e9 poli et anodis\u00e9 en argent pour des applications d\u00e9coratives et r\u00e9sistantes \u00e0 la corrosion.\n<\/p>\n<p><\/p>\n<p><b>2) Quels sont les avantages des profil\u00e9s en aluminium polis et anodis\u00e9s ?<\/b><\/p>\n<p>Ils combinent une brillance esth\u00e9tique avec une duret\u00e9 de surface accrue, une r\u00e9sistance \u00e0 la corrosion et une stabilit\u00e9 de couleur \u00e0 long terme.\n<\/p>\n<p><\/p>\n<p><b>3) O\u00f9 sont utilis\u00e9s les profil\u00e9s brillants en aluminium anodis\u00e9 argent\u00e9 ?<\/b><\/p>\n<p>Ils sont couramment utilis\u00e9s dans l'ameublement, les syst\u00e8mes d'affichage, les cadres d'\u00e9clairage, les bo\u00eetiers \u00e9lectroniques et la d\u00e9coration int\u00e9rieure.\n<\/p>\n<p><\/p>\n<p><b>4. l'anodisation am\u00e9liore-t-elle la durabilit\u00e9 ?<\/b><\/p>\n<p>Oui, l'anodisation argent\u00e9e renforce la surface, prot\u00e8ge contre l'usure et l'oxydation et augmente la dur\u00e9e de vie du profil\u00e9.\n<\/p>\n<p><\/p>\n<p><b>5. ces profils peuvent-ils \u00eatre personnalis\u00e9s en termes de taille ou de forme ?<\/b><\/p>\n<p>Oui, nous proposons des formes d'extrusion, des dimensions et des traitements sur mesure pour r\u00e9pondre aux exigences de projets sp\u00e9cifiques.\n<\/p>\n<p><\/p>\n<p><b>6. la finition polie est-elle facile \u00e0 entretenir ?<\/b><\/p>\n<p>Oui, la surface lisse r\u00e9siste \u00e0 la poussi\u00e8re et aux traces de doigts, ce qui facilite le nettoyage et pr\u00e9serve l'\u00e9clat du produit.\n<\/p>\n<p><\/p>\n<p><b>7. Ces profil\u00e9s conviennent-ils pour une utilisation en ext\u00e9rieur ?<\/b><\/p>\n<p>En raison de leur finition polie, ils conviennent mieux aux environnements int\u00e9rieurs ou ext\u00e9rieurs abrit\u00e9s, bien que l'anodisation offre une protection de base contre les intemp\u00e9ries.\n<\/p>\n<p><\/p>\n<p><b>8) Quels sont les alliages d'aluminium couramment utilis\u00e9s pour ces profil\u00e9s ?<\/b><\/p>\n<p>Les alliages 6063 et 6060 sont couramment utilis\u00e9s pour leur bonne r\u00e9ponse \u00e0 l'anodisation, leur qualit\u00e9 de surface et leurs propri\u00e9t\u00e9s m\u00e9caniques.\n<\/p>\n<p><\/p>","protected":false},"featured_media":7417,"template":"","categories":[67],"class_list":["post-7418","product","type-product","status-publish","has-post-thumbnail","hentry","category-architectural-aluminium-profile"],"meta_box":{"hilight_text_group":{"product_hilight_text":"<li>Mirror-like polished surface offers premium aesthetic appeal<\/li>\r\r\n<li>Silver anodizing enhances corrosion resistance and durability<\/li>\r\r\n<li>Made from high-quality aluminum for strength and lightweight performance<\/li>\r\r\n<li>Ideal for decorative trim, display frames, and architectural details<\/li>\r\r\n<li>Custom lengths, shapes, and finishes available to match design needs<\/li>\r\r\n<li>Easy to fabricate, install, and maintain with lasting shine<\/li>\r\r\n<li>Suitable for indoor and controlled-environment outdoor applications<\/li>","product_chanpin_blog":"<ul>\r\r\n<li><a href=\"https:\/\/sinoextrud.com\/t-slot-v-slot-differences\/\" target=\"_blank\">t slot vs v slot<\/a><\/li>\r\r\n<li><a href=\"https:\/\/sinoextrud.com\/what-is-4040-aluminium-extrud\/\" target=\"_blank\">4040 aluminium extrusion<\/a><\/li>\r\r\n<li><a href=\"https:\/\/sinoextrud.com\/what-is-4040-aluminium-extrud\/\" target=\"_blank\">aluminum extrusions for industrial racks<\/a><\/li>\r\r\n<li><a href=\"https:\/\/sinoextrud.com\/powder-coating-aluminium-process\/\" target=\"_blank\">powder coating aluminium<\/a><\/li>\r\r\n<li><a href=\"https:\/\/sinoextrud.com\/what-is-an-aluminium-strip-ceiling\/\" target=\"_blank\">aluminium strip ceiling<\/a><\/li>\r\r\n<li><a href=\"https:\/\/sinoextrud.com\/what-is-a-heat-sink\/\" target=\"_blank\">what is a heat sink<\/a><\/li>\r\r\n<\/ul>","product_chanpin_chanpin":"<li><a href=\"https:\/\/sinoextrud.com\/product\/custom-cnc-machined-7075-aluminum-extrusion\/\" target=\"_blank\">Custom CNC Machined 7075 Aluminum Extrusion<\/a><\/li>\r\n<li><a href=\"https:\/\/sinoextrud.com\/product\/custom-aluminum-tongue-and-groove-extrusion-for-floor-decking\/\" target=\"_blank\">Custom Aluminum Tongue And Groove Extrusion for floor decking<\/a><\/li>\r\n<li><a href=\"https:\/\/sinoextrud.com\/product\/new-design-kitchen-handle-aluminum-profile\/\" target=\"_blank\">New Design Kitchen Handle Aluminum Profile<\/a><\/li>\r\n<li><a href=\"https:\/\/sinoextrud.com\/product\/aluminum-tube-profile-processing-with-6060-material\/\" target=\"_blank\">Aluminum Tube Profile Processing with 6060 material<\/a><\/li>\r\n<li><a href=\"https:\/\/sinoextrud.com\/product\/shining-polishing-aluminum-profile-anodizing-silver\/\" target=\"_blank\">Shining Polishing Aluminum Profile Anodizing Silver<\/a><\/li>\r\n<li><a href=\"https:\/\/sinoextrud.com\/product\/cabinet-furniture-aluminium-extrusions-aluminum-handle-profile-for-kitchen-cabinet-horizontal-g-handle-system\/\" target=\"_blank\">Cabinet Furniture Aluminium Extrusions Aluminum Handle Profile For Kitchen Cabinet Horizontal G Handle System<\/a><\/li>\r\n<li><a href=\"https:\/\/sinoextrud.com\/product\/sound-proof-aluminum-glass-casement-windows-sliding-windows-and-doors-aluminum-profile-for-buildings-louver-system\/\" target=\"_blank\">Sound-proof Aluminum Glass Casement Windows Sliding Windows And Doors Aluminum Profile For Buildings Louver System<\/a><\/li>\r\n<li><a href=\"https:\/\/sinoextrud.com\/product\/shutter-aluminum-profile-for-window-louver-frame\/\" target=\"_blank\">Shutter Aluminum Profile For Window Louver Frame<\/a><\/li>\r\n<li><a href=\"https:\/\/sinoextrud.com\/product\/extrusion-aluminum-shutter-profile-free-mould\/\" target=\"_blank\">Extrusion Aluminum Shutter Profile Free Mould<\/a><\/li>\r\n<li><a href=\"https:\/\/sinoextrud.com\/product\/cabinet-furniture-aluminium-extrusions-aluminum-handle-profile-for-kitchen-cabinet-horizontal-g-handle-system\/\" target=\"_blank\">Cabinet Furniture Aluminium Extrusions Aluminum Handle Profile For Kitchen Cabinet Horizontal G Handle System<\/a><\/li>\r\n<li><a href=\"https:\/\/sinoextrud.com\/product\/standard-aluminum-extrusions\/\" target=\"_blank\">Standard Aluminum Extrusions<\/a><\/li>"},"feature_list":[]},"_links":{"self":[{"href":"https:\/\/sinoextrud.com\/fr\/wp-json\/wp\/v2\/product\/7418","targetHints":{"allow":["GET"]}}],"collection":[{"href":"https:\/\/sinoextrud.com\/fr\/wp-json\/wp\/v2\/product"}],"about":[{"href":"https:\/\/sinoextrud.com\/fr\/wp-json\/wp\/v2\/types\/product"}],"wp:featuredmedia":[{"embeddable":true,"href":"https:\/\/sinoextrud.com\/fr\/wp-json\/wp\/v2\/media\/7417"}],"wp:attachment":[{"href":"https:\/\/sinoextrud.com\/fr\/wp-json\/wp\/v2\/media?parent=7418"}],"wp:term":[{"taxonomy":"category","embeddable":true,"href":"https:\/\/sinoextrud.com\/fr\/wp-json\/wp\/v2\/categories?post=7418"}],"curies":[{"name":"wp","href":"https:\/\/api.w.org\/{rel}","templated":true}]}}