{"id":7412,"date":"2025-06-07T06:49:47","date_gmt":"2025-06-07T06:49:47","guid":{"rendered":"https:\/\/sinoextrud.com\/product\/custom-aluminum-tongue-and-groove-extrusion-for-floor-decking\/"},"modified":"2025-06-24T06:12:45","modified_gmt":"2025-06-24T06:12:45","slug":"extrusion-de-languettes-et-rainures-en-aluminium-pour-plancher-de-terrasse","status":"publish","type":"product","link":"https:\/\/sinoextrud.com\/fr\/product\/custom-aluminum-tongue-and-groove-extrusion-for-floor-decking\/","title":{"rendered":"Extrusion d'aluminium \u00e0 rainure et languette sur mesure pour plancher de terrasse"},"content":{"rendered":"<h2>D\u00e9tails des produits<\/h2>\n<table class=\"custom-table\">\n<tbody>\n<tr>\n<td> Objet<\/td>\n<td> Panneau de rev\u00eatement de sol en aluminium r\u00e9sistant au feu<\/td>\n<\/tr>\n<tr>\n<td> Mat\u00e9riau<\/td>\n<td> Aluminium 6063, 6061<\/td>\n<\/tr>\n<tr>\n<td> Temp\u00e9rer<\/td>\n<td> T4 T5 T6<\/td>\n<\/tr>\n<tr>\n<td> MOQ<\/td>\n<td> 200KG par moule<\/td>\n<\/tr>\n<tr>\n<td> Production<br \/>\ncalendrier<\/td>\n<td> (1) Fabrication du moule et essai des \u00e9chantillons : 15 jours<br \/>(2) Production de masse termin\u00e9e : 25-28 jours apr\u00e8s confirmation de l'\u00e9chantillon<\/td>\n<\/tr>\n<tr>\n<td> Traitement de surface<\/td>\n<td> Rev\u00eatement en poudre (AkzoNobel), grain de bois, anodisation, brossage, polissage<\/td>\n<\/tr>\n<tr>\n<td> Garantie<\/td>\n<td> 10~25ans<\/td>\n<\/tr>\n<\/tbody>\n<\/table>\n<h2>Notre base de production<\/h2>\n<h3>Panorama de l'usine<\/h3>\n<p><img decoding=\"async\" src=\"\/wp-content\/uploads\/factory-01.webp\"\/><\/p>\n<h3>Atelier de fabrication de barres d'aluminium<\/h3>\n<p><img decoding=\"async\" src=\"\/wp-content\/uploads\/factory-02.webp\"\/><\/p>\n<\/p>\n<p><img decoding=\"async\" src=\"\/wp-content\/uploads\/factory-03.webp\"\/><\/p>\n<h3>Entrep\u00f4t de stockage des moules<\/h3>\n<p><img decoding=\"async\" src=\"\/wp-content\/uploads\/factory-04.webp\"\/><\/p>\n<h3>43 lignes d'extrusion d'aluminium (500 \u00e0 5500 tonnes)<\/h3>\n<p><img decoding=\"async\" src=\"\/wp-content\/uploads\/factory-05.webp\"\/><\/p>\n<p><img decoding=\"async\" src=\"\/wp-content\/uploads\/factory-06.webp\"\/><\/p>\n<p><img decoding=\"async\" src=\"\/wp-content\/uploads\/factory-07.webp\"\/><\/p>\n<h3>Atelier de peinture en poudre<\/h3>\n<p><img decoding=\"async\" src=\"\/wp-content\/uploads\/factory-09.webp\"\/><\/p>\n<h3>Atelier d'anodisation<\/h3>\n<p><img decoding=\"async\" src=\"\/wp-content\/uploads\/factory-10.webp\"\/><\/p>\n<h3>Atelier sur le traitement en profondeur<\/h3>\n<p><img decoding=\"async\" src=\"\/wp-content\/uploads\/factory-11.webp\"\/><\/p>\n<h3>Atelier d'usinage de pr\u00e9cision CNC<\/h3>\n<p><img decoding=\"async\" src=\"\/wp-content\/uploads\/factory-11.5.webp\"\/><\/p>\n<h3>Entrep\u00f4t de produits finis et d'exportation<\/h3>\n<p><img decoding=\"async\" src=\"\/wp-content\/uploads\/factory-12.webp\"\/><\/p>\n<p><img decoding=\"async\" src=\"\/wp-content\/uploads\/factory-13.webp\"\/><\/p>\n<p><img decoding=\"async\" src=\"\/wp-content\/uploads\/factory-14.webp\"\/><\/p>\n<h2>FAQ<\/h2>\n<p><b>1) Qu'est-ce que l'extrusion de languettes et de rainures en aluminium sur mesure pour les planchers de terrasse ?<\/b><\/p>\n<p>Il s'agit d'un profil\u00e9 d'aluminium sp\u00e9cialis\u00e9 con\u00e7u avec des caract\u00e9ristiques d'embo\u00eetement de languettes et de rainures pour une installation s\u00fbre et efficace des planchers de terrasse.\n<\/p>\n<p><\/p>\n<p><b>2) Quels sont les avantages des terrasses \u00e0 rainure et languette en aluminium ?<\/b><\/p>\n<p>Il offre une grande solidit\u00e9, une r\u00e9sistance \u00e0 la corrosion, une facilit\u00e9 d'installation et une finition durable et sans joint pour les syst\u00e8mes de rev\u00eatement de sol int\u00e9rieurs et ext\u00e9rieurs.\n<\/p>\n<p><\/p>\n<p><b>3. cette extrusion d'aluminium convient-elle pour les terrasses ext\u00e9rieures ?<\/b><\/p>\n<p>Oui, il est r\u00e9sistant \u00e0 la corrosion et disponible avec des finitions protectrices, ce qui le rend id\u00e9al pour les terrasses, les balcons et les all\u00e9es.\n<\/p>\n<p><\/p>\n<p><b>4. l'extrusion peut-elle \u00eatre adapt\u00e9e \u00e0 des syst\u00e8mes de sol sp\u00e9cifiques ?<\/b><\/p>\n<p>Oui, nous proposons des profils, des dimensions, des \u00e9paisseurs de paroi et des finitions sur mesure pour r\u00e9pondre \u00e0 diff\u00e9rents besoins en mati\u00e8re de structure et de conception.\n<\/p>\n<p><\/p>\n<p><b>5.Comment le syst\u00e8me de rainure et de languette am\u00e9liore-t-il les performances des terrasses ?<\/b><\/p>\n<p>Il assure un bon embo\u00eetement entre les planches, emp\u00eache les mouvements et cr\u00e9e une surface lisse et sans interstices.\n<\/p>\n<p><\/p>\n<p><b>6. les profil\u00e9s de plancher en aluminium n\u00e9cessitent-ils peu d'entretien ?<\/b><\/p>\n<p>Oui, ils n\u00e9cessitent un entretien minimal et r\u00e9sistent \u00e0 l'humidit\u00e9, \u00e0 la rouille, aux insectes et \u00e0 l'exposition aux UV.\n<\/p>\n<p><\/p>\n<p><b>7) Quelles sont les industries qui utilisent ce type d'extrusion ?<\/b><\/p>\n<p>Il est couramment utilis\u00e9 dans les terrasses r\u00e9sidentielles, les planchers commerciaux, les plates-formes marines, les remorques et les syst\u00e8mes de construction modulaire.\n<\/p>\n<p><\/p>\n<p><b>8. proposez-vous des options de finition de surface ?<\/b><\/p>\n<p>Oui, les finitions comprennent l'anodisation, le rev\u00eatement par poudre et les surfaces bross\u00e9es pour une meilleure esth\u00e9tique et une meilleure protection de l'environnement.\n<\/p>\n<p><\/p>","protected":false},"featured_media":7411,"template":"","categories":[67],"class_list":["post-7412","product","type-product","status-publish","has-post-thumbnail","hentry","category-architectural-aluminium-profile"],"meta_box":{"hilight_text_group":{"product_hilight_text":"<li>Tongue and groove design ensures secure and seamless floor decking installation<\/li>\r\r\n<li>Custom aluminum extrusion tailored to specific dimensions and load requirements<\/li>\r\r\n<li>Lightweight and corrosion-resistant for indoor and outdoor use<\/li>\r\r\n<li>High strength-to-weight ratio ideal for heavy-duty flooring applications<\/li>\r\r\n<li>Available in anodized or powder-coated finishes for enhanced durability<\/li>\r\r\n<li>Low-maintenance surface resists warping, cracking, and fading<\/li>\r\r\n<li>Precision machining ensures tight interlock and uniform alignment<\/li>","product_chanpin_blog":"<ul>\r\r\n<li><a href=\"https:\/\/sinoextrud.com\/t-slot-v-slot-differences\/\" target=\"_blank\">t slot vs v slot<\/a><\/li>\r\r\n<li><a href=\"https:\/\/sinoextrud.com\/what-is-4040-aluminium-extrud\/\" target=\"_blank\">4040 aluminium extrusion<\/a><\/li>\r\r\n<li><a href=\"https:\/\/sinoextrud.com\/what-is-4040-aluminium-extrud\/\" target=\"_blank\">aluminum extrusions for industrial racks<\/a><\/li>\r\r\n<li><a href=\"https:\/\/sinoextrud.com\/powder-coating-aluminium-process\/\" target=\"_blank\">powder coating aluminium<\/a><\/li>\r\r\n<li><a href=\"https:\/\/sinoextrud.com\/what-is-an-aluminium-strip-ceiling\/\" target=\"_blank\">aluminium strip ceiling<\/a><\/li>\r\r\n<li><a href=\"https:\/\/sinoextrud.com\/what-is-a-heat-sink\/\" target=\"_blank\">what is a heat sink<\/a><\/li>\r\r\n<\/ul>","product_chanpin_chanpin":"<li><a href=\"https:\/\/sinoextrud.com\/product\/china-aluminum-factory-wholesale-residential-aluminum-fence\/\" target=\"_blank\">China Aluminum Factory Wholesale Residential Aluminum Fence<\/a><\/li>\r\n<li><a href=\"https:\/\/sinoextrud.com\/product\/aluminum-skirting-profile\/\" target=\"_blank\">Aluminum Skirting Profile<\/a><\/li>\r\n<li><a href=\"https:\/\/sinoextrud.com\/product\/customized-large-size-aluminum-alloy-louvers\/\" target=\"_blank\">Customized Large-Size Aluminum Alloy Louvers<\/a><\/li>\r\n<li><a href=\"https:\/\/sinoextrud.com\/product\/custom-cnc-machined-7075-aluminum-extrusion\/\" target=\"_blank\">Custom CNC Machined 7075 Aluminum Extrusion<\/a><\/li>\r\n<li><a href=\"https:\/\/sinoextrud.com\/product\/custom-aluminum-tongue-and-groove-extrusion-for-floor-decking\/\" target=\"_blank\">Custom Aluminum Tongue And Groove Extrusion for floor decking<\/a><\/li>\r\n<li><a href=\"https:\/\/sinoextrud.com\/product\/new-design-kitchen-handle-aluminum-profile\/\" target=\"_blank\">New Design Kitchen Handle Aluminum Profile<\/a><\/li>\r\n<li><a href=\"https:\/\/sinoextrud.com\/product\/aluminum-tube-profile-processing-with-6060-material\/\" target=\"_blank\">Aluminum Tube Profile Processing with 6060 material<\/a><\/li>\r\n<li><a href=\"https:\/\/sinoextrud.com\/product\/shining-polishing-aluminum-profile-anodizing-silver\/\" target=\"_blank\">Shining Polishing Aluminum Profile Anodizing Silver<\/a><\/li>\r\n<li><a href=\"https:\/\/sinoextrud.com\/product\/cabinet-furniture-aluminium-extrusions-aluminum-handle-profile-for-kitchen-cabinet-horizontal-g-handle-system\/\" target=\"_blank\">Cabinet Furniture Aluminium Extrusions Aluminum Handle Profile For Kitchen Cabinet Horizontal G Handle System<\/a><\/li>\r\n<li><a href=\"https:\/\/sinoextrud.com\/product\/joining-aluminium-extrusions\/\" target=\"_blank\">Joining Aluminium Extrusions<\/a><\/li>\r\n<li><a href=\"https:\/\/sinoextrud.com\/product\/electrophoretic-grain-square-tube-rosewood\/\" target=\"_blank\">Electrophoretic Grain Square Tube Rosewood<\/a><\/li>"},"feature_list":[]},"_links":{"self":[{"href":"https:\/\/sinoextrud.com\/fr\/wp-json\/wp\/v2\/product\/7412","targetHints":{"allow":["GET"]}}],"collection":[{"href":"https:\/\/sinoextrud.com\/fr\/wp-json\/wp\/v2\/product"}],"about":[{"href":"https:\/\/sinoextrud.com\/fr\/wp-json\/wp\/v2\/types\/product"}],"wp:featuredmedia":[{"embeddable":true,"href":"https:\/\/sinoextrud.com\/fr\/wp-json\/wp\/v2\/media\/7411"}],"wp:attachment":[{"href":"https:\/\/sinoextrud.com\/fr\/wp-json\/wp\/v2\/media?parent=7412"}],"wp:term":[{"taxonomy":"category","embeddable":true,"href":"https:\/\/sinoextrud.com\/fr\/wp-json\/wp\/v2\/categories?post=7412"}],"curies":[{"name":"wp","href":"https:\/\/api.w.org\/{rel}","templated":true}]}}