{"id":7398,"date":"2025-06-07T06:38:21","date_gmt":"2025-06-07T06:38:21","guid":{"rendered":"https:\/\/sinoextrud.com\/product\/greenhouse-aluminum-extrusions-blade-window\/"},"modified":"2025-06-24T06:12:43","modified_gmt":"2025-06-24T06:12:43","slug":"serre-extrusions-daluminium-fenetre-a-lames","status":"publish","type":"product","link":"https:\/\/sinoextrud.com\/fr\/product\/greenhouse-aluminum-extrusions-blade-window\/","title":{"rendered":"Serre Extrusions d'aluminium Fen\u00eatre \u00e0 lames"},"content":{"rendered":"<h2>D\u00e9tails des produits<\/h2>\n<table class=\"custom-table\">\n<tbody>\n<tr>\n<td> Grade :<\/td>\n<td> 6063 -t5<\/td>\n<\/tr>\n<tr>\n<td> Technique :<\/td>\n<td> Serre Extrusions d'aluminium Fen\u00eatre \u00e0 lames<\/td>\n<\/tr>\n<tr>\n<td> Temp\u00e9rer :<\/td>\n<td> T3 - T8<\/td>\n<\/tr>\n<tr>\n<td> Services d'usinage :<\/td>\n<td> Per\u00e7age, taraudage, rivetage, assemblage, etc.<\/td>\n<\/tr>\n<tr>\n<td> Marque d\u00e9pos\u00e9e :<\/td>\n<td> Sinoextrud Sinoextrud <\/td>\n<\/tr>\n<tr>\n<td> Type :<\/td>\n<td> Serre Extrusions d'aluminium Fen\u00eatre \u00e0 lames<\/td>\n<\/tr>\n<tr>\n<td> Forme :<\/td>\n<td> Con\u00e7us par les clients<\/td>\n<\/tr>\n<tr>\n<td> Traitement de surface :<\/td>\n<td> Finition broyage Anodis\u00e9 Bross\u00e9<\/td>\n<\/tr>\n<tr>\n<td> Longueur :<\/td>\n<td> 1m \u00e0 9m par longueur<\/td>\n<\/tr>\n<tr>\n<td> Couleurs :<\/td>\n<td> Argent Noir<\/td>\n<\/tr>\n<tr>\n<td> Code HS :<\/td>\n<td> 76042990<\/td>\n<\/tr>\n<\/tbody>\n<\/table>\n<h2>Notre base de production<\/h2>\n<h3>Panorama de l'usine<\/h3>\n<p><img decoding=\"async\" src=\"\/wp-content\/uploads\/factory-01.webp\"\/><\/p>\n<h3>Atelier de fabrication de barres d'aluminium<\/h3>\n<p><img decoding=\"async\" src=\"\/wp-content\/uploads\/factory-02.webp\"\/><\/p>\n<p><img decoding=\"async\" src=\"\/wp-content\/uploads\/factory-03.webp\"\/><\/p>\n<h3>Entrep\u00f4t de stockage des moules<\/h3>\n<p><img decoding=\"async\" src=\"\/wp-content\/uploads\/factory-04.webp\"\/><\/p>\n<h3>43 lignes d'extrusion d'aluminium (500 \u00e0 5500 tonnes)<\/h3>\n<p><img decoding=\"async\" src=\"\/wp-content\/uploads\/factory-05.webp\"\/><\/p>\n<p><img decoding=\"async\" src=\"\/wp-content\/uploads\/factory-06.webp\"\/><\/p>\n<p><img decoding=\"async\" src=\"\/wp-content\/uploads\/factory-07.webp\"\/><\/p>\n<h3>Atelier de peinture en poudre<\/h3>\n<p><img decoding=\"async\" src=\"\/wp-content\/uploads\/factory-09.webp\"\/><\/p>\n<h3>Atelier d'anodisation<\/h3>\n<p><img decoding=\"async\" src=\"\/wp-content\/uploads\/factory-10.webp\"\/><\/p>\n<h3>Atelier sur le traitement en profondeur<\/h3>\n<p><img decoding=\"async\" src=\"\/wp-content\/uploads\/factory-11.webp\"\/><\/p>\n<h3>Atelier d'usinage de pr\u00e9cision CNC<\/h3>\n<p><img decoding=\"async\" src=\"\/wp-content\/uploads\/factory-11.5.webp\"\/><\/p>\n<h3>Entrep\u00f4t de produits finis et d'exportation<\/h3>\n<p><img decoding=\"async\" src=\"\/wp-content\/uploads\/factory-12.webp\"\/><\/p>\n<p><img decoding=\"async\" src=\"\/wp-content\/uploads\/factory-13.webp\"\/><\/p>\n<p><img decoding=\"async\" src=\"\/wp-content\/uploads\/factory-14.webp\"\/><\/p>\n<h2>FAQ<\/h2>\n<p><p><b>1) Qu'est-ce qu'une fen\u00eatre \u00e0 lames en extrusion d'aluminium pour serres ?<\/b><\/p>\n<p>Les extrusions d'aluminium pour serres Blade Window sont des profil\u00e9s d'aluminium utilis\u00e9s pour encadrer et soutenir les fen\u00eatres de style louver dans les syst\u00e8mes de ventilation des serres.<br \/>\n<\/p><br \/>\n<br \/>\n<p><b>2) Quels sont les avantages de l'utilisation d'extrusions d'aluminium pour les fen\u00eatres \u00e0 lames des serres ?<\/b><\/p>\n<p>Ils offrent un poids l\u00e9ger, une r\u00e9sistance \u00e0 la corrosion et un contr\u00f4le pr\u00e9cis du flux d'air, essentiels pour des environnements v\u00e9g\u00e9taux sains.<br \/>\n<\/p><br \/>\n<br \/>\n<p><b>3. ces extrusions conviennent-elles pour les conditions d'humidit\u00e9 \u00e9lev\u00e9e dans les serres ?<\/b><\/p>\n<p>Oui, ils sont r\u00e9sistants \u00e0 la corrosion et sp\u00e9cialement con\u00e7us pour fonctionner dans les climats humides des serres.<br \/>\n<\/p><br \/>\n<br \/>\n<p><b>4. les extrusions de fen\u00eatres \u00e0 lames peuvent-elles \u00eatre personnalis\u00e9es ?<\/b><\/p>\n<p>Oui, nous proposons des tailles, des formes et des finitions personnalis\u00e9es pour s'adapter aux structures sp\u00e9cifiques des serres et aux besoins de ventilation.<br \/>\n<\/p><br \/>\n<br \/>\n<p><b>5. comment les extrusions des fen\u00eatres \u00e0 lames am\u00e9liorent-elles la circulation de l'air dans les serres ?<\/b><\/p>\n<p>Ils supportent des fen\u00eatres \u00e0 lamelles qui peuvent \u00eatre inclin\u00e9es pour une ventilation naturelle et un contr\u00f4le de la temp\u00e9rature optimaux.<br \/>\n<\/p><br \/>\n<br \/>\n<p><b>6. Ces profil\u00e9s en aluminium sont-ils compatibles avec les syst\u00e8mes d'automatisation ?<\/b><\/p>\n<p>Oui, ils sont con\u00e7us pour s'int\u00e9grer aux m\u00e9canismes d'ouverture manuels et automatis\u00e9s afin d'en faciliter l'utilisation.<br \/>\n<\/p><br \/>\n<br \/>\n<p><b>7. les extrusions d'aluminium pour serres n\u00e9cessitent-elles un entretien particulier ?<\/b><\/p>\n<p>Non, ils n\u00e9cessitent un entretien minimal gr\u00e2ce \u00e0 leurs propri\u00e9t\u00e9s durables et r\u00e9sistantes \u00e0 la corrosion.<br \/>\n<\/p><br \/>\n<br \/>\n<p><b>8. o\u00f9 ces extrusions de fen\u00eatres \u00e0 lames sont-elles couramment utilis\u00e9es ?<\/b><\/p>\n<p>Ils sont largement utilis\u00e9s dans les serres commerciales, les installations horticoles et les b\u00e2timents agricoles pour une ventilation efficace.<br \/>\n<\/p><br \/><\/p>","protected":false},"featured_media":7397,"template":"","categories":[67],"class_list":["post-7398","product","type-product","status-publish","has-post-thumbnail","hentry","category-architectural-aluminium-profile"],"meta_box":{"hilight_text_group":{"product_hilight_text":"<li>Designed specifically for greenhouse blade (louver) window systems<\/li>\r\r\n<li>High-strength aluminum ensures structural stability and longevity<\/li>\r\r\n<li>Corrosion-resistant finish ideal for humid greenhouse environments<\/li>\r\r\n<li>Lightweight material allows for easy installation and operation<\/li>\r\r\n<li>Customizable sizes and profiles to match various greenhouse designs<\/li>\r\r\n<li>Supports smooth airflow control and natural ventilation<\/li>\r\r\n<li>Compatible with automated and manual window opening systems<\/li>","product_chanpin_blog":"<ul>\r\r\n<li><a href=\"https:\/\/sinoextrud.com\/t-slot-v-slot-differences\/\" target=\"_blank\">t slot vs v slot<\/a><\/li>\r\r\n<li><a href=\"https:\/\/sinoextrud.com\/what-is-4040-aluminium-extrud\/\" target=\"_blank\">4040 aluminium extrusion<\/a><\/li>\r\r\n<li><a href=\"https:\/\/sinoextrud.com\/what-is-4040-aluminium-extrud\/\" target=\"_blank\">aluminum extrusions for industrial racks<\/a><\/li>\r\r\n<li><a href=\"https:\/\/sinoextrud.com\/powder-coating-aluminium-process\/\" target=\"_blank\">powder coating aluminium<\/a><\/li>\r\r\n<li><a href=\"https:\/\/sinoextrud.com\/what-is-an-aluminium-strip-ceiling\/\" target=\"_blank\">aluminium strip ceiling<\/a><\/li>\r\r\n<li><a href=\"https:\/\/sinoextrud.com\/what-is-a-heat-sink\/\" target=\"_blank\">what is a heat sink<\/a><\/li>\r\r\n<\/ul>","product_chanpin_chanpin":"<li><a href=\"https:\/\/sinoextrud.com\/product\/anodized-extruded-aluminum-j-channel\/\" target=\"_blank\">Anodized Extruded Aluminum J Channel<\/a><\/li>\r\n<li><a href=\"https:\/\/sinoextrud.com\/product\/aluminum-handrail-profiles\/\" target=\"_blank\">Aluminum Handrail Profiles<\/a><\/li>\r\n<li><a href=\"https:\/\/sinoextrud.com\/product\/square-aluminium-extrusion\/\" target=\"_blank\">Square Aluminium Extrusion<\/a><\/li>\r\n<li><a href=\"https:\/\/sinoextrud.com\/product\/u-shape-extruded-aluminum-wall-panels\/\" target=\"_blank\">U Shape Extruded Aluminum Wall Panels<\/a><\/li>\r\n<li><a href=\"https:\/\/sinoextrud.com\/product\/greenhouse-aluminum-extrusions-blade-window\/\" target=\"_blank\">Greenhouse Aluminum Extrusions Blade Window<\/a><\/li>\r\n<li><a href=\"https:\/\/sinoextrud.com\/product\/wide-aluminum-extrusions\/\" target=\"_blank\">Wide Aluminum Extrusions<\/a><\/li>\r\n<li><a href=\"https:\/\/sinoextrud.com\/product\/anodizing-aluminum-picture-photo-frame-brushed-aluminium-frame-for-home-decoration\/\" target=\"_blank\">Anodizing Aluminum Picture Photo Frame Brushed Aluminium Frame For Home Decoration<\/a><\/li>\r\n<li><a href=\"https:\/\/sinoextrud.com\/product\/china-aluminum-factory-wholesale-residential-aluminum-fence\/\" target=\"_blank\">China Aluminum Factory Wholesale Residential Aluminum Fence<\/a><\/li>\r\n<li><a href=\"https:\/\/sinoextrud.com\/product\/aluminum-skirting-profile\/\" target=\"_blank\">Aluminum Skirting Profile<\/a><\/li>\r\n<li><a href=\"https:\/\/sinoextrud.com\/product\/aluminum-z-section-extrusions\/\" target=\"_blank\">Aluminum Z Section Extrusions<\/a><\/li>\r\n<li><a href=\"https:\/\/sinoextrud.com\/product\/round-extruded-aluminum\/\" target=\"_blank\">Round Extruded Aluminum<\/a><\/li>"},"feature_list":[]},"_links":{"self":[{"href":"https:\/\/sinoextrud.com\/fr\/wp-json\/wp\/v2\/product\/7398","targetHints":{"allow":["GET"]}}],"collection":[{"href":"https:\/\/sinoextrud.com\/fr\/wp-json\/wp\/v2\/product"}],"about":[{"href":"https:\/\/sinoextrud.com\/fr\/wp-json\/wp\/v2\/types\/product"}],"wp:featuredmedia":[{"embeddable":true,"href":"https:\/\/sinoextrud.com\/fr\/wp-json\/wp\/v2\/media\/7397"}],"wp:attachment":[{"href":"https:\/\/sinoextrud.com\/fr\/wp-json\/wp\/v2\/media?parent=7398"}],"wp:term":[{"taxonomy":"category","embeddable":true,"href":"https:\/\/sinoextrud.com\/fr\/wp-json\/wp\/v2\/categories?post=7398"}],"curies":[{"name":"wp","href":"https:\/\/api.w.org\/{rel}","templated":true}]}}