{"id":7396,"date":"2025-06-07T06:36:48","date_gmt":"2025-06-07T06:36:48","guid":{"rendered":"https:\/\/sinoextrud.com\/product\/u-shape-extruded-aluminum-wall-panels\/"},"modified":"2025-06-24T06:12:43","modified_gmt":"2025-06-24T06:12:43","slug":"panneaux-muraux-en-aluminium-extrude-en-forme-de-u","status":"publish","type":"product","link":"https:\/\/sinoextrud.com\/fr\/product\/u-shape-extruded-aluminum-wall-panels\/","title":{"rendered":"Panneaux muraux en aluminium extrud\u00e9 en forme de U"},"content":{"rendered":"<h2>D\u00e9tails des produits<\/h2>\n<table class=\"custom-table\">\n<tbody>\n<tr>\n<td> Article :<\/td>\n<td> Panneaux muraux en aluminium extrud\u00e9 en forme de U<\/td>\n<td> Grade :<\/td>\n<td> S\u00e9rie 6000 6063<\/td>\n<\/tr>\n<tr>\n<td> Temp\u00e9rer :<\/td>\n<td> 6063-T5<\/td>\n<td> Lieu d'origine :<\/td>\n<td> Foshan, Guangdong<\/td>\n<\/tr>\n<tr>\n<td> Forme :<\/td>\n<td> Canal en U<\/td>\n<td> Alliage ou non :<\/td>\n<td> Alliage d'Alunimun<\/td>\n<\/tr>\n<tr>\n<td> Tol\u00e9rance :<\/td>\n<td> \u00b10,5%<\/td>\n<td> Marque :<\/td>\n<td> Sinoextrud, Sinoextrud<\/td>\n<\/tr>\n<tr>\n<td> Standard :<\/td>\n<td> qualit\u00e9 moyenne et \u00e9lev\u00e9e<\/td>\n<td> Traitement de surface :<\/td>\n<td> rev\u00eatement en poudre, \u00e9lectrophor\u00e8se, grain de bois, anodis\u00e9, bross\u00e9, polissage<\/td>\n<\/tr>\n<tr>\n<td> D\u00e9lai de livraison :<\/td>\n<td> 25-30 jours<\/td>\n<td> MOQ :<\/td>\n<td> 200KG<\/td>\n<\/tr>\n<tr>\n<td> D\u00e9lai de paiement :<\/td>\n<td> T\/T(30% Deposit), L\/C<\/td>\n<td> Service de traitement :<\/td>\n<td> Pliage, d\u00e9roulage, soudage, poin\u00e7onnage, d\u00e9coupage<\/td>\n<\/tr>\n<tr>\n<td> Port :<\/td>\n<td> Guangzhou, Shenzhen<\/td>\n<td> Longueur: :<\/td>\n<td> 1-9m ou sur mesure<\/td>\n<\/tr>\n<\/tbody>\n<\/table>\n<h2>Notre base de production<\/h2>\n<h3>Panorama de l'usine<\/h3>\n<p><img decoding=\"async\" src=\"\/wp-content\/uploads\/factory-01.webp\"\/><\/p>\n<h3>Atelier de fabrication de barres d'aluminium<\/h3>\n<p><img decoding=\"async\" src=\"\/wp-content\/uploads\/factory-02.webp\"\/><\/p>\n<p><img decoding=\"async\" src=\"\/wp-content\/uploads\/factory-03.webp\"\/><\/p>\n<h3>Entrep\u00f4t de stockage des moules<\/h3>\n<p><img decoding=\"async\" src=\"\/wp-content\/uploads\/factory-04.webp\"\/><\/p>\n<h3>43 lignes d'extrusion d'aluminium (500-5500 tonnes)<\/h3>\n<p><img decoding=\"async\" src=\"\/wp-content\/uploads\/factory-05.webp\"\/><\/p>\n<p><img decoding=\"async\" src=\"\/wp-content\/uploads\/factory-06.webp\"\/><\/p>\n<p><img decoding=\"async\" src=\"\/wp-content\/uploads\/factory-07.webp\"\/><\/p>\n<h3>Atelier de peinture en poudre<\/h3>\n<p><img decoding=\"async\" src=\"\/wp-content\/uploads\/factory-09.webp\"\/><\/p>\n<h3>Atelier d'anodisation<\/h3>\n<p><img decoding=\"async\" src=\"\/wp-content\/uploads\/factory-10.webp\"\/><\/p>\n<h3>Atelier sur le traitement en profondeur<\/h3>\n<p><img decoding=\"async\" src=\"\/wp-content\/uploads\/factory-11.webp\"\/><\/p>\n<h3>Atelier d'usinage de pr\u00e9cision CNC<\/h3>\n<p><img decoding=\"async\" src=\"\/wp-content\/uploads\/factory-11.5.webp\"\/><\/p>\n<h3>Entrep\u00f4t de produits finis et d'exportation<\/h3>\n<p><img decoding=\"async\" src=\"\/wp-content\/uploads\/factory-12.webp\"\/><\/p>\n<p><img decoding=\"async\" src=\"\/wp-content\/uploads\/factory-13.webp\"\/><\/p>\n<p><img decoding=\"async\" src=\"\/wp-content\/uploads\/factory-14.webp\"\/><\/p>\n<h2>FAQ<\/h2>\n<p><p><b>1) Qu'est-ce qu'un panneau mural en aluminium extrud\u00e9 en forme de U ?<\/b><\/p>\n<p>Les panneaux muraux en aluminium extrud\u00e9 en forme de U sont des panneaux de rev\u00eatement architectural avec un profil en U, con\u00e7us pour des finitions murales \u00e9l\u00e9gantes et modernes.<br \/>\n<\/p><br \/>\n<br \/>\n<p><b>2) Quels sont les avantages des panneaux muraux en aluminium en forme de U ?<\/b><\/p>\n<p>Ils offrent un aspect propre, une r\u00e9sistance \u00e0 la corrosion, un poids l\u00e9ger et une installation facile pour les applications int\u00e9rieures et ext\u00e9rieures.<br \/>\n<\/p><br \/>\n<br \/>\n<p><b>3. ces panneaux conviennent-ils \u00e0 une utilisation en ext\u00e9rieur ?<\/b><\/p>\n<p>Oui, le mat\u00e9riau aluminium et les finitions protectrices en font un syst\u00e8me de rev\u00eatement ext\u00e9rieur id\u00e9al pour tous les temps.<br \/>\n<\/p><br \/>\n<br \/>\n<p><b>4) Les panneaux muraux en aluminium en forme de U peuvent-ils \u00eatre personnalis\u00e9s ?<\/b><\/p>\n<p>Oui, nous proposons des tailles, des couleurs, des finitions et des configurations de fentes personnalis\u00e9es pour r\u00e9pondre aux exigences architecturales.<br \/>\n<\/p><br \/>\n<br \/>\n<p><b>5. Comment les panneaux muraux en aluminium extrud\u00e9 en forme de U sont-ils install\u00e9s ?<\/b><\/p>\n<p>Ils sont g\u00e9n\u00e9ralement install\u00e9s \u00e0 l'aide de fixations dissimul\u00e9es ou de rails de montage, pour un aspect homog\u00e8ne et affleurant.<br \/>\n<\/p><br \/>\n<br \/>\n<p><b>6) Quelles sont les finitions disponibles pour ces panneaux muraux en aluminium ?<\/b><\/p>\n<p>Les finitions disponibles comprennent l'anodisation, le rev\u00eatement par poudre, le brossage et des couleurs personnalis\u00e9es pour s'adapter \u00e0 diff\u00e9rentes esth\u00e9tiques.<br \/>\n<\/p><br \/>\n<br \/>\n<p><b>7. ces panneaux sont-ils l\u00e9gers et faciles \u00e0 manipuler ?<\/b><\/p>\n<p>Oui, la construction en aluminium les rend l\u00e9gers et faciles \u00e0 transporter, \u00e0 fabriquer et \u00e0 installer.<br \/>\n<\/p><br \/>\n<br \/>\n<p><b>8) O\u00f9 les panneaux muraux en aluminium extrud\u00e9 en forme de U sont-ils couramment utilis\u00e9s ?<\/b><\/p>\n<p>Ils sont utilis\u00e9s dans les b\u00e2timents commerciaux, les int\u00e9rieurs r\u00e9sidentiels, les syst\u00e8mes de fa\u00e7ade, les halls d'entr\u00e9e et les traitements muraux d\u00e9coratifs.<br \/>\n<\/p><br \/><\/p>","protected":false},"featured_media":7395,"template":"","categories":[67],"class_list":["post-7396","product","type-product","status-publish","has-post-thumbnail","hentry","category-architectural-aluminium-profile"],"meta_box":{"hilight_text_group":{"product_hilight_text":"<li>Unique U-shape profile offers modern and clean architectural lines<\/li>\r\r\n<li>Made from high-quality aluminum for lightweight strength and durability<\/li>\r\r\n<li>Corrosion-resistant surface ensures long-term performance<\/li>\r\r\n<li>Easy installation with concealed fasteners for a seamless look<\/li>\r\r\n<li>Available in various sizes, finishes, and colors<\/li>\r\r\n<li>Ideal for interior and exterior wall cladding applications<\/li>\r\r\n<li>Supports custom fabrication to meet project-specific designs<\/li>","product_chanpin_blog":"<ul>\r\r\n<li><a href=\"https:\/\/sinoextrud.com\/t-slot-v-slot-differences\/\" target=\"_blank\">t slot vs v slot<\/a><\/li>\r\r\n<li><a href=\"https:\/\/sinoextrud.com\/what-is-4040-aluminium-extrud\/\" target=\"_blank\">4040 aluminium extrusion<\/a><\/li>\r\r\n<li><a href=\"https:\/\/sinoextrud.com\/what-is-4040-aluminium-extrud\/\" target=\"_blank\">aluminum extrusions for industrial racks<\/a><\/li>\r\r\n<li><a href=\"https:\/\/sinoextrud.com\/powder-coating-aluminium-process\/\" target=\"_blank\">powder coating aluminium<\/a><\/li>\r\r\n<li><a href=\"https:\/\/sinoextrud.com\/what-is-an-aluminium-strip-ceiling\/\" target=\"_blank\">aluminium strip ceiling<\/a><\/li>\r\r\n<li><a href=\"https:\/\/sinoextrud.com\/what-is-a-heat-sink\/\" target=\"_blank\">what is a heat sink<\/a><\/li>\r\r\n<\/ul>","product_chanpin_chanpin":"<li><a href=\"https:\/\/sinoextrud.com\/product\/extruded-h-beam-aluminum-profile\/\" target=\"_blank\">Extruded H Beam Aluminum Profile<\/a><\/li>\r\n<li><a href=\"https:\/\/sinoextrud.com\/product\/anodized-extruded-aluminum-j-channel\/\" target=\"_blank\">Anodized Extruded Aluminum J Channel<\/a><\/li>\r\n<li><a href=\"https:\/\/sinoextrud.com\/product\/aluminum-handrail-profiles\/\" target=\"_blank\">Aluminum Handrail Profiles<\/a><\/li>\r\n<li><a href=\"https:\/\/sinoextrud.com\/product\/square-aluminium-extrusion\/\" target=\"_blank\">Square Aluminium Extrusion<\/a><\/li>\r\n<li><a href=\"https:\/\/sinoextrud.com\/product\/u-shape-extruded-aluminum-wall-panels\/\" target=\"_blank\">U Shape Extruded Aluminum Wall Panels<\/a><\/li>\r\n<li><a href=\"https:\/\/sinoextrud.com\/product\/greenhouse-aluminum-extrusions-blade-window\/\" target=\"_blank\">Greenhouse Aluminum Extrusions Blade Window<\/a><\/li>\r\n<li><a href=\"https:\/\/sinoextrud.com\/product\/wide-aluminum-extrusions\/\" target=\"_blank\">Wide Aluminum Extrusions<\/a><\/li>\r\n<li><a href=\"https:\/\/sinoextrud.com\/product\/anodizing-aluminum-picture-photo-frame-brushed-aluminium-frame-for-home-decoration\/\" target=\"_blank\">Anodizing Aluminum Picture Photo Frame Brushed Aluminium Frame For Home Decoration<\/a><\/li>\r\n<li><a href=\"https:\/\/sinoextrud.com\/product\/china-aluminum-factory-wholesale-residential-aluminum-fence\/\" target=\"_blank\">China Aluminum Factory Wholesale Residential Aluminum Fence<\/a><\/li>\r\n<li><a href=\"https:\/\/sinoextrud.com\/product\/u-shaped-baffle-ceiling-system\/\" target=\"_blank\">U-Shaped Baffle Ceiling System<\/a><\/li>\r\n<li><a href=\"https:\/\/sinoextrud.com\/product\/aluminum-cnc-machined-part-custom-aluminum-machining\/\" target=\"_blank\">Aluminum CNC Machined Part Custom Aluminum Machining<\/a><\/li>"},"feature_list":[]},"_links":{"self":[{"href":"https:\/\/sinoextrud.com\/fr\/wp-json\/wp\/v2\/product\/7396","targetHints":{"allow":["GET"]}}],"collection":[{"href":"https:\/\/sinoextrud.com\/fr\/wp-json\/wp\/v2\/product"}],"about":[{"href":"https:\/\/sinoextrud.com\/fr\/wp-json\/wp\/v2\/types\/product"}],"wp:featuredmedia":[{"embeddable":true,"href":"https:\/\/sinoextrud.com\/fr\/wp-json\/wp\/v2\/media\/7395"}],"wp:attachment":[{"href":"https:\/\/sinoextrud.com\/fr\/wp-json\/wp\/v2\/media?parent=7396"}],"wp:term":[{"taxonomy":"category","embeddable":true,"href":"https:\/\/sinoextrud.com\/fr\/wp-json\/wp\/v2\/categories?post=7396"}],"curies":[{"name":"wp","href":"https:\/\/api.w.org\/{rel}","templated":true}]}}