{"id":7394,"date":"2025-06-07T06:35:19","date_gmt":"2025-06-07T06:35:19","guid":{"rendered":"https:\/\/sinoextrud.com\/product\/square-aluminium-extrusion\/"},"modified":"2025-06-24T06:12:43","modified_gmt":"2025-06-24T06:12:43","slug":"extrusion-carree-en-aluminium","status":"publish","type":"product","link":"https:\/\/sinoextrud.com\/fr\/product\/square-aluminium-extrusion\/","title":{"rendered":"Extrusion carr\u00e9e d'aluminium"},"content":{"rendered":"<h2>D\u00e9tails des produits<\/h2>\n<table class=\"custom-table\">\n<tbody>\n<tr>\n<td> Article :<\/td>\n<td> Extrusion carr\u00e9e d'aluminium<\/td>\n<td> Mat\u00e9riau :<\/td>\n<td> 6063, 6061, 6082, 6005, etc.<\/td>\n<\/tr>\n<tr>\n<td> Application :<\/td>\n<td> Industrie, architecture, \u00e9lectronique, pi\u00e8ces de machines<\/td>\n<td> Lieu d'origine :<\/td>\n<td> Foshan, Guangdong<\/td>\n<\/tr>\n<tr>\n<td> Forme :<\/td>\n<td> Personnalisation<\/td>\n<td> Alliage ou non :<\/td>\n<td> Alliage d'aluminium<\/td>\n<\/tr>\n<tr>\n<td> D\u00e9roulement du processus :<\/td>\n<td> Matrice ouverte-Extrusion-Traitement de surface-Usinage CNC<\/td>\n<td> Marque :<\/td>\n<td> Sinoextrud<\/td>\n<\/tr>\n<tr>\n<td> Standard :<\/td>\n<td> qualit\u00e9 moyenne et \u00e9lev\u00e9e<\/td>\n<td> Traitement de surface :<\/td>\n<td> rev\u00eatement en poudre, \u00e9lectrophor\u00e8se, grain de bois, anodis\u00e9, bross\u00e9, polissage<\/td>\n<\/tr>\n<tr>\n<td> D\u00e9lai de livraison :<\/td>\n<td> 25-30 jours<\/td>\n<td> MOQ :<\/td>\n<td> 200KG<\/td>\n<\/tr>\n<tr>\n<td> D\u00e9lai de paiement :<\/td>\n<td> T\/T(30% Deposit), L\/C<\/td>\n<td> Service de traitement :<\/td>\n<td> Pliage, d\u00e9roulage, soudage, poin\u00e7onnage, d\u00e9coupage<\/td>\n<\/tr>\n<tr>\n<td> Port :<\/td>\n<td> Guangzhou, Shenzhen<\/td>\n<td> Longueur :<\/td>\n<td> 1-9m ou sur mesure<\/td>\n<\/tr>\n<\/tbody>\n<\/table>\n<h2>Notre base de production<\/h2>\n<h3>Panorama de l'usine<\/h3>\n<p><img decoding=\"async\" src=\"\/wp-content\/uploads\/factory-01.webp\"\/><\/p>\n<h3>Atelier de fabrication de barres d'aluminium<\/h3>\n<p><img decoding=\"async\" src=\"\/wp-content\/uploads\/factory-02.webp\"\/><\/p>\n<p><img decoding=\"async\" src=\"\/wp-content\/uploads\/factory-03.webp\"\/><\/p>\n<h3>Entrep\u00f4t de stockage des moules<\/h3>\n<p><img decoding=\"async\" src=\"\/wp-content\/uploads\/factory-04.webp\"\/><\/p>\n<h3>43 lignes d'extrusion d'aluminium (500 \u00e0 5500 tonnes)<\/h3>\n<p><img decoding=\"async\" src=\"\/wp-content\/uploads\/factory-05.webp\"\/><\/p>\n<p><img decoding=\"async\" src=\"\/wp-content\/uploads\/factory-06.webp\"\/><\/p>\n<p><img decoding=\"async\" src=\"\/wp-content\/uploads\/factory-07.webp\"\/><\/p>\n<h3>Atelier de peinture en poudre<\/h3>\n<p><img decoding=\"async\" src=\"\/wp-content\/uploads\/factory-09.webp\"\/><\/p>\n<h3>Atelier d'anodisation<\/h3>\n<p><img decoding=\"async\" src=\"\/wp-content\/uploads\/factory-10.webp\"\/><\/p>\n<h3>Atelier sur le traitement en profondeur<\/h3>\n<p><img decoding=\"async\" src=\"\/wp-content\/uploads\/factory-11.webp\"\/><\/p>\n<h3>Atelier d'usinage de pr\u00e9cision CNC<\/h3>\n<p><img decoding=\"async\" src=\"\/wp-content\/uploads\/factory-11.5.webp\"\/><\/p>\n<h3>Entrep\u00f4t de produits finis et d'exportation<\/h3>\n<p><img decoding=\"async\" src=\"\/wp-content\/uploads\/factory-12.webp\"\/><\/p>\n<p><img decoding=\"async\" src=\"\/wp-content\/uploads\/factory-13.webp\"\/><\/p>\n<p><img decoding=\"async\" src=\"\/wp-content\/uploads\/factory-14.webp\"\/><\/p>\n<h2>FAQ<\/h2>\n<p><p><b>1) Qu'est-ce que l'extrusion carr\u00e9e d'aluminium ?<\/b><\/p>\n<p>L'extrusion carr\u00e9e d'aluminium est un profil\u00e9 d'aluminium \u00e0 section carr\u00e9e utilis\u00e9 dans des applications structurelles, architecturales et industrielles.<br \/>\n<\/p><br \/>\n<br \/>\n<p><b>2. quels sont les avantages de l'utilisation de l'extrusion carr\u00e9e d'aluminium ?<\/b><\/p>\n<p>Il offre une grande solidit\u00e9, une r\u00e9sistance \u00e0 la corrosion, des propri\u00e9t\u00e9s de l\u00e9g\u00e8ret\u00e9 et une facilit\u00e9 de fabrication pour divers projets.<br \/>\n<\/p><br \/>\n<br \/>\n<p><b>3. l'extrusion carr\u00e9e d'aluminium convient-elle aux environnements ext\u00e9rieurs ?<\/b><\/p>\n<p>Oui, il est r\u00e9sistant \u00e0 la corrosion et peut \u00eatre anodis\u00e9 ou rev\u00eatu pour des performances ext\u00e9rieures durables.<br \/>\n<\/p><br \/>\n<br \/>\n<p><b>4. l'extrusion carr\u00e9e d'aluminium peut-elle \u00eatre personnalis\u00e9e ?<\/b><\/p>\n<p>Oui, des longueurs, des \u00e9paisseurs de paroi, des finitions et des alliages personnalis\u00e9s sont disponibles en fonction des exigences du projet.<br \/>\n<\/p><br \/>\n<br \/>\n<p><b>5. quelles sont les applications courantes de l'extrusion carr\u00e9e d'aluminium ?<\/b><\/p>\n<p>Il est couramment utilis\u00e9 dans les cadres, les supports, les postes de travail, les \u00e9quipements d'automatisation et les projets de construction.<br \/>\n<\/p><br \/>\n<br \/>\n<p><b>6. l'extrusion carr\u00e9e d'aluminium est-elle facile \u00e0 fabriquer ?<\/b><\/p>\n<p>Oui, il est facile \u00e0 couper, \u00e0 percer, \u00e0 souder et \u00e0 usiner, ce qui en fait un mat\u00e9riau id\u00e9al pour le bricolage et l'industrie.<br \/>\n<\/p><br \/>\n<br \/>\n<p><b>7) Proposez-vous des extrusions carr\u00e9es en aluminium dans diff\u00e9rentes finitions ?<\/b><\/p>\n<p>Oui, les finitions disponibles sont les suivantes : lamin\u00e9, anodis\u00e9, peint par poudrage et bross\u00e9, pour r\u00e9pondre aux besoins esth\u00e9tiques et fonctionnels.<br \/>\n<\/p><br \/>\n<br \/>\n<p><b>8. Quelle est la r\u00e9sistance de l'extrusion carr\u00e9e d'aluminium ?<\/b><\/p>\n<p>Gr\u00e2ce \u00e0 sa conception sym\u00e9trique et \u00e0 son alliage de haute qualit\u00e9, il offre d'excellentes performances de charge pour un poids minimal.<br \/>\n<\/p><br \/><\/p>","protected":false},"featured_media":7393,"template":"","categories":[67],"class_list":["post-7394","product","type-product","status-publish","has-post-thumbnail","hentry","category-architectural-aluminium-profile"],"meta_box":{"hilight_text_group":{"product_hilight_text":"<li>Strong and stable square profile ideal for structural applications<\/li>\r\r\n<li>Lightweight aluminum construction for easy handling and transport<\/li>\r\r\n<li>Corrosion-resistant surface suitable for indoor and outdoor use<\/li>\r\r\n<li>Available in various sizes, wall thicknesses, and finishes<\/li>\r\r\n<li>Precision-extruded for consistent quality and dimensional accuracy<\/li>\r\r\n<li>Easy to cut, drill, and weld for versatile fabrication<\/li>\r\r\n<li>Suitable for framing, enclosures, supports, and furniture systems<\/li>","product_chanpin_blog":"<ul>\r\r\n<li><a href=\"https:\/\/sinoextrud.com\/t-slot-v-slot-differences\/\" target=\"_blank\">t slot vs v slot<\/a><\/li>\r\r\n<li><a href=\"https:\/\/sinoextrud.com\/what-is-4040-aluminium-extrud\/\" target=\"_blank\">4040 aluminium extrusion<\/a><\/li>\r\r\n<li><a href=\"https:\/\/sinoextrud.com\/what-is-4040-aluminium-extrud\/\" target=\"_blank\">aluminum extrusions for industrial racks<\/a><\/li>\r\r\n<li><a href=\"https:\/\/sinoextrud.com\/powder-coating-aluminium-process\/\" target=\"_blank\">powder coating aluminium<\/a><\/li>\r\r\n<li><a href=\"https:\/\/sinoextrud.com\/what-is-an-aluminium-strip-ceiling\/\" target=\"_blank\">aluminium strip ceiling<\/a><\/li>\r\r\n<li><a href=\"https:\/\/sinoextrud.com\/what-is-a-heat-sink\/\" target=\"_blank\">what is a heat sink<\/a><\/li>\r\r\n<\/ul>","product_chanpin_chanpin":"<li><a href=\"https:\/\/sinoextrud.com\/product\/extruded-aluminum-tubing-round-in-stock\/\" target=\"_blank\">Extruded Aluminum Tubing Round In Stock<\/a><\/li>\r\n<li><a href=\"https:\/\/sinoextrud.com\/product\/extruded-h-beam-aluminum-profile\/\" target=\"_blank\">Extruded H Beam Aluminum Profile<\/a><\/li>\r\n<li><a href=\"https:\/\/sinoextrud.com\/product\/anodized-extruded-aluminum-j-channel\/\" target=\"_blank\">Anodized Extruded Aluminum J Channel<\/a><\/li>\r\n<li><a href=\"https:\/\/sinoextrud.com\/product\/aluminum-handrail-profiles\/\" target=\"_blank\">Aluminum Handrail Profiles<\/a><\/li>\r\n<li><a href=\"https:\/\/sinoextrud.com\/product\/square-aluminium-extrusion\/\" target=\"_blank\">Square Aluminium Extrusion<\/a><\/li>\r\n<li><a href=\"https:\/\/sinoextrud.com\/product\/u-shape-extruded-aluminum-wall-panels\/\" target=\"_blank\">U Shape Extruded Aluminum Wall Panels<\/a><\/li>\r\n<li><a href=\"https:\/\/sinoextrud.com\/product\/greenhouse-aluminum-extrusions-blade-window\/\" target=\"_blank\">Greenhouse Aluminum Extrusions Blade Window<\/a><\/li>\r\n<li><a href=\"https:\/\/sinoextrud.com\/product\/wide-aluminum-extrusions\/\" target=\"_blank\">Wide Aluminum Extrusions<\/a><\/li>\r\n<li><a href=\"https:\/\/sinoextrud.com\/product\/anodizing-aluminum-picture-photo-frame-brushed-aluminium-frame-for-home-decoration\/\" target=\"_blank\">Anodizing Aluminum Picture Photo Frame Brushed Aluminium Frame For Home Decoration<\/a><\/li>\r\n<li><a href=\"https:\/\/sinoextrud.com\/product\/6063-t5-extruded-aluminium-profile-with-polish-surface\/\" target=\"_blank\">6063 T5 Extruded Aluminium Profile with Polish Surface<\/a><\/li>\r\n<li><a href=\"https:\/\/sinoextrud.com\/product\/aluminium-extrusion-motor-body\/\" target=\"_blank\">Aluminium Extrusion Motor Body<\/a><\/li>"},"feature_list":[]},"_links":{"self":[{"href":"https:\/\/sinoextrud.com\/fr\/wp-json\/wp\/v2\/product\/7394","targetHints":{"allow":["GET"]}}],"collection":[{"href":"https:\/\/sinoextrud.com\/fr\/wp-json\/wp\/v2\/product"}],"about":[{"href":"https:\/\/sinoextrud.com\/fr\/wp-json\/wp\/v2\/types\/product"}],"wp:featuredmedia":[{"embeddable":true,"href":"https:\/\/sinoextrud.com\/fr\/wp-json\/wp\/v2\/media\/7393"}],"wp:attachment":[{"href":"https:\/\/sinoextrud.com\/fr\/wp-json\/wp\/v2\/media?parent=7394"}],"wp:term":[{"taxonomy":"category","embeddable":true,"href":"https:\/\/sinoextrud.com\/fr\/wp-json\/wp\/v2\/categories?post=7394"}],"curies":[{"name":"wp","href":"https:\/\/api.w.org\/{rel}","templated":true}]}}