{"id":7392,"date":"2025-06-07T06:34:06","date_gmt":"2025-06-07T06:34:06","guid":{"rendered":"https:\/\/sinoextrud.com\/product\/aluminum-handrail-profiles\/"},"modified":"2025-06-24T06:12:42","modified_gmt":"2025-06-24T06:12:42","slug":"profiles-de-main-courante-en-aluminium","status":"publish","type":"product","link":"https:\/\/sinoextrud.com\/fr\/product\/aluminum-handrail-profiles\/","title":{"rendered":"Profil\u00e9s de main courante en aluminium"},"content":{"rendered":"<h2>D\u00e9tails des produits<\/h2>\n<table class=\"custom-table\">\n<tbody>\n<tr>\n<td> Objet<\/td>\n<td> Profil\u00e9s de main courante en aluminium<\/td>\n<\/tr>\n<tr>\n<td> Mat\u00e9riau<\/td>\n<td> Alliage d'aluminium 6063 de haute qualit\u00e9<\/td>\n<\/tr>\n<tr>\n<td> Types de profils<\/td>\n<td> Diff\u00e9rents mod\u00e8les disponibles (par exemple, carr\u00e9, rond, rectangulaire)<\/td>\n<\/tr>\n<tr>\n<td> Dimensions<\/td>\n<td> Dimensions personnalisables (par exemple, hauteur, largeur, \u00e9paisseur) en fonction des exigences du projet<\/td>\n<\/tr>\n<tr>\n<td> \u00c9paisseur de la paroi<\/td>\n<td> Les dimensions varient g\u00e9n\u00e9ralement de 1,2 mm \u00e0 3,0 mm, en fonction de la conception et de l'application.<\/td>\n<\/tr>\n<tr>\n<td> Finition de la surface<\/td>\n<td> Les options comprennent des finitions anodis\u00e9es, poudr\u00e9es et polies.<\/td>\n<\/tr>\n<tr>\n<td> \u00c9paisseur du rev\u00eatement<\/td>\n<td> L'\u00e9paisseur du rev\u00eatement en poudre est g\u00e9n\u00e9ralement comprise entre 60 et 100 microns.<\/td>\n<\/tr>\n<tr>\n<td> Options de couleur<\/td>\n<td> Large gamme de couleurs RAL disponibles (couleurs personnalis\u00e9es sur demande)<\/td>\n<\/tr>\n<tr>\n<td> Capacit\u00e9 de charge<\/td>\n<td> Con\u00e7u pour supporter une charge allant jusqu'\u00e0 200 kg\/m2 (variable en fonction de la conception et de l'installation)<\/td>\n<\/tr>\n<tr>\n<td> R\u00e9sistance \u00e0 la corrosion<\/td>\n<td> Excellente r\u00e9sistance \u00e0 la corrosion et \u00e0 l'oxydation, convient \u00e0 une utilisation en ext\u00e9rieur<\/td>\n<\/tr>\n<tr>\n<td> R\u00e9sistance aux UV<\/td>\n<td> Haute r\u00e9sistance aux UV pour \u00e9viter la d\u00e9coloration et la d\u00e9gradation des couleurs<\/td>\n<\/tr>\n<tr>\n<td> Caract\u00e9ristiques de s\u00e9curit\u00e9<\/td>\n<td> Options de surface antid\u00e9rapante et bords arrondis pour am\u00e9liorer la s\u00e9curit\u00e9<\/td>\n<\/tr>\n<tr>\n<td> Type d'installation<\/td>\n<td> Installation facile gr\u00e2ce aux trous pr\u00e9-perc\u00e9s ; compatible avec divers syst\u00e8mes de montage<\/td>\n<\/tr>\n<tr>\n<td> Maintenance<\/td>\n<td> Peu d'entretien ; n\u00e9cessite un nettoyage p\u00e9riodique avec de l'eau et du savon doux<\/td>\n<\/tr>\n<tr>\n<td> Recyclabilit\u00e9<\/td>\n<td> 100% mat\u00e9riau recyclable, respectueux de l'environnement<\/td>\n<\/tr>\n<tr>\n<td> Garantie<\/td>\n<td> G\u00e9n\u00e9ralement 10 ans contre les d\u00e9fauts de fabrication et les d\u00e9faillances du rev\u00eatement<\/td>\n<\/tr>\n<tr>\n<td> Applications<\/td>\n<td> Convient aux applications r\u00e9sidentielles, commerciales et industrielles, y compris les escaliers, les balcons et les zones de piscine.<\/td>\n<\/tr>\n<\/tbody>\n<\/table>\n<h2>Notre base de production<\/h2>\n<h3>Panorama de l'usine<\/h3>\n<p><img decoding=\"async\" src=\"\/wp-content\/uploads\/factory-01.webp\"\/><\/p>\n<h3>Atelier de fabrication de barres d'aluminium<\/h3>\n<p><img decoding=\"async\" src=\"\/wp-content\/uploads\/factory-02.webp\"\/><\/p>\n<p><img decoding=\"async\" src=\"\/wp-content\/uploads\/factory-03.webp\"\/><\/p>\n<h3>Entrep\u00f4t de stockage des moules<\/h3>\n<p><img decoding=\"async\" src=\"\/wp-content\/uploads\/factory-04.webp\"\/><\/p>\n<h3>43 lignes d'extrusion d'aluminium (500 \u00e0 5500 tonnes)<\/h3>\n<p><img decoding=\"async\" src=\"\/wp-content\/uploads\/factory-05.webp\"\/><\/p>\n<p><img decoding=\"async\" src=\"\/wp-content\/uploads\/factory-06.webp\"\/><\/p>\n<p><img decoding=\"async\" src=\"\/wp-content\/uploads\/factory-07.webp\"\/><\/p>\n<h3>Atelier de peinture en poudre<\/h3>\n<p><img decoding=\"async\" src=\"\/wp-content\/uploads\/factory-09.webp\"\/><\/p>\n<h3>Atelier d'anodisation<\/h3>\n<p><img decoding=\"async\" src=\"\/wp-content\/uploads\/factory-10.webp\"\/><\/p>\n<h3>Atelier sur le traitement en profondeur<\/h3>\n<p><img decoding=\"async\" src=\"\/wp-content\/uploads\/factory-11.webp\"\/><\/p>\n<h3>Atelier d'usinage de pr\u00e9cision CNC<\/h3>\n<p><img decoding=\"async\" src=\"\/wp-content\/uploads\/factory-11.5.webp\"\/><\/p>\n<h3>Entrep\u00f4t de produits finis et d'exportation<\/h3>\n<p><img decoding=\"async\" src=\"\/wp-content\/uploads\/factory-12.webp\"\/><\/p>\n<p><img decoding=\"async\" src=\"\/wp-content\/uploads\/factory-13.webp\"\/><\/p>\n<p><img decoding=\"async\" src=\"\/wp-content\/uploads\/factory-14.webp\"\/><\/p>\n<h2>FAQ<\/h2>\n<p><p><b>1) Qu'est-ce qu'un profil\u00e9 de main courante en aluminium ? <\/b><\/p>\n<p> Les profil\u00e9s de main courante en aluminium sont des sections d'aluminium extrud\u00e9 con\u00e7ues pour former l'ossature des mains courantes, assurant le soutien et la s\u00e9curit\u00e9 dans les environnements r\u00e9sidentiels et commerciaux.<br \/>\n<\/p><br \/>\n<br \/>\n<p><b>2. pourquoi choisir l'aluminium pour les profil\u00e9s de main courante ? <\/b><\/p>\n<p> L'aluminium est l\u00e9ger, durable, r\u00e9sistant \u00e0 la corrosion et n\u00e9cessitant peu d'entretien, ce qui en fait un mat\u00e9riau id\u00e9al pour des syst\u00e8mes de mains courantes durables et fiables.<br \/>\n<\/p><br \/>\n<br \/>\n<p><b>3. les profils de main courante en aluminium peuvent-ils \u00eatre personnalis\u00e9s ? <\/b><\/p>\n<p> Oui, les profils des mains courantes en aluminium peuvent \u00eatre personnalis\u00e9s en termes de taille, de forme, de finition et de couleur pour r\u00e9pondre \u00e0 des conceptions architecturales sp\u00e9cifiques et \u00e0 des exigences de s\u00e9curit\u00e9.<br \/>\n<\/p><br \/>\n<br \/>\n<p><b>4. les profils de main courante en aluminium conviennent-ils pour une utilisation en ext\u00e9rieur ? <\/b><\/p>\n<p> Oui, les profil\u00e9s en aluminium r\u00e9sistants \u00e0 la corrosion sont parfaits pour les installations ext\u00e9rieures, notamment les escaliers, les balcons et les passerelles expos\u00e9s aux intemp\u00e9ries.<br \/>\n<\/p><br \/>\n<br \/>\n<p><b>5. Quelles sont les finitions disponibles pour les profils de main courante en aluminium ? <\/b><\/p>\n<p> Les finitions les plus courantes sont l'anodisation, le rev\u00eatement par poudre, le brossage et la finition mate, qui offrent \u00e0 la fois une polyvalence esth\u00e9tique et une protection contre l'usure et les intemp\u00e9ries.<br \/>\n<\/p><br \/>\n<br \/>\n<p><b>6. quelle est la facilit\u00e9 d'installation des profils de main courante en aluminium ? <\/b><\/p>\n<p> L'installation est simple et rapide, car la l\u00e9g\u00e8ret\u00e9 de l'aluminium permet de le manipuler et de l'installer facilement \u00e0 l'aide d'outils standard.<br \/>\n<\/p><br \/>\n<br \/>\n<p><b>7. Ces profils de main courante n\u00e9cessitent-ils peu d'entretien ? <\/b><\/p>\n<p> Oui, les mains courantes en aluminium n\u00e9cessitent tr\u00e8s peu d'entretien en raison de leur r\u00e9sistance \u00e0 la corrosion et de leur finition durable, ce qui en fait une option peu co\u00fbteuse \u00e0 long terme.<br \/>\n<\/p><br \/>\n<br \/>\n<p><b>8. l'aluminium est-il respectueux de l'environnement ? <\/b><\/p>\n<p> Oui, l'aluminium est 100% recyclable, ce qui fait des profils de main courante en aluminium un choix \u00e9cologique et durable pour les projets de construction.<br \/>\n<\/p><br \/><\/p>","protected":false},"featured_media":7391,"template":"","categories":[67],"class_list":["post-7392","product","type-product","status-publish","has-post-thumbnail","hentry","category-architectural-aluminium-profile"],"meta_box":{"hilight_text_group":{"product_hilight_text":"<li>Durable aluminum profiles provide a strong and secure handrail solution for both residential and commercial applications.<\/li>\r\r\n<li>Corrosion-resistant finish ensures longevity, even in high-moisture and outdoor environments.<\/li>\r\r\n<li>Lightweight and easy to handle, reducing installation time and labor costs.<\/li>\r\r\n<li>Customizable profiles and finishes to match various interior and exterior designs.<\/li>\r\r\n<li>Requires minimal maintenance, providing a cost-effective long-term solution.<\/li>\r\r\n<li>Ideal for stairs, balconies, walkways, and other safety-critical areas.<\/li>","product_chanpin_blog":"<ul>\r\r\n<li><a href=\"https:\/\/sinoextrud.com\/t-slot-v-slot-differences\/\" target=\"_blank\">t slot vs v slot<\/a><\/li>\r\r\n<li><a href=\"https:\/\/sinoextrud.com\/what-is-4040-aluminium-extrud\/\" target=\"_blank\">4040 aluminium extrusion<\/a><\/li>\r\r\n<li><a href=\"https:\/\/sinoextrud.com\/what-is-4040-aluminium-extrud\/\" target=\"_blank\">aluminum extrusions for industrial racks<\/a><\/li>\r\r\n<li><a href=\"https:\/\/sinoextrud.com\/powder-coating-aluminium-process\/\" target=\"_blank\">powder coating aluminium<\/a><\/li>\r\r\n<li><a href=\"https:\/\/sinoextrud.com\/what-is-an-aluminium-strip-ceiling\/\" target=\"_blank\">aluminium strip ceiling<\/a><\/li>\r\r\n<li><a href=\"https:\/\/sinoextrud.com\/what-is-a-heat-sink\/\" target=\"_blank\">what is a heat sink<\/a><\/li>\r\r\n<\/ul>","product_chanpin_chanpin":"<li><a href=\"https:\/\/sinoextrud.com\/product\/oem-building-interlocking-aluminum-extrusions\/\" target=\"_blank\">OEM Building Interlocking Aluminum Extrusions<\/a><\/li>\r\n<li><a href=\"https:\/\/sinoextrud.com\/product\/extruded-aluminum-tubing-round-in-stock\/\" target=\"_blank\">Extruded Aluminum Tubing Round In Stock<\/a><\/li>\r\n<li><a href=\"https:\/\/sinoextrud.com\/product\/extruded-h-beam-aluminum-profile\/\" target=\"_blank\">Extruded H Beam Aluminum Profile<\/a><\/li>\r\n<li><a href=\"https:\/\/sinoextrud.com\/product\/anodized-extruded-aluminum-j-channel\/\" target=\"_blank\">Anodized Extruded Aluminum J Channel<\/a><\/li>\r\n<li><a href=\"https:\/\/sinoextrud.com\/product\/aluminum-handrail-profiles\/\" target=\"_blank\">Aluminum Handrail Profiles<\/a><\/li>\r\n<li><a href=\"https:\/\/sinoextrud.com\/product\/square-aluminium-extrusion\/\" target=\"_blank\">Square Aluminium Extrusion<\/a><\/li>\r\n<li><a href=\"https:\/\/sinoextrud.com\/product\/u-shape-extruded-aluminum-wall-panels\/\" target=\"_blank\">U Shape Extruded Aluminum Wall Panels<\/a><\/li>\r\n<li><a href=\"https:\/\/sinoextrud.com\/product\/greenhouse-aluminum-extrusions-blade-window\/\" target=\"_blank\">Greenhouse Aluminum Extrusions Blade Window<\/a><\/li>\r\n<li><a href=\"https:\/\/sinoextrud.com\/product\/wide-aluminum-extrusions\/\" target=\"_blank\">Wide Aluminum Extrusions<\/a><\/li>\r\n<li><a href=\"https:\/\/sinoextrud.com\/product\/round-aluminum-extrusion-tubular-cnc-bending\/\" target=\"_blank\">Round Aluminum Extrusion Tubular Cnc Bending<\/a><\/li>\r\n<li><a href=\"https:\/\/sinoextrud.com\/product\/curved-aluminium-extrusion\/\" target=\"_blank\">Curved Aluminium Extrusion<\/a><\/li>"},"feature_list":[]},"_links":{"self":[{"href":"https:\/\/sinoextrud.com\/fr\/wp-json\/wp\/v2\/product\/7392","targetHints":{"allow":["GET"]}}],"collection":[{"href":"https:\/\/sinoextrud.com\/fr\/wp-json\/wp\/v2\/product"}],"about":[{"href":"https:\/\/sinoextrud.com\/fr\/wp-json\/wp\/v2\/types\/product"}],"wp:featuredmedia":[{"embeddable":true,"href":"https:\/\/sinoextrud.com\/fr\/wp-json\/wp\/v2\/media\/7391"}],"wp:attachment":[{"href":"https:\/\/sinoextrud.com\/fr\/wp-json\/wp\/v2\/media?parent=7392"}],"wp:term":[{"taxonomy":"category","embeddable":true,"href":"https:\/\/sinoextrud.com\/fr\/wp-json\/wp\/v2\/categories?post=7392"}],"curies":[{"name":"wp","href":"https:\/\/api.w.org\/{rel}","templated":true}]}}