{"id":7384,"date":"2025-06-07T06:28:39","date_gmt":"2025-06-07T06:28:39","guid":{"rendered":"https:\/\/sinoextrud.com\/product\/oem-building-interlocking-aluminum-extrusions\/"},"modified":"2025-06-24T06:12:41","modified_gmt":"2025-06-24T06:12:41","slug":"extrusions-daluminium-a-emboitement-pour-la-construction-oem","status":"publish","type":"product","link":"https:\/\/sinoextrud.com\/fr\/product\/oem-building-interlocking-aluminum-extrusions\/","title":{"rendered":"Extrusions d'aluminium \u00e0 embo\u00eetement pour la construction OEM"},"content":{"rendered":"<h2>D\u00e9tails des produits<\/h2>\n<table class=\"custom-table\">\n<tbody>\n<tr>\n<td> Grade :<\/td>\n<td> 6063 -t5<\/td>\n<\/tr>\n<tr>\n<td> Technique :<\/td>\n<td> Extrusions d'aluminium \u00e0 embo\u00eetement pour la construction OEM<\/td>\n<\/tr>\n<tr>\n<td> Temp\u00e9rer :<\/td>\n<td> T3 - T8<\/td>\n<\/tr>\n<tr>\n<td> Services d'usinage :<\/td>\n<td> Per\u00e7age, taraudage, rivetage, assemblage, etc.<\/td>\n<\/tr>\n<tr>\n<td> Marque d\u00e9pos\u00e9e :<\/td>\n<td> Sinoextrud Sinoextrud <\/td>\n<\/tr>\n<tr>\n<td> Type :<\/td>\n<td> Extrusions d'aluminium \u00e0 embo\u00eetement pour la construction OEM<\/td>\n<\/tr>\n<tr>\n<td> Forme :<\/td>\n<td> Con\u00e7us par les clients<\/td>\n<\/tr>\n<tr>\n<td> Traitement de surface :<\/td>\n<td> Finition broyage Anodis\u00e9 Bross\u00e9<\/td>\n<\/tr>\n<tr>\n<td> Longueur :<\/td>\n<td> 1m \u00e0 9m par longueur<\/td>\n<\/tr>\n<tr>\n<td> Couleurs :<\/td>\n<td> Argent Noir<\/td>\n<\/tr>\n<tr>\n<td> Code HS :<\/td>\n<td> 76042990<\/td>\n<\/tr>\n<\/tbody>\n<\/table>\n<h2>Notre base de production<\/h2>\n<h3>Panorama de l'usine<\/h3>\n<p><img decoding=\"async\" src=\"\/wp-content\/uploads\/factory-01.webp\"\/><\/p>\n<h3>Atelier de fabrication de barres d'aluminium<\/h3>\n<p><img decoding=\"async\" src=\"\/wp-content\/uploads\/factory-02.webp\"\/><\/p>\n<p><img decoding=\"async\" src=\"\/wp-content\/uploads\/factory-03.webp\"\/><\/p>\n<h3>Entrep\u00f4t de stockage des moules<\/h3>\n<p><img decoding=\"async\" src=\"\/wp-content\/uploads\/factory-04.webp\"\/><\/p>\n<h3>43 lignes d'extrusion d'aluminium (500 \u00e0 5500 tonnes)<\/h3>\n<p><img decoding=\"async\" src=\"\/wp-content\/uploads\/factory-05.webp\"\/><\/p>\n<p><img decoding=\"async\" src=\"\/wp-content\/uploads\/factory-06.webp\"\/><\/p>\n<p><img decoding=\"async\" src=\"\/wp-content\/uploads\/factory-07.webp\"\/><\/p>\n<h3>Atelier de peinture en poudre<\/h3>\n<p><img decoding=\"async\" src=\"\/wp-content\/uploads\/factory-09.webp\"\/><\/p>\n<h3>Atelier d'anodisation<\/h3>\n<p><img decoding=\"async\" src=\"\/wp-content\/uploads\/factory-10.webp\"\/><\/p>\n<h3>Atelier sur le traitement en profondeur<\/h3>\n<p><img decoding=\"async\" src=\"\/wp-content\/uploads\/factory-11.webp\"\/><\/p>\n<h3>Atelier d'usinage de pr\u00e9cision CNC<\/h3>\n<p><img decoding=\"async\" src=\"\/wp-content\/uploads\/factory-11.5.webp\"\/><\/p>\n<h3>Entrep\u00f4t de produits finis et d'exportation<\/h3>\n<p><img decoding=\"async\" src=\"\/wp-content\/uploads\/factory-12.webp\"\/><\/p>\n<p><img decoding=\"async\" src=\"\/wp-content\/uploads\/factory-13.webp\"\/><\/p>\n<p><img decoding=\"async\" src=\"\/wp-content\/uploads\/factory-14.webp\"\/><\/p>\n<h2>FAQ<\/h2>\n<p><p><b>1) Qu'est-ce qu'une extrusion d'aluminium \u00e0 embo\u00eetement pour la construction ?<\/b><\/p>\n<p>Les extrusions d'aluminium \u00e0 embo\u00eetement OEM Building sont des profil\u00e9s d'aluminium con\u00e7us sur mesure qui s'embo\u00eetent de mani\u00e8re transparente, offrant des joints solides et r\u00e9sistants aux intemp\u00e9ries pour les applications de construction.<br \/>\n<\/p><br \/>\n<br \/>\n<p><b>2. Pourquoi utiliser des profil\u00e9s d'aluminium \u00e0 embo\u00eetement dans la construction ?<\/b><\/p>\n<p>Les profil\u00e9s \u00e0 embo\u00eetement permettent un assemblage rapide, une meilleure int\u00e9grit\u00e9 structurelle et un aspect propre et sans joint, id\u00e9al pour l'architecture moderne.<br \/>\n<\/p><br \/>\n<br \/>\n<p><b>3. ces extrusions d'aluminium peuvent-elles \u00eatre personnalis\u00e9es pour une utilisation OEM ?<\/b><\/p>\n<p>Oui, les dimensions, les finitions, les qualit\u00e9s d'alliage et les mod\u00e8les d'embo\u00eetement peuvent tous \u00eatre adapt\u00e9s pour r\u00e9pondre aux sp\u00e9cifications des projets OEM.<br \/>\n<\/p><br \/>\n<br \/>\n<p><b>4. Quelles sont les applications typiques des profil\u00e9s \u00e0 embo\u00eetement ?<\/b><\/p>\n<p>Ils sont couramment utilis\u00e9s dans les syst\u00e8mes de bardage, les cloisons, les panneaux de fa\u00e7ade, les b\u00e2timents modulaires et les structures de salles blanches.<br \/>\n<\/p><br \/>\n<br \/>\n<p><b>5. En quoi la fonction d'embo\u00eetement est-elle b\u00e9n\u00e9fique pour les syst\u00e8mes de construction ?<\/b><\/p>\n<p>La conception \u00e0 embo\u00eetement simplifie l'installation, garantit l'\u00e9tanch\u00e9it\u00e9 et r\u00e9duit le besoin de fixations ou de produits d'\u00e9tanch\u00e9it\u00e9 suppl\u00e9mentaires.<br \/>\n<\/p><br \/>\n<br \/>\n<p><b>6. les extrusions peuvent-elles \u00eatre utilis\u00e9es \u00e0 l'ext\u00e9rieur ?<\/b><\/p>\n<p>Oui, ils sont fabriqu\u00e9s en aluminium r\u00e9sistant \u00e0 la corrosion et peuvent \u00eatre anodis\u00e9s ou recouverts d'un rev\u00eatement en poudre pour une meilleure r\u00e9sistance aux intemp\u00e9ries.<br \/>\n<\/p><br \/>\n<br \/>\n<p><b>7. les fabricants proposent-ils des produits en vrac et des produits OEM ?<\/b><\/p>\n<p>Absolument, la plupart des fabricants prennent en charge les commandes OEM avec un outillage personnalis\u00e9 et assurent une production en grande quantit\u00e9 pour les clients du secteur de la construction \u00e0 l'\u00e9chelle mondiale.<br \/>\n<\/p><br \/><\/p>","protected":false},"featured_media":7383,"template":"","categories":[67],"class_list":["post-7384","product","type-product","status-publish","has-post-thumbnail","hentry","category-architectural-aluminium-profile"],"meta_box":{"hilight_text_group":{"product_hilight_text":"<li>Precision interlocking design ensures easy and secure assembly<\/li>\r\r\n<li>Made from high-strength aluminum for structural reliability<\/li>\r\r\n<li>Customizable profiles, finishes, and lengths for OEM building projects<\/li>\r\r\n<li>Corrosion-resistant surface ideal for indoor and outdoor applications<\/li>\r\r\n<li>Reduces construction time and improves installation efficiency<\/li>\r\r\n<li>Seamless fit enhances aesthetics and weatherproofing in architectural systems<\/li>","product_chanpin_blog":"<ul>\r\r\n<li><a href=\"https:\/\/sinoextrud.com\/t-slot-v-slot-differences\/\" target=\"_blank\">t slot vs v slot<\/a><\/li>\r\r\n<li><a href=\"https:\/\/sinoextrud.com\/what-is-4040-aluminium-extrud\/\" target=\"_blank\">4040 aluminium extrusion<\/a><\/li>\r\r\n<li><a href=\"https:\/\/sinoextrud.com\/what-is-4040-aluminium-extrud\/\" target=\"_blank\">aluminum extrusions for industrial racks<\/a><\/li>\r\r\n<li><a href=\"https:\/\/sinoextrud.com\/powder-coating-aluminium-process\/\" target=\"_blank\">powder coating aluminium<\/a><\/li>\r\r\n<li><a href=\"https:\/\/sinoextrud.com\/what-is-an-aluminium-strip-ceiling\/\" target=\"_blank\">aluminium strip ceiling<\/a><\/li>\r\r\n<li><a href=\"https:\/\/sinoextrud.com\/what-is-a-heat-sink\/\" target=\"_blank\">what is a heat sink<\/a><\/li>\r\r\n<\/ul>","product_chanpin_chanpin":"<li><a href=\"https:\/\/sinoextrud.com\/product\/aluminum-extrusion-connectors-for-window-door-aluminum\/\" target=\"_blank\">Aluminum Extrusion Connectors For Window Door Aluminum<\/a><\/li>\r\n<li><a href=\"https:\/\/sinoextrud.com\/product\/wooden-grain-40mm-aluminum-extrusion-profiles\/\" target=\"_blank\">Wooden Grain 40mm Aluminum Extrusion Profiles<\/a><\/li>\r\n<li><a href=\"https:\/\/sinoextrud.com\/product\/powder-coating-golden-10mm-aluminum-extrusion\/\" target=\"_blank\">Powder Coating Golden 10mm Aluminum Extrusion<\/a><\/li>\r\n<li><a href=\"https:\/\/sinoextrud.com\/product\/curved-extruded-aluminum-6063-alloy-anodizing\/\" target=\"_blank\">Curved Extruded Aluminum 6063 Alloy Anodizing<\/a><\/li>\r\n<li><a href=\"https:\/\/sinoextrud.com\/product\/oem-building-interlocking-aluminum-extrusions\/\" target=\"_blank\">OEM Building Interlocking Aluminum Extrusions<\/a><\/li>\r\n<li><a href=\"https:\/\/sinoextrud.com\/product\/extruded-aluminum-tubing-round-in-stock\/\" target=\"_blank\">Extruded Aluminum Tubing Round In Stock<\/a><\/li>\r\n<li><a href=\"https:\/\/sinoextrud.com\/product\/extruded-h-beam-aluminum-profile\/\" target=\"_blank\">Extruded H Beam Aluminum Profile<\/a><\/li>\r\n<li><a href=\"https:\/\/sinoextrud.com\/product\/anodized-extruded-aluminum-j-channel\/\" target=\"_blank\">Anodized Extruded Aluminum J Channel<\/a><\/li>\r\n<li><a href=\"https:\/\/sinoextrud.com\/product\/aluminum-handrail-profiles\/\" target=\"_blank\">Aluminum Handrail Profiles<\/a><\/li>\r\n<li><a href=\"https:\/\/sinoextrud.com\/product\/cnc-machining-aluminium-profile-connectors\/\" target=\"_blank\">CNC Machining Aluminium Profile Connectors<\/a><\/li>\r\n<li><a href=\"https:\/\/sinoextrud.com\/product\/retractable-awning-aluminum-tube\/\" target=\"_blank\">Retractable Awning Aluminum Tube<\/a><\/li>"},"feature_list":[]},"_links":{"self":[{"href":"https:\/\/sinoextrud.com\/fr\/wp-json\/wp\/v2\/product\/7384","targetHints":{"allow":["GET"]}}],"collection":[{"href":"https:\/\/sinoextrud.com\/fr\/wp-json\/wp\/v2\/product"}],"about":[{"href":"https:\/\/sinoextrud.com\/fr\/wp-json\/wp\/v2\/types\/product"}],"wp:featuredmedia":[{"embeddable":true,"href":"https:\/\/sinoextrud.com\/fr\/wp-json\/wp\/v2\/media\/7383"}],"wp:attachment":[{"href":"https:\/\/sinoextrud.com\/fr\/wp-json\/wp\/v2\/media?parent=7384"}],"wp:term":[{"taxonomy":"category","embeddable":true,"href":"https:\/\/sinoextrud.com\/fr\/wp-json\/wp\/v2\/categories?post=7384"}],"curies":[{"name":"wp","href":"https:\/\/api.w.org\/{rel}","templated":true}]}}