{"id":7366,"date":"2025-06-07T06:09:08","date_gmt":"2025-06-07T06:09:08","guid":{"rendered":"https:\/\/sinoextrud.com\/product\/bulk-extruded-aluminum\/"},"modified":"2025-06-24T06:12:38","modified_gmt":"2025-06-24T06:12:38","slug":"aluminium-extrude-en-vrac","status":"publish","type":"product","link":"https:\/\/sinoextrud.com\/fr\/product\/bulk-extruded-aluminum\/","title":{"rendered":"Aluminium extrud\u00e9 en vrac"},"content":{"rendered":"<h2>D\u00e9tails des produits<\/h2>\n<table class=\"custom-table\">\n<tbody>\n<tr>\n<td> Nom<\/td>\n<td> Aluminium extrud\u00e9 en vrac<\/td>\n<\/tr>\n<tr>\n<td> Marque<\/td>\n<td> Sinoextrud\/Sinoextrud<\/td>\n<\/tr>\n<tr>\n<td> Cat\u00e9gorie<\/td>\n<td> Sections en aluminium<\/td>\n<\/tr>\n<tr>\n<td> Type<\/td>\n<td> Type lourd ou l\u00e9ger disponible<\/td>\n<\/tr>\n<tr>\n<td> Mat\u00e9riau<\/td>\n<td> La norme 6061 est largement utilis\u00e9e. 6063, 6463, 6005, 6082 sont \u00e9galement disponibles.<\/td>\n<\/tr>\n<tr>\n<td> Temp\u00e9rer<\/td>\n<td> T5-T8<\/td>\n<\/tr>\n<tr>\n<td> Longueur<\/td>\n<td> 1-9m ou personnalisation<\/td>\n<\/tr>\n<tr>\n<td> Taille (mm)<\/td>\n<td> Selon le dessin<\/td>\n<\/tr>\n<tr>\n<td> Forme<\/td>\n<td> Personnalisation<\/td>\n<\/tr>\n<tr>\n<td> Traitement de surface<\/td>\n<td> Finition en usine, anodisation, sablage, \u00e9lectrophor\u00e8se, rev\u00eatement, etc.<\/td>\n<\/tr>\n<tr>\n<td> Couleur<\/td>\n<td> Argent, noir, blanc, rouge, jaune, champagne ou couleur personnalis\u00e9e<\/td>\n<\/tr>\n<tr>\n<td> Standard<\/td>\n<td> ASTM, GB, DIN<\/td>\n<\/tr>\n<tr>\n<td> De<\/td>\n<td> Guangdong, Chine<\/td>\n<\/tr>\n<tr>\n<td> Application<\/td>\n<td> Industrie, b\u00e2timent, architecture, d\u00e9coration<\/td>\n<\/tr>\n<\/tbody>\n<\/table>\n<h2>Notre base de production<\/h2>\n<h3>Panorama de l'usine<\/h3>\n<p><img decoding=\"async\" src=\"\/wp-content\/uploads\/factory-01.webp\"\/><\/p>\n<h3>Atelier de fabrication de barres d'aluminium<\/h3>\n<p><img decoding=\"async\" src=\"\/wp-content\/uploads\/factory-02.webp\"\/><\/p>\n<p><img decoding=\"async\" src=\"\/wp-content\/uploads\/factory-03.webp\"\/><\/p>\n<h3>Entrep\u00f4t de stockage des moules<\/h3>\n<p><img decoding=\"async\" src=\"\/wp-content\/uploads\/factory-04.webp\"\/><\/p>\n<h3>43 lignes d'extrusion d'aluminium (500-5500 tonnes)<\/h3>\n<p><img decoding=\"async\" src=\"\/wp-content\/uploads\/factory-05.webp\"\/><\/p>\n<p><img decoding=\"async\" src=\"\/wp-content\/uploads\/factory-06.webp\"\/><\/p>\n<p><img decoding=\"async\" src=\"\/wp-content\/uploads\/factory-07.webp\"\/><\/p>\n<h3>Atelier de peinture en poudre<\/h3>\n<p><img decoding=\"async\" src=\"\/wp-content\/uploads\/factory-09.webp\"\/><\/p>\n<h3>Atelier d'anodisation<\/h3>\n<p><img decoding=\"async\" src=\"\/wp-content\/uploads\/factory-10.webp\"\/><\/p>\n<h3>Atelier sur le traitement en profondeur<\/h3>\n<p><img decoding=\"async\" src=\"\/wp-content\/uploads\/factory-11.webp\"\/><\/p>\n<h3>Atelier d'usinage de pr\u00e9cision CNC<\/h3>\n<p><img decoding=\"async\" src=\"\/wp-content\/uploads\/factory-11.5.webp\"\/><\/p>\n<h3>Entrep\u00f4t de produits finis et d'exportation<\/h3>\n<p><img decoding=\"async\" src=\"\/wp-content\/uploads\/factory-12.webp\"\/><\/p>\n<p><img decoding=\"async\" src=\"\/wp-content\/uploads\/factory-13.webp\"\/><\/p>\n<p><img decoding=\"async\" src=\"\/wp-content\/uploads\/factory-14.webp\"\/><\/p>\n<h2>FAQ<\/h2>\n<p><p><b>1) Qu'est-ce que l'aluminium extrud\u00e9 en vrac ?<\/b><\/p>\n<p>L'aluminium extrud\u00e9 en vrac d\u00e9signe les commandes en grandes quantit\u00e9s de profil\u00e9s d'aluminium produits par extrusion pour un usage industriel, commercial ou dans le secteur de la construction.<br \/>\n<\/p><br \/>\n<br \/>\n<p><b>2) Pourquoi choisir l'aluminium extrud\u00e9 en vrac pour la fabrication ?<\/b><\/p>\n<p>Il offre une rentabilit\u00e9, une qualit\u00e9 constante et des options de personnalisation, ce qui le rend id\u00e9al pour les projets de production et d'infrastructure \u00e9volutifs.<br \/>\n<\/p><br \/>\n<br \/>\n<p><b>3) Quels sont les alliages d'aluminium disponibles pour l'extrusion en vrac ?<\/b><\/p>\n<p>Les alliages les plus courants sont les alliages 6061, 6063 et 6082, s\u00e9lectionn\u00e9s en fonction de leur solidit\u00e9, de leur r\u00e9sistance \u00e0 la corrosion et de leur usinabilit\u00e9.<br \/>\n<\/p><br \/>\n<br \/>\n<p><b>4. l'aluminium extrud\u00e9 en vrac peut-il \u00eatre personnalis\u00e9 ?<\/b><\/p>\n<p>Oui, les profil\u00e9s peuvent \u00eatre adapt\u00e9s en termes de forme, de taille, d'\u00e9paisseur de paroi et de finition de surface pour r\u00e9pondre aux sp\u00e9cifications des OEM.<br \/>\n<\/p><br \/>\n<br \/>\n<p><b>5. Quelles sont les applications typiques des extrusions d'aluminium en vrac ?<\/b><\/p>\n<p>Ils sont largement utilis\u00e9s dans les secteurs de l'automobile, de l'a\u00e9rospatiale, de la construction, de l'\u00e9nergie solaire, de l'\u00e9lectronique et de la fabrication de meubles.<br \/>\n<\/p><br \/>\n<br \/>\n<p><b>6. l'aluminium extrud\u00e9 en vrac convient-il pour une utilisation en ext\u00e9rieur ?<\/b><\/p>\n<p>La couche d'oxyde naturelle de l'aluminium et les traitements de surface suppl\u00e9mentaires tels que l'anodisation ou le rev\u00eatement par poudre renforcent sa r\u00e9sistance aux intemp\u00e9ries.<br \/>\n<\/p><br \/>\n<br \/>\n<p><b>7. les fournisseurs proposent-ils des services OEM pour l'aluminium extrud\u00e9 en vrac ?<\/b><\/p>\n<p>Oui, la plupart des fournisseurs proposent des services OEM\/ODM, y compris l'outillage, la fabrication, la finition et l'emballage pour des solutions personnalis\u00e9es et de marque.<br \/>\n<\/p><br \/><\/p>","protected":false},"featured_media":7365,"template":"","categories":[67],"class_list":["post-7366","product","type-product","status-publish","has-post-thumbnail","hentry","category-architectural-aluminium-profile"],"meta_box":{"hilight_text_group":{"product_hilight_text":"<li>Cost-effective solution for large-scale industrial and construction needs<\/li>\r\r\n<li>Available in various shapes, sizes, and aluminum alloys<\/li>\r\r\n<li>High strength-to-weight ratio ideal for structural applications<\/li>\r\r\n<li>Corrosion-resistant material suitable for indoor and outdoor environments<\/li>\r\r\n<li>Customizable extrusions to meet specific OEM project requirements<\/li>\r\r\n<li>Reliable bulk supply with consistent quality and fast lead times<\/li>","product_chanpin_blog":"<ul>\r\r\n<li><a href=\"https:\/\/sinoextrud.com\/t-slot-v-slot-differences\/\" target=\"_blank\">t slot vs v slot<\/a><\/li>\r\r\n<li><a href=\"https:\/\/sinoextrud.com\/what-is-4040-aluminium-extrud\/\" target=\"_blank\">4040 aluminium extrusion<\/a><\/li>\r\r\n<li><a href=\"https:\/\/sinoextrud.com\/what-is-4040-aluminium-extrud\/\" target=\"_blank\">aluminum extrusions for industrial racks<\/a><\/li>\r\r\n<li><a href=\"https:\/\/sinoextrud.com\/powder-coating-aluminium-process\/\" target=\"_blank\">powder coating aluminium<\/a><\/li>\r\r\n<li><a href=\"https:\/\/sinoextrud.com\/what-is-an-aluminium-strip-ceiling\/\" target=\"_blank\">aluminium strip ceiling<\/a><\/li>\r\r\n<li><a href=\"https:\/\/sinoextrud.com\/what-is-a-heat-sink\/\" target=\"_blank\">what is a heat sink<\/a><\/li>\r\r\n<\/ul>","product_chanpin_chanpin":"<li><a href=\"https:\/\/sinoextrud.com\/product\/aluminum-louver-blades\/\" target=\"_blank\">Aluminum Louver Blades<\/a><\/li>\r\n<li><a href=\"https:\/\/sinoextrud.com\/product\/fabricated-aluminium-extrusions-electrophoresis-champagne\/\" target=\"_blank\">Fabricated Aluminium Extrusions Electrophoresis Champagne<\/a><\/li>\r\n<li><a href=\"https:\/\/sinoextrud.com\/product\/aluminum-extruded-profile-f-channel\/\" target=\"_blank\">Aluminum Extruded Profile F Channel<\/a><\/li>\r\n<li><a href=\"https:\/\/sinoextrud.com\/product\/cnc-machining-aluminum-hat-channel-extrusions\/\" target=\"_blank\">CNC Machining Aluminum Hat Channel Extrusions<\/a><\/li>\r\n<li><a href=\"https:\/\/sinoextrud.com\/product\/bulk-extruded-aluminum\/\" target=\"_blank\">Bulk Extruded Aluminum<\/a><\/li>\r\n<li><a href=\"https:\/\/sinoextrud.com\/product\/sliding-door-extrusions\/\" target=\"_blank\">Sliding Door Extrusions<\/a><\/li>\r\n<li><a href=\"https:\/\/sinoextrud.com\/product\/extruded-aluminum-hex-tube\/\" target=\"_blank\">Extruded Aluminum Hex Tube<\/a><\/li>\r\n<li><a href=\"https:\/\/sinoextrud.com\/product\/aluminum-extrusion-brackets\/\" target=\"_blank\">Aluminum Extrusion Brackets<\/a><\/li>\r\n<li><a href=\"https:\/\/sinoextrud.com\/product\/custom-aluminum-tongue-and-groove-extrusion\/\" target=\"_blank\">Custom Aluminum Tongue And Groove Extrusion<\/a><\/li>\r\n<li><a href=\"https:\/\/sinoextrud.com\/product\/aluminium-frame-extrusion-profile-picture-frame-profile-for-interior-decoration-supplied-by-china-manufacturer\/\" target=\"_blank\">Aluminium Frame Extrusion Profile Picture Frame Profile for Interior Decoration Supplied By China Manufacturer<\/a><\/li>\r\n<li><a href=\"https:\/\/sinoextrud.com\/product\/the-world-most-popular-6000-series-aluminum-extrusion-profile-louver-shutter-for-adjustable-waterproof-louver-windows\/\" target=\"_blank\">The World Most Popular 6000 Series aluminum extrusion Profile louver shutter For Adjustable Waterproof Louver Windows<\/a><\/li>"},"feature_list":[]},"_links":{"self":[{"href":"https:\/\/sinoextrud.com\/fr\/wp-json\/wp\/v2\/product\/7366","targetHints":{"allow":["GET"]}}],"collection":[{"href":"https:\/\/sinoextrud.com\/fr\/wp-json\/wp\/v2\/product"}],"about":[{"href":"https:\/\/sinoextrud.com\/fr\/wp-json\/wp\/v2\/types\/product"}],"wp:featuredmedia":[{"embeddable":true,"href":"https:\/\/sinoextrud.com\/fr\/wp-json\/wp\/v2\/media\/7365"}],"wp:attachment":[{"href":"https:\/\/sinoextrud.com\/fr\/wp-json\/wp\/v2\/media?parent=7366"}],"wp:term":[{"taxonomy":"category","embeddable":true,"href":"https:\/\/sinoextrud.com\/fr\/wp-json\/wp\/v2\/categories?post=7366"}],"curies":[{"name":"wp","href":"https:\/\/api.w.org\/{rel}","templated":true}]}}