{"id":7360,"date":"2025-06-07T06:04:17","date_gmt":"2025-06-07T06:04:17","guid":{"rendered":"https:\/\/sinoextrud.com\/product\/fabricated-aluminium-extrusions-electrophoresis-champagne\/"},"modified":"2025-06-24T06:12:37","modified_gmt":"2025-06-24T06:12:37","slug":"extrusions-daluminium-fabriquees-electrophorese-champagne","status":"publish","type":"product","link":"https:\/\/sinoextrud.com\/fr\/product\/fabricated-aluminium-extrusions-electrophoresis-champagne\/","title":{"rendered":"Extrusions d'aluminium fabriqu\u00e9es Electrophor\u00e8se Champagne"},"content":{"rendered":"<h2>D\u00e9tails des produits<\/h2>\n<table class=\"custom-table\">\n<tbody>\n<tr>\n<td> Article :<\/td>\n<td> extrusions d'aluminium fabriqu\u00e9es \u00e9lectrophor\u00e8se champagne<\/td>\n<td> Grade :<\/td>\n<td> S\u00e9rie 6000 6063<\/td>\n<\/tr>\n<tr>\n<td> Temp\u00e9rer :<\/td>\n<td> 6063-T5<\/td>\n<td> Lieu d'origine :<\/td>\n<td> Foshan, Guangdong<\/td>\n<\/tr>\n<tr>\n<td> Forme :<\/td>\n<td> Personnalisation<\/td>\n<td> Alliage ou non :<\/td>\n<td> Alliage d'Alunimun<\/td>\n<\/tr>\n<tr>\n<td> Tol\u00e9rance :<\/td>\n<td> \u00b10,5%<\/td>\n<td> Marque :<\/td>\n<td> Sinoextrud, Sinoextrud<\/td>\n<\/tr>\n<tr>\n<td> Standard :<\/td>\n<td> qualit\u00e9 moyenne et \u00e9lev\u00e9e<\/td>\n<td> Traitement de surface :<\/td>\n<td> rev\u00eatement en poudre, \u00e9lectrophor\u00e8se, grain de bois, anodis\u00e9, bross\u00e9, polissage<\/td>\n<\/tr>\n<tr>\n<td> D\u00e9lai de livraison :<\/td>\n<td> 25-30 jours<\/td>\n<td> MOQ :<\/td>\n<td> 200KG<\/td>\n<\/tr>\n<tr>\n<td> D\u00e9lai de paiement :<\/td>\n<td> T\/T(30% Deposit), L\/C<\/td>\n<td> Service de traitement :<\/td>\n<td> Pliage, d\u00e9roulage, soudage, poin\u00e7onnage, d\u00e9coupage<\/td>\n<\/tr>\n<tr>\n<td> Port :<\/td>\n<td> Guangzhou, Shenzhen<\/td>\n<td> Longueur: :<\/td>\n<td> 1-9m ou sur mesure<\/td>\n<\/tr>\n<\/tbody>\n<\/table>\n<h2>Notre base de production<\/h2>\n<h3>Panorama de l'usine<\/h3>\n<p><img decoding=\"async\" src=\"\/wp-content\/uploads\/factory-01.webp\"\/><\/p>\n<h3>Atelier de fabrication de barres d'aluminium<\/h3>\n<p><img decoding=\"async\" src=\"\/wp-content\/uploads\/factory-02.webp\"\/><\/p>\n<p><img decoding=\"async\" src=\"\/wp-content\/uploads\/factory-03.webp\"\/><\/p>\n<h3>Entrep\u00f4t de stockage des moules<\/h3>\n<p><img decoding=\"async\" src=\"\/wp-content\/uploads\/factory-04.webp\"\/><\/p>\n<h3>43 lignes d'extrusion d'aluminium (500-5500 tonnes)<\/h3>\n<p><img decoding=\"async\" src=\"\/wp-content\/uploads\/factory-05.webp\"\/><\/p>\n<p><img decoding=\"async\" src=\"\/wp-content\/uploads\/factory-06.webp\"\/><\/p>\n<p><img decoding=\"async\" src=\"\/wp-content\/uploads\/factory-07.webp\"\/><\/p>\n<h3>Atelier de peinture en poudre<\/h3>\n<p><img decoding=\"async\" src=\"\/wp-content\/uploads\/factory-09.webp\"\/><\/p>\n<h3>Atelier d'anodisation<\/h3>\n<p><img decoding=\"async\" src=\"\/wp-content\/uploads\/factory-10.webp\"\/><\/p>\n<h3>Atelier sur le traitement en profondeur<\/h3>\n<p><img decoding=\"async\" src=\"\/wp-content\/uploads\/factory-11.webp\"\/><\/p>\n<h3>Atelier d'usinage de pr\u00e9cision CNC<\/h3>\n<p><img decoding=\"async\" src=\"\/wp-content\/uploads\/factory-11.5.webp\"\/><\/p>\n<h3>Entrep\u00f4t de produits finis et d'exportation<\/h3>\n<p><img decoding=\"async\" src=\"\/wp-content\/uploads\/factory-12.webp\"\/><\/p>\n<p><img decoding=\"async\" src=\"\/wp-content\/uploads\/factory-13.webp\"\/><\/p>\n<p><img decoding=\"async\" src=\"\/wp-content\/uploads\/factory-14.webp\"\/><\/p>\n<h2>FAQ<\/h2>\n<p><p><b>1) Qu'est-ce qu'une extrusion d'aluminium fabriqu\u00e9e avec une finition au champagne par \u00e9lectrophor\u00e8se ?<\/b><\/p>\n<p>Il s'agit de profil\u00e9s en aluminium qui ont subi une fabrication et un traitement de surface par \u00e9lectrophor\u00e8se, ce qui leur conf\u00e8re une couleur champagne et une finition r\u00e9sistante \u00e0 la corrosion.<br \/>\n<\/p><br \/>\n<br \/>\n<p><b>2) Pourquoi choisir la finition champagne \u00e9lectrophor\u00e8se pour les extrusions d'aluminium ?<\/b><\/p>\n<p>Cette finition donne un aspect lisse et m\u00e9tallique tout en offrant une excellente r\u00e9sistance \u00e0 l'usure, \u00e0 la corrosion et \u00e0 la d\u00e9coloration.<br \/>\n<\/p><br \/>\n<br \/>\n<p><b>3. quels sont les avantages des profil\u00e9s en aluminium ?<\/b><\/p>\n<p>La fabrication permet une personnalisation pr\u00e9cise telle que le per\u00e7age, le d\u00e9coupage ou l'usinage, garantissant que les profils r\u00e9pondent exactement aux exigences du projet.<br \/>\n<\/p><br \/>\n<br \/>\n<p><b>4. ces profil\u00e9s peuvent-ils \u00eatre utilis\u00e9s pour des applications int\u00e9rieures et ext\u00e9rieures ?<\/b><\/p>\n<p>Oui, le rev\u00eatement \u00e9lectrophor\u00e8se renforce la r\u00e9sistance aux intemp\u00e9ries, ce qui permet de les utiliser \u00e0 l'int\u00e9rieur comme \u00e0 l'ext\u00e9rieur.<br \/>\n<\/p><br \/>\n<br \/>\n<p><b>5. le service OEM est-il disponible pour les extrusions d'aluminium pour \u00e9lectrophor\u00e8se ?<\/b><\/p>\n<p>Dans l'absolu, les fabricants proposent une personnalisation OEM de la taille, de la forme et de la finition pour r\u00e9pondre \u00e0 des besoins sp\u00e9cifiques en mati\u00e8re de design et de fonctionnalit\u00e9.<br \/>\n<\/p><br \/>\n<br \/>\n<p><b>6. Quelles sont les applications qui utilisent le plus souvent des profil\u00e9s en aluminium de couleur champagne ?<\/b><\/p>\n<p>Ils sont populaires dans l'ameublement, les murs-rideaux, les cadres de fen\u00eatres, les garnitures int\u00e9rieures et les projets architecturaux haut de gamme.<br \/>\n<\/p><br \/>\n<br \/>\n<p><b>7. quelle est la durabilit\u00e9 du rev\u00eatement d'\u00e9lectrophor\u00e8se par rapport \u00e0 d'autres finitions ?<\/b><\/p>\n<p>Le rev\u00eatement par \u00e9lectrophor\u00e8se est plus uniforme et adh\u00e8re mieux que la peinture traditionnelle, offrant une durabilit\u00e9 sup\u00e9rieure et une stabilit\u00e9 des couleurs dans le temps.<br \/>\n<\/p><br \/><\/p>","protected":false},"featured_media":7359,"template":"","categories":[67],"class_list":["post-7360","product","type-product","status-publish","has-post-thumbnail","hentry","category-architectural-aluminium-profile"],"meta_box":{"hilight_text_group":{"product_hilight_text":"<li>High-quality fabricated aluminum extrusions with precise dimensions<\/li>\r\r\n<li>Electrophoresis champagne finish offers elegant, durable surface treatment<\/li>\r\r\n<li>Excellent corrosion resistance for long-term indoor and outdoor use<\/li>\r\r\n<li>Ideal for decorative, architectural, and structural applications<\/li>\r\r\n<li>Customizable profiles to meet OEM and project-specific requirements<\/li>\r\r\n<li>Produced by experienced manufacturers with strict quality control<\/li>","product_chanpin_blog":"<ul>\r\r\n<li><a href=\"https:\/\/sinoextrud.com\/t-slot-v-slot-differences\/\" target=\"_blank\">t slot vs v slot<\/a><\/li>\r\r\n<li><a href=\"https:\/\/sinoextrud.com\/what-is-4040-aluminium-extrud\/\" target=\"_blank\">4040 aluminium extrusion<\/a><\/li>\r\r\n<li><a href=\"https:\/\/sinoextrud.com\/what-is-4040-aluminium-extrud\/\" target=\"_blank\">aluminum extrusions for industrial racks<\/a><\/li>\r\r\n<li><a href=\"https:\/\/sinoextrud.com\/powder-coating-aluminium-process\/\" target=\"_blank\">powder coating aluminium<\/a><\/li>\r\r\n<li><a href=\"https:\/\/sinoextrud.com\/what-is-an-aluminium-strip-ceiling\/\" target=\"_blank\">aluminium strip ceiling<\/a><\/li>\r\r\n<li><a href=\"https:\/\/sinoextrud.com\/what-is-a-heat-sink\/\" target=\"_blank\">what is a heat sink<\/a><\/li>\r\r\n<\/ul>","product_chanpin_chanpin":"<li><a href=\"https:\/\/sinoextrud.com\/product\/aluminum-handle-profile\/\" target=\"_blank\">Aluminum Handle Profile<\/a><\/li>\r\n<li><a href=\"https:\/\/sinoextrud.com\/product\/aluminum-decorative-timber-batten-3d-aluminum-profiles-timber-ceilings-u-shaped-baffle-ceiling\/\" target=\"_blank\">Aluminum Decorative Timber Batten 3D Aluminum Profiles Timber Ceilings U-shaped Baffle Ceiling<\/a><\/li>\r\n<li><a href=\"https:\/\/sinoextrud.com\/product\/aluminum-alloy-profile\/\" target=\"_blank\">Aluminum Alloy Profile<\/a><\/li>\r\n<li><a href=\"https:\/\/sinoextrud.com\/product\/aluminum-louver-blades\/\" target=\"_blank\">Aluminum Louver Blades<\/a><\/li>\r\n<li><a href=\"https:\/\/sinoextrud.com\/product\/fabricated-aluminium-extrusions-electrophoresis-champagne\/\" target=\"_blank\">Fabricated Aluminium Extrusions Electrophoresis Champagne<\/a><\/li>\r\n<li><a href=\"https:\/\/sinoextrud.com\/product\/aluminum-extruded-profile-f-channel\/\" target=\"_blank\">Aluminum Extruded Profile F Channel<\/a><\/li>\r\n<li><a href=\"https:\/\/sinoextrud.com\/product\/cnc-machining-aluminum-hat-channel-extrusions\/\" target=\"_blank\">CNC Machining Aluminum Hat Channel Extrusions<\/a><\/li>\r\n<li><a href=\"https:\/\/sinoextrud.com\/product\/bulk-extruded-aluminum\/\" target=\"_blank\">Bulk Extruded Aluminum<\/a><\/li>\r\n<li><a href=\"https:\/\/sinoextrud.com\/product\/sliding-door-extrusions\/\" target=\"_blank\">Sliding Door Extrusions<\/a><\/li>\r\n<li><a href=\"https:\/\/sinoextrud.com\/product\/dripping-screen-ceiling-system\/\" target=\"_blank\">Dripping Screen Ceiling System<\/a><\/li>\r\n<li><a href=\"https:\/\/sinoextrud.com\/product\/lay-in-tile-ceiling-system\/\" target=\"_blank\">Lay-in Tile Ceiling System<\/a><\/li>"},"feature_list":[]},"_links":{"self":[{"href":"https:\/\/sinoextrud.com\/fr\/wp-json\/wp\/v2\/product\/7360","targetHints":{"allow":["GET"]}}],"collection":[{"href":"https:\/\/sinoextrud.com\/fr\/wp-json\/wp\/v2\/product"}],"about":[{"href":"https:\/\/sinoextrud.com\/fr\/wp-json\/wp\/v2\/types\/product"}],"wp:featuredmedia":[{"embeddable":true,"href":"https:\/\/sinoextrud.com\/fr\/wp-json\/wp\/v2\/media\/7359"}],"wp:attachment":[{"href":"https:\/\/sinoextrud.com\/fr\/wp-json\/wp\/v2\/media?parent=7360"}],"wp:term":[{"taxonomy":"category","embeddable":true,"href":"https:\/\/sinoextrud.com\/fr\/wp-json\/wp\/v2\/categories?post=7360"}],"curies":[{"name":"wp","href":"https:\/\/api.w.org\/{rel}","templated":true}]}}