{"id":7358,"date":"2025-06-07T06:01:05","date_gmt":"2025-06-07T06:01:05","guid":{"rendered":"https:\/\/sinoextrud.com\/product\/aluminum-louver-blades\/"},"modified":"2025-06-24T06:12:37","modified_gmt":"2025-06-24T06:12:37","slug":"lames-de-persiennes-en-aluminium","status":"publish","type":"product","link":"https:\/\/sinoextrud.com\/fr\/product\/aluminum-louver-blades\/","title":{"rendered":"Lames de persiennes en aluminium"},"content":{"rendered":"<h2>D\u00e9tails des produits<\/h2>\n<table class=\"custom-table\">\n<tr>\n<td class=\"label\">Nom du produit :<\/td>\n<td>Lames de persiennes en aluminium<\/td>\n<\/tr>\n<tr>\n<td class=\"label\">Type d'entreprise :<\/td>\n<td>Fabricant<\/td>\n<\/tr>\n<tr>\n<td class=\"label\">Alliage :<\/td>\n<td>6063\/6061 (des alliages sp\u00e9ciaux peuvent \u00eatre r\u00e9alis\u00e9s selon vos besoins).<\/td>\n<\/tr>\n<tr>\n<td class=\"label\">Temp\u00e9rer :<\/td>\n<td>T5\/T6\/T4<\/td>\n<\/tr>\n<tr>\n<td class=\"label\">Standard :<\/td>\n<td>Norme chinoise GB de haute pr\u00e9cision.<\/td>\n<\/tr>\n<tr>\n<td class=\"label\">\u00c9paisseur :<\/td>\n<td>En fonction de vos besoins.<\/td>\n<\/tr>\n<tr>\n<td class=\"label\">Longueur :<\/td>\n<td>1m-9m, ou sur mesure<\/td>\n<\/tr>\n<tr>\n<td class=\"label\">MOQ :<\/td>\n<td>Normalement 1 tonne. Habituellement 10~12 tonnes pour 1*20GP et 20~23 tonnes pour 1*40HQ.<\/td>\n<\/tr>\n<tr>\n<td class=\"label\">Finition de la surface :<\/td>\n<td>Finition en usine, anodisation, rev\u00eatement par poudre, grain de bois, polissage, brossage, \u00e9lectrophor\u00e8se, sablage, etc.<\/td>\n<\/tr>\n<tr>\n<td class=\"label\">Color We Can Do :<\/td>\n<td>Argent, noir, blanc, bronze, champagne, vert, gris, jaune d'or, nickel ou personnalis\u00e9.<\/td>\n<\/tr>\n<tr>\n<td class=\"label\">\u00c9paisseur du film :<\/td>\n<td>Anodis\u00e9 : sur mesure. \u00c9paisseur normale : \u22658 um.<\/td>\n<\/tr>\n<tr>\n<td class=\"label\">Rev\u00eatement par poudre :<\/td>\n<td>Sur mesure. \u00c9paisseur normale : 40-120 um.<\/td>\n<\/tr>\n<tr>\n<td class=\"label\">Film complexe d'\u00e9lectrophor\u00e8se :<\/td>\n<td>\u00c9paisseur normale : 16 um.<\/td>\n<\/tr>\n<tr>\n<td class=\"label\">Grain de bois :<\/td>\n<td>Sur mesure. \u00c9paisseur normale : 60-120 um.<\/td>\n<\/tr>\n<tr>\n<td class=\"label\">Grain de bois Mat\u00e9riau :<\/td>\n<td>a). Papier d'impression de transfert italien MENPHIS import\u00e9.<br \/>\nb). Papier d'impression de transfert chinois de haute qualit\u00e9.<br \/>\nc). Prix diff\u00e9rents.<\/td>\n<\/tr>\n<tr>\n<td class=\"label\">Composition chimique et performance :<\/td>\n<td>Ex\u00e9cution et respect du niveau de pr\u00e9cision China GB.<\/td>\n<\/tr>\n<tr>\n<td class=\"label\">Usinage :<\/td>\n<td>D\u00e9coupage, poin\u00e7onnage, per\u00e7age, pliage, soudage, fraisage, CNC, etc.<\/td>\n<\/tr>\n<tr>\n<td class=\"label\">Emballage :<\/td>\n<td>Film plastique et papier kraft. Un film de protection pour chaque pi\u00e8ce de profil\u00e9 est \u00e9galement possible si n\u00e9cessaire.<\/td>\n<\/tr>\n<tr>\n<td class=\"label\">Port de livraison :<\/td>\n<td>Guangzhou, Foshan, Shenzhen<\/td>\n<\/tr>\n<tr>\n<td class=\"label\">OEM :<\/td>\n<td>Disponible.<\/td>\n<\/tr>\n<\/table>\n<h2>Notre base de production<\/h2>\n<h3>Panorama de l'usine<\/h3>\n<p><img decoding=\"async\" src=\"\/wp-content\/uploads\/factory-01.webp\"\/><\/p>\n<h3>Atelier de fabrication de barres d'aluminium<\/h3>\n<p><img decoding=\"async\" src=\"\/wp-content\/uploads\/factory-02.webp\"\/><\/p>\n<p><img decoding=\"async\" src=\"\/wp-content\/uploads\/factory-03.webp\"\/><\/p>\n<h3>Entrep\u00f4t de stockage des moules<\/h3>\n<p><img decoding=\"async\" src=\"\/wp-content\/uploads\/factory-04.webp\"\/><\/p>\n<h3>43 lignes d'extrusion d'aluminium (500-5500 tonnes)<\/h3>\n<p><img decoding=\"async\" src=\"\/wp-content\/uploads\/factory-05.webp\"\/><\/p>\n<p><img decoding=\"async\" src=\"\/wp-content\/uploads\/factory-06.webp\"\/><\/p>\n<p><img decoding=\"async\" src=\"\/wp-content\/uploads\/factory-07.webp\"\/><\/p>\n<h3>Atelier de peinture en poudre<\/h3>\n<p><img decoding=\"async\" src=\"\/wp-content\/uploads\/factory-09.webp\"\/><\/p>\n<h3>Atelier d'anodisation<\/h3>\n<p><img decoding=\"async\" src=\"\/wp-content\/uploads\/factory-10.webp\"\/><\/p>\n<h3>Atelier sur le traitement en profondeur<\/h3>\n<p><img decoding=\"async\" src=\"\/wp-content\/uploads\/factory-11.webp\"\/><\/p>\n<h3>Atelier d'usinage de pr\u00e9cision CNC<\/h3>\n<p><img decoding=\"async\" src=\"\/wp-content\/uploads\/factory-11.5.webp\"\/><\/p>\n<h3>Entrep\u00f4t de produits finis et d'exportation<\/h3>\n<p><img decoding=\"async\" src=\"\/wp-content\/uploads\/factory-12.webp\"\/><\/p>\n<p><img decoding=\"async\" src=\"\/wp-content\/uploads\/factory-13.webp\"\/><\/p>\n<p><img decoding=\"async\" src=\"\/wp-content\/uploads\/factory-14.webp\"\/><\/p>\n<h2>FAQ<\/h2>\n<p><p><b>1.Qu'est-ce qu'une lame de persienne en aluminium ?<\/b><\/p>\n<p>Les lames de persiennes en aluminium sont des profil\u00e9s extrud\u00e9s con\u00e7us pour contr\u00f4ler la lumi\u00e8re, la circulation de l'air et l'intimit\u00e9 dans les applications architecturales et industrielles.<br \/>\n<\/p><br \/>\n<br \/>\n<p><b>2) Pourquoi choisir l'aluminium pour les lames de persiennes ?<\/b><\/p>\n<p>L'aluminium est l\u00e9ger, r\u00e9sistant \u00e0 la corrosion et durable, ce qui le rend id\u00e9al pour une utilisation \u00e0 long terme dans les syst\u00e8mes de persiennes ext\u00e9rieures et int\u00e9rieures.<br \/>\n<\/p><br \/>\n<br \/>\n<p><b>3. les lames de persiennes en aluminium peuvent-elles \u00eatre personnalis\u00e9es ?<\/b><\/p>\n<p>Oui, ils sont disponibles en diff\u00e9rentes formes, longueurs, angles et finitions pour r\u00e9pondre \u00e0 des exigences sp\u00e9cifiques en mati\u00e8re de conception ou de ventilation.<br \/>\n<\/p><br \/>\n<br \/>\n<p><b>4) Quelles sont les applications courantes des lames de persiennes en aluminium ?<\/b><\/p>\n<p>Ils sont utilis\u00e9s pour les fa\u00e7ades des b\u00e2timents, les pare-soleil, les \u00e9crans m\u00e9caniques, les grilles de ventilation et les panneaux d'intimit\u00e9.<br \/>\n<\/p><br \/>\n<br \/>\n<p><b>5. les lames de persiennes en aluminium r\u00e9sistent-elles aux intemp\u00e9ries ?<\/b><\/p>\n<p>Absolument, la surface anodis\u00e9e ou rev\u00eatue de poudre les prot\u00e8ge des UV, de l'humidit\u00e9 et des changements de temp\u00e9rature.<br \/>\n<\/p><br \/>\n<br \/>\n<p><b>6. ces lames sont-elles compatibles avec des syst\u00e8mes motoris\u00e9s ou r\u00e9glables ?<\/b><\/p>\n<p>Oui, les lames de persiennes en aluminium peuvent \u00eatre int\u00e9gr\u00e9es dans des syst\u00e8mes de persiennes fixes et ajustables, y compris des options motoris\u00e9es.<br \/>\n<\/p><br \/>\n<br \/>\n<p><b>7) Quelles sont les finitions de surface disponibles pour les lames de persiennes en aluminium ?<\/b><\/p>\n<p>Les finitions les plus courantes sont l'anodisation, le rev\u00eatement par poudre, le grain de bois et le rev\u00eatement PVDF, pour la durabilit\u00e9 et l'esth\u00e9tique.<br \/>\n<\/p><br \/><\/p>","protected":false},"featured_media":7357,"template":"","categories":[67],"class_list":["post-7358","product","type-product","status-publish","has-post-thumbnail","hentry","category-architectural-aluminium-profile"],"meta_box":{"hilight_text_group":{"product_hilight_text":"<li>Made from high-strength aluminum for long-lasting durability<\/li>\r\r\n<li>Lightweight design allows for easy handling and installation<\/li>\r\r\n<li>Corrosion-resistant surface ideal for outdoor and humid environments<\/li>\r\r\n<li>Customizable in shape, size, angle, and finish to match project needs<\/li>\r\r\n<li>Provides effective ventilation, shading, and privacy<\/li>\r\r\n<li>Suitable for architectural fa?ades, HVAC systems, and sunshade applications<\/li>","product_chanpin_blog":"<ul>\r\r\n<li><a href=\"https:\/\/sinoextrud.com\/t-slot-v-slot-differences\/\" target=\"_blank\">t slot vs v slot<\/a><\/li>\r\r\n<li><a href=\"https:\/\/sinoextrud.com\/what-is-4040-aluminium-extrud\/\" target=\"_blank\">4040 aluminium extrusion<\/a><\/li>\r\r\n<li><a href=\"https:\/\/sinoextrud.com\/what-is-4040-aluminium-extrud\/\" target=\"_blank\">aluminum extrusions for industrial racks<\/a><\/li>\r\r\n<li><a href=\"https:\/\/sinoextrud.com\/powder-coating-aluminium-process\/\" target=\"_blank\">powder coating aluminium<\/a><\/li>\r\r\n<li><a href=\"https:\/\/sinoextrud.com\/what-is-an-aluminium-strip-ceiling\/\" target=\"_blank\">aluminium strip ceiling<\/a><\/li>\r\r\n<li><a href=\"https:\/\/sinoextrud.com\/what-is-a-heat-sink\/\" target=\"_blank\">what is a heat sink<\/a><\/li>\r\r\n<\/ul>","product_chanpin_chanpin":"<li><a href=\"https:\/\/sinoextrud.com\/product\/aluminum-profiles-partition\/\" target=\"_blank\">Aluminum Profiles Partition<\/a><\/li>\r\n<li><a href=\"https:\/\/sinoextrud.com\/product\/aluminum-handle-profile\/\" target=\"_blank\">Aluminum Handle Profile<\/a><\/li>\r\n<li><a href=\"https:\/\/sinoextrud.com\/product\/aluminum-decorative-timber-batten-3d-aluminum-profiles-timber-ceilings-u-shaped-baffle-ceiling\/\" target=\"_blank\">Aluminum Decorative Timber Batten 3D Aluminum Profiles Timber Ceilings U-shaped Baffle Ceiling<\/a><\/li>\r\n<li><a href=\"https:\/\/sinoextrud.com\/product\/aluminum-alloy-profile\/\" target=\"_blank\">Aluminum Alloy Profile<\/a><\/li>\r\n<li><a href=\"https:\/\/sinoextrud.com\/product\/aluminum-louver-blades\/\" target=\"_blank\">Aluminum Louver Blades<\/a><\/li>\r\n<li><a href=\"https:\/\/sinoextrud.com\/product\/fabricated-aluminium-extrusions-electrophoresis-champagne\/\" target=\"_blank\">Fabricated Aluminium Extrusions Electrophoresis Champagne<\/a><\/li>\r\n<li><a href=\"https:\/\/sinoextrud.com\/product\/aluminum-extruded-profile-f-channel\/\" target=\"_blank\">Aluminum Extruded Profile F Channel<\/a><\/li>\r\n<li><a href=\"https:\/\/sinoextrud.com\/product\/cnc-machining-aluminum-hat-channel-extrusions\/\" target=\"_blank\">CNC Machining Aluminum Hat Channel Extrusions<\/a><\/li>\r\n<li><a href=\"https:\/\/sinoextrud.com\/product\/bulk-extruded-aluminum\/\" target=\"_blank\">Bulk Extruded Aluminum<\/a><\/li>\r\n<li><a href=\"https:\/\/sinoextrud.com\/product\/round-aluminum-extrusion-tubular-cnc-bending\/\" target=\"_blank\">Round Aluminum Extrusion Tubular Cnc Bending<\/a><\/li>\r\n<li><a href=\"https:\/\/sinoextrud.com\/product\/2024-2014-alloy-aluminum-profiles\/\" target=\"_blank\">2024 2014 Alloy Aluminum Profiles<\/a><\/li>"},"feature_list":[]},"_links":{"self":[{"href":"https:\/\/sinoextrud.com\/fr\/wp-json\/wp\/v2\/product\/7358","targetHints":{"allow":["GET"]}}],"collection":[{"href":"https:\/\/sinoextrud.com\/fr\/wp-json\/wp\/v2\/product"}],"about":[{"href":"https:\/\/sinoextrud.com\/fr\/wp-json\/wp\/v2\/types\/product"}],"wp:featuredmedia":[{"embeddable":true,"href":"https:\/\/sinoextrud.com\/fr\/wp-json\/wp\/v2\/media\/7357"}],"wp:attachment":[{"href":"https:\/\/sinoextrud.com\/fr\/wp-json\/wp\/v2\/media?parent=7358"}],"wp:term":[{"taxonomy":"category","embeddable":true,"href":"https:\/\/sinoextrud.com\/fr\/wp-json\/wp\/v2\/categories?post=7358"}],"curies":[{"name":"wp","href":"https:\/\/api.w.org\/{rel}","templated":true}]}}