{"id":7352,"date":"2025-06-07T03:49:00","date_gmt":"2025-06-07T03:49:00","guid":{"rendered":"https:\/\/sinoextrud.com\/product\/aluminum-handle-profile\/"},"modified":"2025-06-24T06:12:36","modified_gmt":"2025-06-24T06:12:36","slug":"profil-de-poignee-en-aluminium","status":"publish","type":"product","link":"https:\/\/sinoextrud.com\/fr\/product\/aluminum-handle-profile\/","title":{"rendered":"Profil de la poign\u00e9e en aluminium"},"content":{"rendered":"<h2>D\u00e9tails des produits<\/h2>\n<table class=\"custom-table\">\n<tr>\n<td class=\"label\">Objet<\/td>\n<td>Profil de la poign\u00e9e en aluminium<\/td>\n<\/tr>\n<tr>\n<td class=\"label\">Mat\u00e9riau<\/td>\n<td>Alliage d'aluminium 6063 T5<\/td>\n<\/tr>\n<tr>\n<td class=\"label\">Application<\/td>\n<td>Armoire, tiroir, commode, penderie, placard.<\/td>\n<\/tr>\n<tr>\n<td class=\"label\">Finition<\/td>\n<td>Argent, bross\u00e9, sablage, chrome, blanc, noir, champange.<\/td>\n<\/tr>\n<tr>\n<td class=\"label\">Processus en profondeur<\/td>\n<td>Extrusion, fraisage, soudage, cintrage, CNC, per\u00e7age, assemblage.<\/td>\n<\/tr>\n<tr>\n<td class=\"label\">Taille<\/td>\n<td>160 MM, 192 MM, 224 MM, 256 MM<\/td>\n<\/tr>\n<tr>\n<td class=\"label\">\u00c9paisseur<\/td>\n<td>1.1MM<\/td>\n<\/tr>\n<tr>\n<td class=\"label\">Caract\u00e9ristiques<\/td>\n<td>Anti-corrosion, anti-d\u00e9coloration<\/td>\n<\/tr>\n<tr>\n<td class=\"label\">MOQ<\/td>\n<td>500 pi\u00e8ces<\/td>\n<\/tr>\n<tr>\n<td class=\"label\">D\u00e9lai de livraison<\/td>\n<td>35 jours ouvrables .<\/td>\n<\/tr>\n<tr>\n<td class=\"label\">Conditions de paiement<\/td>\n<td>T\/T 30% \u00e0 l'avance, 70% avant l'exp\u00e9dition.<\/td>\n<\/tr>\n<tr>\n<td class=\"label\">\u00c9chantillon<\/td>\n<td>Gratuit, en port d\u00fb.<\/td>\n<\/tr>\n<tr>\n<td class=\"label\">Test de produit<\/td>\n<td>Essai au brouillard salin pendant 72 heures.<\/td>\n<\/tr>\n<tr>\n<td class=\"label\">OEM et ODM<\/td>\n<td>Chaleureusement accueillis. Soutien professionnel pour le d\u00e9veloppement des produits.<\/td>\n<\/tr>\n<tr>\n<td class=\"label\">Sp\u00e9cialit\u00e9<\/td>\n<td>9 ans d'exp\u00e9rience sp\u00e9cialis\u00e9e dans les produits en aluminium.<\/td>\n<\/tr>\n<tr>\n<td class=\"label\">100% mati\u00e8re premi\u00e8re vierge<\/td>\n<td>Garantir la qualit\u00e9 des mat\u00e9riaux et la pr\u00e9cision des profils.<\/td>\n<\/tr>\n<\/table>\n<h2>Notre base de production<\/h2>\n<h3>Panorama de l'usine<\/h3>\n<p><img decoding=\"async\" src=\"\/wp-content\/uploads\/factory-01.webp\"\/><\/p>\n<h3>Atelier de fabrication de barres d'aluminium<\/h3>\n<p><img decoding=\"async\" src=\"\/wp-content\/uploads\/factory-02.webp\"\/><\/p>\n<p><img decoding=\"async\" src=\"\/wp-content\/uploads\/factory-03.webp\"\/><\/p>\n<h3>Entrep\u00f4t de stockage des moules<\/h3>\n<p><img decoding=\"async\" src=\"\/wp-content\/uploads\/factory-04.webp\"\/><\/p>\n<h3>43 lignes d'extrusion d'aluminium (500 \u00e0 5500 tonnes)<\/h3>\n<p><img decoding=\"async\" src=\"\/wp-content\/uploads\/factory-05.webp\"\/><\/p>\n<p><img decoding=\"async\" src=\"\/wp-content\/uploads\/factory-06.webp\"\/><\/p>\n<p><img decoding=\"async\" src=\"\/wp-content\/uploads\/factory-07.webp\"\/><\/p>\n<h3>Atelier de peinture en poudre<\/h3>\n<p><img decoding=\"async\" src=\"\/wp-content\/uploads\/factory-09.webp\"\/><\/p>\n<h3>Atelier d'anodisation<\/h3>\n<p><img decoding=\"async\" src=\"\/wp-content\/uploads\/factory-10.webp\"\/><\/p>\n<h3>Atelier sur le traitement en profondeur<\/h3>\n<p><img decoding=\"async\" src=\"\/wp-content\/uploads\/factory-11.webp\"\/><\/p>\n<h3>Atelier d'usinage de pr\u00e9cision CNC<\/h3>\n<p><img decoding=\"async\" src=\"\/wp-content\/uploads\/factory-11.5.webp\"\/><\/p>\n<h3>Entrep\u00f4t de produits finis et d'exportation<\/h3>\n<p><img decoding=\"async\" src=\"\/wp-content\/uploads\/factory-12.webp\"\/><\/p>\n<p><img decoding=\"async\" src=\"\/wp-content\/uploads\/factory-13.webp\"\/><\/p>\n<p><img decoding=\"async\" src=\"\/wp-content\/uploads\/factory-14.webp\"\/><\/p>\n<h2>FAQ<\/h2>\n<p><p><b>1) Qu'est-ce qu'un profil\u00e9 de poign\u00e9e en aluminium ?<\/b><\/p>\n<p>Un profil\u00e9 de poign\u00e9e en aluminium est une extrusion d'aluminium sp\u00e9cialement con\u00e7ue pour tirer ou saisir des meubles, des armoires ou des portes.<br \/>\n<\/p><br \/>\n<br \/>\n<p><b>2) Pourquoi choisir des profils de poign\u00e9e en aluminium ?<\/b><\/p>\n<p>Les poign\u00e9es en aluminium sont durables, r\u00e9sistantes \u00e0 la corrosion, l\u00e9g\u00e8res et offrent un aspect propre et moderne qui convient \u00e0 tous les styles d'int\u00e9rieur.<br \/>\n<\/p><br \/>\n<br \/>\n<p><b>3. les profils des poign\u00e9es en aluminium sont-ils personnalisables ?<\/b><\/p>\n<p>Oui, ils peuvent \u00eatre adapt\u00e9s en termes de longueur, de forme de la section transversale, de finition de surface et de couleur pour r\u00e9pondre \u00e0 des besoins sp\u00e9cifiques en mati\u00e8re de conception et d'image de marque.<br \/>\n<\/p><br \/>\n<br \/>\n<p><b>4. O\u00f9 les profils de poign\u00e9e en aluminium sont-ils couramment utilis\u00e9s ?<\/b><\/p>\n<p>Ils sont largement utilis\u00e9s dans les cuisines, les armoires, les meubles de bureau, les vanit\u00e9s de salle de bain et les armoires commerciales.<br \/>\n<\/p><br \/>\n<br \/>\n<p><b>5. Quelles sont les finitions disponibles pour les profils de poign\u00e9e en aluminium ?<\/b><\/p>\n<p>Les finitions disponibles comprennent l'anodisation, le rev\u00eatement par poudre, le brossage, le polissage et le grain de bois pour s'adapter \u00e0 diff\u00e9rentes esth\u00e9tiques et \u00e0 diff\u00e9rents environnements.<br \/>\n<\/p><br \/>\n<br \/>\n<p><b>6. ces profil\u00e9s sont-ils faciles \u00e0 installer ?<\/b><\/p>\n<p>Absolument, les profils de poign\u00e9e en aluminium sont con\u00e7us pour une installation rapide et s\u00fbre \u00e0 l'aide de vis ou de clips standard.<br \/>\n<\/p><br \/>\n<br \/>\n<p><b>7. la production OEM est-elle disponible pour les profils de poign\u00e9e en aluminium ?<\/b><\/p>\n<p>Oui, la plupart des fabricants proposent des services OEM et de production en vrac \u00e0 des prix comp\u00e9titifs et avec une personnalisation compl\u00e8te.<br \/>\n<\/p><br \/><\/p>","protected":false},"featured_media":7351,"template":"","categories":[67],"class_list":["post-7352","product","type-product","status-publish","has-post-thumbnail","hentry","category-architectural-aluminium-profile"],"meta_box":{"hilight_text_group":{"product_hilight_text":"<li>Made from high-strength aluminum alloy for durability and lightweight performance<\/li>\r\r\n<li>Modern design enhances aesthetics of cabinets, drawers, and doors<\/li>\r\r\n<li>Corrosion-resistant surface suitable for kitchen, bathroom, and office furniture<\/li>\r\r\n<li>Available in multiple shapes, lengths, and anodized or powder-coated finishes<\/li>\r\r\n<li>Easy to install with standard mounting hardware<\/li>\r\r\n<li>OEM customization available for color, size, and design preferences<\/li>","product_chanpin_blog":"<ul>\r\r\n<li><a href=\"https:\/\/sinoextrud.com\/t-slot-v-slot-differences\/\" target=\"_blank\">t slot vs v slot<\/a><\/li>\r\r\n<li><a href=\"https:\/\/sinoextrud.com\/what-is-4040-aluminium-extrud\/\" target=\"_blank\">4040 aluminium extrusion<\/a><\/li>\r\r\n<li><a href=\"https:\/\/sinoextrud.com\/what-is-4040-aluminium-extrud\/\" target=\"_blank\">aluminum extrusions for industrial racks<\/a><\/li>\r\r\n<li><a href=\"https:\/\/sinoextrud.com\/powder-coating-aluminium-process\/\" target=\"_blank\">powder coating aluminium<\/a><\/li>\r\r\n<li><a href=\"https:\/\/sinoextrud.com\/what-is-an-aluminium-strip-ceiling\/\" target=\"_blank\">aluminium strip ceiling<\/a><\/li>\r\r\n<li><a href=\"https:\/\/sinoextrud.com\/what-is-a-heat-sink\/\" target=\"_blank\">what is a heat sink<\/a><\/li>\r\r\n<\/ul>","product_chanpin_chanpin":"<li><a href=\"https:\/\/sinoextrud.com\/product\/modular-aluminium-extrusions\/\" target=\"_blank\">Modular Aluminium Extrusions<\/a><\/li>\r\n<li><a href=\"https:\/\/sinoextrud.com\/product\/aluminum-corner-extrusion-profiles\/\" target=\"_blank\">Aluminum Corner Extrusion Profiles<\/a><\/li>\r\n<li><a href=\"https:\/\/sinoextrud.com\/product\/aluminum-profile-for-windows-and-door-aluminum-curtain-wall-profile-extrusion\/\" target=\"_blank\">Aluminum Profile for Windows and Door Aluminum Curtain Wall Profile Extrusion<\/a><\/li>\r\n<li><a href=\"https:\/\/sinoextrud.com\/product\/aluminum-profiles-partition\/\" target=\"_blank\">Aluminum Profiles Partition<\/a><\/li>\r\n<li><a href=\"https:\/\/sinoextrud.com\/product\/aluminum-handle-profile\/\" target=\"_blank\">Aluminum Handle Profile<\/a><\/li>\r\n<li><a href=\"https:\/\/sinoextrud.com\/product\/aluminum-decorative-timber-batten-3d-aluminum-profiles-timber-ceilings-u-shaped-baffle-ceiling\/\" target=\"_blank\">Aluminum Decorative Timber Batten 3D Aluminum Profiles Timber Ceilings U-shaped Baffle Ceiling<\/a><\/li>\r\n<li><a href=\"https:\/\/sinoextrud.com\/product\/aluminum-alloy-profile\/\" target=\"_blank\">Aluminum Alloy Profile<\/a><\/li>\r\n<li><a href=\"https:\/\/sinoextrud.com\/product\/aluminum-louver-blades\/\" target=\"_blank\">Aluminum Louver Blades<\/a><\/li>\r\n<li><a href=\"https:\/\/sinoextrud.com\/product\/fabricated-aluminium-extrusions-electrophoresis-champagne\/\" target=\"_blank\">Fabricated Aluminium Extrusions Electrophoresis Champagne<\/a><\/li>\r\n<li><a href=\"https:\/\/sinoextrud.com\/product\/7-series-and-1-series-aluminum-beam-profile\/\" target=\"_blank\">7 Series And 1 Series Aluminum Beam Profile<\/a><\/li>\r\n<li><a href=\"https:\/\/sinoextrud.com\/product\/6061-aluminum-extrusion-round-tube-for-industry\/\" target=\"_blank\">6061 Aluminum Extrusion Round Tube For Industry<\/a><\/li>"},"feature_list":[]},"_links":{"self":[{"href":"https:\/\/sinoextrud.com\/fr\/wp-json\/wp\/v2\/product\/7352","targetHints":{"allow":["GET"]}}],"collection":[{"href":"https:\/\/sinoextrud.com\/fr\/wp-json\/wp\/v2\/product"}],"about":[{"href":"https:\/\/sinoextrud.com\/fr\/wp-json\/wp\/v2\/types\/product"}],"wp:featuredmedia":[{"embeddable":true,"href":"https:\/\/sinoextrud.com\/fr\/wp-json\/wp\/v2\/media\/7351"}],"wp:attachment":[{"href":"https:\/\/sinoextrud.com\/fr\/wp-json\/wp\/v2\/media?parent=7352"}],"wp:term":[{"taxonomy":"category","embeddable":true,"href":"https:\/\/sinoextrud.com\/fr\/wp-json\/wp\/v2\/categories?post=7352"}],"curies":[{"name":"wp","href":"https:\/\/api.w.org\/{rel}","templated":true}]}}