{"id":7350,"date":"2025-06-07T03:39:22","date_gmt":"2025-06-07T03:39:22","guid":{"rendered":"https:\/\/sinoextrud.com\/product\/aluminum-profiles-partition\/"},"modified":"2025-06-24T06:12:36","modified_gmt":"2025-06-24T06:12:36","slug":"profiles-en-aluminium-cloison","status":"publish","type":"product","link":"https:\/\/sinoextrud.com\/fr\/product\/aluminum-profiles-partition\/","title":{"rendered":"Cloison en profil\u00e9s d'aluminium"},"content":{"rendered":"<h2>D\u00e9tails des produits<\/h2>\n<table class=\"custom-table\">\n<tr>\n<td class=\"label\">Grade :<\/td>\n<td>6063<\/td>\n<\/tr>\n<tr>\n<td class=\"label\">Temper :<\/td>\n<td>T5<\/td>\n<\/tr>\n<tr>\n<td class=\"label\">\u00c9paisseur de la poudre :<\/td>\n<td>40~78\u03bcm<\/td>\n<\/tr>\n<tr>\n<td class=\"label\">R\u00e9sistance \u00e0 la traction :<\/td>\n<td>\u2265 230Mpa<\/td>\n<\/tr>\n<tr>\n<td class=\"label\">Limite d'\u00e9lasticit\u00e9 :<\/td>\n<td>\u2265 210Mpa<\/td>\n<\/tr>\n<tr>\n<td class=\"label\">Duret\u00e9 :<\/td>\n<td>\u2265 11HW<\/td>\n<\/tr>\n<tr>\n<td class=\"label\">Sortie :<\/td>\n<td>15000t\/mois<\/td>\n<\/tr>\n<tr>\n<td class=\"label\">MOQ :<\/td>\n<td>200KG\/article<\/td>\n<\/tr>\n<tr>\n<td class=\"label\">Mat\u00e9riau d'emballage :<\/td>\n<td>PE+PVC ou PE+EPE<\/td>\n<\/tr>\n<tr>\n<td class=\"label\">Conditions de paiement :<\/td>\n<td>T\/T, L\/C<\/td>\n<\/tr>\n<tr>\n<td class=\"label\">D\u00e9lai de livraison :<\/td>\n<td>20~25 jours apr\u00e8s r\u00e9ception du d\u00e9p\u00f4t<\/td>\n<\/tr>\n<tr>\n<td class=\"label\">Poids de chargement :<\/td>\n<td>10t~12t\/20'GP, 20t~24t\/40'GP<\/td>\n<\/tr>\n<tr>\n<td class=\"label\">Port de chargement :<\/td>\n<td>Foshan, Guangzhou, Shenzhen<\/td>\n<\/tr>\n<tr>\n<td class=\"label\">OEM &amp; ODM :<\/td>\n<td>Acceptables. \u00c9chantillons offerts gratuitement<\/td>\n<\/tr>\n<tr>\n<td class=\"label\">Longueur d'exportation :<\/td>\n<td>3~6m ou coup\u00e9 \u00e0 la taille voulue selon les besoins<\/td>\n<\/tr>\n<tr>\n<td class=\"label\">Traitements de surface :<\/td>\n<td>Broyage, peinture en poudre, anodisation, \u00e9lectrophor\u00e8se, grain de bois<\/td>\n<\/tr>\n<tr>\n<td class=\"label\">Couleur :<\/td>\n<td>Argent, Champagne, Bronze, Or, Noir, Blanc ou selon les besoins<\/td>\n<\/tr>\n<tr>\n<td class=\"label\">Application :<\/td>\n<td>Fen\u00eatres et portes, cloisons, d\u00e9coration architecturale, industrie, etc.<\/td>\n<\/tr>\n<tr>\n<td class=\"label\">March\u00e9 de la vente \u00e0 chaud :<\/td>\n<td>Partout dans le monde<\/td>\n<\/tr>\n<tr>\n<td class=\"label\">Certification :<\/td>\n<td>GB5237-2008 , ISO9001:2008 , CQM ,CE<\/td>\n<\/tr>\n<\/table>\n<h2>Notre base de production<\/h2>\n<h3>Panorama de l'usine<\/h3>\n<p><img decoding=\"async\" src=\"\/wp-content\/uploads\/factory-01.webp\"\/><\/p>\n<h3>Atelier de fabrication de barres d'aluminium<\/h3>\n<p><img decoding=\"async\" src=\"\/wp-content\/uploads\/factory-02.webp\"\/><\/p>\n<\/p>\n<p><img decoding=\"async\" src=\"\/wp-content\/uploads\/factory-03.webp\"\/><\/p>\n<h3>Entrep\u00f4t de stockage des moules<\/h3>\n<p><img decoding=\"async\" src=\"\/wp-content\/uploads\/factory-04.webp\"\/><\/p>\n<h3>43 lignes d'extrusion d'aluminium (500-5500 tonnes)<\/h3>\n<p><img decoding=\"async\" src=\"\/wp-content\/uploads\/factory-05.webp\"\/><\/p>\n<p><img decoding=\"async\" src=\"\/wp-content\/uploads\/factory-06.webp\"\/><\/p>\n<p><img decoding=\"async\" src=\"\/wp-content\/uploads\/factory-07.webp\"\/><\/p>\n<h3>Atelier de peinture en poudre<\/h3>\n<p><img decoding=\"async\" src=\"\/wp-content\/uploads\/factory-09.webp\"\/><\/p>\n<h3>Atelier d'anodisation<\/h3>\n<p><img decoding=\"async\" src=\"\/wp-content\/uploads\/factory-10.webp\"\/><\/p>\n<h3>Atelier sur le traitement en profondeur<\/h3>\n<p><img decoding=\"async\" src=\"\/wp-content\/uploads\/factory-11.webp\"\/><\/p>\n<h3>Atelier d'usinage de pr\u00e9cision CNC<\/h3>\n<p><img decoding=\"async\" src=\"\/wp-content\/uploads\/factory-11.5.webp\"\/><\/p>\n<h3>Entrep\u00f4t de produits finis et d'exportation<\/h3>\n<p><img decoding=\"async\" src=\"\/wp-content\/uploads\/factory-12.webp\"\/><\/p>\n<p><img decoding=\"async\" src=\"\/wp-content\/uploads\/factory-13.webp\"\/><\/p>\n<p><img decoding=\"async\" src=\"\/wp-content\/uploads\/factory-14.webp\"\/><\/p>\n<h2>FAQ<\/h2>\n<p><b>1.Qu'est-ce qu'un profil\u00e9 d'aluminium pour cloison ?<\/b><\/p>\n<p>Les profil\u00e9s en aluminium pour cloisons sont des composants structurels utilis\u00e9s pour cr\u00e9er des syst\u00e8mes de cloisons modulaires dans les bureaux, les espaces commerciaux et les b\u00e2timents publics.\n<\/p>\n<p><\/p>\n<p><b>2.Pourquoi utiliser des profil\u00e9s en aluminium pour les syst\u00e8mes de cloisons ?<\/b><\/p>\n<p>L'aluminium est l\u00e9ger, r\u00e9sistant \u00e0 la corrosion et offre un aspect moderne et \u00e9l\u00e9gant, ce qui en fait la solution id\u00e9ale pour des cloisons durables et \u00e9l\u00e9gantes.\n<\/p>\n<p><\/p>\n<p><b>3. les profil\u00e9s de cloison en aluminium sont-ils personnalisables ?<\/b><\/p>\n<p>Oui, ils peuvent \u00eatre personnalis\u00e9s en termes de taille, de section, de couleur et de finition afin de r\u00e9pondre \u00e0 diverses exigences en mati\u00e8re d'am\u00e9nagement int\u00e9rieur et de fonctionnalit\u00e9.\n<\/p>\n<p><\/p>\n<p><b>4. Quels types de panneaux peuvent \u00eatre utilis\u00e9s avec les profil\u00e9s de cloison en aluminium ?<\/b><\/p>\n<p>Les syst\u00e8mes de cloisons en aluminium sont compatibles avec le verre, le bois, le PVC, l'acrylique et les panneaux composites.\n<\/p>\n<p><\/p>\n<p><b>5. l'installation des profil\u00e9s de cloison en aluminium est-elle facile ?<\/b><\/p>\n<p>Absolument, ils sont con\u00e7us pour \u00eatre assembl\u00e9s rapidement avec des outils de base et un minimum de travail.\n<\/p>\n<p><\/p>\n<p><b>6. Ces profil\u00e9s conviennent-ils aux environnements de bureaux commerciaux ?<\/b><\/p>\n<p>Oui, ils sont largement utilis\u00e9s dans les bureaux, les salles d'exposition, les banques et les espaces de coworking en raison de leur aspect professionnel et de leur flexibilit\u00e9.\n<\/p>\n<p><\/p>\n<p><b>7. Quelles sont les finitions de surface disponibles pour les profil\u00e9s de cloison en aluminium ?<\/b><\/p>\n<p>Les finitions courantes comprennent l'anodisation, le rev\u00eatement par poudre, le brossage et le grain de bois pour la durabilit\u00e9 et l'attrait visuel.\n<\/p>\n<p><\/p>","protected":false},"featured_media":7349,"template":"","categories":[67],"class_list":["post-7350","product","type-product","status-publish","has-post-thumbnail","hentry","category-architectural-aluminium-profile"],"meta_box":{"hilight_text_group":{"product_hilight_text":"<li>Durable aluminum construction ensures long-lasting partition support<\/li>\r\r\n<li>Lightweight material allows for easy handling and installation<\/li>\r\r\n<li>Corrosion-resistant surface suitable for indoor office and commercial use<\/li>\r\r\n<li>Modern and minimal design enhances space aesthetics<\/li>\r\r\n<li>Customizable in shape, color, and finish to match interior styles<\/li>\r\r\n<li>Compatible with glass, wood, and panel inserts for flexible configurations<\/li>","product_chanpin_blog":"<ul>\r\r\n<li><a href=\"https:\/\/sinoextrud.com\/t-slot-v-slot-differences\/\" target=\"_blank\">t slot vs v slot<\/a><\/li>\r\r\n<li><a href=\"https:\/\/sinoextrud.com\/what-is-4040-aluminium-extrud\/\" target=\"_blank\">4040 aluminium extrusion<\/a><\/li>\r\r\n<li><a href=\"https:\/\/sinoextrud.com\/what-is-4040-aluminium-extrud\/\" target=\"_blank\">aluminum extrusions for industrial racks<\/a><\/li>\r\r\n<li><a href=\"https:\/\/sinoextrud.com\/powder-coating-aluminium-process\/\" target=\"_blank\">powder coating aluminium<\/a><\/li>\r\r\n<li><a href=\"https:\/\/sinoextrud.com\/what-is-an-aluminium-strip-ceiling\/\" target=\"_blank\">aluminium strip ceiling<\/a><\/li>\r\r\n<li><a href=\"https:\/\/sinoextrud.com\/what-is-a-heat-sink\/\" target=\"_blank\">what is a heat sink<\/a><\/li>\r\r\n<\/ul>","product_chanpin_chanpin":"<li><a href=\"https:\/\/sinoextrud.com\/product\/aluminum-profile-for-office-partition-catalog\/\" target=\"_blank\">Aluminum Profile For Office Partition Catalog<\/a><\/li>\r\n<li><a href=\"https:\/\/sinoextrud.com\/product\/modular-aluminium-extrusions\/\" target=\"_blank\">Modular Aluminium Extrusions<\/a><\/li>\r\n<li><a href=\"https:\/\/sinoextrud.com\/product\/aluminum-corner-extrusion-profiles\/\" target=\"_blank\">Aluminum Corner Extrusion Profiles<\/a><\/li>\r\n<li><a href=\"https:\/\/sinoextrud.com\/product\/aluminum-profile-for-windows-and-door-aluminum-curtain-wall-profile-extrusion\/\" target=\"_blank\">Aluminum Profile for Windows and Door Aluminum Curtain Wall Profile Extrusion<\/a><\/li>\r\n<li><a href=\"https:\/\/sinoextrud.com\/product\/aluminum-profiles-partition\/\" target=\"_blank\">Aluminum Profiles Partition<\/a><\/li>\r\n<li><a href=\"https:\/\/sinoextrud.com\/product\/aluminum-handle-profile\/\" target=\"_blank\">Aluminum Handle Profile<\/a><\/li>\r\n<li><a href=\"https:\/\/sinoextrud.com\/product\/aluminum-decorative-timber-batten-3d-aluminum-profiles-timber-ceilings-u-shaped-baffle-ceiling\/\" target=\"_blank\">Aluminum Decorative Timber Batten 3D Aluminum Profiles Timber Ceilings U-shaped Baffle Ceiling<\/a><\/li>\r\n<li><a href=\"https:\/\/sinoextrud.com\/product\/aluminum-alloy-profile\/\" target=\"_blank\">Aluminum Alloy Profile<\/a><\/li>\r\n<li><a href=\"https:\/\/sinoextrud.com\/product\/aluminum-louver-blades\/\" target=\"_blank\">Aluminum Louver Blades<\/a><\/li>\r\n<li><a href=\"https:\/\/sinoextrud.com\/product\/aluminum-extrusion-box\/\" target=\"_blank\">aluminum extrusion box<\/a><\/li>\r\n<li><a href=\"https:\/\/sinoextrud.com\/product\/extrusion-aluminum-pipe-anodized-sandblasted-black\/\" target=\"_blank\">Extrusion Aluminum Pipe Anodized Sandblasted Black<\/a><\/li>"},"feature_list":[]},"_links":{"self":[{"href":"https:\/\/sinoextrud.com\/fr\/wp-json\/wp\/v2\/product\/7350","targetHints":{"allow":["GET"]}}],"collection":[{"href":"https:\/\/sinoextrud.com\/fr\/wp-json\/wp\/v2\/product"}],"about":[{"href":"https:\/\/sinoextrud.com\/fr\/wp-json\/wp\/v2\/types\/product"}],"wp:featuredmedia":[{"embeddable":true,"href":"https:\/\/sinoextrud.com\/fr\/wp-json\/wp\/v2\/media\/7349"}],"wp:attachment":[{"href":"https:\/\/sinoextrud.com\/fr\/wp-json\/wp\/v2\/media?parent=7350"}],"wp:term":[{"taxonomy":"category","embeddable":true,"href":"https:\/\/sinoextrud.com\/fr\/wp-json\/wp\/v2\/categories?post=7350"}],"curies":[{"name":"wp","href":"https:\/\/api.w.org\/{rel}","templated":true}]}}