{"id":7338,"date":"2025-06-07T03:29:31","date_gmt":"2025-06-07T03:29:31","guid":{"rendered":"https:\/\/sinoextrud.com\/product\/aluminum-alloy-wall-decoration-edge-trim-strip\/"},"modified":"2025-06-24T06:12:34","modified_gmt":"2025-06-24T06:12:34","slug":"bande-de-rive-en-alliage-daluminium-pour-la-decoration-murale","status":"publish","type":"product","link":"https:\/\/sinoextrud.com\/fr\/product\/aluminum-alloy-wall-decoration-edge-trim-strip\/","title":{"rendered":"Bande de rive en alliage d'aluminium pour la d\u00e9coration murale"},"content":{"rendered":"<h2>D\u00e9tails des produits<\/h2>\n<table class=\"custom-table\">\n<tbody>\n<tr>\n<td> Article du produit :<\/td>\n<td> Bande de rive en alliage d'aluminium pour la d\u00e9coration murale<\/td>\n<td> Lieu d'origine :<\/td>\n<td> Foshan, Guangdong<\/td>\n<\/tr>\n<tr>\n<td> Mat\u00e9riau :<\/td>\n<td> Alliage 6063\/6061\/6005\/6060 T5\/T6<\/td>\n<td> Num\u00e9ro de mod\u00e8le :<\/td>\n<td> Bordure en aluminium, bordure d'angle en aluminium<\/td>\n<\/tr>\n<tr>\n<td> Forme :<\/td>\n<td> Forme en T, forme en U, forme en I, forme en H ou personnalis\u00e9e<\/td>\n<td> Longueur :<\/td>\n<td> Sur mesure<\/td>\n<\/tr>\n<tr>\n<td> Alliage ou non :<\/td>\n<td> Est un alliage<\/td>\n<td> Marque :<\/td>\n<td> Sinoextrud, Sinoextrud<\/td>\n<\/tr>\n<tr>\n<td> Tol\u00e9rance :<\/td>\n<td> \u00b11%<\/td>\n<td> Temp\u00e9rer :<\/td>\n<td> T3-T8<\/td>\n<\/tr>\n<tr>\n<td> Traitement de surface :<\/td>\n<td> rev\u00eatement en poudre, anodis\u00e9 ou personnalis\u00e9<\/td>\n<td> MOQ :<\/td>\n<td> 200KG pour chaque article<\/td>\n<\/tr>\n<tr>\n<td> D\u00e9lai de livraison :<\/td>\n<td> 18-25 jours<\/td>\n<td> D\u00e9lai de paiement :<\/td>\n<td> L\/C T\/T(30% Deposit)<\/td>\n<\/tr>\n<tr>\n<td> Service de traitement :<\/td>\n<td> Pliage, sciage, soudage, poin\u00e7onnage, d\u00e9coupe, per\u00e7age, assemblage\n<\/td>\n<td> Application :<\/td>\n<td> D\u00e9coration int\u00e9rieure, h\u00f4tels, immeubles de bureaux, centres commerciaux, \u00e9coles<\/td>\n<\/tr>\n<\/tbody>\n<\/table>\n<h2>Notre base de production<\/h2>\n<h3>Panorama de l'usine<\/h3>\n<p><img decoding=\"async\" src=\"\/wp-content\/uploads\/factory-01.webp\"\/><\/p>\n<h3>Atelier de fabrication de barres d'aluminium<\/h3>\n<p><img decoding=\"async\" src=\"\/wp-content\/uploads\/factory-02.webp\"\/><\/p>\n<p><img decoding=\"async\" src=\"\/wp-content\/uploads\/factory-03.webp\"\/><\/p>\n<h3>Entrep\u00f4t de stockage des moules<\/h3>\n<p><img decoding=\"async\" src=\"\/wp-content\/uploads\/factory-04.webp\"\/><\/p>\n<h3>43 lignes d'extrusion d'aluminium (500-5500 tonnes)<\/h3>\n<p><img decoding=\"async\" src=\"\/wp-content\/uploads\/factory-05.webp\"\/><\/p>\n<p><img decoding=\"async\" src=\"\/wp-content\/uploads\/factory-06.webp\"\/><\/p>\n<p><img decoding=\"async\" src=\"\/wp-content\/uploads\/factory-07.webp\"\/><\/p>\n<h3>Atelier de peinture en poudre<\/h3>\n<p><img decoding=\"async\" src=\"\/wp-content\/uploads\/factory-09.webp\"\/><\/p>\n<h3>Atelier d'anodisation<\/h3>\n<p><img decoding=\"async\" src=\"\/wp-content\/uploads\/factory-10.webp\"\/><\/p>\n<h3>Atelier sur le traitement en profondeur<\/h3>\n<p><img decoding=\"async\" src=\"\/wp-content\/uploads\/factory-11.webp\"\/><\/p>\n<h3>Atelier d'usinage de pr\u00e9cision CNC<\/h3>\n<p><img decoding=\"async\" src=\"\/wp-content\/uploads\/factory-11.5.webp\"\/><\/p>\n<h3>Entrep\u00f4t de produits finis et d'exportation<\/h3>\n<p><img decoding=\"async\" src=\"\/wp-content\/uploads\/factory-12.webp\"\/><\/p>\n<p><img decoding=\"async\" src=\"\/wp-content\/uploads\/factory-13.webp\"\/><\/p>\n<p><img decoding=\"async\" src=\"\/wp-content\/uploads\/factory-14.webp\"\/><\/p>\n<h2>FAQ<\/h2>\n<p><p><b>1) Qu'est-ce qu'une baguette de d\u00e9coration murale en alliage d'aluminium ?<\/b><\/p>\n<p>Il s'agit d'un profil\u00e9 d\u00e9coratif en aluminium utilis\u00e9 pour la finition et la protection des bords des murs, des panneaux ou des installations de carrelage.<br \/>\n<\/p><br \/>\n<br \/>\n<p><b>2) Quels sont les avantages de l'utilisation de bandes de rive en aluminium ?<\/b><\/p>\n<p>Ils offrent une protection des bords, un design moderne, une r\u00e9sistance \u00e0 la corrosion et une installation facile pour une finition murale soign\u00e9e.<br \/>\n<\/p><br \/>\n<br \/>\n<p><b>3. O\u00f9 les bordures en aluminium sont-elles g\u00e9n\u00e9ralement utilis\u00e9es ?<\/b><\/p>\n<p>Ils sont couramment utilis\u00e9s dans les cuisines, les salles de bains, les espaces de vie et les int\u00e9rieurs commerciaux pour les transitions entre les panneaux muraux ou la protection des angles.<br \/>\n<\/p><br \/>\n<br \/>\n<p><b>4. l'alliage d'aluminium r\u00e9siste-t-il \u00e0 la corrosion ?<\/b><\/p>\n<p>Oui, le mat\u00e9riau est r\u00e9sistant \u00e0 la corrosion, ce qui le rend adapt\u00e9 aux zones humides telles que les salles de bains et les cuisines.<br \/>\n<\/p><br \/>\n<br \/>\n<p><b>5. les bandes de rive peuvent-elles \u00eatre personnalis\u00e9es ?<\/b><\/p>\n<p>Oui, nous proposons des tailles, des formes, des finitions et des couleurs personnalis\u00e9es pour r\u00e9pondre aux besoins sp\u00e9cifiques d'un projet ou d'un design.<br \/>\n<\/p><br \/>\n<br \/>\n<p><b>6. ces garnitures sont-elles faciles \u00e0 installer ?<\/b><\/p>\n<p>Oui, ils peuvent \u00eatre facilement install\u00e9s \u00e0 l'aide d'adh\u00e9sifs ou de vis, en fonction du mat\u00e9riau du mur et de l'application.<br \/>\n<\/p><br \/>\n<br \/>\n<p><b>7) Quelles sont les finitions disponibles pour les baguettes de bordure murale ?<\/b><\/p>\n<p>Les finitions courantes comprennent le brossage, l'anodisation, le mat, le brillant et le rev\u00eatement par poudre dans diff\u00e9rentes couleurs.<br \/>\n<\/p><br \/>\n<br \/>\n<p><b>8. ces garnitures am\u00e9liorent-elles l'aspect des murs ?<\/b><\/p>\n<p>Oui, ils apportent une finition propre et professionnelle et am\u00e9liorent l'esth\u00e9tique g\u00e9n\u00e9rale des transitions et des bords des murs.<br \/>\n<\/p><br \/><\/p>","protected":false},"featured_media":7337,"template":"","categories":[67],"class_list":["post-7338","product","type-product","status-publish","has-post-thumbnail","hentry","category-architectural-aluminium-profile"],"meta_box":{"hilight_text_group":{"product_hilight_text":"<li>High-quality aluminum alloy ensures durability and lightweight performance<\/li>\r\r\n<li>Provides a clean, modern transition between wall materials or corners<\/li>\r\r\n<li>Corrosion-resistant surface suitable for humid and indoor environments<\/li>\r\r\n<li>Easy to install with adhesive or mechanical fasteners<\/li>\r\r\n<li>Available in various finishes, sizes, and colors to match interior styles<\/li>\r\r\n<li>Enhances aesthetics while protecting wall edges from damage<\/li>\r\r\n<li>Customizable profiles for residential and commercial design needs<\/li>","product_chanpin_blog":"<ul>\r\r\n<li><a href=\"https:\/\/sinoextrud.com\/t-slot-v-slot-differences\/\" target=\"_blank\">t slot vs v slot<\/a><\/li>\r\r\n<li><a href=\"https:\/\/sinoextrud.com\/what-is-4040-aluminium-extrud\/\" target=\"_blank\">4040 aluminium extrusion<\/a><\/li>\r\r\n<li><a href=\"https:\/\/sinoextrud.com\/what-is-4040-aluminium-extrud\/\" target=\"_blank\">aluminum extrusions for industrial racks<\/a><\/li>\r\r\n<li><a href=\"https:\/\/sinoextrud.com\/powder-coating-aluminium-process\/\" target=\"_blank\">powder coating aluminium<\/a><\/li>\r\r\n<li><a href=\"https:\/\/sinoextrud.com\/what-is-an-aluminium-strip-ceiling\/\" target=\"_blank\">aluminium strip ceiling<\/a><\/li>\r\r\n<li><a href=\"https:\/\/sinoextrud.com\/what-is-a-heat-sink\/\" target=\"_blank\">what is a heat sink<\/a><\/li>\r\r\n<\/ul>","product_chanpin_chanpin":"<li><a href=\"https:\/\/sinoextrud.com\/product\/aluminum-extrusion-profile-suppliers-for-good-kitchen-cabinet-manufacturers-cabinet-extrusion-pricing-construction-aluminium\/\" target=\"_blank\">aluminum extrusion profile suppliers for Good Kitchen cabinet manufacturers Cabinet extrusion pricing construction aluminium<\/a><\/li>\r\n<li><a href=\"https:\/\/sinoextrud.com\/product\/china-industrial-extruded-aluminium-heatsink-profile\/\" target=\"_blank\">China Industrial Extruded Aluminium Heatsink Profile<\/a><\/li>\r\n<li><a href=\"https:\/\/sinoextrud.com\/product\/aluminium-window-frame-profiles\/\" target=\"_blank\">Aluminium Window Frame Profiles<\/a><\/li>\r\n<li><a href=\"https:\/\/sinoextrud.com\/product\/customized-extruded-aluminum-enclosure-profile\/\" target=\"_blank\">Customized Extruded Aluminum Enclosure Profile<\/a><\/li>\r\n<li><a href=\"https:\/\/sinoextrud.com\/product\/aluminum-alloy-wall-decoration-edge-trim-strip\/\" target=\"_blank\">Aluminum Alloy Wall Decoration Edge Trim Strip<\/a><\/li>\r\n<li><a href=\"https:\/\/sinoextrud.com\/product\/aluminum-railing\/\" target=\"_blank\">Aluminum Railing<\/a><\/li>\r\n<li><a href=\"https:\/\/sinoextrud.com\/product\/aluminum-profile-for-office-partition-catalog\/\" target=\"_blank\">Aluminum Profile For Office Partition Catalog<\/a><\/li>\r\n<li><a href=\"https:\/\/sinoextrud.com\/product\/modular-aluminium-extrusions\/\" target=\"_blank\">Modular Aluminium Extrusions<\/a><\/li>\r\n<li><a href=\"https:\/\/sinoextrud.com\/product\/aluminum-corner-extrusion-profiles\/\" target=\"_blank\">Aluminum Corner Extrusion Profiles<\/a><\/li>\r\n<li><a href=\"https:\/\/sinoextrud.com\/product\/aluminium-supplier-china-offer-aluminium-u-channel-extrusion-shapes-profile-for-show-enclosure-cabin\/\" target=\"_blank\">Aluminium Supplier China Offer Aluminium U Channel Extrusion Shapes Profile For Show Enclosure Cabin<\/a><\/li>\r\n<li><a href=\"https:\/\/sinoextrud.com\/product\/aluminium-tube\/\" target=\"_blank\">Aluminium Tube<\/a><\/li>"},"feature_list":[]},"_links":{"self":[{"href":"https:\/\/sinoextrud.com\/fr\/wp-json\/wp\/v2\/product\/7338","targetHints":{"allow":["GET"]}}],"collection":[{"href":"https:\/\/sinoextrud.com\/fr\/wp-json\/wp\/v2\/product"}],"about":[{"href":"https:\/\/sinoextrud.com\/fr\/wp-json\/wp\/v2\/types\/product"}],"wp:featuredmedia":[{"embeddable":true,"href":"https:\/\/sinoextrud.com\/fr\/wp-json\/wp\/v2\/media\/7337"}],"wp:attachment":[{"href":"https:\/\/sinoextrud.com\/fr\/wp-json\/wp\/v2\/media?parent=7338"}],"wp:term":[{"taxonomy":"category","embeddable":true,"href":"https:\/\/sinoextrud.com\/fr\/wp-json\/wp\/v2\/categories?post=7338"}],"curies":[{"name":"wp","href":"https:\/\/api.w.org\/{rel}","templated":true}]}}