{"id":7332,"date":"2025-06-07T03:23:16","date_gmt":"2025-06-07T03:23:16","guid":{"rendered":"https:\/\/sinoextrud.com\/product\/china-industrial-extruded-aluminium-heatsink-profile\/"},"modified":"2025-06-24T06:12:33","modified_gmt":"2025-06-24T06:12:33","slug":"profile-de-dissipation-thermique-en-aluminium-extrude-de-chine","status":"publish","type":"product","link":"https:\/\/sinoextrud.com\/fr\/product\/china-industrial-extruded-aluminium-heatsink-profile\/","title":{"rendered":"Profil\u00e9 de dissipateur thermique en aluminium extrud\u00e9 pour l'industrie en Chine"},"content":{"rendered":"<h2>D\u00e9tails des produits<\/h2>\n<table class=\"custom-table\">\n<tr>\n<td class=\"label\">Article :<\/td>\n<td> Profil du dissipateur thermique en aluminium extrud\u00e9<\/td>\n<\/tr>\n<tr>\n<td class=\"label\">Application :<\/td>\n<td> Dissipateur thermique<\/td>\n<\/tr>\n<tr>\n<td class=\"label\">Grade :<\/td>\n<td> S\u00e9rie 6000<\/td>\n<\/tr>\n<tr>\n<td class=\"label\">Temp\u00e9rer :<\/td>\n<td> T3 - T8<\/td>\n<\/tr>\n<tr>\n<td class=\"label\">Utilisation :<\/td>\n<td> LED\/ Composant \u00e9lectronique<\/td>\n<\/tr>\n<tr>\n<td class=\"label\">Contr\u00f4le de la qualit\u00e9 :<\/td>\n<td> 100% Inspection avant exp\u00e9dition<\/td>\n<\/tr>\n<tr>\n<td class=\"label\">Emplacement de l'usine :<\/td>\n<td> Foshan, Chine<\/td>\n<\/tr>\n<tr>\n<td class=\"label\">Sp\u00e9cification :<\/td>\n<td> RoHS<\/td>\n<\/tr>\n<tr>\n<td class=\"label\">Type :<\/td>\n<td> Profil\u00e9s en aluminium<\/td>\n<\/tr>\n<tr>\n<td class=\"label\">Alliage :<\/td>\n<td> Alliage<\/td>\n<\/tr>\n<tr>\n<td class=\"label\">Certification :<\/td>\n<td> GB\/T<\/td>\n<\/tr>\n<tr>\n<td class=\"label\">Taille :<\/td>\n<td> Sur mesure<\/td>\n<\/tr>\n<tr>\n<td class=\"label\">Service :<\/td>\n<td> OEM\/ODM<\/td>\n<\/tr>\n<tr>\n<td class=\"label\">D\u00e9lai de livraison :<\/td>\n<td> 7-25 jours ouvrables (selon votre quantit\u00e9)<\/td>\n<\/tr>\n<tr>\n<td class=\"label\">D\u00e9tail de l'emballage :<\/td>\n<td> Emballage standard pour l'exportation<\/td>\n<\/tr>\n<tr>\n<td class=\"label\">Marque d\u00e9pos\u00e9e :<\/td>\n<td>Sinoextrud(Sinoextrud)\/ OEM<\/td>\n<\/tr>\n<tr>\n<td class=\"label\">Origine :<\/td>\n<td> Foshan, Chine<\/td>\n<\/tr>\n<\/table>\n<h2>Notre base de production<\/h2>\n<h3>Panorama de l'usine<\/h3>\n<p><img decoding=\"async\" src=\"\/wp-content\/uploads\/factory-01.webp\"\/><\/p>\n<h3>Atelier de fabrication de barres d'aluminium<\/h3>\n<p><img decoding=\"async\" src=\"\/wp-content\/uploads\/factory-02.webp\"\/><\/p>\n<\/p>\n<p><img decoding=\"async\" src=\"\/wp-content\/uploads\/factory-03.webp\"\/><\/p>\n<h3>Entrep\u00f4t de stockage des moules<\/h3>\n<p><img decoding=\"async\" src=\"\/wp-content\/uploads\/factory-04.webp\"\/><\/p>\n<h3>43 lignes d'extrusion d'aluminium (500 \u00e0 5500 tonnes)<\/h3>\n<p><img decoding=\"async\" src=\"\/wp-content\/uploads\/factory-05.webp\"\/><\/p>\n<p><img decoding=\"async\" src=\"\/wp-content\/uploads\/factory-06.webp\"\/><\/p>\n<p><img decoding=\"async\" src=\"\/wp-content\/uploads\/factory-07.webp\"\/><\/p>\n<h3>Atelier de peinture en poudre<\/h3>\n<p><img decoding=\"async\" src=\"\/wp-content\/uploads\/factory-09.webp\"\/><\/p>\n<h3>Atelier d'anodisation<\/h3>\n<p><img decoding=\"async\" src=\"\/wp-content\/uploads\/factory-10.webp\"\/><\/p>\n<h3>Atelier sur le traitement en profondeur<\/h3>\n<p><img decoding=\"async\" src=\"\/wp-content\/uploads\/factory-11.webp\"\/><\/p>\n<h3>Atelier d'usinage de pr\u00e9cision CNC<\/h3>\n<p><img decoding=\"async\" src=\"\/wp-content\/uploads\/factory-11.5.webp\"\/><\/p>\n<h3>Entrep\u00f4t de produits finis et d'exportation<\/h3>\n<p><img decoding=\"async\" src=\"\/wp-content\/uploads\/factory-12.webp\"\/><\/p>\n<p><img decoding=\"async\" src=\"\/wp-content\/uploads\/factory-13.webp\"\/><\/p>\n<p><img decoding=\"async\" src=\"\/wp-content\/uploads\/factory-14.webp\"\/><\/p>\n<h2>FAQ<\/h2>\n<p><b>1) Qu'est-ce qu'un profil\u00e9 industriel en aluminium extrud\u00e9 pour dissipateur thermique ?<\/b><\/p>\n<p>Il s'agit d'un profil\u00e9 en aluminium fabriqu\u00e9 en Chine \u00e0 l'aide d'une technologie d'extrusion, con\u00e7u pour dissiper la chaleur dans les syst\u00e8mes \u00e9lectroniques et m\u00e9caniques industriels.\n<\/p>\n<p><\/p>\n<p><b>2) Pourquoi choisir les profil\u00e9s de dissipation thermique en aluminium extrud\u00e9 de Chine ?<\/b><\/p>\n<p>La Chine propose des dissipateurs thermiques industriels en aluminium extrud\u00e9 de haute qualit\u00e9 \u00e0 des prix comp\u00e9titifs, avec des capacit\u00e9s de production fiables et des options de personnalisation.\n<\/p>\n<p><\/p>\n<p><b>3) Comment un profil de dissipateur thermique en aluminium am\u00e9liore-t-il le refroidissement ?<\/b><\/p>\n<p>Sa conductivit\u00e9 thermique \u00e9lev\u00e9e et sa structure d'ailettes optimis\u00e9e augmentent la surface, ce qui permet un transfert de chaleur plus rapide des composants vers l'environnement.\n<\/p>\n<p><\/p>\n<p><b>4. les profils des dissipateurs en aluminium peuvent-ils \u00eatre personnalis\u00e9s ?<\/b><\/p>\n<p>Oui, les fabricants proposent des extrusions personnalis\u00e9es en fonction des exigences thermiques, des dimensions, des caract\u00e9ristiques de montage et des finitions de surface.\n<\/p>\n<p><\/p>\n<p><b>5. les profil\u00e9s de dissipation thermique en aluminium de la Chine sont-ils rentables ?<\/b><\/p>\n<p>Dans l'absolu, les fournisseurs chinois proposent des prix comp\u00e9titifs sans compromettre la qualit\u00e9, ce qui les rend id\u00e9aux pour les applications industrielles \u00e0 grand volume.\n<\/p>\n<p><\/p>\n<p><b>6) Quelles sont les industries qui utilisent les profil\u00e9s de dissipation thermique en aluminium extrud\u00e9 ?<\/b><\/p>\n<p>Ces profils sont largement utilis\u00e9s dans l'\u00e9lectronique, l'automobile, l'\u00e9clairage LED, les alimentations \u00e9lectriques et les machines industrielles pour une gestion thermique efficace.\n<\/p>\n<p><\/p>\n<p><b>7. le traitement de surface des dissipateurs en aluminium est-il important ?<\/b><\/p>\n<p>Oui, l'anodisation ou le rev\u00eatement par poudre offre une r\u00e9sistance \u00e0 la corrosion et am\u00e9liore le rayonnement thermique, prolongeant ainsi la dur\u00e9e de vie et les performances du dissipateur thermique.\n<\/p>\n<p><\/p>","protected":false},"featured_media":7331,"template":"","categories":[67],"class_list":["post-7332","product","type-product","status-publish","has-post-thumbnail","hentry","category-architectural-aluminium-profile"],"meta_box":{"hilight_text_group":{"product_hilight_text":"<li>High thermal conductivity aluminum enhances heat dissipation efficiency<\/li>\r\r\n<li>Precision extrusion ensures consistent fin structure for optimal cooling<\/li>\r\r\n<li>Lightweight and durable design ideal for industrial applications<\/li>\r\r\n<li>Custom shapes and sizes available to fit specific heat management needs<\/li>\r\r\n<li>Cost-effective manufacturing from reliable China-based suppliers<\/li>\r\r\n<li>Corrosion-resistant surface treatment extends service life<\/li>","product_chanpin_blog":"<ul>\r\r\n<li><a href=\"https:\/\/sinoextrud.com\/t-slot-v-slot-differences\/\" target=\"_blank\">t slot vs v slot<\/a><\/li>\r\r\n<li><a href=\"https:\/\/sinoextrud.com\/what-is-4040-aluminium-extrud\/\" target=\"_blank\">4040 aluminium extrusion<\/a><\/li>\r\r\n<li><a href=\"https:\/\/sinoextrud.com\/what-is-4040-aluminium-extrud\/\" target=\"_blank\">aluminum extrusions for industrial racks<\/a><\/li>\r\r\n<li><a href=\"https:\/\/sinoextrud.com\/powder-coating-aluminium-process\/\" target=\"_blank\">powder coating aluminium<\/a><\/li>\r\r\n<li><a href=\"https:\/\/sinoextrud.com\/what-is-an-aluminium-strip-ceiling\/\" target=\"_blank\">aluminium strip ceiling<\/a><\/li>\r\r\n<li><a href=\"https:\/\/sinoextrud.com\/what-is-a-heat-sink\/\" target=\"_blank\">what is a heat sink<\/a><\/li>\r\r\n<\/ul>","product_chanpin_chanpin":"<li><a href=\"https:\/\/sinoextrud.com\/product\/roller-blind-aluminium-profiles\/\" target=\"_blank\">Roller blind aluminium profiles<\/a><\/li>\r\n<li><a href=\"https:\/\/sinoextrud.com\/product\/outdoor-aluminium-sun-shutters-louvres-system\/\" target=\"_blank\">Outdoor aluminium sun shutters( louvres) system<\/a><\/li>\r\n<li><a href=\"https:\/\/sinoextrud.com\/product\/anodized-and-powder-coated-t-slotted-aluminum-extrusion\/\" target=\"_blank\">Anodized and Powder Coated T-Slotted Aluminum Extrusion<\/a><\/li>\r\n<li><a href=\"https:\/\/sinoextrud.com\/product\/aluminum-extrusion-profile-suppliers-for-good-kitchen-cabinet-manufacturers-cabinet-extrusion-pricing-construction-aluminium\/\" target=\"_blank\">aluminum extrusion profile suppliers for Good Kitchen cabinet manufacturers Cabinet extrusion pricing construction aluminium<\/a><\/li>\r\n<li><a href=\"https:\/\/sinoextrud.com\/product\/china-industrial-extruded-aluminium-heatsink-profile\/\" target=\"_blank\">China Industrial Extruded Aluminium Heatsink Profile<\/a><\/li>\r\n<li><a href=\"https:\/\/sinoextrud.com\/product\/aluminium-window-frame-profiles\/\" target=\"_blank\">Aluminium Window Frame Profiles<\/a><\/li>\r\n<li><a href=\"https:\/\/sinoextrud.com\/product\/customized-extruded-aluminum-enclosure-profile\/\" target=\"_blank\">Customized Extruded Aluminum Enclosure Profile<\/a><\/li>\r\n<li><a href=\"https:\/\/sinoextrud.com\/product\/aluminum-alloy-wall-decoration-edge-trim-strip\/\" target=\"_blank\">Aluminum Alloy Wall Decoration Edge Trim Strip<\/a><\/li>\r\n<li><a href=\"https:\/\/sinoextrud.com\/product\/aluminum-railing\/\" target=\"_blank\">Aluminum Railing<\/a><\/li>\r\n<li><a href=\"https:\/\/sinoextrud.com\/product\/extruded-aluminum-tubing-shapes\/\" target=\"_blank\">Extruded Aluminum Tubing Shapes<\/a><\/li>\r\n<li><a href=\"https:\/\/sinoextrud.com\/product\/extruded-aluminum-enclosure-case\/\" target=\"_blank\">Extruded Aluminum Enclosure Case<\/a><\/li>"},"feature_list":[]},"_links":{"self":[{"href":"https:\/\/sinoextrud.com\/fr\/wp-json\/wp\/v2\/product\/7332","targetHints":{"allow":["GET"]}}],"collection":[{"href":"https:\/\/sinoextrud.com\/fr\/wp-json\/wp\/v2\/product"}],"about":[{"href":"https:\/\/sinoextrud.com\/fr\/wp-json\/wp\/v2\/types\/product"}],"wp:featuredmedia":[{"embeddable":true,"href":"https:\/\/sinoextrud.com\/fr\/wp-json\/wp\/v2\/media\/7331"}],"wp:attachment":[{"href":"https:\/\/sinoextrud.com\/fr\/wp-json\/wp\/v2\/media?parent=7332"}],"wp:term":[{"taxonomy":"category","embeddable":true,"href":"https:\/\/sinoextrud.com\/fr\/wp-json\/wp\/v2\/categories?post=7332"}],"curies":[{"name":"wp","href":"https:\/\/api.w.org\/{rel}","templated":true}]}}