{"id":7328,"date":"2025-06-07T03:18:26","date_gmt":"2025-06-07T03:18:26","guid":{"rendered":"https:\/\/sinoextrud.com\/product\/anodized-and-powder-coated-t-slotted-aluminum-extrusion\/"},"modified":"2025-06-24T06:12:33","modified_gmt":"2025-06-24T06:12:33","slug":"extrusion-daluminium-anodise-et-thermolaque-a-fentes-en-t","status":"publish","type":"product","link":"https:\/\/sinoextrud.com\/fr\/product\/anodized-and-powder-coated-t-slotted-aluminum-extrusion\/","title":{"rendered":"Extrusion d'aluminium anodis\u00e9 et rev\u00eatu de poudre pour rainures en T"},"content":{"rendered":"<h2>D\u00e9tails des produits<\/h2>\n<table class=\"custom-table\">\n<tr>\n<td class=\"label\">Application :<\/td>\n<td> Porte et fen\u00eatre, Dissipateur thermique, Paroi en verre, D\u00e9corations, Outils de transport<\/td>\n<\/tr>\n<tr>\n<td class=\"label\">Temp\u00e9rer :<\/td>\n<td> T3-T8<\/td>\n<\/tr>\n<tr>\n<td class=\"label\">Profil\u00e9s en aluminium pour portes et fen\u00eatres :<\/td>\n<td> S\u00e9rie 60<\/td>\n<\/tr>\n<tr>\n<td class=\"label\">Alliage :<\/td>\n<td> Alliage<\/td>\n<\/tr>\n<tr>\n<td class=\"label\">Mat\u00e9riau :<\/td>\n<td> 6063\/6061\/6005\/6060 T5\/T6<\/td>\n<\/tr>\n<tr>\n<td class=\"label\">Articles :<\/td>\n<td> Extrusion d'aluminium avec rainure en T<\/td>\n<\/tr>\n<tr>\n<td class=\"label\">Sp\u00e9cification :<\/td>\n<td> ISO 9001<\/td>\n<\/tr>\n<tr>\n<td class=\"label\">Code HS :<\/td>\n<td> 7604299000<\/td>\n<\/tr>\n<tr>\n<td class=\"label\">Certification :<\/td>\n<td> CE, ISO, GB<\/td>\n<\/tr>\n<tr>\n<td class=\"label\">Forme :<\/td>\n<td> Carr\u00e9<\/td>\n<\/tr>\n<tr>\n<td class=\"label\">Finition de la surface :<\/td>\n<td> Anodisation et rev\u00eatement par poudre <\/td>\n<\/tr>\n<tr>\n<td class=\"label\">Ingr\u00e9dient d'alliage :<\/td>\n<td> 6063<\/td>\n<\/tr>\n<tr>\n<td class=\"label\">Aluminium poli Profil :<\/td>\n<td> Polissage chimique<\/td>\n<\/tr>\n<tr>\n<td class=\"label\">Finition :<\/td>\n<td> Anodisation, rev\u00eatement par poudre, couleur bois, polissage<\/td>\n<\/tr>\n<tr>\n<td class=\"label\">Origine :<\/td>\n<td> Foshan, Chine<\/td>\n<\/tr>\n<\/table>\n<h2>Notre base de production<\/h2>\n<h3>Panorama de l'usine<\/h3>\n<p><img decoding=\"async\" src=\"\/wp-content\/uploads\/factory-01.webp\"\/><\/p>\n<h3>Atelier de fabrication de barres d'aluminium<\/h3>\n<p><img decoding=\"async\" src=\"\/wp-content\/uploads\/factory-02.webp\"\/><\/p>\n<p><img decoding=\"async\" src=\"\/wp-content\/uploads\/factory-03.webp\"\/><\/p>\n<h3>Entrep\u00f4t de stockage des moules<\/h3>\n<p><img decoding=\"async\" src=\"\/wp-content\/uploads\/factory-04.webp\"\/><\/p>\n<h3>43 lignes d'extrusion d'aluminium (500 \u00e0 5500 tonnes)<\/h3>\n<p><img decoding=\"async\" src=\"\/wp-content\/uploads\/factory-05.webp\"\/><\/p>\n<p><img decoding=\"async\" src=\"\/wp-content\/uploads\/factory-06.webp\"\/><\/p>\n<p><img decoding=\"async\" src=\"\/wp-content\/uploads\/factory-07.webp\"\/><\/p>\n<h3>Atelier de peinture en poudre<\/h3>\n<p><img decoding=\"async\" src=\"\/wp-content\/uploads\/factory-09.webp\"\/><\/p>\n<h3>Atelier d'anodisation<\/h3>\n<p><img decoding=\"async\" src=\"\/wp-content\/uploads\/factory-10.webp\"\/><\/p>\n<h3>Atelier sur le traitement en profondeur<\/h3>\n<p><img decoding=\"async\" src=\"\/wp-content\/uploads\/factory-11.webp\"\/><\/p>\n<h3>Atelier d'usinage de pr\u00e9cision CNC<\/h3>\n<p><img decoding=\"async\" src=\"\/wp-content\/uploads\/factory-11.5.webp\"\/><\/p>\n<h3>Entrep\u00f4t de produits finis et d'exportation<\/h3>\n<p><img decoding=\"async\" src=\"\/wp-content\/uploads\/factory-12.webp\"\/><\/p>\n<p><img decoding=\"async\" src=\"\/wp-content\/uploads\/factory-13.webp\"\/><\/p>\n<p><img decoding=\"async\" src=\"\/wp-content\/uploads\/factory-14.webp\"\/><\/p>\n<h2>FAQ<\/h2>\n<p><p><b>1) Qu'est-ce que l'extrusion d'aluminium anodis\u00e9 et rev\u00eatu de poudre pour rainures en T ?<\/b><\/p>\n<p>Il s'agit d'un profil\u00e9 modulaire en aluminium avec des rainures en T, fini par anodisation ou rev\u00eatement en poudre pour une durabilit\u00e9, une r\u00e9sistance \u00e0 la corrosion et une esth\u00e9tique accrues.<br \/>\n<\/p><br \/>\n<br \/>\n<p><b>2) Pourquoi utiliser l'extrusion d'aluminium \u00e0 rainures en T dans les applications industrielles ?<\/b><\/p>\n<p>L'extrusion d'aluminium \u00e0 rainures en T offre une conception flexible, un assemblage facile et un support structurel solide, id\u00e9al pour les syst\u00e8mes d'automatisation et les cadres industriels.<br \/>\n<\/p><br \/>\n<br \/>\n<p><b>3) Quels sont les avantages des finitions anodis\u00e9es et des rev\u00eatements en poudre ?<\/b><\/p>\n<p>Les finitions anodis\u00e9es et par poudrage offrent une protection de surface sup\u00e9rieure, une r\u00e9sistance \u00e0 la corrosion et des options de couleur pour diverses applications.<br \/>\n<\/p><br \/>\n<br \/>\n<p><b>4. ces extrusions d'aluminium peuvent-elles \u00eatre personnalis\u00e9es ?<\/b><\/p>\n<p>Oui, ils peuvent \u00eatre personnalis\u00e9s en termes de taille, de couleur et d'usinage pour r\u00e9pondre aux exigences sp\u00e9cifiques d'un projet ou d'un OEM.<br \/>\n<\/p><br \/>\n<br \/>\n<p><b>5. les profil\u00e9s aluminium rainur\u00e9s en T sont-ils faciles \u00e0 assembler ?<\/b><\/p>\n<p>En outre, la conception modulaire permet un montage rapide et sans outil \u00e0 l'aide de connecteurs et d'attaches standard.<br \/>\n<\/p><br \/>\n<br \/>\n<p><b>6. ce type d'extrusion d'aluminium convient-il \u00e0 une utilisation en ext\u00e9rieur ?<\/b><\/p>\n<p>Oui, les surfaces anodis\u00e9es et rev\u00eatues de poudre r\u00e9sistantes \u00e0 la corrosion permettent de l'utiliser aussi bien \u00e0 l'int\u00e9rieur qu'\u00e0 l'ext\u00e9rieur.<br \/>\n<\/p><br \/>\n<br \/>\n<p><b>7) Quelles sont les industries qui utilisent les profil\u00e9s d'aluminium anodis\u00e9s et rev\u00eatus de poudre ?<\/b><\/p>\n<p>Ils sont largement utilis\u00e9s dans les domaines de l'automatisation, de la fabrication, de la robotique, des salles blanches et des postes de travail personnalis\u00e9s en raison de leur adaptabilit\u00e9 et de leur durabilit\u00e9.<br \/>\n<\/p><br \/><\/p>","protected":false},"featured_media":7327,"template":"","categories":[67],"class_list":["post-7328","product","type-product","status-publish","has-post-thumbnail","hentry","category-architectural-aluminium-profile"],"meta_box":{"hilight_text_group":{"product_hilight_text":"<li>Durable anodized and powder coated finishes for enhanced surface protection<\/li>\r\r\n<li>T-slotted design allows flexible and modular assembly<\/li>\r\r\n<li>Corrosion-resistant for use in industrial and outdoor environments<\/li>\r\r\n<li>Compatible with a wide range of connectors and accessories<\/li>\r\r\n<li>Lightweight yet high-strength aluminum alloy ensures structural integrity<\/li>\r\r\n<li>Ideal for machine frames, workstations, enclosures, and automation systems<\/li>","product_chanpin_blog":"<ul>\r\r\n<li><a href=\"https:\/\/sinoextrud.com\/t-slot-v-slot-differences\/\" target=\"_blank\">t slot vs v slot<\/a><\/li>\r\r\n<li><a href=\"https:\/\/sinoextrud.com\/what-is-4040-aluminium-extrud\/\" target=\"_blank\">4040 aluminium extrusion<\/a><\/li>\r\r\n<li><a href=\"https:\/\/sinoextrud.com\/what-is-4040-aluminium-extrud\/\" target=\"_blank\">aluminum extrusions for industrial racks<\/a><\/li>\r\r\n<li><a href=\"https:\/\/sinoextrud.com\/powder-coating-aluminium-process\/\" target=\"_blank\">powder coating aluminium<\/a><\/li>\r\r\n<li><a href=\"https:\/\/sinoextrud.com\/what-is-an-aluminium-strip-ceiling\/\" target=\"_blank\">aluminium strip ceiling<\/a><\/li>\r\r\n<li><a href=\"https:\/\/sinoextrud.com\/what-is-a-heat-sink\/\" target=\"_blank\">what is a heat sink<\/a><\/li>\r\r\n<\/ul>","product_chanpin_chanpin":"<li><a href=\"https:\/\/sinoextrud.com\/product\/cabinet-aluminum-profile\/\" target=\"_blank\">Cabinet Aluminum Profile<\/a><\/li>\r\n<li><a href=\"https:\/\/sinoextrud.com\/product\/square-aluminum-tubing-with-anodized-mill-finish-polishing-treatment\/\" target=\"_blank\">Square Aluminum Tubing With Anodized Mill Finish Polishing Treatment<\/a><\/li>\r\n<li><a href=\"https:\/\/sinoextrud.com\/product\/roller-blind-aluminium-profiles\/\" target=\"_blank\">Roller blind aluminium profiles<\/a><\/li>\r\n<li><a href=\"https:\/\/sinoextrud.com\/product\/outdoor-aluminium-sun-shutters-louvres-system\/\" target=\"_blank\">Outdoor aluminium sun shutters( louvres) system<\/a><\/li>\r\n<li><a href=\"https:\/\/sinoextrud.com\/product\/anodized-and-powder-coated-t-slotted-aluminum-extrusion\/\" target=\"_blank\">Anodized and Powder Coated T-Slotted Aluminum Extrusion<\/a><\/li>\r\n<li><a href=\"https:\/\/sinoextrud.com\/product\/aluminum-extrusion-profile-suppliers-for-good-kitchen-cabinet-manufacturers-cabinet-extrusion-pricing-construction-aluminium\/\" target=\"_blank\">aluminum extrusion profile suppliers for Good Kitchen cabinet manufacturers Cabinet extrusion pricing construction aluminium<\/a><\/li>\r\n<li><a href=\"https:\/\/sinoextrud.com\/product\/china-industrial-extruded-aluminium-heatsink-profile\/\" target=\"_blank\">China Industrial Extruded Aluminium Heatsink Profile<\/a><\/li>\r\n<li><a href=\"https:\/\/sinoextrud.com\/product\/aluminium-window-frame-profiles\/\" target=\"_blank\">Aluminium Window Frame Profiles<\/a><\/li>\r\n<li><a href=\"https:\/\/sinoextrud.com\/product\/customized-extruded-aluminum-enclosure-profile\/\" target=\"_blank\">Customized Extruded Aluminum Enclosure Profile<\/a><\/li>\r\n<li><a href=\"https:\/\/sinoextrud.com\/product\/led-strip-lights-aluminum-profile\/\" target=\"_blank\">Led Strip Lights Aluminum Profile<\/a><\/li>\r\n<li><a href=\"https:\/\/sinoextrud.com\/product\/aluminum-tube-profile-processing-with-6060-material\/\" target=\"_blank\">Aluminum Tube Profile Processing with 6060 material<\/a><\/li>"},"feature_list":[]},"_links":{"self":[{"href":"https:\/\/sinoextrud.com\/fr\/wp-json\/wp\/v2\/product\/7328","targetHints":{"allow":["GET"]}}],"collection":[{"href":"https:\/\/sinoextrud.com\/fr\/wp-json\/wp\/v2\/product"}],"about":[{"href":"https:\/\/sinoextrud.com\/fr\/wp-json\/wp\/v2\/types\/product"}],"wp:featuredmedia":[{"embeddable":true,"href":"https:\/\/sinoextrud.com\/fr\/wp-json\/wp\/v2\/media\/7327"}],"wp:attachment":[{"href":"https:\/\/sinoextrud.com\/fr\/wp-json\/wp\/v2\/media?parent=7328"}],"wp:term":[{"taxonomy":"category","embeddable":true,"href":"https:\/\/sinoextrud.com\/fr\/wp-json\/wp\/v2\/categories?post=7328"}],"curies":[{"name":"wp","href":"https:\/\/api.w.org\/{rel}","templated":true}]}}