{"id":7326,"date":"2025-06-07T03:16:21","date_gmt":"2025-06-07T03:16:21","guid":{"rendered":"https:\/\/sinoextrud.com\/product\/outdoor-aluminium-sun-shutters-louvres-system\/"},"modified":"2025-06-24T06:12:32","modified_gmt":"2025-06-24T06:12:32","slug":"systeme-de-volets-solaires-en-aluminium-pour-lexterieur","status":"publish","type":"product","link":"https:\/\/sinoextrud.com\/fr\/product\/outdoor-aluminium-sun-shutters-louvres-system\/","title":{"rendered":"Syst\u00e8me de volets solaires en aluminium pour l'ext\u00e9rieur (louvres)"},"content":{"rendered":"<h2>D\u00e9tails des produits<\/h2>\n<table class=\"custom-table\">\n<tr>\n<td class=\"label\">Type :<\/td>\n<td> Syst\u00e8me de brise-soleil en aluminium pour l'ext\u00e9rieur\uff0cWindow &amp; Door Aluminium Profile, Handrail, Curtain Wall<\/td>\n<\/tr>\n<tr>\n<td class=\"label\">Grade :<\/td>\n<td>S\u00e9rie 1000<\/td>\n<\/tr>\n<tr>\n<td class=\"label\">Temp\u00e9rer :<\/td>\n<td>T3-T8<\/td>\n<\/tr>\n<tr>\n<td class=\"label\">Profil\u00e9s en aluminium pour portes et fen\u00eatres :<\/td>\n<td>S\u00e9rie 60<\/td>\n<\/tr>\n<tr>\n<td class=\"label\">Alliage :<\/td>\n<td>Alliage<\/td>\n<\/tr>\n<tr>\n<td class=\"label\">Finition de la surface :<\/td>\n<td>Oxydation anodique<\/td>\n<\/tr>\n<tr>\n<td class=\"label\">Ingr\u00e9dient d'alliage :<\/td>\n<td>6063<\/td>\n<\/tr>\n<tr>\n<td class=\"label\">Certification :<\/td>\n<td>ISO<\/td>\n<\/tr>\n<tr>\n<td class=\"label\">Aluminium poli Profil :<\/td>\n<td>Polissage m\u00e9canique<\/td>\n<\/tr>\n<tr>\n<td class=\"label\">Marque d\u00e9pos\u00e9e :<\/td>\n<td>Sinoextrud \/Sinoextrud\/Sinoextrud<\/td>\n<\/tr>\n<tr>\n<td class=\"label\">Sp\u00e9cification :<\/td>\n<td>ISO9001, ISO14001<\/td>\n<\/tr>\n<\/table>\n<h2>Notre base de production<\/h2>\n<h3>Panorama de l'usine<\/h3>\n<p><img decoding=\"async\" src=\"\/wp-content\/uploads\/factory-01.webp\"\/><\/p>\n<h3>Atelier de fabrication de barres d'aluminium<\/h3>\n<p><img decoding=\"async\" src=\"\/wp-content\/uploads\/factory-02.webp\"\/><\/p>\n<\/p>\n<p><img decoding=\"async\" src=\"\/wp-content\/uploads\/factory-03.webp\"\/><\/p>\n<h3>Entrep\u00f4t de stockage des moules<\/h3>\n<p><img decoding=\"async\" src=\"\/wp-content\/uploads\/factory-04.webp\"\/><\/p>\n<h3>43 lignes d'extrusion d'aluminium (500-5500 tonnes)<\/h3>\n<p><img decoding=\"async\" src=\"\/wp-content\/uploads\/factory-05.webp\"\/><\/p>\n<p><img decoding=\"async\" src=\"\/wp-content\/uploads\/factory-06.webp\"\/><\/p>\n<p><img decoding=\"async\" src=\"\/wp-content\/uploads\/factory-07.webp\"\/><\/p>\n<h3>Atelier de peinture en poudre<\/h3>\n<p><img decoding=\"async\" src=\"\/wp-content\/uploads\/factory-09.webp\"\/><\/p>\n<h3>Atelier d'anodisation<\/h3>\n<p><img decoding=\"async\" src=\"\/wp-content\/uploads\/factory-10.webp\"\/><\/p>\n<h3>Atelier sur le traitement en profondeur<\/h3>\n<p><img decoding=\"async\" src=\"\/wp-content\/uploads\/factory-11.webp\"\/><\/p>\n<h3>Atelier d'usinage de pr\u00e9cision CNC<\/h3>\n<p><img decoding=\"async\" src=\"\/wp-content\/uploads\/factory-11.5.webp\"\/><\/p>\n<h3>Entrep\u00f4t de produits finis et d'exportation<\/h3>\n<p><img decoding=\"async\" src=\"\/wp-content\/uploads\/factory-12.webp\"\/><\/p>\n<p><img decoding=\"async\" src=\"\/wp-content\/uploads\/factory-13.webp\"\/><\/p>\n<p><img decoding=\"async\" src=\"\/wp-content\/uploads\/factory-14.webp\"\/><\/p>\n<h2>FAQ<\/h2>\n<p><b>1) Qu'est-ce qu'un syst\u00e8me de volets solaires (persiennes) en aluminium pour l'ext\u00e9rieur ?<\/b><\/p>\n<p>Un syst\u00e8me de volets solaires en aluminium pour l'ext\u00e9rieur est une solution de protection solaire en aluminium durable, con\u00e7ue pour contr\u00f4ler la lumi\u00e8re, la chaleur et la circulation de l'air dans les applications ext\u00e9rieures.\n<\/p>\n<p><\/p>\n<p><b>2. pourquoi utiliser l'aluminium pour les volets solaires ou les persiennes ?<\/b><\/p>\n<p>L'aluminium est l\u00e9ger, r\u00e9sistant \u00e0 la corrosion et tr\u00e8s durable, ce qui le rend parfait pour une utilisation ext\u00e9rieure \u00e0 long terme dans les syst\u00e8mes de volets roulants.\n<\/p>\n<p><\/p>\n<p><b>3. les persiennes en aluminium pour l'ext\u00e9rieur sont-elles r\u00e9glables ?<\/b><\/p>\n<p>Oui, les persiennes sont con\u00e7ues pour \u00eatre r\u00e9glables, ce qui permet un contr\u00f4le pr\u00e9cis de la lumi\u00e8re du soleil, de l'ombre et de la ventilation.\n<\/p>\n<p><\/p>\n<p><b>4. les volets solaires ext\u00e9rieurs en aluminium peuvent-ils \u00eatre personnalis\u00e9s ?<\/b><\/p>\n<p>Dans l'absolu, ces syst\u00e8mes peuvent \u00eatre personnalis\u00e9s en termes de taille, de couleur, de finition et de configuration des lames afin de s'adapter \u00e0 diverses conceptions architecturales.\n<\/p>\n<p><\/p>\n<p><b>5) Les brise-soleil en aluminium am\u00e9liorent-ils l'efficacit\u00e9 \u00e9nerg\u00e9tique ?<\/b><\/p>\n<p>Oui, les brise-soleil en aluminium contribuent \u00e0 r\u00e9duire les apports de chaleur \u00e0 l'int\u00e9rieur des b\u00e2timents, ce qui permet de r\u00e9duire les co\u00fbts de climatisation et d'am\u00e9liorer l'efficacit\u00e9 \u00e9nerg\u00e9tique des b\u00e2timents.\n<\/p>\n<p><\/p>\n<p><b>6. les syst\u00e8mes de grilles en aluminium sont-ils adapt\u00e9s aux environnements c\u00f4tiers ?<\/b><\/p>\n<p>En effet, les propri\u00e9t\u00e9s de r\u00e9sistance \u00e0 la corrosion de l'aluminium font de ces syst\u00e8mes de grilles des solutions id\u00e9ales pour les climats c\u00f4tiers et humides.\n<\/p>\n<p><\/p>\n<p><b>7. Quel entretien les syst\u00e8mes de grilles en aluminium n\u00e9cessitent-ils ?<\/b><\/p>\n<p>Les syst\u00e8mes de grilles en aluminium pour l'ext\u00e9rieur ne n\u00e9cessitent qu'un minimum d'entretien, en g\u00e9n\u00e9ral un simple nettoyage p\u00e9riodique pour pr\u00e9server l'aspect et la fonctionnalit\u00e9 du produit.\n<\/p>\n<p><\/p>","protected":false},"featured_media":7325,"template":"","categories":[67],"class_list":["post-7326","product","type-product","status-publish","has-post-thumbnail","hentry","category-architectural-aluminium-profile"],"meta_box":{"hilight_text_group":{"product_hilight_text":"<li>Durable aluminum construction withstands outdoor weather conditions<\/li>\r\r\n<li>Adjustable louvre design provides optimal sunlight and ventilation control<\/li>\r\r\n<li>Corrosion-resistant surface ideal for coastal and humid areas<\/li>\r\r\n<li>Modern aesthetic enhances building exterior appearance<\/li>\r\r\n<li>Low maintenance and long-lasting performance<\/li>\r\r\n<li>Customizable sizes, colors, and configurations for diverse architectural needs<\/li>","product_chanpin_blog":"<ul>\r\r\n<li><a href=\"https:\/\/sinoextrud.com\/t-slot-v-slot-differences\/\" target=\"_blank\">t slot vs v slot<\/a><\/li>\r\r\n<li><a href=\"https:\/\/sinoextrud.com\/what-is-4040-aluminium-extrud\/\" target=\"_blank\">4040 aluminium extrusion<\/a><\/li>\r\r\n<li><a href=\"https:\/\/sinoextrud.com\/what-is-4040-aluminium-extrud\/\" target=\"_blank\">aluminum extrusions for industrial racks<\/a><\/li>\r\r\n<li><a href=\"https:\/\/sinoextrud.com\/powder-coating-aluminium-process\/\" target=\"_blank\">powder coating aluminium<\/a><\/li>\r\r\n<li><a href=\"https:\/\/sinoextrud.com\/what-is-an-aluminium-strip-ceiling\/\" target=\"_blank\">aluminium strip ceiling<\/a><\/li>\r\r\n<li><a href=\"https:\/\/sinoextrud.com\/what-is-a-heat-sink\/\" target=\"_blank\">what is a heat sink<\/a><\/li>\r\r\n<\/ul>","product_chanpin_chanpin":"<li><a href=\"https:\/\/sinoextrud.com\/product\/aluminium-profile-structure\/\" target=\"_blank\">Aluminium Profile Structure<\/a><\/li>\r\n<li><a href=\"https:\/\/sinoextrud.com\/product\/cabinet-aluminum-profile\/\" target=\"_blank\">Cabinet Aluminum Profile<\/a><\/li>\r\n<li><a href=\"https:\/\/sinoextrud.com\/product\/square-aluminum-tubing-with-anodized-mill-finish-polishing-treatment\/\" target=\"_blank\">Square Aluminum Tubing With Anodized Mill Finish Polishing Treatment<\/a><\/li>\r\n<li><a href=\"https:\/\/sinoextrud.com\/product\/roller-blind-aluminium-profiles\/\" target=\"_blank\">Roller blind aluminium profiles<\/a><\/li>\r\n<li><a href=\"https:\/\/sinoextrud.com\/product\/outdoor-aluminium-sun-shutters-louvres-system\/\" target=\"_blank\">Outdoor aluminium sun shutters( louvres) system<\/a><\/li>\r\n<li><a href=\"https:\/\/sinoextrud.com\/product\/anodized-and-powder-coated-t-slotted-aluminum-extrusion\/\" target=\"_blank\">Anodized and Powder Coated T-Slotted Aluminum Extrusion<\/a><\/li>\r\n<li><a href=\"https:\/\/sinoextrud.com\/product\/aluminum-extrusion-profile-suppliers-for-good-kitchen-cabinet-manufacturers-cabinet-extrusion-pricing-construction-aluminium\/\" target=\"_blank\">aluminum extrusion profile suppliers for Good Kitchen cabinet manufacturers Cabinet extrusion pricing construction aluminium<\/a><\/li>\r\n<li><a href=\"https:\/\/sinoextrud.com\/product\/china-industrial-extruded-aluminium-heatsink-profile\/\" target=\"_blank\">China Industrial Extruded Aluminium Heatsink Profile<\/a><\/li>\r\n<li><a href=\"https:\/\/sinoextrud.com\/product\/aluminium-window-frame-profiles\/\" target=\"_blank\">Aluminium Window Frame Profiles<\/a><\/li>\r\n<li><a href=\"https:\/\/sinoextrud.com\/product\/aluminium-6061\/\" target=\"_blank\">Aluminium 6061<\/a><\/li>\r\n<li><a href=\"https:\/\/sinoextrud.com\/product\/factory-offer-extrude-aluminium-track-profile\/\" target=\"_blank\">Factory Offer Extrude Aluminium Track Profile<\/a><\/li>"},"feature_list":[]},"_links":{"self":[{"href":"https:\/\/sinoextrud.com\/fr\/wp-json\/wp\/v2\/product\/7326","targetHints":{"allow":["GET"]}}],"collection":[{"href":"https:\/\/sinoextrud.com\/fr\/wp-json\/wp\/v2\/product"}],"about":[{"href":"https:\/\/sinoextrud.com\/fr\/wp-json\/wp\/v2\/types\/product"}],"wp:featuredmedia":[{"embeddable":true,"href":"https:\/\/sinoextrud.com\/fr\/wp-json\/wp\/v2\/media\/7325"}],"wp:attachment":[{"href":"https:\/\/sinoextrud.com\/fr\/wp-json\/wp\/v2\/media?parent=7326"}],"wp:term":[{"taxonomy":"category","embeddable":true,"href":"https:\/\/sinoextrud.com\/fr\/wp-json\/wp\/v2\/categories?post=7326"}],"curies":[{"name":"wp","href":"https:\/\/api.w.org\/{rel}","templated":true}]}}