{"id":7324,"date":"2025-06-07T03:14:47","date_gmt":"2025-06-07T03:14:47","guid":{"rendered":"https:\/\/sinoextrud.com\/product\/roller-blind-aluminium-profiles\/"},"modified":"2025-06-24T06:12:31","modified_gmt":"2025-06-24T06:12:31","slug":"profiles-daluminium-pour-stores-a-enroulement","status":"publish","type":"product","link":"https:\/\/sinoextrud.com\/fr\/product\/roller-blind-aluminium-profiles\/","title":{"rendered":"Profil\u00e9s d'aluminium pour stores \u00e0 enroulement"},"content":{"rendered":"<h2>D\u00e9tails des produits<\/h2>\n<table class=\"custom-table\">\n<tbody>\n<tr>\n<td> Produit<\/td>\n<td> Profil\u00e9s d'aluminium pour stores \u00e0 enroulement<\/td>\n<\/tr>\n<tr>\n<td> Marque<\/td>\n<td> Sinoextrud Aluminium<\/td>\n<\/tr>\n<tr>\n<td> Alliage<\/td>\n<td> 6063,6061,6005,6082<\/td>\n<\/tr>\n<tr>\n<td> Temp\u00e9rer<\/td>\n<td> T4,T5,T6<\/td>\n<\/tr>\n<tr>\n<td> \u00c9paisseur<\/td>\n<td> 0,4mm-500mm<\/td>\n<\/tr>\n<tr>\n<td> Taille<\/td>\n<td> sur mesure<\/td>\n<\/tr>\n<tr>\n<td> Tol\u00e9rance<\/td>\n<td> +\/-0,1 mm<\/td>\n<\/tr>\n<tr>\n<td> Finition<\/td>\n<td> anodisation argent\u00e9e, alcali, sablage alcalin, tr\u00e9filage (brossage), polissage, rev\u00eatement par poudre, \u00e9lectrophor\u00e8se, diff\u00e9rentes couleurs (argent, inox satin\u00e9, noir mat, rouge, marron, or, champagne, etc.)<\/td>\n<\/tr>\n<tr>\n<td> Certification<\/td>\n<td> ISO9001:2008<\/td>\n<\/tr>\n<tr>\n<td> Processus CNC<\/td>\n<td> Usinage CNC, forgeage, pliage, soudage, estampage, d\u00e9coupe de pr\u00e9cision<\/td>\n<\/tr>\n<tr>\n<td> \u00c9chantillon<\/td>\n<td> gratuit<\/td>\n<\/tr>\n<tr>\n<td> MOQ<\/td>\n<td> 200KG<\/td>\n<\/tr>\n<\/tbody>\n<\/table>\n<h2>Notre base de production<\/h2>\n<h3>Panorama de l'usine<\/h3>\n<p><img decoding=\"async\" src=\"\/wp-content\/uploads\/factory-01.webp\"\/><\/p>\n<h3>Atelier de fabrication de barres d'aluminium<\/h3>\n<p><img decoding=\"async\" src=\"\/wp-content\/uploads\/factory-02.webp\"\/><\/p>\n<p><img decoding=\"async\" src=\"\/wp-content\/uploads\/factory-03.webp\"\/><\/p>\n<h3>Entrep\u00f4t de stockage des moules<\/h3>\n<p><img decoding=\"async\" src=\"\/wp-content\/uploads\/factory-04.webp\"\/><\/p>\n<h3>43 lignes d'extrusion d'aluminium (500 \u00e0 5500 tonnes)<\/h3>\n<p><img decoding=\"async\" src=\"\/wp-content\/uploads\/factory-05.webp\"\/><\/p>\n<p><img decoding=\"async\" src=\"\/wp-content\/uploads\/factory-06.webp\"\/><\/p>\n<p><img decoding=\"async\" src=\"\/wp-content\/uploads\/factory-07.webp\"\/><\/p>\n<h3>Atelier de peinture en poudre<\/h3>\n<p><img decoding=\"async\" src=\"\/wp-content\/uploads\/factory-09.webp\"\/><\/p>\n<h3>Atelier d'anodisation<\/h3>\n<p><img decoding=\"async\" src=\"\/wp-content\/uploads\/factory-10.webp\"\/><\/p>\n<h3>Atelier sur le traitement en profondeur<\/h3>\n<p><img decoding=\"async\" src=\"\/wp-content\/uploads\/factory-11.webp\"\/><\/p>\n<h3>Atelier d'usinage de pr\u00e9cision CNC<\/h3>\n<p><img decoding=\"async\" src=\"\/wp-content\/uploads\/factory-11.5.webp\"\/><\/p>\n<h3>Entrep\u00f4t de produits finis et d'exportation<\/h3>\n<p><img decoding=\"async\" src=\"\/wp-content\/uploads\/factory-12.webp\"\/><\/p>\n<p><img decoding=\"async\" src=\"\/wp-content\/uploads\/factory-13.webp\"\/><\/p>\n<p><img decoding=\"async\" src=\"\/wp-content\/uploads\/factory-14.webp\"\/><\/p>\n<h2>FAQ<\/h2>\n<p><p><b>1) Qu'est-ce qu'un profil\u00e9 en aluminium pour store ?<\/b><\/p>\n<p>Les profil\u00e9s en aluminium pour stores \u00e0 enroulement sont des cadres extrud\u00e9s utilis\u00e9s pour soutenir et actionner des stores \u00e0 enroulement en tissu dans des environnements r\u00e9sidentiels ou commerciaux.<br \/>\n<\/p><br \/>\n<br \/>\n<p><b>2. Pourquoi utiliser des profil\u00e9s en aluminium pour les stores \u00e0 enroulement ?<\/b><\/p>\n<p>L'aluminium est l\u00e9ger, solide et r\u00e9sistant \u00e0 la corrosion, ce qui le rend id\u00e9al pour un fonctionnement en douceur et une utilisation \u00e0 long terme.<br \/>\n<\/p><br \/>\n<br \/>\n<p><b>3. ces profils peuvent-ils \u00eatre personnalis\u00e9s ?<\/b><\/p>\n<p>Oui, les profil\u00e9s en aluminium des stores peuvent \u00eatre personnalis\u00e9s en termes de taille, de finition et de design afin de s'adapter aux diff\u00e9rentes exigences en mati\u00e8re de fen\u00eatres et d'int\u00e9rieurs.<br \/>\n<\/p><br \/>\n<br \/>\n<p><b>4. les profil\u00e9s en aluminium sont-ils compatibles avec tous les syst\u00e8mes de stores ?<\/b><\/p>\n<p>La plupart des profils sont con\u00e7us pour \u00eatre compatibles avec les composants standard des stores \u00e0 enroulement, notamment les tubes, les supports et les embouts.<br \/>\n<\/p><br \/>\n<br \/>\n<p><b>5. quelles sont les finitions disponibles ?<\/b><\/p>\n<p>Les finitions les plus courantes sont l'anodisation, le rev\u00eatement par poudre, le brossage et la finition mate, qui offrent \u00e0 la fois un attrait esth\u00e9tique et une protection.<br \/>\n<\/p><br \/>\n<br \/>\n<p><b>6. l'installation des profil\u00e9s de stores \u00e0 enroulement est-elle facile ?<\/b><\/p>\n<p>Oui, ils sont con\u00e7us pour une installation rapide et simple avec un minimum d'outils.<br \/>\n<\/p><br \/>\n<br \/>\n<p><b>7. ces profils conviennent-ils aux environnements humides ?<\/b><\/p>\n<p>Oui, l'aluminium anodis\u00e9 et rev\u00eatu r\u00e9siste \u00e0 l'humidit\u00e9, ce qui le rend adapt\u00e9 aux cuisines, aux salles de bains et aux zones c\u00f4ti\u00e8res.<br \/>\n<\/p><br \/>\n<br \/>\n<p><b>8. l'aluminium est-il un mat\u00e9riau durable pour les stores ?<\/b><\/p>\n<p>Oui, l'aluminium est 100% recyclable et contribue \u00e0 une d\u00e9coration int\u00e9rieure respectueuse de l'environnement.<br \/>\n<\/p><br \/><\/p>","protected":false},"featured_media":7323,"template":"","categories":[67],"class_list":["post-7324","product","type-product","status-publish","has-post-thumbnail","hentry","category-architectural-aluminium-profile"],"meta_box":{"hilight_text_group":{"product_hilight_text":"<li>Lightweight aluminum ensures easy roller blind operation<\/li>\r\r\n<li>Corrosion-resistant surface ideal for long-term indoor use<\/li>\r\r\n<li>Compatible with various fabric and blind mechanisms<\/li>\r\r\n<li>Available in multiple finishes including anodized and powder-coated<\/li>\r\r\n<li>Customizable sizes and designs to fit different window systems<\/li>\r\r\n<li>Sleek and modern design enhances interior aesthetics<\/li>\r\r\n<li>Durable material supports frequent use and extended lifespan<\/li>","product_chanpin_blog":"<ul>\r\r\n<li><a href=\"https:\/\/sinoextrud.com\/t-slot-v-slot-differences\/\" target=\"_blank\">t slot vs v slot<\/a><\/li>\r\r\n<li><a href=\"https:\/\/sinoextrud.com\/what-is-4040-aluminium-extrud\/\" target=\"_blank\">4040 aluminium extrusion<\/a><\/li>\r\r\n<li><a href=\"https:\/\/sinoextrud.com\/what-is-4040-aluminium-extrud\/\" target=\"_blank\">aluminum extrusions for industrial racks<\/a><\/li>\r\r\n<li><a href=\"https:\/\/sinoextrud.com\/powder-coating-aluminium-process\/\" target=\"_blank\">powder coating aluminium<\/a><\/li>\r\r\n<li><a href=\"https:\/\/sinoextrud.com\/what-is-an-aluminium-strip-ceiling\/\" target=\"_blank\">aluminium strip ceiling<\/a><\/li>\r\r\n<li><a href=\"https:\/\/sinoextrud.com\/what-is-a-heat-sink\/\" target=\"_blank\">what is a heat sink<\/a><\/li>\r\r\n<\/ul>","product_chanpin_chanpin":"<li><a href=\"https:\/\/sinoextrud.com\/product\/china-aluminum-angle-bar-alloy-profile\/\" target=\"_blank\">China Aluminum Angle Bar Alloy Profile<\/a><\/li>\r\n<li><a href=\"https:\/\/sinoextrud.com\/product\/aluminium-profile-structure\/\" target=\"_blank\">Aluminium Profile Structure<\/a><\/li>\r\n<li><a href=\"https:\/\/sinoextrud.com\/product\/cabinet-aluminum-profile\/\" target=\"_blank\">Cabinet Aluminum Profile<\/a><\/li>\r\n<li><a href=\"https:\/\/sinoextrud.com\/product\/square-aluminum-tubing-with-anodized-mill-finish-polishing-treatment\/\" target=\"_blank\">Square Aluminum Tubing With Anodized Mill Finish Polishing Treatment<\/a><\/li>\r\n<li><a href=\"https:\/\/sinoextrud.com\/product\/roller-blind-aluminium-profiles\/\" target=\"_blank\">Roller blind aluminium profiles<\/a><\/li>\r\n<li><a href=\"https:\/\/sinoextrud.com\/product\/outdoor-aluminium-sun-shutters-louvres-system\/\" target=\"_blank\">Outdoor aluminium sun shutters( louvres) system<\/a><\/li>\r\n<li><a href=\"https:\/\/sinoextrud.com\/product\/anodized-and-powder-coated-t-slotted-aluminum-extrusion\/\" target=\"_blank\">Anodized and Powder Coated T-Slotted Aluminum Extrusion<\/a><\/li>\r\n<li><a href=\"https:\/\/sinoextrud.com\/product\/aluminum-extrusion-profile-suppliers-for-good-kitchen-cabinet-manufacturers-cabinet-extrusion-pricing-construction-aluminium\/\" target=\"_blank\">aluminum extrusion profile suppliers for Good Kitchen cabinet manufacturers Cabinet extrusion pricing construction aluminium<\/a><\/li>\r\n<li><a href=\"https:\/\/sinoextrud.com\/product\/china-industrial-extruded-aluminium-heatsink-profile\/\" target=\"_blank\">China Industrial Extruded Aluminium Heatsink Profile<\/a><\/li>\r\n<li><a href=\"https:\/\/sinoextrud.com\/product\/aluminium-extrusion-profile-for-led-light-strip-heat-sink\/\" target=\"_blank\">Aluminium Extrusion Profile For LED Light Strip Heat Sink<\/a><\/li>\r\n<li><a href=\"https:\/\/sinoextrud.com\/product\/aluminum-frame-extrusion-profiles\/\" target=\"_blank\">Aluminum Frame Extrusion Profiles<\/a><\/li>"},"feature_list":[]},"_links":{"self":[{"href":"https:\/\/sinoextrud.com\/fr\/wp-json\/wp\/v2\/product\/7324","targetHints":{"allow":["GET"]}}],"collection":[{"href":"https:\/\/sinoextrud.com\/fr\/wp-json\/wp\/v2\/product"}],"about":[{"href":"https:\/\/sinoextrud.com\/fr\/wp-json\/wp\/v2\/types\/product"}],"wp:featuredmedia":[{"embeddable":true,"href":"https:\/\/sinoextrud.com\/fr\/wp-json\/wp\/v2\/media\/7323"}],"wp:attachment":[{"href":"https:\/\/sinoextrud.com\/fr\/wp-json\/wp\/v2\/media?parent=7324"}],"wp:term":[{"taxonomy":"category","embeddable":true,"href":"https:\/\/sinoextrud.com\/fr\/wp-json\/wp\/v2\/categories?post=7324"}],"curies":[{"name":"wp","href":"https:\/\/api.w.org\/{rel}","templated":true}]}}