{"id":7310,"date":"2025-06-07T02:49:11","date_gmt":"2025-06-07T02:49:11","guid":{"rendered":"https:\/\/sinoextrud.com\/product\/aluminium-profile-frame-for-fly-screen\/"},"modified":"2025-06-24T06:12:30","modified_gmt":"2025-06-24T06:12:30","slug":"cadre-en-profile-daluminium-pour-moustiquaire","status":"publish","type":"product","link":"https:\/\/sinoextrud.com\/fr\/product\/aluminium-profile-frame-for-fly-screen\/","title":{"rendered":"Cadre en profil\u00e9 d'aluminium pour moustiquaire"},"content":{"rendered":"<h2>D\u00e9tails des produits<\/h2>\n<table class=\"custom-table\">\n<tbody>\n<tr>\n<td> 1<\/td>\n<td> Nom de la marque<\/td>\n<td> Sinoextrud<\/td>\n<\/tr>\n<tr>\n<td> 2<\/td>\n<td> Mat\u00e9riau<\/td>\n<td> Alliage 6063<\/td>\n<\/tr>\n<tr>\n<td> 3<\/td>\n<td> Temp\u00e9rer<\/td>\n<td> T5<\/td>\n<\/tr>\n<tr>\n<td> 4<\/td>\n<td> Certificat<\/td>\n<td> ISO9001, ISO14001<\/td>\n<\/tr>\n<tr>\n<td> 5<\/td>\n<td> Capacit\u00e9<\/td>\n<td> Production annuelle 200 000 tonnes<\/td>\n<\/tr>\n<tr>\n<td> 6<\/td>\n<td> Couleur<\/td>\n<td> Personnalis\u00e9 disponible<\/td>\n<\/tr>\n<tr>\n<td> 7<\/td>\n<td> Longueur<\/td>\n<td> Moins de 7,2 millions d'euros<\/td>\n<\/tr>\n<tr>\n<td> 8<\/td>\n<td> \u00c9paisseur<\/td>\n<td> Sup\u00e9rieure \u00e0 1,2 mm<\/td>\n<\/tr>\n<tr>\n<td> 9<\/td>\n<td> Finition de la surface<\/td>\n<td> finition en usine, anodisation, \u00e9lectrophor\u00e8se, rev\u00eatement en poudre, transfert de bois, rev\u00eatement en fluorocarbone, etc.<\/td>\n<\/tr>\n<tr>\n<td> 10<\/td>\n<td> Application<\/td>\n<td> section de fen\u00eatre et de porte, main courante, mur-rideau<\/td>\n<\/tr>\n<tr>\n<td> 11<\/td>\n<td> Port de chargement<\/td>\n<td> Port de Shanghai<\/td>\n<\/tr>\n<tr>\n<td> 12<\/td>\n<td> Paiement<\/td>\n<td> T\/T ou L\/C \u00e0 vue<\/td>\n<\/tr>\n<tr>\n<td> 13<\/td>\n<td> Paquet<\/td>\n<td> 1. emballage sous film r\u00e9tractable<br \/>\n2. selon la demande du client.<\/td>\n<\/tr>\n<tr>\n<td> 14<\/td>\n<td> Livraison<\/td>\n<td> 20-30 jours apr\u00e8s le versement de l'acompte<\/td>\n<\/tr>\n<tr>\n<td> 15<\/td>\n<td> Ordre de passage<\/td>\n<td> 1. Confirmer les dessins, le traitement de surface et le prix ;<br \/>\n2. Payez les frais de moulage et nous commencerons \u00e0 fabriquer les moules ;<br \/>\n3. Nous vous envoyons des \u00e9chantillons pour confirmation ;<br \/>\n4. Paiement de la caution 30%, lancement de la production ;<\/td>\n<\/tr>\n<\/tbody>\n<\/table>\n<h2>Notre base de production<\/h2>\n<h3>Panorama de l'usine<\/h3>\n<p><img decoding=\"async\" src=\"\/wp-content\/uploads\/factory-01.webp\"\/><\/p>\n<h3>Atelier de fabrication de barres d'aluminium<\/h3>\n<p><img decoding=\"async\" src=\"\/wp-content\/uploads\/factory-02.webp\"\/><\/p>\n<\/p>\n<p><img decoding=\"async\" src=\"\/wp-content\/uploads\/factory-03.webp\"\/><\/p>\n<h3>Entrep\u00f4t de stockage des moules<\/h3>\n<p><img decoding=\"async\" src=\"\/wp-content\/uploads\/factory-04.webp\"\/><\/p>\n<h3>43 lignes d'extrusion d'aluminium (500 \u00e0 5500 tonnes)<\/h3>\n<p><img decoding=\"async\" src=\"\/wp-content\/uploads\/factory-05.webp\"\/><\/p>\n<p><img decoding=\"async\" src=\"\/wp-content\/uploads\/factory-06.webp\"\/><\/p>\n<p><img decoding=\"async\" src=\"\/wp-content\/uploads\/factory-07.webp\"\/><\/p>\n<h3>Atelier de peinture en poudre<\/h3>\n<p><img decoding=\"async\" src=\"\/wp-content\/uploads\/factory-09.webp\"\/><\/p>\n<h3>Atelier d'anodisation<\/h3>\n<p><img decoding=\"async\" src=\"\/wp-content\/uploads\/factory-10.webp\"\/><\/p>\n<h3>Atelier sur le traitement en profondeur<\/h3>\n<p><img decoding=\"async\" src=\"\/wp-content\/uploads\/factory-11.webp\"\/><\/p>\n<h3>Atelier d'usinage de pr\u00e9cision CNC<\/h3>\n<p><img decoding=\"async\" src=\"\/wp-content\/uploads\/factory-11.5.webp\"\/><\/p>\n<h3>Entrep\u00f4t de produits finis et d'exportation<\/h3>\n<p><img decoding=\"async\" src=\"\/wp-content\/uploads\/factory-12.webp\"\/><\/p>\n<p><img decoding=\"async\" src=\"\/wp-content\/uploads\/factory-13.webp\"\/><\/p>\n<p><img decoding=\"async\" src=\"\/wp-content\/uploads\/factory-14.webp\"\/><\/p>\n<h2>FAQ<\/h2>\n<p><b>1) Qu'est-ce qu'un cadre profil\u00e9 en aluminium pour moustiquaire ?<\/b><\/p>\n<p>Il s'agit d'un cadre en aluminium durable et l\u00e9ger utilis\u00e9 pour maintenir en place les mailles de la moustiquaire des fen\u00eatres et des portes.\n<\/p>\n<p><\/p>\n<p><b>2) Pourquoi choisir des cadres en aluminium pour les moustiquaires ?<\/b><\/p>\n<p>L'aluminium offre une excellente r\u00e9sistance \u00e0 la corrosion, un faible poids et une grande durabilit\u00e9, ce qui le rend id\u00e9al pour une utilisation \u00e0 long terme des moustiquaires.\n<\/p>\n<p><\/p>\n<p><b>3. les cadres des moustiquaires en aluminium peuvent-ils \u00eatre personnalis\u00e9s ?<\/b><\/p>\n<p>Oui, ils peuvent \u00eatre adapt\u00e9s en termes de dimensions, de forme de la section, de couleur et de traitement de surface pour diff\u00e9rentes installations.\n<\/p>\n<p><\/p>\n<p><b>4. ces cadres conviennent-ils pour des applications ext\u00e9rieures ?<\/b><\/p>\n<p>De plus, les propri\u00e9t\u00e9s anticorrosion de l'aluminium rendent les cadres id\u00e9aux pour une exposition ext\u00e9rieure \u00e0 la pluie, au soleil et \u00e0 l'humidit\u00e9.\n<\/p>\n<p><\/p>\n<p><b>5. quels types de mailles sont compatibles avec les cadres de moustiquaires en aluminium ?<\/b><\/p>\n<p>Ils sont compatibles avec les types de mailles en fibre de verre, en aluminium, en acier inoxydable et en polyester, en fonction des cas d'utilisation sp\u00e9cifiques.\n<\/p>\n<p><\/p>\n<p><b>6. est-il facile d'installer les cadres de moustiquaires en aluminium ?<\/b><\/p>\n<p>Oui, les profil\u00e9s sont faciles \u00e0 couper et \u00e0 assembler \u00e0 l'aide d'outils standard et de connecteurs d'angle pour une installation rapide.\n<\/p>\n<p><\/p>\n<p><b>7. les cadres en profil\u00e9s d'aluminium n\u00e9cessitent-ils un entretien r\u00e9gulier ?<\/b><\/p>\n<p>Non, ils n\u00e9cessitent peu d'entretien et ne demandent qu'un nettoyage occasionnel pour conserver leur aspect et leur fonction.\n<\/p>\n<p><\/p>","protected":false},"featured_media":7309,"template":"","categories":[67],"class_list":["post-7310","product","type-product","status-publish","has-post-thumbnail","hentry","category-architectural-aluminium-profile"],"meta_box":{"hilight_text_group":{"product_hilight_text":"<li>Lightweight yet strong aluminum profile ensures long-lasting fly screen support<\/li>\r\r\n<li>Corrosion-resistant surface suitable for indoor and outdoor environments<\/li>\r\r\n<li>Compatible with various mesh types for insect protection and ventilation<\/li>\r\r\n<li>Easy to cut, assemble, and install with standard accessories<\/li>\r\r\n<li>Customizable sizes, colors, and finishes to match window and door designs<\/li>\r\r\n<li>Low maintenance and weather-resistant for reliable performance<\/li>","product_chanpin_blog":"<ul>\r\r\n<li><a href=\"https:\/\/sinoextrud.com\/t-slot-v-slot-differences\/\" target=\"_blank\">t slot vs v slot<\/a><\/li>\r\r\n<li><a href=\"https:\/\/sinoextrud.com\/what-is-4040-aluminium-extrud\/\" target=\"_blank\">4040 aluminium extrusion<\/a><\/li>\r\r\n<li><a href=\"https:\/\/sinoextrud.com\/what-is-4040-aluminium-extrud\/\" target=\"_blank\">aluminum extrusions for industrial racks<\/a><\/li>\r\r\n<li><a href=\"https:\/\/sinoextrud.com\/powder-coating-aluminium-process\/\" target=\"_blank\">powder coating aluminium<\/a><\/li>\r\r\n<li><a href=\"https:\/\/sinoextrud.com\/what-is-an-aluminium-strip-ceiling\/\" target=\"_blank\">aluminium strip ceiling<\/a><\/li>\r\r\n<li><a href=\"https:\/\/sinoextrud.com\/what-is-a-heat-sink\/\" target=\"_blank\">what is a heat sink<\/a><\/li>\r\r\n<\/ul>","product_chanpin_chanpin":"<li><a href=\"https:\/\/sinoextrud.com\/product\/aluminum-profile-extrusion-of-heatsink-sections-for-sale\/\" target=\"_blank\">Aluminum Profile Extrusion Of Heatsink Sections For Sale<\/a><\/li>\r\n<li><a href=\"https:\/\/sinoextrud.com\/product\/customized-ome-aluminium-profile-extruded-with-the-anodized-black-champage-silver-white-and-blasted-treatment\/\" target=\"_blank\">Customized OME Aluminium Profile Extruded With The Anodized Black Champage Silver White And Blasted Treatment<\/a><\/li>\r\n<li><a href=\"https:\/\/sinoextrud.com\/product\/aluminum-profile-windows-and-door-powder-coated-sliding-way\/\" target=\"_blank\">aluminum profile windows and door powder coated sliding way<\/a><\/li>\r\n<li><a href=\"https:\/\/sinoextrud.com\/product\/aluminium-profile-for-wardrobe-sliding-door-frame\/\" target=\"_blank\">Aluminium Profile For Wardrobe Sliding Door Frame<\/a><\/li>\r\n<li><a href=\"https:\/\/sinoextrud.com\/product\/aluminium-profile-frame-for-fly-screen\/\" target=\"_blank\">Aluminium Profile Frame For Fly Screen<\/a><\/li>\r\n<li><a href=\"https:\/\/sinoextrud.com\/product\/aluminum-profile-for-tent\/\" target=\"_blank\">Aluminum profile for tent<\/a><\/li>\r\n<li><a href=\"https:\/\/sinoextrud.com\/product\/aluminium-profile-quarter-round-bar\/\" target=\"_blank\">Aluminium Profile Quarter Round Bar<\/a><\/li>\r\n<li><a href=\"https:\/\/sinoextrud.com\/product\/china-aluminum-angle-bar-alloy-profile\/\" target=\"_blank\">China Aluminum Angle Bar Alloy Profile<\/a><\/li>\r\n<li><a href=\"https:\/\/sinoextrud.com\/product\/aluminium-profile-structure\/\" target=\"_blank\">Aluminium Profile Structure<\/a><\/li>\r\n<li><a href=\"https:\/\/sinoextrud.com\/product\/aluminium-extrusion-case\/\" target=\"_blank\">Aluminium Extrusion Case<\/a><\/li>\r\n<li><a href=\"https:\/\/sinoextrud.com\/product\/aluminum-extrusion-industry-modular-components-profile\/\" target=\"_blank\">Aluminum Extrusion Industry Modular Components Profile<\/a><\/li>"},"feature_list":[]},"_links":{"self":[{"href":"https:\/\/sinoextrud.com\/fr\/wp-json\/wp\/v2\/product\/7310","targetHints":{"allow":["GET"]}}],"collection":[{"href":"https:\/\/sinoextrud.com\/fr\/wp-json\/wp\/v2\/product"}],"about":[{"href":"https:\/\/sinoextrud.com\/fr\/wp-json\/wp\/v2\/types\/product"}],"wp:featuredmedia":[{"embeddable":true,"href":"https:\/\/sinoextrud.com\/fr\/wp-json\/wp\/v2\/media\/7309"}],"wp:attachment":[{"href":"https:\/\/sinoextrud.com\/fr\/wp-json\/wp\/v2\/media?parent=7310"}],"wp:term":[{"taxonomy":"category","embeddable":true,"href":"https:\/\/sinoextrud.com\/fr\/wp-json\/wp\/v2\/categories?post=7310"}],"curies":[{"name":"wp","href":"https:\/\/api.w.org\/{rel}","templated":true}]}}