{"id":7306,"date":"2025-06-07T02:43:45","date_gmt":"2025-06-07T02:43:45","guid":{"rendered":"https:\/\/sinoextrud.com\/product\/aluminum-profile-windows-and-door-powder-coated-sliding-way\/"},"modified":"2025-06-24T06:12:29","modified_gmt":"2025-06-24T06:12:29","slug":"fenetres-et-portes-en-profile-daluminium-coulissantes-avec-revetement-en-poudre","status":"publish","type":"product","link":"https:\/\/sinoextrud.com\/fr\/product\/aluminum-profile-windows-and-door-powder-coated-sliding-way\/","title":{"rendered":"fen\u00eatres et portes en profil\u00e9 d'aluminium coulissantes avec rev\u00eatement en poudre"},"content":{"rendered":"<h2>D\u00e9tails des produits<\/h2>\n<table class=\"custom-table\">\n<tbody>\n<tr>\n<td> 1. Mat\u00e9riau<\/td>\n<td> Alliage d'aluminium ; 6063, 6061, 6082, 6005, T5, T6,<\/td>\n<\/tr>\n<tr>\n<td> 2. Formes de section<\/td>\n<td> I, U, T, C, Z, L, H, carr\u00e9, rond, plat, creux, rainure en T et autres formes compliqu\u00e9es sur mesure.<\/td>\n<\/tr>\n<tr>\n<td> 3. Traitement de surface<\/td>\n<td> Broyage\/Anodisation (oxydation)\/Sablage\/ Rev\u00eatement par poudrage\/Electrophor\u00e8se\/Grain de bois<\/td>\n<\/tr>\n<tr>\n<td> 4. Application<\/td>\n<td> 1) - pour les cadres de fen\u00eatres et de portes<\/td>\n<\/tr>\n<tr>\n<td> 3) - pour les murs-rideaux en verre<\/td>\n<\/tr>\n<tr>\n<td> 4) - pour les cadres de panneaux solaires, les supports de montage solaire \/ de toiture<\/td>\n<\/tr>\n<tr>\n<td> 5) - pour l'\u00e9quipement des cha\u00eenes de montage de l'industrie.<\/td>\n<\/tr>\n<tr>\n<td> 6) - pour les dissipateurs thermiques<\/td>\n<\/tr>\n<tr>\n<td> 7) - pour l'\u00e9clairage LED<\/td>\n<\/tr>\n<tr>\n<td> 8)- autres tailles et dimensions sur mesure<\/td>\n<\/tr>\n<tr>\n<td> 5. Lignes de production<\/td>\n<td> 1) 5 lignes de production de fonte et de moulage<\/td>\n<\/tr>\n<tr>\n<td> 2) 25 lignes de production d'extrusion (de 500 tonnes \u00e0 3000 tonnes et r\u00e9pondant aux diff\u00e9rentes demandes des clients)<\/td>\n<\/tr>\n<tr>\n<td> 3) 6 lignes de production d'anodisation et d'\u00e9lectrophor\u00e8se<\/td>\n<\/tr>\n<tr>\n<td> 4) 2 lignes de production de peinture en poudre<\/td>\n<\/tr>\n<tr>\n<td> 5) 4 lignes de production de grains de bois<\/td>\n<\/tr>\n<tr>\n<td> 6) 2 lignes de production de ponts bris\u00e9s \u00e0 isolation thermique<\/td>\n<\/tr>\n<tr>\n<td> 7) 2 lignes de production pour le tr\u00e9filage et le polissage<\/td>\n<\/tr>\n<tr>\n<td> 6. Services caract\u00e9ristiques<\/td>\n<td> 1). Service OEM.<\/td>\n<\/tr>\n<tr>\n<td> 2). Conception selon les exigences des clients.<\/td>\n<\/tr>\n<tr>\n<td> 3). Plus d'ann\u00e9es d'exp\u00e9rience professionnelle dans la recherche, la fabrication<\/td>\n<\/tr>\n<tr>\n<td> 4). Notre centre moderne de traitement en profondeur peut fournir des services d'usinage tels que le d\u00e9coupage, le poin\u00e7onnage, le per\u00e7age, etc.<\/td>\n<\/tr>\n<tr>\n<td> 7. Contr\u00f4le de la qualit\u00e9<\/td>\n<td> Nous appliquons le syst\u00e8me de contr\u00f4le de la qualit\u00e9 le plus strict qui soit, la d\u00e9tection s'effectuant \u00e0 partir du mat\u00e9riau et du processus de production,<\/td>\n<\/tr>\n<tr>\n<td> Jusqu'au produit final, et assurer la qualit\u00e9 et la tra\u00e7abilit\u00e9 du produit.<\/td>\n<\/tr>\n<tr>\n<td> 8. Processus<\/td>\n<td> Conception de moules\u2192Fabrication de moules\u2192Fusion et alliage\u2192QC\u2192Extrusion\u2192D\u00e9coupage\u2192Traitement thermique\u2192<\/td>\n<\/tr>\n<tr>\n<td> QC\u2192Traitement de surface\u2192QC\u2192Soudage\u2192Emballage\u2192QC\u2192Shipping\u2192Service apr\u00e8s-vente<\/td>\n<\/tr>\n<tr>\n<td> 9. Normes<\/td>\n<td> GB5237-2008 \u00e9quivalent \u00e0 EN12020-1.2(2001)<\/td>\n<\/tr>\n<tr>\n<td> 10. Paiement<\/td>\n<td> T\/T : 30% pour le d\u00e9p\u00f4t, le solde sera pay\u00e9 avant ou apr\u00e8s l'exp\u00e9dition.<\/td>\n<\/tr>\n<tr>\n<td> 11. D\u00e9tail de l'emballage :<\/td>\n<td> A l'int\u00e9rieur : Emball\u00e9 avec un film plastique pour prot\u00e9ger chaque pi\u00e8ce<\/td>\n<\/tr>\n<tr>\n<td> A l'ext\u00e9rieur : Envelopper les paquets avec du papier artisanal imperm\u00e9able ou un film EPE. Possibilit\u00e9 de demandes personnalis\u00e9es.<\/td>\n<\/tr>\n<tr>\n<td> 12. Autres<\/td>\n<td> profil\u00e9 de fen\u00eatre en aluminium<\/td>\n<\/tr>\n<tr>\n<td> porte coulissante en aluminium peint par poudrage<\/td>\n<\/tr>\n<\/tbody>\n<\/table>\n<h2>Notre base de production<\/h2>\n<h3>Panorama de l'usine<\/h3>\n<p><img decoding=\"async\" src=\"\/wp-content\/uploads\/factory-01.webp\"\/><\/p>\n<h3>Atelier de fabrication de barres d'aluminium<\/h3>\n<p><img decoding=\"async\" src=\"\/wp-content\/uploads\/factory-02.webp\"\/><\/p>\n<p><img decoding=\"async\" src=\"\/wp-content\/uploads\/factory-03.webp\"\/><\/p>\n<h3>Entrep\u00f4t de stockage des moules<\/h3>\n<p><img decoding=\"async\" src=\"\/wp-content\/uploads\/factory-04.webp\"\/><\/p>\n<h3>43 lignes d'extrusion d'aluminium (500-5500 tonnes)<\/h3>\n<p><img decoding=\"async\" src=\"\/wp-content\/uploads\/factory-05.webp\"\/><\/p>\n<p><img decoding=\"async\" src=\"\/wp-content\/uploads\/factory-06.webp\"\/><\/p>\n<p><img decoding=\"async\" src=\"\/wp-content\/uploads\/factory-07.webp\"\/><\/p>\n<h3>Atelier de peinture en poudre<\/h3>\n<p><img decoding=\"async\" src=\"\/wp-content\/uploads\/factory-09.webp\"\/><\/p>\n<h3>Atelier d'anodisation<\/h3>\n<p><img decoding=\"async\" src=\"\/wp-content\/uploads\/factory-10.webp\"\/><\/p>\n<h3>Atelier sur le traitement en profondeur<\/h3>\n<p><img decoding=\"async\" src=\"\/wp-content\/uploads\/factory-11.webp\"\/><\/p>\n<h3>Atelier d'usinage de pr\u00e9cision CNC<\/h3>\n<p><img decoding=\"async\" src=\"\/wp-content\/uploads\/factory-11.5.webp\"\/><\/p>\n<h3>Entrep\u00f4t de produits finis et d'exportation<\/h3>\n<p><img decoding=\"async\" src=\"\/wp-content\/uploads\/factory-12.webp\"\/><\/p>\n<p><img decoding=\"async\" src=\"\/wp-content\/uploads\/factory-13.webp\"\/><\/p>\n<p><img decoding=\"async\" src=\"\/wp-content\/uploads\/factory-14.webp\"\/><\/p>\n<h2>FAQ<\/h2>\n<p><p><b>1) Qu'est-ce qu'un profil\u00e9 d'aluminium pour fen\u00eatres et portes coulissant avec rev\u00eatement en poudre ?<\/b><\/p>\n<p>Il s'agit d'un cadre en aluminium extrud\u00e9 avec une finition en poudre, con\u00e7u pour des applications de portes et fen\u00eatres coulissantes souples et durables.<br \/>\n<\/p><br \/>\n<br \/>\n<p><b>2. pourquoi choisir des profil\u00e9s en aluminium thermolaqu\u00e9 pour les fen\u00eatres et portes coulissantes ?<\/b><\/p>\n<p>Le rev\u00eatement par poudre offre une durabilit\u00e9, une r\u00e9sistance aux intemp\u00e9ries et une r\u00e9tention des couleurs sup\u00e9rieures \u00e0 celles des finitions peintes standard.<br \/>\n<\/p><br \/>\n<br \/>\n<p><b>3. ces profils sont-ils r\u00e9sistants \u00e0 la corrosion ?<\/b><\/p>\n<p>Oui, l'aluminium rev\u00eatu par poudre est tr\u00e8s r\u00e9sistant \u00e0 la rouille et \u00e0 la corrosion, ce qui le rend id\u00e9al pour les environnements c\u00f4tiers et humides.<br \/>\n<\/p><br \/>\n<br \/>\n<p><b>4. les profil\u00e9s coulissants en aluminium peuvent-ils \u00eatre personnalis\u00e9s ?<\/b><\/p>\n<p>Absolument, ils peuvent \u00eatre adapt\u00e9s en termes de taille, d'\u00e9paisseur, de couleur et de forme pour r\u00e9pondre aux besoins sp\u00e9cifiques d'un projet.<br \/>\n<\/p><br \/>\n<br \/>\n<p><b>5. ce syst\u00e8me convient-il \u00e0 une utilisation r\u00e9sidentielle et commerciale ?<\/b><\/p>\n<p>Oui, il est largement utilis\u00e9 dans les logements r\u00e9sidentiels et les b\u00e2timents commerciaux pour les portes et fen\u00eatres coulissantes.<br \/>\n<\/p><br \/>\n<br \/>\n<p><b>6. les profil\u00e9s en aluminium rev\u00eatus par poudre n\u00e9cessitent-ils un entretien ?<\/b><\/p>\n<p>Un nettoyage de routine avec de l'eau et du savon doux suffit \u00e0 pr\u00e9server l'aspect et le fonctionnement de l'appareil.<br \/>\n<\/p><br \/>\n<br \/>\n<p><b>7. les profil\u00e9s coulissants en aluminium sont-ils faciles \u00e0 installer ?<\/b><\/p>\n<p>Oui, ils sont l\u00e9gers et con\u00e7us pour s'int\u00e9grer facilement dans les syst\u00e8mes de fen\u00eatres et de portes.<br \/>\n<\/p><br \/>\n<br \/>\n<p><b>8. l'aluminium thermolaqu\u00e9 est-il \u00e9cologique ?<\/b><\/p>\n<p>Oui, l'aluminium est recyclable et le processus de rev\u00eatement par poudre est sans solvant et respectueux de l'environnement.<br \/>\n<\/p><br \/><\/p>","protected":false},"featured_media":7305,"template":"","categories":[67],"class_list":["post-7306","product","type-product","status-publish","has-post-thumbnail","hentry","category-architectural-aluminium-profile"],"meta_box":{"hilight_text_group":{"product_hilight_text":"<li>Durable powder-coated aluminum profiles ensure long-lasting performance<\/li>\r\r\n<li>Designed specifically for smooth sliding window and door systems<\/li>\r\r\n<li>Corrosion-resistant finish suitable for harsh climates<\/li>\r\r\n<li>Lightweight structure allows easy installation and operation<\/li>\r\r\n<li>Available in various colors to match architectural aesthetics<\/li>\r\r\n<li>Customizable dimensions and profiles for residential or commercial use<\/li>\r\r\n<li>Low maintenance with excellent weather and UV resistance<\/li>","product_chanpin_blog":"<ul>\r\r\n<li><a href=\"https:\/\/sinoextrud.com\/t-slot-v-slot-differences\/\" target=\"_blank\">t slot vs v slot<\/a><\/li>\r\r\n<li><a href=\"https:\/\/sinoextrud.com\/what-is-4040-aluminium-extrud\/\" target=\"_blank\">4040 aluminium extrusion<\/a><\/li>\r\r\n<li><a href=\"https:\/\/sinoextrud.com\/what-is-4040-aluminium-extrud\/\" target=\"_blank\">aluminum extrusions for industrial racks<\/a><\/li>\r\r\n<li><a href=\"https:\/\/sinoextrud.com\/powder-coating-aluminium-process\/\" target=\"_blank\">powder coating aluminium<\/a><\/li>\r\r\n<li><a href=\"https:\/\/sinoextrud.com\/what-is-an-aluminium-strip-ceiling\/\" target=\"_blank\">aluminium strip ceiling<\/a><\/li>\r\r\n<li><a href=\"https:\/\/sinoextrud.com\/what-is-a-heat-sink\/\" target=\"_blank\">what is a heat sink<\/a><\/li>\r\r\n<\/ul>","product_chanpin_chanpin":"<li><a href=\"https:\/\/sinoextrud.com\/product\/aluminium-glass-fitting-channel\/\" target=\"_blank\">Aluminium Glass Fitting Channel<\/a><\/li>\r\n<li><a href=\"https:\/\/sinoextrud.com\/product\/aluminum-price-per-pound\/\" target=\"_blank\">Aluminum Price Per Pound<\/a><\/li>\r\n<li><a href=\"https:\/\/sinoextrud.com\/product\/aluminum-profile-extrusion-of-heatsink-sections-for-sale\/\" target=\"_blank\">Aluminum Profile Extrusion Of Heatsink Sections For Sale<\/a><\/li>\r\n<li><a href=\"https:\/\/sinoextrud.com\/product\/customized-ome-aluminium-profile-extruded-with-the-anodized-black-champage-silver-white-and-blasted-treatment\/\" target=\"_blank\">Customized OME Aluminium Profile Extruded With The Anodized Black Champage Silver White And Blasted Treatment<\/a><\/li>\r\n<li><a href=\"https:\/\/sinoextrud.com\/product\/aluminum-profile-windows-and-door-powder-coated-sliding-way\/\" target=\"_blank\">aluminum profile windows and door powder coated sliding way<\/a><\/li>\r\n<li><a href=\"https:\/\/sinoextrud.com\/product\/aluminium-profile-for-wardrobe-sliding-door-frame\/\" target=\"_blank\">Aluminium Profile For Wardrobe Sliding Door Frame<\/a><\/li>\r\n<li><a href=\"https:\/\/sinoextrud.com\/product\/aluminium-profile-frame-for-fly-screen\/\" target=\"_blank\">Aluminium Profile Frame For Fly Screen<\/a><\/li>\r\n<li><a href=\"https:\/\/sinoextrud.com\/product\/aluminum-profile-for-tent\/\" target=\"_blank\">Aluminum profile for tent<\/a><\/li>\r\n<li><a href=\"https:\/\/sinoextrud.com\/product\/aluminium-profile-quarter-round-bar\/\" target=\"_blank\">Aluminium Profile Quarter Round Bar<\/a><\/li>\r\n<li><a href=\"https:\/\/sinoextrud.com\/product\/extruded-aluminum-sliding-channel\/\" target=\"_blank\">Extruded Aluminum Sliding Channel<\/a><\/li>\r\n<li><a href=\"https:\/\/sinoextrud.com\/product\/clip-type-screen-ceiling-system\/\" target=\"_blank\">Clip Type Screen Ceiling System<\/a><\/li>"},"feature_list":[]},"_links":{"self":[{"href":"https:\/\/sinoextrud.com\/fr\/wp-json\/wp\/v2\/product\/7306","targetHints":{"allow":["GET"]}}],"collection":[{"href":"https:\/\/sinoextrud.com\/fr\/wp-json\/wp\/v2\/product"}],"about":[{"href":"https:\/\/sinoextrud.com\/fr\/wp-json\/wp\/v2\/types\/product"}],"wp:featuredmedia":[{"embeddable":true,"href":"https:\/\/sinoextrud.com\/fr\/wp-json\/wp\/v2\/media\/7305"}],"wp:attachment":[{"href":"https:\/\/sinoextrud.com\/fr\/wp-json\/wp\/v2\/media?parent=7306"}],"wp:term":[{"taxonomy":"category","embeddable":true,"href":"https:\/\/sinoextrud.com\/fr\/wp-json\/wp\/v2\/categories?post=7306"}],"curies":[{"name":"wp","href":"https:\/\/api.w.org\/{rel}","templated":true}]}}