{"id":7304,"date":"2025-06-07T02:39:53","date_gmt":"2025-06-07T02:39:53","guid":{"rendered":"https:\/\/sinoextrud.com\/product\/customized-ome-aluminium-profile-extruded-with-the-anodized-black-champage-silver-white-and-blasted-treatment\/"},"modified":"2025-06-24T06:12:28","modified_gmt":"2025-06-24T06:12:28","slug":"profile-personnalise-en-aluminium-extrude-avec-le-traitement-anodise-noir-champage-argent-blanc-et-grenaille","status":"publish","type":"product","link":"https:\/\/sinoextrud.com\/fr\/product\/customized-ome-aluminium-profile-extruded-with-the-anodized-black-champage-silver-white-and-blasted-treatment\/","title":{"rendered":"Profil\u00e9 extrud\u00e9 en aluminium OME personnalis\u00e9 avec traitement anodis\u00e9 noir champage argent blanc et grenaill\u00e9"},"content":{"rendered":"<h2>D\u00e9tails des produits<\/h2>\n<table class=\"custom-table\">\n<tr>\n<td class=\"label\">\nMod\u00e8le NO :<\/td>\n<td> fen\u00eatres et portes en profil\u00e9 d'aluminium coulissantes avec rev\u00eatement en poudre<\/td>\n<\/tr>\n<tr>\n<td class=\"label\">Forme :<\/td>\n<td> T - Profil<\/td>\n<\/tr>\n<tr>\n<td class=\"label\">Temp\u00e9rer :<\/td>\n<td> T5-T6<\/td>\n<\/tr>\n<tr>\n<td class=\"label\">Alliage :<\/td>\n<td> Alliage<\/td>\n<\/tr>\n<tr>\n<td class=\"label\">Ingr\u00e9dient d'alliage :<\/td>\n<td> 6082<\/td>\n<\/tr>\n<tr>\n<td class=\"label\">Aluminium poli Profil :<\/td>\n<td> porte coulissante en aluminium peint par poudrage<\/td>\n<\/tr>\n<tr>\n<td class=\"label\">Origine :<\/td>\n<td> Chine<\/td>\n<\/tr>\n<tr>\n<td class=\"label\">Type :<\/td>\n<td> Profil\u00e9 d'aluminium pour portes et fen\u00eatres, profil\u00e9 d'aluminium pour la d\u00e9coration, profil\u00e9 d'aluminium pour dissipateur thermique, profil\u00e9 d'aluminium pour parois en verre, profil\u00e9 d'aluminium pour le transport<\/td>\n<\/tr>\n<tr>\n<td class=\"label\">Grade :<\/td>\n<td> S\u00e9rie 6000<\/td>\n<\/tr>\n<tr>\n<td class=\"label\">fen\u00eatres et portes en profil\u00e9s d'aluminium :<\/td>\n<td> S\u00e9rie 100<\/td>\n<\/tr>\n<tr>\n<td class=\"label\">Finition de la surface :<\/td>\n<td> Pulv\u00e9risation de fluorocarbures<\/td>\n<\/tr>\n<tr>\n<td class=\"label\">Certification :<\/td>\n<td> ISO<\/td>\n<\/tr>\n<\/table>\n<h2>Notre base de production<\/h2>\n<h3>Panorama de l'usine<\/h3>\n<p><img decoding=\"async\" src=\"\/wp-content\/uploads\/factory-01.webp\"\/><\/p>\n<h3>Atelier de fabrication de barres d'aluminium<\/h3>\n<p><img decoding=\"async\" src=\"\/wp-content\/uploads\/factory-02.webp\"\/><\/p>\n<\/p>\n<p><img decoding=\"async\" src=\"\/wp-content\/uploads\/factory-03.webp\"\/><\/p>\n<h3>Entrep\u00f4t de stockage des moules<\/h3>\n<p><img decoding=\"async\" src=\"\/wp-content\/uploads\/factory-04.webp\"\/><\/p>\n<h3>43 lignes d'extrusion d'aluminium (500-5500 tonnes)<\/h3>\n<p><img decoding=\"async\" src=\"\/wp-content\/uploads\/factory-05.webp\"\/><\/p>\n<p><img decoding=\"async\" src=\"\/wp-content\/uploads\/factory-06.webp\"\/><\/p>\n<p><img decoding=\"async\" src=\"\/wp-content\/uploads\/factory-07.webp\"\/><\/p>\n<h3>Atelier de peinture en poudre<\/h3>\n<p><img decoding=\"async\" src=\"\/wp-content\/uploads\/factory-09.webp\"\/><\/p>\n<h3>Atelier d'anodisation<\/h3>\n<p><img decoding=\"async\" src=\"\/wp-content\/uploads\/factory-10.webp\"\/><\/p>\n<h3>Atelier sur le traitement en profondeur<\/h3>\n<p><img decoding=\"async\" src=\"\/wp-content\/uploads\/factory-11.webp\"\/><\/p>\n<h3>Atelier d'usinage de pr\u00e9cision CNC<\/h3>\n<p><img decoding=\"async\" src=\"\/wp-content\/uploads\/factory-11.5.webp\"\/><\/p>\n<h3>Entrep\u00f4t de produits finis et d'exportation<\/h3>\n<p><img decoding=\"async\" src=\"\/wp-content\/uploads\/factory-12.webp\"\/><\/p>\n<p><img decoding=\"async\" src=\"\/wp-content\/uploads\/factory-13.webp\"\/><\/p>\n<p><img decoding=\"async\" src=\"\/wp-content\/uploads\/factory-14.webp\"\/><\/p>\n<h2>FAQ<\/h2>\n<p><b>1) Qu'est-ce qu'un profil\u00e9 aluminium extrud\u00e9 OEM personnalis\u00e9 avec traitement anodis\u00e9 et sabl\u00e9 ?<\/b><\/p>\n<p>Il s'agit d'un profil\u00e9 d'aluminium sur mesure produit par extrusion et fini avec des couleurs anodis\u00e9es et des textures grenaill\u00e9es en option pour une durabilit\u00e9 et une esth\u00e9tique accrues.\n<\/p>\n<p><\/p>\n<p><b>2) Quelles sont les finitions anodis\u00e9es disponibles ?<\/b><\/p>\n<p>Les profil\u00e9s sont disponibles en noir, champagne, argent et blanc anodis\u00e9s pour s'adapter \u00e0 diff\u00e9rents styles de design.\n<\/p>\n<p><\/p>\n<p><b>3. quel est l'avantage du traitement de surface par sablage ?<\/b><\/p>\n<p>Le sablage ajoute une texture mate, am\u00e9liore l'adh\u00e9rence et rehausse l'attrait visuel de la surface de l'aluminium.\n<\/p>\n<p><\/p>\n<p><b>4. ce profil\u00e9 est-il adapt\u00e9 \u00e0 une utilisation en ext\u00e9rieur ?<\/b><\/p>\n<p>Oui, les traitements anodis\u00e9s et grenaill\u00e9s offrent une excellente r\u00e9sistance \u00e0 la corrosion et aux UV pour les environnements ext\u00e9rieurs.\n<\/p>\n<p><\/p>\n<p><b>5) Puis-je demander une forme ou une taille personnalis\u00e9e pour mon profil\u00e9 en aluminium OEM ?<\/b><\/p>\n<p>Absolument, le processus d'extrusion permet d'obtenir des profils enti\u00e8rement personnalis\u00e9s pour r\u00e9pondre \u00e0 des exigences structurelles ou de conception sp\u00e9cifiques.\n<\/p>\n<p><\/p>\n<p><b>6. quelles sont les applications de ces profil\u00e9s en aluminium personnalis\u00e9s ?<\/b><\/p>\n<p>Ils sont id\u00e9aux pour l'architecture, les bo\u00eetiers \u00e9lectroniques, les syst\u00e8mes d'affichage, le mobilier et les cadres industriels.\n<\/p>\n<p><\/p>\n<p><b>7. Quelle est la durabilit\u00e9 des profil\u00e9s en aluminium anodis\u00e9 ?<\/b><\/p>\n<p>L'anodisation durcit la surface, ce qui la rend r\u00e9sistante aux rayures et aux intemp\u00e9ries et lui conf\u00e8re une longue dur\u00e9e de vie, m\u00eame dans des conditions difficiles.\n<\/p>\n<p><\/p>\n<p><b>8. ce produit est-il respectueux de l'environnement ?<\/b><\/p>\n<p>Oui, l'aluminium est 100% recyclable, et l'anodisation comme le sablage sont des proc\u00e9d\u00e9s durables \u00e0 faible impact.\n<\/p>\n<p><\/p>","protected":false},"featured_media":7303,"template":"","categories":[67],"class_list":["post-7304","product","type-product","status-publish","has-post-thumbnail","hentry","category-architectural-aluminium-profile"],"meta_box":{"hilight_text_group":{"product_hilight_text":"<li>Custom OEM aluminium extrusion tailored to specific design requirements<\/li>\r\r\n<li>Available in anodized finishes: black, champagne, silver, white<\/li>\r\r\n<li>Optional blasted surface treatment for enhanced texture and appearance<\/li>\r\r\n<li>Corrosion-resistant finish ideal for indoor and outdoor applications<\/li>\r\r\n<li>Precision extruded profiles ensure consistent quality and tight tolerances<\/li>\r\r\n<li>Suitable for architectural, industrial, and consumer product use<\/li>\r\r\n<li>Eco-friendly and recyclable aluminum material<\/li>","product_chanpin_blog":"<ul>\r\r\n<li><a href=\"https:\/\/sinoextrud.com\/t-slot-v-slot-differences\/\" target=\"_blank\">t slot vs v slot<\/a><\/li>\r\r\n<li><a href=\"https:\/\/sinoextrud.com\/what-is-4040-aluminium-extrud\/\" target=\"_blank\">4040 aluminium extrusion<\/a><\/li>\r\r\n<li><a href=\"https:\/\/sinoextrud.com\/what-is-4040-aluminium-extrud\/\" target=\"_blank\">aluminum extrusions for industrial racks<\/a><\/li>\r\r\n<li><a href=\"https:\/\/sinoextrud.com\/powder-coating-aluminium-process\/\" target=\"_blank\">powder coating aluminium<\/a><\/li>\r\r\n<li><a href=\"https:\/\/sinoextrud.com\/what-is-an-aluminium-strip-ceiling\/\" target=\"_blank\">aluminium strip ceiling<\/a><\/li>\r\r\n<li><a href=\"https:\/\/sinoextrud.com\/what-is-a-heat-sink\/\" target=\"_blank\">what is a heat sink<\/a><\/li>\r\r\n<\/ul>","product_chanpin_chanpin":"<li><a href=\"https:\/\/sinoextrud.com\/product\/aluminium-furniture\/\" target=\"_blank\">Aluminium Furniture<\/a><\/li>\r\n<li><a href=\"https:\/\/sinoextrud.com\/product\/aluminium-glass-fitting-channel\/\" target=\"_blank\">Aluminium Glass Fitting Channel<\/a><\/li>\r\n<li><a href=\"https:\/\/sinoextrud.com\/product\/aluminum-price-per-pound\/\" target=\"_blank\">Aluminum Price Per Pound<\/a><\/li>\r\n<li><a href=\"https:\/\/sinoextrud.com\/product\/aluminum-profile-extrusion-of-heatsink-sections-for-sale\/\" target=\"_blank\">Aluminum Profile Extrusion Of Heatsink Sections For Sale<\/a><\/li>\r\n<li><a href=\"https:\/\/sinoextrud.com\/product\/customized-ome-aluminium-profile-extruded-with-the-anodized-black-champage-silver-white-and-blasted-treatment\/\" target=\"_blank\">Customized OME Aluminium Profile Extruded With The Anodized Black Champage Silver White And Blasted Treatment<\/a><\/li>\r\n<li><a href=\"https:\/\/sinoextrud.com\/product\/aluminum-profile-windows-and-door-powder-coated-sliding-way\/\" target=\"_blank\">aluminum profile windows and door powder coated sliding way<\/a><\/li>\r\n<li><a href=\"https:\/\/sinoextrud.com\/product\/aluminium-profile-for-wardrobe-sliding-door-frame\/\" target=\"_blank\">Aluminium Profile For Wardrobe Sliding Door Frame<\/a><\/li>\r\n<li><a href=\"https:\/\/sinoextrud.com\/product\/aluminium-profile-frame-for-fly-screen\/\" target=\"_blank\">Aluminium Profile Frame For Fly Screen<\/a><\/li>\r\n<li><a href=\"https:\/\/sinoextrud.com\/product\/aluminum-profile-for-tent\/\" target=\"_blank\">Aluminum profile for tent<\/a><\/li>\r\n<li><a href=\"https:\/\/sinoextrud.com\/product\/sandblasted-aluminum-profile\/\" target=\"_blank\">Sandblasted Aluminum Profile<\/a><\/li>\r\n<li><a href=\"https:\/\/sinoextrud.com\/product\/machined-aluminum-rail-extrusion-profile-cnc-aviation-aluminum-gantry\/\" target=\"_blank\">Machined Aluminum Rail Extrusion Profile CNC Aviation Aluminum Gantry<\/a><\/li>"},"feature_list":[]},"_links":{"self":[{"href":"https:\/\/sinoextrud.com\/fr\/wp-json\/wp\/v2\/product\/7304","targetHints":{"allow":["GET"]}}],"collection":[{"href":"https:\/\/sinoextrud.com\/fr\/wp-json\/wp\/v2\/product"}],"about":[{"href":"https:\/\/sinoextrud.com\/fr\/wp-json\/wp\/v2\/types\/product"}],"wp:featuredmedia":[{"embeddable":true,"href":"https:\/\/sinoextrud.com\/fr\/wp-json\/wp\/v2\/media\/7303"}],"wp:attachment":[{"href":"https:\/\/sinoextrud.com\/fr\/wp-json\/wp\/v2\/media?parent=7304"}],"wp:term":[{"taxonomy":"category","embeddable":true,"href":"https:\/\/sinoextrud.com\/fr\/wp-json\/wp\/v2\/categories?post=7304"}],"curies":[{"name":"wp","href":"https:\/\/api.w.org\/{rel}","templated":true}]}}