{"id":7302,"date":"2025-06-07T02:32:46","date_gmt":"2025-06-07T02:32:46","guid":{"rendered":"https:\/\/sinoextrud.com\/product\/aluminum-profile-extrusion-of-heatsink-sections-for-sale\/"},"modified":"2025-06-24T06:12:28","modified_gmt":"2025-06-24T06:12:28","slug":"extrusion-de-profiles-en-aluminium-pour-la-vente-de-sections-de-dissipateurs-thermiques","status":"publish","type":"product","link":"https:\/\/sinoextrud.com\/fr\/product\/aluminum-profile-extrusion-of-heatsink-sections-for-sale\/","title":{"rendered":"Extrusion de profil\u00e9s en aluminium pour la vente de sections de dissipateurs thermiques"},"content":{"rendered":"<h2>D\u00e9tails des produits<\/h2>\n<table class=\"custom-table\">\n<tbody>\n<tr>\n<td> Article :<\/td>\n<td> Extrusion de profil\u00e9s en aluminium pour la vente de sections de dissipateurs thermiques<\/td>\n<\/tr>\n<tr>\n<td> Mat\u00e9riau :<\/td>\n<td> 100% profil\u00e9 aluminium alliage:6063-T5,6061-T6,6463-T5,7075-T6,6082,5052,2024,7005,6013,7020 etc.<\/td>\n<\/tr>\n<tr>\n<td> Marque :<\/td>\n<td> Sinoextrud Aluminium\/Profil\u00e9s en aluminium Sinoextrud Aluminium <\/td>\n<\/tr>\n<tr>\n<td> Taille :<\/td>\n<td> 1m-9mortaille personnalis\u00e9e<\/td>\n<\/tr>\n<tr>\n<td> Application<\/td>\n<td> Meubles, fen\u00eatres et portes, d\u00e9corations, industrie, construction, etc.<\/td>\n<\/tr>\n<tr>\n<td> Couleurs :<\/td>\n<td> Anodis\u00e9, grain de bois, rev\u00eatement par poudre, anodis\u00e9 poli et bross\u00e9, \u00e9lectrophor\u00e8se, rev\u00eatement par poudre au flurocarbone, etc.<\/td>\n<\/tr>\n<tr>\n<td> MOQ :<\/td>\n<td> 200KG pour chaque profil<\/td>\n<\/tr>\n<tr>\n<td> Service OEM<\/td>\n<td> sur la base de dessins ou d'\u00e9chantillons con\u00e7us par le client<\/td>\n<\/tr>\n<tr>\n<td> Certification disponible<\/td>\n<td> ISO:9001, SONCAP, certificat BVC ou certificat du client disponibles<\/td>\n<\/tr>\n<tr>\n<td> Modalit\u00e9s de paiement :<\/td>\n<td> T\/T, 30%downpayment ; le solde sera pay\u00e9 avant la livraison.<\/td>\n<\/tr>\n<tr>\n<td> Dur\u00e9e du r\u00e8glement :<\/td>\n<td> Le paiement final est bas\u00e9 sur la pes\u00e9e physique r\u00e9elle finale.<\/td>\n<\/tr>\n<tr>\n<td> Garantie de production<\/td>\n<td> Surfacecolor est capable de durer 10 \u00e0 20 ans pour une utilisation en int\u00e9rieur.<\/td>\n<\/tr>\n<tr>\n<td> Port :<\/td>\n<td> FOBShenzhen, Guangzhou,<\/td>\n<\/tr>\n<\/tbody>\n<\/table>\n<h2>Notre base de production<\/h2>\n<h3>Panorama de l'usine<\/h3>\n<p><img decoding=\"async\" src=\"\/wp-content\/uploads\/factory-01.webp\"\/><\/p>\n<h3>Atelier de fabrication de barres d'aluminium<\/h3>\n<p><img decoding=\"async\" src=\"\/wp-content\/uploads\/factory-02.webp\"\/><\/p>\n<\/p>\n<p><img decoding=\"async\" src=\"\/wp-content\/uploads\/factory-03.webp\"\/><\/p>\n<h3>Entrep\u00f4t de stockage des moules<\/h3>\n<p><img decoding=\"async\" src=\"\/wp-content\/uploads\/factory-04.webp\"\/><\/p>\n<h3>43 lignes d'extrusion d'aluminium (500-5500 tonnes)<\/h3>\n<p><img decoding=\"async\" src=\"\/wp-content\/uploads\/factory-05.webp\"\/><\/p>\n<p><img decoding=\"async\" src=\"\/wp-content\/uploads\/factory-06.webp\"\/><\/p>\n<p><img decoding=\"async\" src=\"\/wp-content\/uploads\/factory-07.webp\"\/><\/p>\n<h3>Atelier de peinture en poudre<\/h3>\n<p><img decoding=\"async\" src=\"\/wp-content\/uploads\/factory-09.webp\"\/><\/p>\n<h3>Atelier d'anodisation<\/h3>\n<p><img decoding=\"async\" src=\"\/wp-content\/uploads\/factory-10.webp\"\/><\/p>\n<h3>Atelier sur le traitement en profondeur<\/h3>\n<p><img decoding=\"async\" src=\"\/wp-content\/uploads\/factory-11.webp\"\/><\/p>\n<h3>Atelier d'usinage de pr\u00e9cision CNC<\/h3>\n<p><img decoding=\"async\" src=\"\/wp-content\/uploads\/factory-11.5.webp\"\/><\/p>\n<h3>Entrep\u00f4t de produits finis et d'exportation<\/h3>\n<p><img decoding=\"async\" src=\"\/wp-content\/uploads\/factory-12.webp\"\/><\/p>\n<p><img decoding=\"async\" src=\"\/wp-content\/uploads\/factory-13.webp\"\/><\/p>\n<p><img decoding=\"async\" src=\"\/wp-content\/uploads\/factory-14.webp\"\/><\/p>\n<h2>FAQ<\/h2>\n<p><b>1) Qu'est-ce que l'extrusion de profil\u00e9s en aluminium pour les sections de dissipateurs thermiques ?<\/b><\/p>\n<p>Il s'agit d'aluminium extrud\u00e9 dans des profils de dissipateurs sp\u00e9cifiques con\u00e7us pour dissiper la chaleur des composants \u00e9lectroniques et m\u00e9caniques.\n<\/p>\n<p><\/p>\n<p><b>2) Pourquoi utiliser l'aluminium pour les extrusions de dissipateurs thermiques ?<\/b><\/p>\n<p>L'aluminium poss\u00e8de une excellente conductivit\u00e9 thermique, est l\u00e9ger et facile \u00e0 usiner, ce qui le rend id\u00e9al pour les applications de dissipation thermique.\n<\/p>\n<p><\/p>\n<p><b>3. ces profils de dissipateurs sont-ils adapt\u00e9s aux appareils de grande puissance ?<\/b><\/p>\n<p>Oui, les extrusions d'aluminium sont con\u00e7ues pour g\u00e9rer la dissipation de la chaleur pour l'\u00e9clairage LED, l'\u00e9lectronique de puissance et l'\u00e9quipement industriel.\n<\/p>\n<p><\/p>\n<p><b>4. les profils des dissipateurs peuvent-ils \u00eatre personnalis\u00e9s ?<\/b><\/p>\n<p>Dans l'absolu, les dissipateurs peuvent \u00eatre adapt\u00e9s \u00e0 la structure des ailettes, aux dimensions et aux traitements de surface en fonction des besoins de refroidissement.\n<\/p>\n<p><\/p>\n<p><b>5. les profils des dissipateurs en aluminium r\u00e9sistent-ils \u00e0 la corrosion ?<\/b><\/p>\n<p>Oui, les surfaces anodis\u00e9es ou rev\u00eatues de poudre am\u00e9liorent la r\u00e9sistance \u00e0 la corrosion, garantissant la durabilit\u00e9 dans les environnements difficiles.\n<\/p>\n<p><\/p>\n<p><b>6. quelles industries utilisent les extrusions de dissipateurs thermiques en aluminium ?<\/b><\/p>\n<p>Ils sont utilis\u00e9s dans les secteurs de l'\u00e9lectronique, de l'automobile, des t\u00e9l\u00e9communications, de l'\u00e9clairage LED et de l'automatisation industrielle.\n<\/p>\n<p><\/p>\n<p><b>7) Existe-t-il une quantit\u00e9 minimale de commande pour les profil\u00e9s de dissipation thermique \u00e0 vendre ?<\/b><\/p>\n<p>De nombreux fournisseurs proposent des QMOR flexibles et les achats en gros sont souvent assortis de prix comp\u00e9titifs.\n<\/p>\n<p><\/p>\n<p><b>8. l'aluminium est-il une option \u00e9cologique pour les dissipateurs thermiques ?<\/b><\/p>\n<p>Oui, l'aluminium est 100% recyclable et favorise le d\u00e9veloppement de produits durables dans les syst\u00e8mes de gestion thermique.\n<\/p>\n<p><\/p>","protected":false},"featured_media":7301,"template":"","categories":[67],"class_list":["post-7302","product","type-product","status-publish","has-post-thumbnail","hentry","category-architectural-aluminium-profile"],"meta_box":{"hilight_text_group":{"product_hilight_text":"<li>High thermal conductivity aluminum for efficient heat dissipation<\/li>\r\r\n<li>Precision-extruded profiles ensure consistent performance<\/li>\r\r\n<li>Lightweight yet strong material for various electronics applications<\/li>\r\r\n<li>Available in standard and custom heatsink designs<\/li>\r\r\n<li>Corrosion-resistant surface ideal for long-term use<\/li>\r\r\n<li>Cost-effective cooling solution for industrial and consumer devices<\/li>\r\r\n<li>Supports OEM\/ODM orders for customized thermal management<\/li>","product_chanpin_blog":"<ul>\r\r\n<li><a href=\"https:\/\/sinoextrud.com\/t-slot-v-slot-differences\/\" target=\"_blank\">t slot vs v slot<\/a><\/li>\r\r\n<li><a href=\"https:\/\/sinoextrud.com\/what-is-4040-aluminium-extrud\/\" target=\"_blank\">4040 aluminium extrusion<\/a><\/li>\r\r\n<li><a href=\"https:\/\/sinoextrud.com\/what-is-4040-aluminium-extrud\/\" target=\"_blank\">aluminum extrusions for industrial racks<\/a><\/li>\r\r\n<li><a href=\"https:\/\/sinoextrud.com\/powder-coating-aluminium-process\/\" target=\"_blank\">powder coating aluminium<\/a><\/li>\r\r\n<li><a href=\"https:\/\/sinoextrud.com\/what-is-an-aluminium-strip-ceiling\/\" target=\"_blank\">aluminium strip ceiling<\/a><\/li>\r\r\n<li><a href=\"https:\/\/sinoextrud.com\/what-is-a-heat-sink\/\" target=\"_blank\">what is a heat sink<\/a><\/li>\r\r\n<\/ul>","product_chanpin_chanpin":"<li><a href=\"https:\/\/sinoextrud.com\/product\/powder-coating-aluminium-roller-shutter-profile\/\" target=\"_blank\">Powder Coating Aluminium Roller shutter Profile<\/a><\/li>\r\n<li><a href=\"https:\/\/sinoextrud.com\/product\/aluminium-furniture\/\" target=\"_blank\">Aluminium Furniture<\/a><\/li>\r\n<li><a href=\"https:\/\/sinoextrud.com\/product\/aluminium-glass-fitting-channel\/\" target=\"_blank\">Aluminium Glass Fitting Channel<\/a><\/li>\r\n<li><a href=\"https:\/\/sinoextrud.com\/product\/aluminum-price-per-pound\/\" target=\"_blank\">Aluminum Price Per Pound<\/a><\/li>\r\n<li><a href=\"https:\/\/sinoextrud.com\/product\/aluminum-profile-extrusion-of-heatsink-sections-for-sale\/\" target=\"_blank\">Aluminum Profile Extrusion Of Heatsink Sections For Sale<\/a><\/li>\r\n<li><a href=\"https:\/\/sinoextrud.com\/product\/customized-ome-aluminium-profile-extruded-with-the-anodized-black-champage-silver-white-and-blasted-treatment\/\" target=\"_blank\">Customized OME Aluminium Profile Extruded With The Anodized Black Champage Silver White And Blasted Treatment<\/a><\/li>\r\n<li><a href=\"https:\/\/sinoextrud.com\/product\/aluminum-profile-windows-and-door-powder-coated-sliding-way\/\" target=\"_blank\">aluminum profile windows and door powder coated sliding way<\/a><\/li>\r\n<li><a href=\"https:\/\/sinoextrud.com\/product\/aluminium-profile-for-wardrobe-sliding-door-frame\/\" target=\"_blank\">Aluminium Profile For Wardrobe Sliding Door Frame<\/a><\/li>\r\n<li><a href=\"https:\/\/sinoextrud.com\/product\/aluminium-profile-frame-for-fly-screen\/\" target=\"_blank\">Aluminium Profile Frame For Fly Screen<\/a><\/li>\r\n<li><a href=\"https:\/\/sinoextrud.com\/product\/large-scale-industrial-aluminum-profile\/\" target=\"_blank\">Large Scale Industrial Aluminum Profile<\/a><\/li>\r\n<li><a href=\"https:\/\/sinoextrud.com\/product\/aluminum-handle-profile\/\" target=\"_blank\">Aluminum Handle Profile<\/a><\/li>"},"feature_list":[]},"_links":{"self":[{"href":"https:\/\/sinoextrud.com\/fr\/wp-json\/wp\/v2\/product\/7302","targetHints":{"allow":["GET"]}}],"collection":[{"href":"https:\/\/sinoextrud.com\/fr\/wp-json\/wp\/v2\/product"}],"about":[{"href":"https:\/\/sinoextrud.com\/fr\/wp-json\/wp\/v2\/types\/product"}],"wp:featuredmedia":[{"embeddable":true,"href":"https:\/\/sinoextrud.com\/fr\/wp-json\/wp\/v2\/media\/7301"}],"wp:attachment":[{"href":"https:\/\/sinoextrud.com\/fr\/wp-json\/wp\/v2\/media?parent=7302"}],"wp:term":[{"taxonomy":"category","embeddable":true,"href":"https:\/\/sinoextrud.com\/fr\/wp-json\/wp\/v2\/categories?post=7302"}],"curies":[{"name":"wp","href":"https:\/\/api.w.org\/{rel}","templated":true}]}}