{"id":7296,"date":"2025-06-07T02:23:38","date_gmt":"2025-06-07T02:23:38","guid":{"rendered":"https:\/\/sinoextrud.com\/product\/aluminium-furniture\/"},"modified":"2025-06-24T06:12:27","modified_gmt":"2025-06-24T06:12:27","slug":"meubles-en-aluminium","status":"publish","type":"product","link":"https:\/\/sinoextrud.com\/fr\/product\/aluminium-furniture\/","title":{"rendered":"Meubles en aluminium"},"content":{"rendered":"<h2>D\u00e9tails des produits<\/h2>\n<table class=\"custom-table\">\n<tbody>\n<tr>\n<td> Objet<\/td>\n<td> profil\u00e9 d'ameublement plat en aluminium.<\/td>\n<\/tr>\n<tr>\n<td> Mat\u00e9riau<\/td>\n<td> Comme la s\u00e9rie 6000, l'alliage 100% :6063-T5,6061-T6 , 6463-T5.<\/td>\n<\/tr>\n<tr>\n<td> Temp\u00e9rer<\/td>\n<td> T4, T5, T6.<\/td>\n<\/tr>\n<tr>\n<td> \u00c9paisseur<\/td>\n<td> \u00c9paisseur g\u00e9n\u00e9rale des profils : 0,8 - 5,0 mm ;<br \/>\nEpaisseur de la protection anodis\u00e9e : 8 - 25 um ;<br \/>\nEpaisseur de la couleur du rev\u00eatement en poudre : 40 - 120 um.<\/td>\n<\/tr>\n<tr>\n<td> Longueur<\/td>\n<td> 3m ou 6m par pi\u00e8ce. Demande personnalis\u00e9e disponible.<\/td>\n<\/tr>\n<tr>\n<td> Forme<\/td>\n<td> carr\u00e9, plat, rond, creux, ovale, triangle, profil\u00e9 en U, profil\u00e9 en L, profil\u00e9 en T,<br \/>\nProfils H, personnalis\u00e9s disponibles.<\/td>\n<\/tr>\n<tr>\n<td> Traitement de surface<\/td>\n<td> broyage, anodisation, rev\u00eatement par poudre, \u00e9lectrophor\u00e8se, grain de bois, bois d'\u0153uvre, peinture PVDF,<br \/>\npoli, bross\u00e9.<\/td>\n<\/tr>\n<tr>\n<td> Couleur<\/td>\n<td> M\u00e9tal argent\u00e9, champagne, noir, blanc, miroir, demande personnalis\u00e9e disponible.<\/td>\n<\/tr>\n<tr>\n<td> Application<\/td>\n<td> fen\u00eatres et portes, murs-rideaux, murs en verre, meubles, plafonds, cuisines, bandes LED,<br \/>\nTransport ferroviaire, v\u00e9hicules, maisons motoris\u00e9es, machines, tentes, solaire. Profil industriel,<br \/>\nProfil de d\u00e9coration,<\/td>\n<\/tr>\n<tr>\n<td> Processus en profondeur<\/td>\n<td> CNC, per\u00e7age, fraisage, d\u00e9coupage, soudage, pliage, assemblage.<\/td>\n<\/tr>\n<tr>\n<td> MOQ<\/td>\n<td> 200KG pour chaque article.<\/td>\n<\/tr>\n<tr>\n<td> Capacit\u00e9 de production<\/td>\n<td> 5000 tonnes par mois, 60000 tonnes par an.<\/td>\n<\/tr>\n<tr>\n<td> Nom de la marque<\/td>\n<td> Sinoextrud (Sinoextrud ALUMINIUM).<\/td>\n<\/tr>\n<tr>\n<td> Certificat et norme<\/td>\n<td> 1) ISO9001-2008\/ISO 9001:2008 ;<br \/>\n2) Certification CQM ;<br \/>\n3) SGS, CE, BV, JIS, AS, NZS, QUALICOAT, QUOLANOD disponibles.<\/td>\n<\/tr>\n<tr>\n<td> Garantie<\/td>\n<td> La couleur de la surface peut rester stable pendant 10 \u00e0 20 ans en utilisation int\u00e9rieure.<\/td>\n<\/tr>\n<tr>\n<td> D\u00e9tails de l'emballage<\/td>\n<td> Int\u00e9rieur : emball\u00e9 sous film plastique pour prot\u00e9ger chaque pi\u00e8ce.<\/td>\n<\/tr>\n<tr>\n<td> <\/td>\n<td> A l'ext\u00e9rieur : Envelopper les paquets avec du papier artisanal imperm\u00e9able ou un film EPE. Sur mesure<br \/>\ndemande disponible.<\/td>\n<\/tr>\n<tr>\n<td> D\u00e9lai d'ex\u00e9cution<\/td>\n<td> Mise au point de la matrice et essai de l'\u00e9chantillon : 12-15 jours.<\/td>\n<\/tr>\n<tr>\n<td> <\/td>\n<td> Production en s\u00e9rie : 20-25 jours.<\/td>\n<\/tr>\n<tr>\n<td> Port FOB<\/td>\n<td> Shenzhen \/ Guangzhou \/ Foshan.<\/td>\n<\/tr>\n<tr>\n<td> Conditions de paiement<\/td>\n<td> T\/T 30% pour le d\u00e9p\u00f4t, le solde avant la livraison.<\/td>\n<\/tr>\n<tr>\n<td> Conditions de r\u00e8glement<\/td>\n<td> Facturer au poids r\u00e9el final ou au poids th\u00e9orique du dessin.<\/td>\n<\/tr>\n<\/tbody>\n<\/table>\n<h2>Notre base de production<\/h2>\n<h3>Panorama de l'usine<\/h3>\n<p><img decoding=\"async\" src=\"\/wp-content\/uploads\/factory-01.webp\"\/><\/p>\n<h3>Atelier de fabrication de barres d'aluminium<\/h3>\n<p><img decoding=\"async\" src=\"\/wp-content\/uploads\/factory-02.webp\"\/><\/p>\n<p><img decoding=\"async\" src=\"\/wp-content\/uploads\/factory-03.webp\"\/><\/p>\n<h3>Entrep\u00f4t de stockage des moules<\/h3>\n<p><img decoding=\"async\" src=\"\/wp-content\/uploads\/factory-04.webp\"\/><\/p>\n<h3>43 lignes d'extrusion d'aluminium (500-5500 tonnes)<\/h3>\n<p><img decoding=\"async\" src=\"\/wp-content\/uploads\/factory-05.webp\"\/><\/p>\n<p><img decoding=\"async\" src=\"\/wp-content\/uploads\/factory-06.webp\"\/><\/p>\n<p><img decoding=\"async\" src=\"\/wp-content\/uploads\/factory-07.webp\"\/><\/p>\n<h3>Atelier de peinture en poudre<\/h3>\n<p><img decoding=\"async\" src=\"\/wp-content\/uploads\/factory-09.webp\"\/><\/p>\n<h3>Atelier d'anodisation<\/h3>\n<p><img decoding=\"async\" src=\"\/wp-content\/uploads\/factory-10.webp\"\/><\/p>\n<h3>Atelier sur le traitement en profondeur<\/h3>\n<p><img decoding=\"async\" src=\"\/wp-content\/uploads\/factory-11.webp\"\/><\/p>\n<h3>Atelier d'usinage de pr\u00e9cision CNC<\/h3>\n<p><img decoding=\"async\" src=\"\/wp-content\/uploads\/factory-11.5.webp\"\/><\/p>\n<h3>Entrep\u00f4t de produits finis et d'exportation<\/h3>\n<p><img decoding=\"async\" src=\"\/wp-content\/uploads\/factory-12.webp\"\/><\/p>\n<p><img decoding=\"async\" src=\"\/wp-content\/uploads\/factory-13.webp\"\/><\/p>\n<p><img decoding=\"async\" src=\"\/wp-content\/uploads\/factory-14.webp\"\/><\/p>\n<h2>FAQ<\/h2>\n<p><p><b>1) Qu'est-ce que le mobilier en aluminium ?<\/b><\/p>\n<p>Le mobilier en aluminium fait r\u00e9f\u00e9rence aux produits d'ameublement fabriqu\u00e9s principalement \u00e0 partir d'aluminium, offrant durabilit\u00e9, style et polyvalence pour divers environnements.<br \/>\n<\/p><br \/>\n<br \/>\n<p><b>2) Pourquoi choisir des meubles en aluminium plut\u00f4t qu'en bois ou en acier ?<\/b><\/p>\n<p>Les meubles en aluminium sont l\u00e9gers, r\u00e9sistants \u00e0 la rouille, n\u00e9cessitent peu d'entretien et ont une apparence plus moderne que le bois ou l'acier.<br \/>\n<\/p><br \/>\n<br \/>\n<p><b>3. les meubles en aluminium conviennent-ils \u00e0 une utilisation en ext\u00e9rieur ?<\/b><\/p>\n<p>Oui, l'aluminium est naturellement r\u00e9sistant \u00e0 la corrosion, ce qui le rend id\u00e9al pour les meubles de terrasse, de jardin et de balcon.<br \/>\n<\/p><br \/>\n<br \/>\n<p><b>4. les meubles en aluminium peuvent-ils \u00eatre personnalis\u00e9s ?<\/b><\/p>\n<p>Absolument, les meubles en aluminium peuvent \u00eatre adapt\u00e9s en termes de taille, de design, de couleur et de finition de surface pour r\u00e9pondre \u00e0 diff\u00e9rents besoins esth\u00e9tiques ou fonctionnels.<br \/>\n<\/p><br \/>\n<br \/>\n<p><b>5. les meubles en aluminium n\u00e9cessitent-ils beaucoup d'entretien ?<\/b><\/p>\n<p>Non, il ne n\u00e9cessite que tr\u00e8s peu d'entretien - en g\u00e9n\u00e9ral, il suffit de le nettoyer occasionnellement avec de l'eau et un chiffon doux.<br \/>\n<\/p><br \/>\n<br \/>\n<p><b>6. les meubles en aluminium sont-ils respectueux de l'environnement ?<\/b><\/p>\n<p>Oui, l'aluminium est 100% recyclable et contribue \u00e0 la fabrication de meubles durables et \u00e9cologiques.<br \/>\n<\/p><br \/>\n<br \/>\n<p><b>7) Quelles sont les finitions disponibles pour les meubles en aluminium ?<\/b><\/p>\n<p>Les finitions courantes comprennent l'anodisation, le rev\u00eatement par poudre, le polissage et le brossage, offrant \u00e0 la fois un attrait visuel et une protection de la surface.<br \/>\n<\/p><br \/><\/p>","protected":false},"featured_media":7295,"template":"","categories":[67],"class_list":["post-7296","product","type-product","status-publish","has-post-thumbnail","hentry","category-architectural-aluminium-profile"],"meta_box":{"hilight_text_group":{"product_hilight_text":"<li>Lightweight yet strong structure ideal for residential and commercial use<\/li>\r\r\n<li>Corrosion-resistant aluminum ensures long-lasting performance indoors and outdoors<\/li>\r\r\n<li>Modern, sleek appearance enhances contemporary furniture design<\/li>\r\r\n<li>Low maintenance and easy to clean for daily convenience<\/li>\r\r\n<li>Customizable in size, color, and finish to meet OEM requirements<\/li>\r\r\n<li>Eco-friendly and recyclable material for sustainable furniture production<\/li>","product_chanpin_blog":"<ul>\r\r\n<li><a href=\"https:\/\/sinoextrud.com\/t-slot-v-slot-differences\/\" target=\"_blank\">t slot vs v slot<\/a><\/li>\r\r\n<li><a href=\"https:\/\/sinoextrud.com\/what-is-4040-aluminium-extrud\/\" target=\"_blank\">4040 aluminium extrusion<\/a><\/li>\r\r\n<li><a href=\"https:\/\/sinoextrud.com\/what-is-4040-aluminium-extrud\/\" target=\"_blank\">aluminum extrusions for industrial racks<\/a><\/li>\r\r\n<li><a href=\"https:\/\/sinoextrud.com\/powder-coating-aluminium-process\/\" target=\"_blank\">powder coating aluminium<\/a><\/li>\r\r\n<li><a href=\"https:\/\/sinoextrud.com\/what-is-an-aluminium-strip-ceiling\/\" target=\"_blank\">aluminium strip ceiling<\/a><\/li>\r\r\n<li><a href=\"https:\/\/sinoextrud.com\/what-is-a-heat-sink\/\" target=\"_blank\">what is a heat sink<\/a><\/li>\r\r\n<\/ul>","product_chanpin_chanpin":"<li><a href=\"https:\/\/sinoextrud.com\/product\/types-of-aluminum-profiles\/\" target=\"_blank\">Types Of Aluminum Profiles<\/a><\/li>\r\n<li><a href=\"https:\/\/sinoextrud.com\/product\/aluminium-fabrication\/\" target=\"_blank\">Aluminium Fabrication<\/a><\/li>\r\n<li><a href=\"https:\/\/sinoextrud.com\/product\/aluminium-profile-for-window\/\" target=\"_blank\">Aluminium Profile For Window<\/a><\/li>\r\n<li><a href=\"https:\/\/sinoextrud.com\/product\/powder-coating-aluminium-roller-shutter-profile\/\" target=\"_blank\">Powder Coating Aluminium Roller shutter Profile<\/a><\/li>\r\n<li><a href=\"https:\/\/sinoextrud.com\/product\/aluminium-furniture\/\" target=\"_blank\">Aluminium Furniture<\/a><\/li>\r\n<li><a href=\"https:\/\/sinoextrud.com\/product\/aluminium-glass-fitting-channel\/\" target=\"_blank\">Aluminium Glass Fitting Channel<\/a><\/li>\r\n<li><a href=\"https:\/\/sinoextrud.com\/product\/aluminum-price-per-pound\/\" target=\"_blank\">Aluminum Price Per Pound<\/a><\/li>\r\n<li><a href=\"https:\/\/sinoextrud.com\/product\/aluminum-profile-extrusion-of-heatsink-sections-for-sale\/\" target=\"_blank\">Aluminum Profile Extrusion Of Heatsink Sections For Sale<\/a><\/li>\r\n<li><a href=\"https:\/\/sinoextrud.com\/product\/customized-ome-aluminium-profile-extruded-with-the-anodized-black-champage-silver-white-and-blasted-treatment\/\" target=\"_blank\">Customized OME Aluminium Profile Extruded With The Anodized Black Champage Silver White And Blasted Treatment<\/a><\/li>\r\n<li><a href=\"https:\/\/sinoextrud.com\/product\/slotted-aluminium-extrusion\/\" target=\"_blank\">Slotted Aluminium Extrusion<\/a><\/li>\r\n<li><a href=\"https:\/\/sinoextrud.com\/product\/aluminum-track-extrusion\/\" target=\"_blank\">Aluminum Track Extrusion<\/a><\/li>"},"feature_list":[]},"_links":{"self":[{"href":"https:\/\/sinoextrud.com\/fr\/wp-json\/wp\/v2\/product\/7296","targetHints":{"allow":["GET"]}}],"collection":[{"href":"https:\/\/sinoextrud.com\/fr\/wp-json\/wp\/v2\/product"}],"about":[{"href":"https:\/\/sinoextrud.com\/fr\/wp-json\/wp\/v2\/types\/product"}],"wp:featuredmedia":[{"embeddable":true,"href":"https:\/\/sinoextrud.com\/fr\/wp-json\/wp\/v2\/media\/7295"}],"wp:attachment":[{"href":"https:\/\/sinoextrud.com\/fr\/wp-json\/wp\/v2\/media?parent=7296"}],"wp:term":[{"taxonomy":"category","embeddable":true,"href":"https:\/\/sinoextrud.com\/fr\/wp-json\/wp\/v2\/categories?post=7296"}],"curies":[{"name":"wp","href":"https:\/\/api.w.org\/{rel}","templated":true}]}}