{"id":7290,"date":"2025-06-06T04:08:19","date_gmt":"2025-06-06T04:08:19","guid":{"rendered":"https:\/\/sinoextrud.com\/product\/powder-coating-aluminium-roller-shutter-profile\/"},"modified":"2025-06-24T06:12:26","modified_gmt":"2025-06-24T06:12:26","slug":"profile-de-volet-roulant-en-aluminium-peint-par-poudrage","status":"publish","type":"product","link":"https:\/\/sinoextrud.com\/fr\/product\/powder-coating-aluminium-roller-shutter-profile\/","title":{"rendered":"Profil\u00e9 de volet roulant en aluminium avec rev\u00eatement par poudre"},"content":{"rendered":"<h2>D\u00e9tails des produits<\/h2>\n<table class=\"custom-table\">\n<tr>\n<td class=\"label\">Type d'aluminium<\/td>\n<td>Profil\u00e9 de volet roulant en aluminium personnalis\u00e9\/Profil de volet roulant en aluminium \u00e0 rev\u00eatement en poudre<\/td>\n<\/tr>\n<tr>\n<td class=\"label\">Grade<\/td>\n<td>6063 OU 6061<\/td>\n<\/tr>\n<tr>\n<td class=\"label\">Temp\u00e9rer<\/td>\n<td>T5<\/td>\n<\/tr>\n<tr>\n<td class=\"label\">Traitement de surface<\/td>\n<td>1- Moulin termin\u00e9<br \/>\n2-Poudrage : bronze, noir, blanc, etc.<br \/>\n3-Anodis\u00e9 : argent, bronze, dor\u00e9, champagne, etc.<br \/>\n4-Oxydation \u00e9lectrophor\u00e9tique : argent, bronze, or, champagne, etc.<br \/>\n* Les couleurs peuvent \u00eatre personnalis\u00e9es.<\/td>\n<\/tr>\n<tr>\n<td class=\"label\">Fonctionnalit\u00e9<\/td>\n<td>1 grande luminosit\u00e9 et duret\u00e9<br \/>\n2 forte adh\u00e9rence du rev\u00eatement<br \/>\n3 anti-rayures, douceur<br \/>\n4 Haute r\u00e9sistance aux intemp\u00e9ries, haute r\u00e9sistance \u00e0 la corrosion, bonne r\u00e9sistance \u00e0 l'usure<\/td>\n<\/tr>\n<tr>\n<td class=\"label\">Emballage standard<\/td>\n<td>1- Film protecteur en PE pour chaque pi\u00e8ce, film r\u00e9tractable en PE pour chaque paquet<br \/>\n2- Emballage personnalis\u00e9<\/td>\n<\/tr>\n<tr>\n<td class=\"label\">Certification<\/td>\n<td>1- ISO9001<br \/>\n2- SGS<br \/>\n3- TUV<br \/>\n4- Autres certificats dont les clients ont besoin.<\/td>\n<\/tr>\n<tr>\n<td class=\"label\">MOQ<\/td>\n<td>1 TON pour un article.<br \/>\nSinon, il faut ajouter un suppl\u00e9ment (45 USD) pour les petites quantit\u00e9s.<\/td>\n<\/tr>\n<tr>\n<td class=\"label\">Avantages du produit<\/td>\n<td>1. Nombreux traitements de surface au choix, par exemple oxydation, \u00e9lectrophor\u00e8se et rev\u00eatement par poudre, etc.<br \/>\n2. Contr\u00f4le strict de l'\u00e9tat de surface, tr\u00e8s peu de rayures.<br \/>\n3. Un moule pr\u00e9cis et une taille pr\u00e9cise.<br \/>\n4. Composition standard de l'alliage<br \/>\n5. Les deux extr\u00e9mit\u00e9s des profils sont tr\u00e8s simples et ne pr\u00e9sentent aucune bavure.<\/td>\n<\/tr>\n<\/table>\n<h2>Notre base de production<\/h2>\n<h3>Panorama de l'usine<\/h3>\n<p><img decoding=\"async\" src=\"\/wp-content\/uploads\/factory-01.webp\"\/><\/p>\n<h3>Atelier de fabrication de barres d'aluminium<\/h3>\n<p><img decoding=\"async\" src=\"\/wp-content\/uploads\/factory-02.webp\"\/><\/p>\n<p><img decoding=\"async\" src=\"\/wp-content\/uploads\/factory-03.webp\"\/><\/p>\n<h3>Entrep\u00f4t de stockage des moules<\/h3>\n<p><img decoding=\"async\" src=\"\/wp-content\/uploads\/factory-04.webp\"\/><\/p>\n<h3>43 lignes d'extrusion d'aluminium (500-5500 tonnes)<\/h3>\n<p><img decoding=\"async\" src=\"\/wp-content\/uploads\/factory-05.webp\"\/><\/p>\n<p><img decoding=\"async\" src=\"\/wp-content\/uploads\/factory-06.webp\"\/><\/p>\n<p><img decoding=\"async\" src=\"\/wp-content\/uploads\/factory-07.webp\"\/><\/p>\n<h3>Atelier de peinture en poudre<\/h3>\n<p><img decoding=\"async\" src=\"\/wp-content\/uploads\/factory-09.webp\"\/><\/p>\n<h3>Atelier d'anodisation<\/h3>\n<p><img decoding=\"async\" src=\"\/wp-content\/uploads\/factory-10.webp\"\/><\/p>\n<h3>Atelier sur le traitement en profondeur<\/h3>\n<p><img decoding=\"async\" src=\"\/wp-content\/uploads\/factory-11.webp\"\/><\/p>\n<h3>Atelier d'usinage de pr\u00e9cision CNC<\/h3>\n<p><img decoding=\"async\" src=\"\/wp-content\/uploads\/factory-11.5.webp\"\/><\/p>\n<h3>Entrep\u00f4t de produits finis et d'exportation<\/h3>\n<p><img decoding=\"async\" src=\"\/wp-content\/uploads\/factory-12.webp\"\/><\/p>\n<p><img decoding=\"async\" src=\"\/wp-content\/uploads\/factory-13.webp\"\/><\/p>\n<p><img decoding=\"async\" src=\"\/wp-content\/uploads\/factory-14.webp\"\/><\/p>\n<h2>FAQ<\/h2>\n<p><p><b>1) Qu'est-ce qu'un profil\u00e9 de volet roulant en aluminium \u00e0 rev\u00eatement par poudre ?<\/b><\/p>\n<p>Il s'agit d'un profil\u00e9 en aluminium extrud\u00e9 rev\u00eatu d'une finition poudre durable, con\u00e7u sp\u00e9cifiquement pour \u00eatre utilis\u00e9 dans les syst\u00e8mes de volets roulants.<br \/>\n<\/p><br \/>\n<br \/>\n<p><b>2) Pourquoi choisir l'aluminium thermolaqu\u00e9 pour les volets roulants ?<\/b><\/p>\n<p>Le rev\u00eatement en poudre am\u00e9liore la r\u00e9sistance aux intemp\u00e9ries, pr\u00e9vient la rouille et permet une conservation durable des couleurs, ce qui est id\u00e9al pour les volets utilis\u00e9s \u00e0 l'ext\u00e9rieur.<br \/>\n<\/p><br \/>\n<br \/>\n<p><b>3. la surface rev\u00eatue de poudre r\u00e9siste-t-elle aux rayures ?<\/b><\/p>\n<p>Oui, le rev\u00eatement par poudre cr\u00e9e une couche protectrice solide qui r\u00e9siste aux rayures, aux \u00e9clats et \u00e0 la d\u00e9coloration.<br \/>\n<\/p><br \/>\n<br \/>\n<p><b>4. ces profils peuvent-ils \u00eatre personnalis\u00e9s en termes de taille et de couleur ?<\/b><\/p>\n<p>Absolument, ils sont disponibles en diff\u00e9rentes dimensions, formes et couleurs RAL pour r\u00e9pondre aux besoins sp\u00e9cifiques des projets.<br \/>\n<\/p><br \/>\n<br \/>\n<p><b>5. les profil\u00e9s en aluminium thermolaqu\u00e9 conviennent-ils aux zones c\u00f4ti\u00e8res ou humides ?<\/b><\/p>\n<p>Oui, le rev\u00eatement offre une excellente r\u00e9sistance au sel, \u00e0 l'humidit\u00e9 et aux conditions climatiques difficiles.<br \/>\n<\/p><br \/>\n<br \/>\n<p><b>6. les profils de volets roulants thermolaqu\u00e9s n\u00e9cessitent-ils un entretien ?<\/b><\/p>\n<p>L'entretien est minime : un nettoyage occasionnel avec de l'eau et du savon doux suffit.<br \/>\n<\/p><br \/>\n<br \/>\n<p><b>7. quelles sont les applications courantes de ces profils ?<\/b><\/p>\n<p>Ils sont utilis\u00e9s dans les maisons r\u00e9sidentielles, les vitrines commerciales, les entrep\u00f4ts et les installations industrielles pour la s\u00e9curit\u00e9 et l'ombrage.<br \/>\n<\/p><br \/>\n<br \/>\n<p><b>8. le rev\u00eatement par poudre est-il respectueux de l'environnement ?<\/b><\/p>\n<p>Oui, le rev\u00eatement par poudre ne contient pas de solvant, produit peu de d\u00e9chets et est consid\u00e9r\u00e9 comme un processus de finition \u00e9cologique.<br \/>\n<\/p><br \/><\/p>","protected":false},"featured_media":7289,"template":"","categories":[67],"class_list":["post-7290","product","type-product","status-publish","has-post-thumbnail","hentry","category-architectural-aluminium-profile"],"meta_box":{"hilight_text_group":{"product_hilight_text":"<li>Powder-coated surface provides excellent corrosion and UV resistance<\/li>\r\r\n<li>Durable aluminum structure ensures long-lasting performance<\/li>\r\r\n<li>Lightweight profile allows for smooth roller shutter operation<\/li>\r\r\n<li>Available in a wide range of colors and finishes for aesthetic flexibility<\/li>\r\r\n<li>Low maintenance and easy to clean surface treatment<\/li>\r\r\n<li>Customizable dimensions for residential, commercial, and industrial use<\/li>\r\r\n<li>Enhances security, insulation, and privacy in modern buildings<\/li>","product_chanpin_blog":"<ul>\r\r\n<li><a href=\"https:\/\/sinoextrud.com\/t-slot-v-slot-differences\/\" target=\"_blank\">t slot vs v slot<\/a><\/li>\r\r\n<li><a href=\"https:\/\/sinoextrud.com\/what-is-4040-aluminium-extrud\/\" target=\"_blank\">4040 aluminium extrusion<\/a><\/li>\r\r\n<li><a href=\"https:\/\/sinoextrud.com\/what-is-4040-aluminium-extrud\/\" target=\"_blank\">aluminum extrusions for industrial racks<\/a><\/li>\r\r\n<li><a href=\"https:\/\/sinoextrud.com\/powder-coating-aluminium-process\/\" target=\"_blank\">powder coating aluminium<\/a><\/li>\r\r\n<li><a href=\"https:\/\/sinoextrud.com\/what-is-an-aluminium-strip-ceiling\/\" target=\"_blank\">aluminium strip ceiling<\/a><\/li>\r\r\n<li><a href=\"https:\/\/sinoextrud.com\/what-is-a-heat-sink\/\" target=\"_blank\">what is a heat sink<\/a><\/li>\r\r\n<\/ul>","product_chanpin_chanpin":"<li><a href=\"https:\/\/sinoextrud.com\/product\/aluminium-extrusion-sections\/\" target=\"_blank\">Aluminium Extrusion Sections<\/a><\/li>\r\n<li><a href=\"https:\/\/sinoextrud.com\/product\/types-of-aluminum-profiles\/\" target=\"_blank\">Types Of Aluminum Profiles<\/a><\/li>\r\n<li><a href=\"https:\/\/sinoextrud.com\/product\/aluminium-fabrication\/\" target=\"_blank\">Aluminium Fabrication<\/a><\/li>\r\n<li><a href=\"https:\/\/sinoextrud.com\/product\/aluminium-profile-for-window\/\" target=\"_blank\">Aluminium Profile For Window<\/a><\/li>\r\n<li><a href=\"https:\/\/sinoextrud.com\/product\/powder-coating-aluminium-roller-shutter-profile\/\" target=\"_blank\">Powder Coating Aluminium Roller shutter Profile<\/a><\/li>\r\n<li><a href=\"https:\/\/sinoextrud.com\/product\/aluminium-furniture\/\" target=\"_blank\">Aluminium Furniture<\/a><\/li>\r\n<li><a href=\"https:\/\/sinoextrud.com\/product\/aluminium-glass-fitting-channel\/\" target=\"_blank\">Aluminium Glass Fitting Channel<\/a><\/li>\r\n<li><a href=\"https:\/\/sinoextrud.com\/product\/aluminum-price-per-pound\/\" target=\"_blank\">Aluminum Price Per Pound<\/a><\/li>\r\n<li><a href=\"https:\/\/sinoextrud.com\/product\/aluminum-profile-extrusion-of-heatsink-sections-for-sale\/\" target=\"_blank\">Aluminum Profile Extrusion Of Heatsink Sections For Sale<\/a><\/li>\r\n<li><a href=\"https:\/\/sinoextrud.com\/product\/aluminum-pipe-handrail\/\" target=\"_blank\">Aluminum Pipe Handrail<\/a><\/li>\r\n<li><a href=\"https:\/\/sinoextrud.com\/product\/aluminum-extrusion-heat-profiles-sink\/\" target=\"_blank\">Aluminum Extrusion Heat Profiles Sink<\/a><\/li>"},"feature_list":[]},"_links":{"self":[{"href":"https:\/\/sinoextrud.com\/fr\/wp-json\/wp\/v2\/product\/7290","targetHints":{"allow":["GET"]}}],"collection":[{"href":"https:\/\/sinoextrud.com\/fr\/wp-json\/wp\/v2\/product"}],"about":[{"href":"https:\/\/sinoextrud.com\/fr\/wp-json\/wp\/v2\/types\/product"}],"wp:featuredmedia":[{"embeddable":true,"href":"https:\/\/sinoextrud.com\/fr\/wp-json\/wp\/v2\/media\/7289"}],"wp:attachment":[{"href":"https:\/\/sinoextrud.com\/fr\/wp-json\/wp\/v2\/media?parent=7290"}],"wp:term":[{"taxonomy":"category","embeddable":true,"href":"https:\/\/sinoextrud.com\/fr\/wp-json\/wp\/v2\/categories?post=7290"}],"curies":[{"name":"wp","href":"https:\/\/api.w.org\/{rel}","templated":true}]}}