{"id":7278,"date":"2025-06-06T03:55:09","date_gmt":"2025-06-06T03:55:09","guid":{"rendered":"https:\/\/sinoextrud.com\/product\/aluminium-extrusion-machining\/"},"modified":"2025-06-24T06:12:25","modified_gmt":"2025-06-24T06:12:25","slug":"usinage-de-lextrusion-daluminium","status":"publish","type":"product","link":"https:\/\/sinoextrud.com\/fr\/product\/aluminium-extrusion-machining\/","title":{"rendered":"Usinage de l'extrusion d'aluminium"},"content":{"rendered":"<h2>D\u00e9tails des produits<\/h2>\n<table class=\"custom-table\">\n<tbody>\n<tr>\n<td> Nom<\/td>\n<td> Usinage d'extrusion d'aluminium<\/td>\n<\/tr>\n<tr>\n<td> Marque<\/td>\n<td> Sinoextrud\/<\/td>\n<\/tr>\n<tr>\n<td> Cat\u00e9gorie<\/td>\n<td> Extrusion d'aluminium<\/td>\n<\/tr>\n<tr>\n<td> Mat\u00e9riau<\/td>\n<td> La norme 6061 est largement utilis\u00e9e. 6063, 6463, 6005, 6082 sont \u00e9galement disponibles.<\/td>\n<\/tr>\n<tr>\n<td> Type<\/td>\n<td> Type lourd ou type l\u00e9ger disponible<\/td>\n<\/tr>\n<tr>\n<td> Temp\u00e9rer<\/td>\n<td> T5-T8<\/td>\n<\/tr>\n<tr>\n<td> Longueur<\/td>\n<td> Selon votre demande, sur la base de notre usinage profond<\/td>\n<\/tr>\n<tr>\n<td> Taille (mm)<\/td>\n<td> Diff\u00e9rentes tailles sont disponibles, le dessin du client est disponible<\/td>\n<\/tr>\n<tr>\n<td> Forme<\/td>\n<td> Selon le dessin<\/td>\n<\/tr>\n<tr>\n<td> Traitement de surface<\/td>\n<td> Rev\u00eatement \u00e9lectrique ; finition en usine, anodisation, sablage, \u00e9lectrophor\u00e8se \u00e9galement disponible.<\/td>\n<\/tr>\n<tr>\n<td> Couleur<\/td>\n<td> Nous pouvons personnaliser les couleurs en fonction des \u00e9chantillons des clients.<\/td>\n<\/tr>\n<tr>\n<td> Garantie<\/td>\n<td> BV , TUV ,ISO<\/td>\n<\/tr>\n<tr>\n<td> Standard<\/td>\n<td> Qualit\u00e9 moyenne et \u00e9lev\u00e9e<\/td>\n<\/tr>\n<tr>\n<td> MOQ<\/td>\n<td> 200KGS pour chaque article<\/td>\n<\/tr>\n<tr>\n<td> De<\/td>\n<td> Guangdong, Chine<\/td>\n<\/tr>\n<tr>\n<td> Application<\/td>\n<td> Industrie, b\u00e2timent, d\u00e9coration<\/td>\n<\/tr>\n<\/tbody>\n<\/table>\n<h2>Notre base de production<\/h2>\n<h3>Panorama de l'usine<\/h3>\n<p><img decoding=\"async\" src=\"\/wp-content\/uploads\/factory-01.webp\"\/><\/p>\n<h3>Atelier de fabrication de barres d'aluminium<\/h3>\n<p><img decoding=\"async\" src=\"\/wp-content\/uploads\/factory-02.webp\"\/><\/p>\n<p><img decoding=\"async\" src=\"\/wp-content\/uploads\/factory-03.webp\"\/><\/p>\n<h3>Entrep\u00f4t de stockage des moules<\/h3>\n<p><img decoding=\"async\" src=\"\/wp-content\/uploads\/factory-04.webp\"\/><\/p>\n<h3>43 lignes d'extrusion d'aluminium (500-5500 tonnes)<\/h3>\n<p><img decoding=\"async\" src=\"\/wp-content\/uploads\/factory-05.webp\"\/><\/p>\n<p><img decoding=\"async\" src=\"\/wp-content\/uploads\/factory-06.webp\"\/><\/p>\n<p><img decoding=\"async\" src=\"\/wp-content\/uploads\/factory-07.webp\"\/><\/p>\n<h3>Atelier de peinture en poudre<\/h3>\n<p><img decoding=\"async\" src=\"\/wp-content\/uploads\/factory-09.webp\"\/><\/p>\n<h3>Atelier d'anodisation<\/h3>\n<p><img decoding=\"async\" src=\"\/wp-content\/uploads\/factory-10.webp\"\/><\/p>\n<h3>Atelier sur le traitement en profondeur<\/h3>\n<p><img decoding=\"async\" src=\"\/wp-content\/uploads\/factory-11.webp\"\/><\/p>\n<h3>Atelier d'usinage de pr\u00e9cision CNC<\/h3>\n<p><img decoding=\"async\" src=\"\/wp-content\/uploads\/factory-11.5.webp\"\/><\/p>\n<h3>Entrep\u00f4t de produits finis et d'exportation<\/h3>\n<p><img decoding=\"async\" src=\"\/wp-content\/uploads\/factory-12.webp\"\/><\/p>\n<p><img decoding=\"async\" src=\"\/wp-content\/uploads\/factory-13.webp\"\/><\/p>\n<p><img decoding=\"async\" src=\"\/wp-content\/uploads\/factory-14.webp\"\/><\/p>\n<h2>FAQ<\/h2>\n<p><p><b>1) Qu'est-ce que l'usinage par extrusion d'aluminium ?<\/b><\/p>\n<p>L'usinage par extrusion de l'aluminium est le processus de personnalisation des profils d'aluminium par fraisage, per\u00e7age, taraudage et d\u00e9coupage CNC pour des applications sp\u00e9cifiques.<br \/>\n<\/p><br \/>\n<br \/>\n<p><b>2. quels sont les avantages de l'usinage des extrusions d'aluminium ?<\/b><\/p>\n<p>Elle permet une fabrication pr\u00e9cise, une r\u00e9duction du travail manuel, un meilleur ajustement lors de l'assemblage et des d\u00e9lais de production plus courts.<br \/>\n<\/p><br \/>\n<br \/>\n<p><b>3. pouvez-vous fournir des services d'usinage sur mesure ?<\/b><\/p>\n<p>Oui, nous offrons un service complet d'usinage sur mesure comprenant des trous, des fentes, des filetages, des chanfreins et des coupes \u00e0 longueur.<br \/>\n<\/p><br \/>\n<br \/>\n<p><b>4) Quelles sont les industries qui utilisent les extrusions d'aluminium usin\u00e9 ?<\/b><\/p>\n<p>Les industries telles que l'\u00e9lectronique, la construction, l'automobile, l'a\u00e9rospatiale et l'ameublement utilisent fr\u00e9quemment des extrusions usin\u00e9es.<br \/>\n<\/p><br \/>\n<br \/>\n<p><b>5. est-il possible d'obtenir des tol\u00e9rances serr\u00e9es dans l'usinage de l'extrusion d'aluminium ?<\/b><\/p>\n<p>Oui, nos machines \u00e0 commande num\u00e9rique maintiennent des tol\u00e9rances de haute pr\u00e9cision adapt\u00e9es \u00e0 un usage technique et industriel.<br \/>\n<\/p><br \/>\n<br \/>\n<p><b>6. proposez-vous des services de finition apr\u00e8s l'usinage ?<\/b><\/p>\n<p>Oui, nous proposons l'anodisation, le rev\u00eatement par poudre, le polissage et le brossage, tant pour la fonction que pour l'esth\u00e9tique.<br \/>\n<\/p><br \/>\n<br \/>\n<p><b>7.Comment l'usinage r\u00e9duit-il les co\u00fbts de production ?<\/b><\/p>\n<p>Les composants pr\u00e9-usin\u00e9s permettent d'\u00e9conomiser du temps d'assemblage, de r\u00e9duire la main d'\u0153uvre et d'\u00e9liminer la n\u00e9cessit\u00e9 d'un traitement secondaire chez le client.<br \/>\n<\/p><br \/>\n<br \/>\n<p><b>8) Les commandes de petites quantit\u00e9s sont-elles accept\u00e9es pour l'usinage sur mesure de l'aluminium ?<\/b><\/p>\n<p>Oui, nous prenons en charge les commandes de petits et grands volumes, y compris les services de prototypage et d'OEM.<br \/>\n<\/p><br \/><\/p>","protected":false},"featured_media":7277,"template":"","categories":[67],"class_list":["post-7278","product","type-product","status-publish","has-post-thumbnail","hentry","category-architectural-aluminium-profile"],"meta_box":{"hilight_text_group":{"product_hilight_text":"<li>Precision CNC machining ensures high dimensional accuracy for aluminum extrusions<\/li>\r\r\n<li>Custom fabrication including drilling, tapping, cutting, and milling available<\/li>\r\r\n<li>Improves assembly efficiency by delivering ready-to-install components<\/li>\r\r\n<li>Supports complex geometries and tight tolerances for industrial applications<\/li>\r\r\n<li>Reduces labor cost and production time for end users<\/li>\r\r\n<li>Suitable for a wide range of industries including aerospace, automotive, and electronics<\/li>\r\r\n<li>Compatible with various surface finishes such as anodizing or powder coating<\/li>","product_chanpin_blog":"<ul>\r\r\n<li><a href=\"https:\/\/sinoextrud.com\/t-slot-v-slot-differences\/\" target=\"_blank\">t slot vs v slot<\/a><\/li>\r\r\n<li><a href=\"https:\/\/sinoextrud.com\/what-is-4040-aluminium-extrud\/\" target=\"_blank\">4040 aluminium extrusion<\/a><\/li>\r\r\n<li><a href=\"https:\/\/sinoextrud.com\/what-is-4040-aluminium-extrud\/\" target=\"_blank\">aluminum extrusions for industrial racks<\/a><\/li>\r\r\n<li><a href=\"https:\/\/sinoextrud.com\/powder-coating-aluminium-process\/\" target=\"_blank\">powder coating aluminium<\/a><\/li>\r\r\n<li><a href=\"https:\/\/sinoextrud.com\/what-is-an-aluminium-strip-ceiling\/\" target=\"_blank\">aluminium strip ceiling<\/a><\/li>\r\r\n<li><a href=\"https:\/\/sinoextrud.com\/what-is-a-heat-sink\/\" target=\"_blank\">what is a heat sink<\/a><\/li>\r\r\n<\/ul>","product_chanpin_chanpin":"<li><a href=\"https:\/\/sinoextrud.com\/product\/aluminium-extrusion-curtain-wall-profile-with-powder-coated-surface-manufacturer-direct-selling\/\" target=\"_blank\">Aluminium Extrusion Curtain Wall Profile With Powder Coated Surface Manufacturer Direct Selling<\/a><\/li>\r\n<li><a href=\"https:\/\/sinoextrud.com\/product\/customized-aluminium-heavy-duty-door-hinge\/\" target=\"_blank\">Customized Aluminium Heavy Duty Door Hinge<\/a><\/li>\r\n<li><a href=\"https:\/\/sinoextrud.com\/product\/extruded-aluminium-curtain-walls\/\" target=\"_blank\">Extruded Aluminium Curtain Walls<\/a><\/li>\r\n<li><a href=\"https:\/\/sinoextrud.com\/product\/aluminium-extrusion-handles-for-closet\/\" target=\"_blank\">Aluminium Extrusion Handles for Closet<\/a><\/li>\r\n<li><a href=\"https:\/\/sinoextrud.com\/product\/aluminium-extrusion-machining\/\" target=\"_blank\">Aluminium Extrusion Machining<\/a><\/li>\r\n<li><a href=\"https:\/\/sinoextrud.com\/product\/aluminum-price-per-ton\/\" target=\"_blank\">Aluminum Price Per Ton<\/a><\/li>\r\n<li><a href=\"https:\/\/sinoextrud.com\/product\/aluminium-extrusion-sections\/\" target=\"_blank\">Aluminium Extrusion Sections<\/a><\/li>\r\n<li><a href=\"https:\/\/sinoextrud.com\/product\/types-of-aluminum-profiles\/\" target=\"_blank\">Types Of Aluminum Profiles<\/a><\/li>\r\n<li><a href=\"https:\/\/sinoextrud.com\/product\/aluminium-fabrication\/\" target=\"_blank\">Aluminium Fabrication<\/a><\/li>\r\n<li><a href=\"https:\/\/sinoextrud.com\/product\/china-aluminum-factory-wholesale-residential-aluminum-fence\/\" target=\"_blank\">China Aluminum Factory Wholesale Residential Aluminum Fence<\/a><\/li>\r\n<li><a href=\"https:\/\/sinoextrud.com\/product\/aluminum-profile-for-kitchen-cabinet-accesory-manufacture-price\/\" target=\"_blank\">Aluminum Profile For Kitchen Cabinet Accesory Manufacture Price<\/a><\/li>"},"feature_list":[]},"_links":{"self":[{"href":"https:\/\/sinoextrud.com\/fr\/wp-json\/wp\/v2\/product\/7278","targetHints":{"allow":["GET"]}}],"collection":[{"href":"https:\/\/sinoextrud.com\/fr\/wp-json\/wp\/v2\/product"}],"about":[{"href":"https:\/\/sinoextrud.com\/fr\/wp-json\/wp\/v2\/types\/product"}],"wp:featuredmedia":[{"embeddable":true,"href":"https:\/\/sinoextrud.com\/fr\/wp-json\/wp\/v2\/media\/7277"}],"wp:attachment":[{"href":"https:\/\/sinoextrud.com\/fr\/wp-json\/wp\/v2\/media?parent=7278"}],"wp:term":[{"taxonomy":"category","embeddable":true,"href":"https:\/\/sinoextrud.com\/fr\/wp-json\/wp\/v2\/categories?post=7278"}],"curies":[{"name":"wp","href":"https:\/\/api.w.org\/{rel}","templated":true}]}}