{"id":7274,"date":"2025-06-06T03:48:30","date_gmt":"2025-06-06T03:48:30","guid":{"rendered":"https:\/\/sinoextrud.com\/product\/extruded-aluminium-curtain-walls\/"},"modified":"2025-06-24T06:12:24","modified_gmt":"2025-06-24T06:12:24","slug":"murs-rideaux-en-aluminium-extrude","status":"publish","type":"product","link":"https:\/\/sinoextrud.com\/fr\/product\/extruded-aluminium-curtain-walls\/","title":{"rendered":"Murs-rideaux en aluminium extrud\u00e9"},"content":{"rendered":"<h2>D\u00e9tails des produits<\/h2>\n<table class=\"custom-table\">\n<tr>\n<td class=\"label\">\nMat\u00e9riau :<\/td>\n<td> Alliage d'aluminium<\/td>\n<\/tr>\n<tr>\n<td class=\"label\">Cadre Rideau Mur Kind :<\/td>\n<td> Cadre cach\u00e9<\/td>\n<\/tr>\n<tr>\n<td class=\"label\">Nombre de couches :<\/td>\n<td> Unique<\/td>\n<\/tr>\n<tr>\n<td class=\"label\">Forme :<\/td>\n<td> Plan standard<\/td>\n<\/tr>\n<tr>\n<td class=\"label\">Fonction sp\u00e9ciale :<\/td>\n<td> Mur-rideau photovolta\u00efque<\/td>\n<\/tr>\n<tr>\n<td class=\"label\">Origine :<\/td>\n<td> Chine<\/td>\n<\/tr>\n<tr>\n<td class=\"label\">Type :<\/td>\n<td> Store Mur-rideau<\/td>\n<\/tr>\n<tr>\n<td class=\"label\">Soutenir la construction :<\/td>\n<td> Type de cadre<\/td>\n<\/tr>\n<tr>\n<td class=\"label\">Mur de rideaux en m\u00e9tal Kind :<\/td>\n<td> Mur-rideau \u00e0 panneaux d'aluminium<\/td>\n<\/tr>\n<tr>\n<td class=\"label\">Utilisation :<\/td>\n<td> Mur ext\u00e9rieur<\/td>\n<\/tr>\n<tr>\n<td class=\"label\">RoHS Mat\u00e9riau :<\/td>\n<td> jusqu'\u00e0 390 mm de diam\u00e8tre<\/td>\n<\/tr>\n<tr>\n<td class=\"label\">Sp\u00e9cification :<\/td>\n<td> CE, ISO, JIS, QUALICOAT, ISO9001<\/td>\n<\/tr>\n<tr>\n<td class=\"label\">Code HS :<\/td>\n<td> 76042990<\/td>\n<\/tr>\n<\/table>\n<h2>Notre base de production<\/h2>\n<h3>Panorama de l'usine<\/h3>\n<p><img decoding=\"async\" src=\"\/wp-content\/uploads\/factory-01.webp\"\/><\/p>\n<h3>Atelier de fabrication de barres d'aluminium<\/h3>\n<p><img decoding=\"async\" src=\"\/wp-content\/uploads\/factory-02.webp\"\/><\/p>\n<\/p>\n<p><img decoding=\"async\" src=\"\/wp-content\/uploads\/factory-03.webp\"\/><\/p>\n<h3>Entrep\u00f4t de stockage des moules<\/h3>\n<p><img decoding=\"async\" src=\"\/wp-content\/uploads\/factory-04.webp\"\/><\/p>\n<h3>43 lignes d'extrusion d'aluminium (500 \u00e0 5500 tonnes)<\/h3>\n<p><img decoding=\"async\" src=\"\/wp-content\/uploads\/factory-05.webp\"\/><\/p>\n<p><img decoding=\"async\" src=\"\/wp-content\/uploads\/factory-06.webp\"\/><\/p>\n<p><img decoding=\"async\" src=\"\/wp-content\/uploads\/factory-07.webp\"\/><\/p>\n<h3>Atelier de peinture en poudre<\/h3>\n<p><img decoding=\"async\" src=\"\/wp-content\/uploads\/factory-09.webp\"\/><\/p>\n<h3>Atelier d'anodisation<\/h3>\n<p><img decoding=\"async\" src=\"\/wp-content\/uploads\/factory-10.webp\"\/><\/p>\n<h3>Atelier sur le traitement en profondeur<\/h3>\n<p><img decoding=\"async\" src=\"\/wp-content\/uploads\/factory-11.webp\"\/><\/p>\n<h3>Atelier d'usinage de pr\u00e9cision CNC<\/h3>\n<p><img decoding=\"async\" src=\"\/wp-content\/uploads\/factory-11.5.webp\"\/><\/p>\n<h3>Entrep\u00f4t de produits finis et d'exportation<\/h3>\n<p><img decoding=\"async\" src=\"\/wp-content\/uploads\/factory-12.webp\"\/><\/p>\n<p><img decoding=\"async\" src=\"\/wp-content\/uploads\/factory-13.webp\"\/><\/p>\n<p><img decoding=\"async\" src=\"\/wp-content\/uploads\/factory-14.webp\"\/><\/p>\n<h2>FAQ<\/h2>\n<p><b>1) Qu'est-ce qu'un mur-rideau en aluminium extrud\u00e9 ?<\/b><\/p>\n<p>Les murs-rideaux en aluminium extrud\u00e9 sont des syst\u00e8mes de fa\u00e7ade l\u00e9gers et non porteurs, compos\u00e9s de profil\u00e9s en aluminium et de panneaux de verre, destin\u00e9s aux b\u00e2timents modernes.\n<\/p>\n<p><\/p>\n<p><b>2) Pourquoi choisir l'aluminium extrud\u00e9 pour les murs-rideaux ?<\/b><\/p>\n<p>L'aluminium extrud\u00e9 offre une grande solidit\u00e9, une r\u00e9sistance \u00e0 la corrosion et une grande souplesse de conception, ce qui en fait un mat\u00e9riau id\u00e9al pour les syst\u00e8mes de murs-rideaux.\n<\/p>\n<p><\/p>\n<p><b>3. les murs-rideaux en aluminium sont-ils efficaces sur le plan \u00e9nerg\u00e9tique ?<\/b><\/p>\n<p>Oui, de nombreux syst\u00e8mes comprennent des ruptures thermiques et des vitrages isolants pour am\u00e9liorer l'efficacit\u00e9 \u00e9nerg\u00e9tique et r\u00e9duire les co\u00fbts de chauffage, de ventilation et de climatisation.\n<\/p>\n<p><\/p>\n<p><b>4. les murs-rideaux en aluminium peuvent-ils \u00eatre personnalis\u00e9s ?<\/b><\/p>\n<p>Dans l'absolu, les profil\u00e9s peuvent \u00eatre adapt\u00e9s en termes de forme, de taille et de finition pour r\u00e9pondre aux besoins architecturaux et de performance.\n<\/p>\n<p><\/p>\n<p><b>5. le processus d'installation des murs-rideaux en aluminium est-il facile ?<\/b><\/p>\n<p>Oui, la l\u00e9g\u00e8ret\u00e9 de l'aluminium simplifie la manipulation, le levage et l'installation sur site.\n<\/p>\n<p><\/p>\n<p><b>6. Quelles sont les applications typiques des murs-rideaux en aluminium ?<\/b><\/p>\n<p>Ils sont largement utilis\u00e9s dans les b\u00e2timents commerciaux, les tours de bureaux, les a\u00e9roports et les infrastructures publiques pour les syst\u00e8mes de vitrage ext\u00e9rieur.\n<\/p>\n<p><\/p>\n<p><b>7. ces murs-rideaux sont-ils r\u00e9sistants aux intemp\u00e9ries ?<\/b><\/p>\n<p>Oui, ils sont con\u00e7us pour r\u00e9sister au vent, \u00e0 la pluie, aux rayons UV et \u00e0 la dilatation thermique, ce qui garantit leur durabilit\u00e9 sous tous les climats.\n<\/p>\n<p><\/p>\n<p><b>8. l'aluminium extrud\u00e9 est-il respectueux de l'environnement ?<\/b><\/p>\n<p>Oui, l'aluminium est 100% recyclable et contribue aux certifications de construction durable et \u00e9cologique telles que LEED.\n<\/p>\n<p><\/p>","protected":false},"featured_media":7273,"template":"","categories":[67],"class_list":["post-7274","product","type-product","status-publish","has-post-thumbnail","hentry","category-architectural-aluminium-profile"],"meta_box":{"hilight_text_group":{"product_hilight_text":"<li>High-strength extruded aluminium ensures reliable structural performance<\/li>\r\r\n<li>Lightweight design reduces building load and eases installation<\/li>\r\r\n<li>Excellent corrosion resistance for long-lasting exterior applications<\/li>\r\r\n<li>Modern and sleek appearance enhances architectural aesthetics<\/li>\r\r\n<li>Supports large glass panels with minimal framing obstruction<\/li>\r\r\n<li>Customizable profiles and finishes to suit project requirements<\/li>\r\r\n<li>Energy-efficient options available with thermal break technology<\/li>","product_chanpin_blog":"<ul>\r\r\n<li><a href=\"https:\/\/sinoextrud.com\/t-slot-v-slot-differences\/\" target=\"_blank\">t slot vs v slot<\/a><\/li>\r\r\n<li><a href=\"https:\/\/sinoextrud.com\/what-is-4040-aluminium-extrud\/\" target=\"_blank\">4040 aluminium extrusion<\/a><\/li>\r\r\n<li><a href=\"https:\/\/sinoextrud.com\/what-is-4040-aluminium-extrud\/\" target=\"_blank\">aluminum extrusions for industrial racks<\/a><\/li>\r\r\n<li><a href=\"https:\/\/sinoextrud.com\/powder-coating-aluminium-process\/\" target=\"_blank\">powder coating aluminium<\/a><\/li>\r\r\n<li><a href=\"https:\/\/sinoextrud.com\/what-is-an-aluminium-strip-ceiling\/\" target=\"_blank\">aluminium strip ceiling<\/a><\/li>\r\r\n<li><a href=\"https:\/\/sinoextrud.com\/what-is-a-heat-sink\/\" target=\"_blank\">what is a heat sink<\/a><\/li>\r\r\n<\/ul>","product_chanpin_chanpin":"<li><a href=\"https:\/\/sinoextrud.com\/product\/aluminium-extrusion-c-beam\/\" target=\"_blank\">Aluminium Extrusion C Beam<\/a><\/li>\r\n<li><a href=\"https:\/\/sinoextrud.com\/product\/extruded-aluminum-tubing-for-stair-rail\/\" target=\"_blank\">Extruded Aluminum Tubing For Stair Rail<\/a><\/li>\r\n<li><a href=\"https:\/\/sinoextrud.com\/product\/aluminium-extrusion-curtain-wall-profile-with-powder-coated-surface-manufacturer-direct-selling\/\" target=\"_blank\">Aluminium Extrusion Curtain Wall Profile With Powder Coated Surface Manufacturer Direct Selling<\/a><\/li>\r\n<li><a href=\"https:\/\/sinoextrud.com\/product\/customized-aluminium-heavy-duty-door-hinge\/\" target=\"_blank\">Customized Aluminium Heavy Duty Door Hinge<\/a><\/li>\r\n<li><a href=\"https:\/\/sinoextrud.com\/product\/extruded-aluminium-curtain-walls\/\" target=\"_blank\">Extruded Aluminium Curtain Walls<\/a><\/li>\r\n<li><a href=\"https:\/\/sinoextrud.com\/product\/aluminium-extrusion-handles-for-closet\/\" target=\"_blank\">Aluminium Extrusion Handles for Closet<\/a><\/li>\r\n<li><a href=\"https:\/\/sinoextrud.com\/product\/aluminium-extrusion-machining\/\" target=\"_blank\">Aluminium Extrusion Machining<\/a><\/li>\r\n<li><a href=\"https:\/\/sinoextrud.com\/product\/aluminum-price-per-ton\/\" target=\"_blank\">Aluminum Price Per Ton<\/a><\/li>\r\n<li><a href=\"https:\/\/sinoextrud.com\/product\/aluminium-extrusion-sections\/\" target=\"_blank\">Aluminium Extrusion Sections<\/a><\/li>\r\n<li><a href=\"https:\/\/sinoextrud.com\/product\/aluminium-cnc-factory-punching-extrusion-profile-tubing-sizes-oem\/\" target=\"_blank\">aluminium cnc factory punching extrusion profile tubing sizes OEM<\/a><\/li>\r\n<li><a href=\"https:\/\/sinoextrud.com\/product\/aluminium-t-bar-extrusions\/\" target=\"_blank\">Aluminium T Bar Extrusions<\/a><\/li>"},"feature_list":[]},"_links":{"self":[{"href":"https:\/\/sinoextrud.com\/fr\/wp-json\/wp\/v2\/product\/7274","targetHints":{"allow":["GET"]}}],"collection":[{"href":"https:\/\/sinoextrud.com\/fr\/wp-json\/wp\/v2\/product"}],"about":[{"href":"https:\/\/sinoextrud.com\/fr\/wp-json\/wp\/v2\/types\/product"}],"wp:featuredmedia":[{"embeddable":true,"href":"https:\/\/sinoextrud.com\/fr\/wp-json\/wp\/v2\/media\/7273"}],"wp:attachment":[{"href":"https:\/\/sinoextrud.com\/fr\/wp-json\/wp\/v2\/media?parent=7274"}],"wp:term":[{"taxonomy":"category","embeddable":true,"href":"https:\/\/sinoextrud.com\/fr\/wp-json\/wp\/v2\/categories?post=7274"}],"curies":[{"name":"wp","href":"https:\/\/api.w.org\/{rel}","templated":true}]}}