{"id":7272,"date":"2025-06-06T03:46:12","date_gmt":"2025-06-06T03:46:12","guid":{"rendered":"https:\/\/sinoextrud.com\/product\/customized-aluminium-heavy-duty-door-hinge\/"},"modified":"2025-06-24T06:12:24","modified_gmt":"2025-06-24T06:12:24","slug":"charniere-de-porte-en-aluminium-sur-mesure","status":"publish","type":"product","link":"https:\/\/sinoextrud.com\/fr\/product\/customized-aluminium-heavy-duty-door-hinge\/","title":{"rendered":"Charni\u00e8re de porte en aluminium \u00e0 usage intensif sur mesure"},"content":{"rendered":"<h2>D\u00e9tails des produits<\/h2>\n<table class=\"custom-table\">\n<tbody>\n<tr>\n<td> Article :<\/td>\n<td> Charni\u00e8re de porte en aluminium \u00e0 usage intensif sur mesure<\/td>\n<\/tr>\n<tr>\n<td> Temp\u00e9rer :<\/td>\n<td> T3 - T8<\/td>\n<\/tr>\n<tr>\n<td> Longueur :<\/td>\n<td> 1-9 m\u00e8tres ou sur mesure<\/td>\n<\/tr>\n<tr>\n<td> Alliage :<\/td>\n<td> Alliage<\/td>\n<\/tr>\n<tr>\n<td> Grade :<\/td>\n<td> S\u00e9rie 6000<\/td>\n<\/tr>\n<tr>\n<td> Standard :<\/td>\n<td> GB<\/td>\n<\/tr>\n<tr>\n<td> Type de production :<\/td>\n<td> Production de masse<\/td>\n<\/tr>\n<tr>\n<td> D\u00e9lai d'\u00e9chantillonnage :<\/td>\n<td> 10-15 jours<\/td>\n<\/tr>\n<tr>\n<td> Paquet de transport :<\/td>\n<td> Film protecteur en plastique et papier de bricolage imperm\u00e9able<\/td>\n<\/tr>\n<tr>\n<td> Origine :<\/td>\n<td> Foshan, Chine<\/td>\n<\/tr>\n<tr>\n<td> Application :<\/td>\n<td> Charni\u00e8re en aluminium pour porte<\/td>\n<\/tr>\n<tr>\n<td> Traitement de surface :<\/td>\n<td> Sur mesure<\/td>\n<\/tr>\n<tr>\n<td> Production de masse :<\/td>\n<td> 25-30 jours apr\u00e8s confirmation de l'\u00e9chantillon par l'acheteur<\/td>\n<\/tr>\n<tr>\n<td> Capacit\u00e9 :<\/td>\n<td> 200 000+ tonnes\/an<\/td>\n<\/tr>\n<tr>\n<td> Marque d\u00e9pos\u00e9e :<\/td>\n<td> Sinoextrud(Sinoextrud)\/ OEM<\/td>\n<\/tr>\n<\/tbody>\n<\/table>\n<h2>Notre base de production<\/h2>\n<h3>Panorama de l'usine<\/h3>\n<p><img decoding=\"async\" src=\"\/wp-content\/uploads\/factory-01.webp\"\/><\/p>\n<h3>Atelier de fabrication de barres d'aluminium<\/h3>\n<p><img decoding=\"async\" src=\"\/wp-content\/uploads\/factory-02.webp\"\/><\/p>\n<\/p>\n<p><img decoding=\"async\" src=\"\/wp-content\/uploads\/factory-03.webp\"\/><\/p>\n<h3>Entrep\u00f4t de stockage des moules<\/h3>\n<p><img decoding=\"async\" src=\"\/wp-content\/uploads\/factory-04.webp\"\/><\/p>\n<h3>43 lignes d'extrusion d'aluminium (500 \u00e0 5500 tonnes)<\/h3>\n<p><img decoding=\"async\" src=\"\/wp-content\/uploads\/factory-05.webp\"\/><\/p>\n<p><img decoding=\"async\" src=\"\/wp-content\/uploads\/factory-06.webp\"\/><\/p>\n<p><img decoding=\"async\" src=\"\/wp-content\/uploads\/factory-07.webp\"\/><\/p>\n<h3>Atelier de peinture en poudre<\/h3>\n<p><img decoding=\"async\" src=\"\/wp-content\/uploads\/factory-09.webp\"\/><\/p>\n<h3>Atelier d'anodisation<\/h3>\n<p><img decoding=\"async\" src=\"\/wp-content\/uploads\/factory-10.webp\"\/><\/p>\n<h3>Atelier sur le traitement en profondeur<\/h3>\n<p><img decoding=\"async\" src=\"\/wp-content\/uploads\/factory-11.webp\"\/><\/p>\n<h3>Atelier d'usinage de pr\u00e9cision CNC<\/h3>\n<p><img decoding=\"async\" src=\"\/wp-content\/uploads\/factory-11.5.webp\"\/><\/p>\n<h3>Entrep\u00f4t de produits finis et d'exportation<\/h3>\n<p><img decoding=\"async\" src=\"\/wp-content\/uploads\/factory-12.webp\"\/><\/p>\n<p><img decoding=\"async\" src=\"\/wp-content\/uploads\/factory-13.webp\"\/><\/p>\n<p><img decoding=\"async\" src=\"\/wp-content\/uploads\/factory-14.webp\"\/><\/p>\n<h2>FAQ<\/h2>\n<p><b>1) Qu'est-ce qu'une charni\u00e8re de porte en aluminium sur mesure ?<\/b><\/p>\n<p>Il s'agit d'une charni\u00e8re robuste en aluminium con\u00e7ue pour les portes \u00e0 forte charge, adapt\u00e9e \u00e0 des syst\u00e8mes de portes industrielles ou commerciales sp\u00e9cifiques.\n<\/p>\n<p><\/p>\n<p><b>2) Pourquoi choisir l'aluminium pour les charni\u00e8res de porte \u00e0 usage intensif ?<\/b><\/p>\n<p>L'aluminium est une alternative solide, l\u00e9g\u00e8re et r\u00e9sistante \u00e0 la corrosion par rapport \u00e0 l'acier, ce qui permet de r\u00e9duire le poids total de la porte tout en pr\u00e9servant sa durabilit\u00e9.\n<\/p>\n<p><\/p>\n<p><b>3) Ces charni\u00e8res de porte peuvent-elles \u00eatre personnalis\u00e9es ?<\/b><\/p>\n<p>Oui, ils peuvent \u00eatre adapt\u00e9s en termes de taille, de configuration des trous, de capacit\u00e9 de charge et de finition pour r\u00e9pondre aux exigences d'une application unique.\n<\/p>\n<p><\/p>\n<p><b>4. les charni\u00e8res de porte en aluminium sont-elles adapt\u00e9es \u00e0 une utilisation en ext\u00e9rieur ?<\/b><\/p>\n<p>Oui, ils sont dot\u00e9s de rev\u00eatements anticorrosion qui les prot\u00e8gent contre les intemp\u00e9ries et l'humidit\u00e9.\n<\/p>\n<p><\/p>\n<p><b>5) Quels types de portes peuvent \u00eatre \u00e9quip\u00e9s de charni\u00e8res en aluminium \u00e0 usage intensif ?<\/b><\/p>\n<p>Ces charni\u00e8res sont id\u00e9ales pour les portes m\u00e9talliques, les entr\u00e9es commerciales, les armoires industrielles et les panneaux d'acc\u00e8s lourds.\n<\/p>\n<p><\/p>\n<p><b>6. l'installation des charni\u00e8res en aluminium \u00e0 usage intensif est-elle facile ?<\/b><\/p>\n<p>Oui, la conception l\u00e9g\u00e8re simplifie la manipulation et le montage, r\u00e9duisant ainsi le temps et les efforts de travail.\n<\/p>\n<p><\/p>\n<p><b>7. Quelle est la dur\u00e9e de vie des charni\u00e8res de porte en aluminium personnalis\u00e9es ?<\/b><\/p>\n<p>Ils sont con\u00e7us pour une utilisation \u00e0 cycle \u00e9lev\u00e9 et une fiabilit\u00e9 \u00e0 long terme, m\u00eame dans des environnements exigeants.\n<\/p>\n<p><\/p>\n<p><b>8. ces charni\u00e8res de porte sont-elles respectueuses de l'environnement ?<\/b><\/p>\n<p>Oui, l'aluminium est enti\u00e8rement recyclable et \u00e9conome en \u00e9nergie, ce qui favorise les pratiques de construction durable.\n<\/p>\n<p><\/p>","protected":false},"featured_media":7271,"template":"","categories":[67],"class_list":["post-7272","product","type-product","status-publish","has-post-thumbnail","hentry","category-architectural-aluminium-profile"],"meta_box":{"hilight_text_group":{"product_hilight_text":"<li>Made from high-strength aluminum for heavy-duty door applications<\/li>\r\r\n<li>Corrosion-resistant finish ensures long-term durability<\/li>\r\r\n<li>Customized design to fit various commercial and industrial door systems<\/li>\r\r\n<li>Lightweight construction allows for easy installation and operation<\/li>\r\r\n<li>Precision-machined for smooth and stable hinge performance<\/li>\r\r\n<li>Compatible with both aluminum and steel door frames<\/li>\r\r\n<li>Available in multiple finishes and sizes to match project needs<\/li>","product_chanpin_blog":"<ul>\r\r\n<li><a href=\"https:\/\/sinoextrud.com\/t-slot-v-slot-differences\/\" target=\"_blank\">t slot vs v slot<\/a><\/li>\r\r\n<li><a href=\"https:\/\/sinoextrud.com\/what-is-4040-aluminium-extrud\/\" target=\"_blank\">4040 aluminium extrusion<\/a><\/li>\r\r\n<li><a href=\"https:\/\/sinoextrud.com\/what-is-4040-aluminium-extrud\/\" target=\"_blank\">aluminum extrusions for industrial racks<\/a><\/li>\r\r\n<li><a href=\"https:\/\/sinoextrud.com\/powder-coating-aluminium-process\/\" target=\"_blank\">powder coating aluminium<\/a><\/li>\r\r\n<li><a href=\"https:\/\/sinoextrud.com\/what-is-an-aluminium-strip-ceiling\/\" target=\"_blank\">aluminium strip ceiling<\/a><\/li>\r\r\n<li><a href=\"https:\/\/sinoextrud.com\/what-is-a-heat-sink\/\" target=\"_blank\">what is a heat sink<\/a><\/li>\r\r\n<\/ul>","product_chanpin_chanpin":"<li><a href=\"https:\/\/sinoextrud.com\/product\/aluminium-system-profile\/\" target=\"_blank\">Aluminium System Profile<\/a><\/li>\r\n<li><a href=\"https:\/\/sinoextrud.com\/product\/aluminium-extrusion-c-beam\/\" target=\"_blank\">Aluminium Extrusion C Beam<\/a><\/li>\r\n<li><a href=\"https:\/\/sinoextrud.com\/product\/extruded-aluminum-tubing-for-stair-rail\/\" target=\"_blank\">Extruded Aluminum Tubing For Stair Rail<\/a><\/li>\r\n<li><a href=\"https:\/\/sinoextrud.com\/product\/aluminium-extrusion-curtain-wall-profile-with-powder-coated-surface-manufacturer-direct-selling\/\" target=\"_blank\">Aluminium Extrusion Curtain Wall Profile With Powder Coated Surface Manufacturer Direct Selling<\/a><\/li>\r\n<li><a href=\"https:\/\/sinoextrud.com\/product\/customized-aluminium-heavy-duty-door-hinge\/\" target=\"_blank\">Customized Aluminium Heavy Duty Door Hinge<\/a><\/li>\r\n<li><a href=\"https:\/\/sinoextrud.com\/product\/extruded-aluminium-curtain-walls\/\" target=\"_blank\">Extruded Aluminium Curtain Walls<\/a><\/li>\r\n<li><a href=\"https:\/\/sinoextrud.com\/product\/aluminium-extrusion-handles-for-closet\/\" target=\"_blank\">Aluminium Extrusion Handles for Closet<\/a><\/li>\r\n<li><a href=\"https:\/\/sinoextrud.com\/product\/aluminium-extrusion-machining\/\" target=\"_blank\">Aluminium Extrusion Machining<\/a><\/li>\r\n<li><a href=\"https:\/\/sinoextrud.com\/product\/aluminum-price-per-ton\/\" target=\"_blank\">Aluminum Price Per Ton<\/a><\/li>\r\n<li><a href=\"https:\/\/sinoextrud.com\/product\/powder-coated-and-anodized-aluminium-profile-for-electric-frame-motor-housing-and-aluminum-enclosure\/\" target=\"_blank\">Powder coated and Anodized aluminium profile for electric frame motor housing and aluminum enclosure<\/a><\/li>\r\n<li><a href=\"https:\/\/sinoextrud.com\/product\/aluminum-extrusion-6063-large-diameter-aluminum-tube\/\" target=\"_blank\">Aluminum Extrusion 6063 Large Diameter Aluminum Tube<\/a><\/li>"},"feature_list":[]},"_links":{"self":[{"href":"https:\/\/sinoextrud.com\/fr\/wp-json\/wp\/v2\/product\/7272","targetHints":{"allow":["GET"]}}],"collection":[{"href":"https:\/\/sinoextrud.com\/fr\/wp-json\/wp\/v2\/product"}],"about":[{"href":"https:\/\/sinoextrud.com\/fr\/wp-json\/wp\/v2\/types\/product"}],"wp:featuredmedia":[{"embeddable":true,"href":"https:\/\/sinoextrud.com\/fr\/wp-json\/wp\/v2\/media\/7271"}],"wp:attachment":[{"href":"https:\/\/sinoextrud.com\/fr\/wp-json\/wp\/v2\/media?parent=7272"}],"wp:term":[{"taxonomy":"category","embeddable":true,"href":"https:\/\/sinoextrud.com\/fr\/wp-json\/wp\/v2\/categories?post=7272"}],"curies":[{"name":"wp","href":"https:\/\/api.w.org\/{rel}","templated":true}]}}