{"id":7270,"date":"2025-06-06T03:43:29","date_gmt":"2025-06-06T03:43:29","guid":{"rendered":"https:\/\/sinoextrud.com\/product\/aluminium-extrusion-curtain-wall-profile-with-powder-coated-surface-manufacturer-direct-selling\/"},"modified":"2025-06-24T06:12:24","modified_gmt":"2025-06-24T06:12:24","slug":"profile-de-mur-rideau-en-aluminium-extrude-avec-revetement-en-poudre-vente-directe-du-fabricant","status":"publish","type":"product","link":"https:\/\/sinoextrud.com\/fr\/product\/aluminium-extrusion-curtain-wall-profile-with-powder-coated-surface-manufacturer-direct-selling\/","title":{"rendered":"Profil\u00e9 de mur-rideau en aluminium extrud\u00e9 avec rev\u00eatement en poudre Vente directe par le fabricant"},"content":{"rendered":"<h2>D\u00e9tails des produits<\/h2>\n<table class=\"custom-table\">\n<tbody>\n<tr>\n<td> 1<\/td>\n<td> Objet<\/td>\n<td> Profil\u00e9 de mur-rideau en aluminium extrud\u00e9 avec rev\u00eatement en poudre Vente directe par le fabricant<\/td>\n<\/tr>\n<tr>\n<td> 2<\/td>\n<td> Mat\u00e9riau<\/td>\n<td> Alliage 6063<\/td>\n<\/tr>\n<tr>\n<td> 3<\/td>\n<td> Temp\u00e9rer<\/td>\n<td> T5<\/td>\n<\/tr>\n<tr>\n<td> 4<\/td>\n<td> Certificat<\/td>\n<td> ISO9001, ISO14001<\/td>\n<\/tr>\n<tr>\n<td> 5<\/td>\n<td> Capacit\u00e9<\/td>\n<td> Production annuelle sup\u00e9rieure \u00e0 60 000 tonnes<\/td>\n<\/tr>\n<tr>\n<td> 6<\/td>\n<td> Couleur<\/td>\n<td> Personnalis\u00e9 disponible<\/td>\n<\/tr>\n<tr>\n<td> 7<\/td>\n<td> Longueur<\/td>\n<td> 1-9 m\u00e8tres ou sur mesure<\/td>\n<\/tr>\n<tr>\n<td> 8<\/td>\n<td> \u00c9paisseur<\/td>\n<td> Sur mesure<\/td>\n<\/tr>\n<tr>\n<td> 9<\/td>\n<td> Finition de la surface<\/td>\n<td> finition en usine, anodisation, \u00e9lectrophor\u00e8se, rev\u00eatement en poudre, transfert de bois, rev\u00eatement en fluorocarbone, etc.<\/td>\n<\/tr>\n<tr>\n<td> 10<\/td>\n<td> Application<\/td>\n<td> section de fen\u00eatre et de porte, main courante, mur-rideau<\/td>\n<\/tr>\n<tr>\n<td> 11<\/td>\n<td> Port de chargement<\/td>\n<td> Shenzhen, Guangzhou, Foshan Port<\/td>\n<\/tr>\n<tr>\n<td> 12<\/td>\n<td> Paiement<\/td>\n<td> T\/T, 30% acompte et solde avant la livraison<\/td>\n<\/tr>\n<tr>\n<td> 13<\/td>\n<td> Paquet<\/td>\n<td> 1. \u00e0 l'int\u00e9rieur : emball\u00e9 avec un film protecteur en plastique pour prot\u00e9ger chaque profil.<br \/>\n2.Ext\u00e9rieur : emball\u00e9 dans du papier craft imperm\u00e9able<\/td>\n<\/tr>\n<tr>\n<td> 14<\/td>\n<td> Livraison<\/td>\n<td> 25-30 jours apr\u00e8s le versement de l'acompte<\/td>\n<\/tr>\n<tr>\n<td> 15<\/td>\n<td> Ordre de passage<\/td>\n<td> 1. Confirmer les dessins, le traitement de surface et le prix ;<br \/>\n2. Payez les frais de moulage et nous commencerons \u00e0 fabriquer les moules ;<br \/>\n3. Nous vous envoyons des \u00e9chantillons pour confirmation ;<br \/>\n4. Paiement de la caution 30%, lancement de la production ;<\/td>\n<\/tr>\n<\/tbody>\n<\/table>\n<h2>Notre base de production<\/h2>\n<h3>Panorama de l'usine<\/h3>\n<p><img decoding=\"async\" src=\"\/wp-content\/uploads\/factory-01.webp\"\/><\/p>\n<h3>Atelier de fabrication de barres d'aluminium<\/h3>\n<p><img decoding=\"async\" src=\"\/wp-content\/uploads\/factory-02.webp\"\/><\/p>\n<p><img decoding=\"async\" src=\"\/wp-content\/uploads\/factory-03.webp\"\/><\/p>\n<h3>Entrep\u00f4t de stockage des moules<\/h3>\n<p><img decoding=\"async\" src=\"\/wp-content\/uploads\/factory-04.webp\"\/><\/p>\n<h3>43 lignes d'extrusion d'aluminium (500 \u00e0 5500 tonnes)<\/h3>\n<p><img decoding=\"async\" src=\"\/wp-content\/uploads\/factory-05.webp\"\/><\/p>\n<p><img decoding=\"async\" src=\"\/wp-content\/uploads\/factory-06.webp\"\/><\/p>\n<p><img decoding=\"async\" src=\"\/wp-content\/uploads\/factory-07.webp\"\/><\/p>\n<h3>Atelier de peinture en poudre<\/h3>\n<p><img decoding=\"async\" src=\"\/wp-content\/uploads\/factory-09.webp\"\/><\/p>\n<h3>Atelier d'anodisation<\/h3>\n<p><img decoding=\"async\" src=\"\/wp-content\/uploads\/factory-10.webp\"\/><\/p>\n<h3>Atelier sur le traitement en profondeur<\/h3>\n<p><img decoding=\"async\" src=\"\/wp-content\/uploads\/factory-11.webp\"\/><\/p>\n<h3>Atelier d'usinage de pr\u00e9cision CNC<\/h3>\n<p><img decoding=\"async\" src=\"\/wp-content\/uploads\/factory-11.5.webp\"\/><\/p>\n<h3>Entrep\u00f4t de produits finis et d'exportation<\/h3>\n<p><img decoding=\"async\" src=\"\/wp-content\/uploads\/factory-12.webp\"\/><\/p>\n<p><img decoding=\"async\" src=\"\/wp-content\/uploads\/factory-13.webp\"\/><\/p>\n<p><img decoding=\"async\" src=\"\/wp-content\/uploads\/factory-14.webp\"\/><\/p>\n<h2>FAQ<\/h2>\n<p><p><b>1) Qu'est-ce qu'un profil\u00e9 de mur-rideau en aluminium extrud\u00e9 avec rev\u00eatement en poudre ?<\/b><\/p>\n<p>Il s'agit d'un profil\u00e9 structurel en aluminium utilis\u00e9 dans les syst\u00e8mes de murs-rideaux, recouvert d'un rev\u00eatement en poudre pour am\u00e9liorer la durabilit\u00e9 et l'esth\u00e9tique.<br \/>\n<\/p><br \/>\n<br \/>\n<p><b>2) Pourquoi choisir des profil\u00e9s en aluminium thermolaqu\u00e9s pour les murs-rideaux ?<\/b><\/p>\n<p>Le rev\u00eatement en poudre offre une r\u00e9sistance sup\u00e9rieure aux UV, \u00e0 la corrosion et aux rayures, ce qui le rend id\u00e9al pour des performances ext\u00e9rieures \u00e0 long terme.<br \/>\n<\/p><br \/>\n<br \/>\n<p><b>3) Les profil\u00e9s en aluminium du mur-rideau sont-ils personnalisables ?<\/b><\/p>\n<p>Oui, ces profil\u00e9s peuvent \u00eatre personnalis\u00e9s en termes de taille, de forme, de couleur et de finition pour r\u00e9pondre aux exigences architecturales et sp\u00e9cifiques \u00e0 un projet.<br \/>\n<\/p><br \/>\n<br \/>\n<p><b>4. quels sont les avantages de la vente directe par le fabricant pour les acheteurs ?<\/b><\/p>\n<p>La vente directe par le fabricant r\u00e9duit les co\u00fbts des interm\u00e9diaires, ce qui garantit des prix plus comp\u00e9titifs et un approvisionnement fiable pour les projets de murs-rideaux en vrac.<br \/>\n<\/p><br \/>\n<br \/>\n<p><b>5) Quels sont les avantages de l'utilisation d'extrusions d'aluminium dans les murs-rideaux ?<\/b><\/p>\n<p>Les extrusions d'aluminium sont l\u00e9g\u00e8res, solides, r\u00e9sistantes \u00e0 la corrosion et permettent des conceptions architecturales modernes et \u00e9l\u00e9gantes.<br \/>\n<\/p><br \/>\n<br \/>\n<p><b>6. l'aluminium thermolaqu\u00e9 est-il adapt\u00e9 aux immeubles de grande hauteur ?<\/b><\/p>\n<p>Absolument, ses propri\u00e9t\u00e9s de r\u00e9sistance aux intemp\u00e9ries et sa solidit\u00e9 en font un mat\u00e9riau id\u00e9al pour les syst\u00e8mes de fa\u00e7ade de grande hauteur et les syst\u00e8mes commerciaux \u00e0 grande \u00e9chelle.<br \/>\n<\/p><br \/>\n<br \/>\n<p><b>7. ces profils peuvent-ils favoriser la conception de murs-rideaux efficaces sur le plan \u00e9nerg\u00e9tique ?<\/b><\/p>\n<p>Oui, les profil\u00e9s peuvent \u00eatre int\u00e9gr\u00e9s \u00e0 des syst\u00e8mes de rupture thermique et \u00e0 des panneaux \u00e0 double vitrage pour am\u00e9liorer l'efficacit\u00e9 \u00e9nerg\u00e9tique.<br \/>\n<\/p><br \/><\/p>","protected":false},"featured_media":7269,"template":"","categories":[67],"class_list":["post-7270","product","type-product","status-publish","has-post-thumbnail","hentry","category-architectural-aluminium-profile"],"meta_box":{"hilight_text_group":{"product_hilight_text":"<li>High-strength aluminum extrusion ideal for curtain wall systems<\/li>\r\r\n<li>Durable powder coated surface for enhanced weather resistance<\/li>\r\r\n<li>Modern aesthetics with customizable colors and finishes<\/li>\r\r\n<li>Direct manufacturer pricing for cost-effective sourcing<\/li>\r\r\n<li>Precision-engineered profiles ensure easy installation and stability<\/li>\r\r\n<li>Suitable for commercial, residential, and high-rise applications<\/li>","product_chanpin_blog":"<ul>\r\r\n<li><a href=\"https:\/\/sinoextrud.com\/t-slot-v-slot-differences\/\" target=\"_blank\">t slot vs v slot<\/a><\/li>\r\r\n<li><a href=\"https:\/\/sinoextrud.com\/what-is-4040-aluminium-extrud\/\" target=\"_blank\">4040 aluminium extrusion<\/a><\/li>\r\r\n<li><a href=\"https:\/\/sinoextrud.com\/what-is-4040-aluminium-extrud\/\" target=\"_blank\">aluminum extrusions for industrial racks<\/a><\/li>\r\r\n<li><a href=\"https:\/\/sinoextrud.com\/powder-coating-aluminium-process\/\" target=\"_blank\">powder coating aluminium<\/a><\/li>\r\r\n<li><a href=\"https:\/\/sinoextrud.com\/what-is-an-aluminium-strip-ceiling\/\" target=\"_blank\">aluminium strip ceiling<\/a><\/li>\r\r\n<li><a href=\"https:\/\/sinoextrud.com\/what-is-a-heat-sink\/\" target=\"_blank\">what is a heat sink<\/a><\/li>\r\r\n<\/ul>","product_chanpin_chanpin":"<li><a href=\"https:\/\/sinoextrud.com\/product\/extruded-aluminum-profiles\/\" target=\"_blank\">Extruded Aluminum Profiles<\/a><\/li>\r\n<li><a href=\"https:\/\/sinoextrud.com\/product\/aluminium-system-profile\/\" target=\"_blank\">Aluminium System Profile<\/a><\/li>\r\n<li><a href=\"https:\/\/sinoextrud.com\/product\/aluminium-extrusion-c-beam\/\" target=\"_blank\">Aluminium Extrusion C Beam<\/a><\/li>\r\n<li><a href=\"https:\/\/sinoextrud.com\/product\/extruded-aluminum-tubing-for-stair-rail\/\" target=\"_blank\">Extruded Aluminum Tubing For Stair Rail<\/a><\/li>\r\n<li><a href=\"https:\/\/sinoextrud.com\/product\/aluminium-extrusion-curtain-wall-profile-with-powder-coated-surface-manufacturer-direct-selling\/\" target=\"_blank\">Aluminium Extrusion Curtain Wall Profile With Powder Coated Surface Manufacturer Direct Selling<\/a><\/li>\r\n<li><a href=\"https:\/\/sinoextrud.com\/product\/customized-aluminium-heavy-duty-door-hinge\/\" target=\"_blank\">Customized Aluminium Heavy Duty Door Hinge<\/a><\/li>\r\n<li><a href=\"https:\/\/sinoextrud.com\/product\/extruded-aluminium-curtain-walls\/\" target=\"_blank\">Extruded Aluminium Curtain Walls<\/a><\/li>\r\n<li><a href=\"https:\/\/sinoextrud.com\/product\/aluminium-extrusion-handles-for-closet\/\" target=\"_blank\">Aluminium Extrusion Handles for Closet<\/a><\/li>\r\n<li><a href=\"https:\/\/sinoextrud.com\/product\/aluminium-extrusion-machining\/\" target=\"_blank\">Aluminium Extrusion Machining<\/a><\/li>\r\n<li><a href=\"https:\/\/sinoextrud.com\/product\/aluminium-sections-for-sliding-doors\/\" target=\"_blank\">Aluminium Sections For Sliding Doors<\/a><\/li>\r\n<li><a href=\"https:\/\/sinoextrud.com\/product\/extruded-aluminum-channel-shapes-customized\/\" target=\"_blank\">Extruded Aluminum Channel Shapes Customized<\/a><\/li>"},"feature_list":[]},"_links":{"self":[{"href":"https:\/\/sinoextrud.com\/fr\/wp-json\/wp\/v2\/product\/7270","targetHints":{"allow":["GET"]}}],"collection":[{"href":"https:\/\/sinoextrud.com\/fr\/wp-json\/wp\/v2\/product"}],"about":[{"href":"https:\/\/sinoextrud.com\/fr\/wp-json\/wp\/v2\/types\/product"}],"wp:featuredmedia":[{"embeddable":true,"href":"https:\/\/sinoextrud.com\/fr\/wp-json\/wp\/v2\/media\/7269"}],"wp:attachment":[{"href":"https:\/\/sinoextrud.com\/fr\/wp-json\/wp\/v2\/media?parent=7270"}],"wp:term":[{"taxonomy":"category","embeddable":true,"href":"https:\/\/sinoextrud.com\/fr\/wp-json\/wp\/v2\/categories?post=7270"}],"curies":[{"name":"wp","href":"https:\/\/api.w.org\/{rel}","templated":true}]}}