{"id":7264,"date":"2025-06-06T03:33:12","date_gmt":"2025-06-06T03:33:12","guid":{"rendered":"https:\/\/sinoextrud.com\/product\/aluminium-system-profile\/"},"modified":"2025-06-24T06:12:23","modified_gmt":"2025-06-24T06:12:23","slug":"profile-de-systeme-en-aluminium","status":"publish","type":"product","link":"https:\/\/sinoextrud.com\/fr\/product\/aluminium-system-profile\/","title":{"rendered":"Syst\u00e8me de profil\u00e9s en aluminium"},"content":{"rendered":"<h2>D\u00e9tails des produits<\/h2>\n<table class=\"custom-table\">\n<tr>\n<td class=\"label\">\nType :<\/td>\n<td>rupture thermique\uff0c<\/td>\n<\/tr>\n<tr>\n<td class=\"label\">Application :<\/td>\n<td>D\u00e9corations, portes et fen\u00eatres\uff0c<\/td>\n<\/tr>\n<tr>\n<td class=\"label\">Forme :<\/td>\n<td> cusotmzied\uff0c<\/td>\n<\/tr>\n<tr>\n<td class=\"label\">Grade :<\/td>\n<td>S\u00e9rie 6000\uff0c<\/td>\n<\/tr>\n<tr>\n<td class=\"label\">Traitement de surface :<\/td>\n<td> Rev\u00eatement en poudre\uff0c<\/td>\n<\/tr>\n<tr>\n<td class=\"label\">Technique :<\/td>\n<td>Extrud\u00e9\uff0c<\/td>\n<\/tr>\n<tr>\n<td class=\"label\">Alliage :<\/td>\n<td>Alliage\uff0c<\/td>\n<\/tr>\n<tr>\n<td class=\"label\">Temp\u00e9rer :<\/td>\n<td>T6\uff0c<\/td>\n<\/tr>\n<tr>\n<td class=\"label\">Certification :<\/td>\n<td>ISO 9001-2008\uff0c<\/td>\n<\/tr>\n<tr>\n<td class=\"label\">Longueur :<\/td>\n<td>1-7m ou sur mesure\uff0c<\/td>\n<\/tr>\n<tr>\n<td class=\"label\">Profils \u00c9paisseur :<\/td>\n<td>0.85-1.1mm\uff0c<\/td>\n<\/tr>\n<tr>\n<td class=\"label\">Anodisation \u00c9paisseur :<\/td>\n<td>&gt; =9 Um\uff0c<\/td>\n<\/tr>\n<tr>\n<td class=\"label\">Rev\u00eatement en poudre \u00c9paisseur :<\/td>\n<td>40-120 Um\uff0c<\/td>\n<\/tr>\n<tr>\n<td class=\"label\">R\u00e9sistance \u00e0 la traction :<\/td>\n<td>&gt;= 160 MPa\uff0c<\/td>\n<\/tr>\n<tr>\n<td class=\"label\">Limite d'\u00e9lasticit\u00e9 :<\/td>\n<td>&gt;= 110 MPa\uff0c<\/td>\n<\/tr>\n<tr>\n<td class=\"label\">Origine :<\/td>\n<td>Chine\uff0c<\/td>\n<\/tr>\n<\/table>\n<h2>Notre base de production<\/h2>\n<h3>Panorama de l'usine<\/h3>\n<p><img decoding=\"async\" src=\"\/wp-content\/uploads\/factory-01.webp\"\/><\/p>\n<h3>Atelier de fabrication de barres d'aluminium<\/h3>\n<p><img decoding=\"async\" src=\"\/wp-content\/uploads\/factory-02.webp\"\/><\/p>\n<\/p>\n<p><img decoding=\"async\" src=\"\/wp-content\/uploads\/factory-03.webp\"\/><\/p>\n<h3>Entrep\u00f4t de stockage des moules<\/h3>\n<p><img decoding=\"async\" src=\"\/wp-content\/uploads\/factory-04.webp\"\/><\/p>\n<h3>43 lignes d'extrusion d'aluminium (500-5500 tonnes)<\/h3>\n<p><img decoding=\"async\" src=\"\/wp-content\/uploads\/factory-05.webp\"\/><\/p>\n<p><img decoding=\"async\" src=\"\/wp-content\/uploads\/factory-06.webp\"\/><\/p>\n<p><img decoding=\"async\" src=\"\/wp-content\/uploads\/factory-07.webp\"\/><\/p>\n<h3>Atelier de peinture en poudre<\/h3>\n<p><img decoding=\"async\" src=\"\/wp-content\/uploads\/factory-09.webp\"\/><\/p>\n<h3>Atelier d'anodisation<\/h3>\n<p><img decoding=\"async\" src=\"\/wp-content\/uploads\/factory-10.webp\"\/><\/p>\n<h3>Atelier sur le traitement en profondeur<\/h3>\n<p><img decoding=\"async\" src=\"\/wp-content\/uploads\/factory-11.webp\"\/><\/p>\n<h3>Atelier d'usinage de pr\u00e9cision CNC<\/h3>\n<p><img decoding=\"async\" src=\"\/wp-content\/uploads\/factory-11.5.webp\"\/><\/p>\n<h3>Entrep\u00f4t de produits finis et d'exportation<\/h3>\n<p><img decoding=\"async\" src=\"\/wp-content\/uploads\/factory-12.webp\"\/><\/p>\n<p><img decoding=\"async\" src=\"\/wp-content\/uploads\/factory-13.webp\"\/><\/p>\n<p><img decoding=\"async\" src=\"\/wp-content\/uploads\/factory-14.webp\"\/><\/p>\n<h2>FAQ<\/h2>\n<p><b>1) Qu'est-ce qu'un profil\u00e9 en aluminium ?<\/b><\/p>\n<p>Un profil\u00e9 du syst\u00e8me d'aluminium est une extrusion d'aluminium modulaire utilis\u00e9e pour construire des structures personnalis\u00e9es dans les syst\u00e8mes d'automatisation, industriels et architecturaux.\n<\/p>\n<p><\/p>\n<p><b>2. pourquoi utiliser les profil\u00e9s du syst\u00e8me aluminium dans le design industriel ?<\/b><\/p>\n<p>Les profil\u00e9s du syst\u00e8me d'aluminium offrent une grande r\u00e9sistance, une construction l\u00e9g\u00e8re et une compatibilit\u00e9 modulaire pour une int\u00e9gration efficace du syst\u00e8me.\n<\/p>\n<p><\/p>\n<p><b>3. les profil\u00e9s du syst\u00e8me d'aluminium sont-ils faciles \u00e0 assembler ?<\/b><\/p>\n<p>Oui, ils sont con\u00e7us pour \u00eatre assembl\u00e9s rapidement \u00e0 l'aide de connecteurs standard et d'un minimum d'outils, ce qui r\u00e9duit le temps d'installation et la main d'\u0153uvre.\n<\/p>\n<p><\/p>\n<p><b>4. Les profil\u00e9s du syst\u00e8me d'aluminium peuvent-ils \u00eatre personnalis\u00e9s ?<\/b><\/p>\n<p>Dans l'absolu, les profil\u00e9s peuvent \u00eatre adapt\u00e9s en termes de taille, de forme et de finition pour r\u00e9pondre \u00e0 des exigences structurelles ou de syst\u00e8me sp\u00e9cifiques.\n<\/p>\n<p><\/p>\n<p><b>5. les profil\u00e9s du syst\u00e8me aluminium r\u00e9sistent-ils \u00e0 la corrosion ?<\/b><\/p>\n<p>Oui, la surface en aluminium est naturellement r\u00e9sistante \u00e0 la corrosion, ce qui la rend adapt\u00e9e \u00e0 diverses applications int\u00e9rieures et ext\u00e9rieures.\n<\/p>\n<p><\/p>\n<p><b>6. quelles sont les applications des profil\u00e9s en aluminium ?<\/b><\/p>\n<p>Ils sont couramment utilis\u00e9s dans les ch\u00e2ssis de machines, les postes de travail, les convoyeurs, les unit\u00e9s d'affichage et les syst\u00e8mes d'automatisation.\n<\/p>\n<p><\/p>\n<p><b>7.Les profil\u00e9s du syst\u00e8me d'aluminium sont-ils durables ?<\/b><\/p>\n<p>Oui, l'aluminium est enti\u00e8rement recyclable, ce qui fait des profil\u00e9s syst\u00e8me une option \u00e9cologique pour la conception industrielle.\n<\/p>\n<p><\/p>\n<p><b>8. Comment les profil\u00e9s du syst\u00e8me d'aluminium am\u00e9liorent-ils l'efficacit\u00e9 du flux de travail ?<\/b><\/p>\n<p>Leur modularit\u00e9, leur pr\u00e9cision et leur compatibilit\u00e9 simplifient l'installation et permettent des ajustements flexibles, optimisant ainsi l'espace de travail et les op\u00e9rations.\n<\/p>\n<p><\/p>","protected":false},"featured_media":7263,"template":"","categories":[67],"class_list":["post-7264","product","type-product","status-publish","has-post-thumbnail","hentry","category-architectural-aluminium-profile"],"meta_box":{"hilight_text_group":{"product_hilight_text":"<li>Engineered for modular construction and high design flexibility<\/li>\r\r\n<li>Lightweight yet strong aluminum structure ensures reliable performance<\/li>\r\r\n<li>Corrosion-resistant surface ideal for harsh environments<\/li>\r\r\n<li>Compatible with standardized connectors and accessories<\/li>\r\r\n<li>Quick to assemble with minimal tools, saving time and labor<\/li>\r\r\n<li>Supports custom automation and industrial system integration<\/li>\r\r\n<li>Recyclable material contributes to sustainable manufacturing<\/li>","product_chanpin_blog":"<ul>\r\r\n<li><a href=\"https:\/\/sinoextrud.com\/t-slot-v-slot-differences\/\" target=\"_blank\">t slot vs v slot<\/a><\/li>\r\r\n<li><a href=\"https:\/\/sinoextrud.com\/what-is-4040-aluminium-extrud\/\" target=\"_blank\">4040 aluminium extrusion<\/a><\/li>\r\r\n<li><a href=\"https:\/\/sinoextrud.com\/what-is-4040-aluminium-extrud\/\" target=\"_blank\">aluminum extrusions for industrial racks<\/a><\/li>\r\r\n<li><a href=\"https:\/\/sinoextrud.com\/powder-coating-aluminium-process\/\" target=\"_blank\">powder coating aluminium<\/a><\/li>\r\r\n<li><a href=\"https:\/\/sinoextrud.com\/what-is-an-aluminium-strip-ceiling\/\" target=\"_blank\">aluminium strip ceiling<\/a><\/li>\r\r\n<li><a href=\"https:\/\/sinoextrud.com\/what-is-a-heat-sink\/\" target=\"_blank\">what is a heat sink<\/a><\/li>\r\r\n<\/ul>","product_chanpin_chanpin":"<li><a href=\"https:\/\/sinoextrud.com\/product\/bright-anodized-aluminum-profile\/\" target=\"_blank\">Bright Anodized Aluminum Profile<\/a><\/li>\r\n<li><a href=\"https:\/\/sinoextrud.com\/product\/modular-framing-systems\/\" target=\"_blank\">Modular Framing Systems<\/a><\/li>\r\n<li><a href=\"https:\/\/sinoextrud.com\/product\/aluminium-anodizing\/\" target=\"_blank\">Aluminium Anodizing<\/a><\/li>\r\n<li><a href=\"https:\/\/sinoextrud.com\/product\/extruded-aluminum-profiles\/\" target=\"_blank\">Extruded Aluminum Profiles<\/a><\/li>\r\n<li><a href=\"https:\/\/sinoextrud.com\/product\/aluminium-system-profile\/\" target=\"_blank\">Aluminium System Profile<\/a><\/li>\r\n<li><a href=\"https:\/\/sinoextrud.com\/product\/aluminium-extrusion-c-beam\/\" target=\"_blank\">Aluminium Extrusion C Beam<\/a><\/li>\r\n<li><a href=\"https:\/\/sinoextrud.com\/product\/extruded-aluminum-tubing-for-stair-rail\/\" target=\"_blank\">Extruded Aluminum Tubing For Stair Rail<\/a><\/li>\r\n<li><a href=\"https:\/\/sinoextrud.com\/product\/aluminium-extrusion-curtain-wall-profile-with-powder-coated-surface-manufacturer-direct-selling\/\" target=\"_blank\">Aluminium Extrusion Curtain Wall Profile With Powder Coated Surface Manufacturer Direct Selling<\/a><\/li>\r\n<li><a href=\"https:\/\/sinoextrud.com\/product\/customized-aluminium-heavy-duty-door-hinge\/\" target=\"_blank\">Customized Aluminium Heavy Duty Door Hinge<\/a><\/li>\r\n<li><a href=\"https:\/\/sinoextrud.com\/product\/shining-polishing-aluminum-profile-anodizing-silver\/\" target=\"_blank\">Shining Polishing Aluminum Profile Anodizing Silver<\/a><\/li>\r\n<li><a href=\"https:\/\/sinoextrud.com\/product\/aluminium-anodizing\/\" target=\"_blank\">Aluminium Anodizing<\/a><\/li>"},"feature_list":[]},"_links":{"self":[{"href":"https:\/\/sinoextrud.com\/fr\/wp-json\/wp\/v2\/product\/7264","targetHints":{"allow":["GET"]}}],"collection":[{"href":"https:\/\/sinoextrud.com\/fr\/wp-json\/wp\/v2\/product"}],"about":[{"href":"https:\/\/sinoextrud.com\/fr\/wp-json\/wp\/v2\/types\/product"}],"wp:featuredmedia":[{"embeddable":true,"href":"https:\/\/sinoextrud.com\/fr\/wp-json\/wp\/v2\/media\/7263"}],"wp:attachment":[{"href":"https:\/\/sinoextrud.com\/fr\/wp-json\/wp\/v2\/media?parent=7264"}],"wp:term":[{"taxonomy":"category","embeddable":true,"href":"https:\/\/sinoextrud.com\/fr\/wp-json\/wp\/v2\/categories?post=7264"}],"curies":[{"name":"wp","href":"https:\/\/api.w.org\/{rel}","templated":true}]}}