{"id":7262,"date":"2025-06-06T03:32:11","date_gmt":"2025-06-06T03:32:11","guid":{"rendered":"https:\/\/sinoextrud.com\/product\/extruded-aluminum-profiles\/"},"modified":"2025-06-24T06:12:22","modified_gmt":"2025-06-24T06:12:22","slug":"profiles-en-aluminium-extrude","status":"publish","type":"product","link":"https:\/\/sinoextrud.com\/fr\/product\/extruded-aluminum-profiles\/","title":{"rendered":"Profil\u00e9s extrud\u00e9s en aluminium"},"content":{"rendered":"<h2>D\u00e9tails des produits<\/h2>\n<table class=\"custom-table\">\n<tbody>\n<tr>\n<td> Objet<\/td>\n<td> Profil\u00e9s extrud\u00e9s en aluminium<\/td>\n<\/tr>\n<tr>\n<td> Temp\u00e9rer<\/td>\n<td> T3-T8<\/td>\n<\/tr>\n<tr>\n<td> D\u00e9roulement du processus<\/td>\n<td> D\u00e9veloppement de moules - Billets d'aluminium - Chauffage - Moulage d'aluminium brut - Rev\u00eatement par poudre anodis\u00e9e<\/td>\n<\/tr>\n<tr>\n<td> Certification<\/td>\n<td> CE, ISO, SGS, TUV<\/td>\n<\/tr>\n<tr>\n<td> Application<\/td>\n<td> Construction, industrie<\/td>\n<\/tr>\n<tr>\n<td> Forme<\/td>\n<td> Triangulaire<\/td>\n<\/tr>\n<tr>\n<td> Traitement de surface<\/td>\n<td> Finition en usine, anodisation, rev\u00eatement en poudre, sablage, \u00e9lectrophor\u00e8se, brossage, polissage, etc.<\/td>\n<\/tr>\n<tr>\n<td> Couleur<\/td>\n<td> Sur la base des demandes des clients<\/td>\n<\/tr>\n<tr>\n<td> Traitement en profondeur<\/td>\n<td> D\u00e9coupage, per\u00e7age, usinage, poin\u00e7onnage, pliage, taraudage, etc.<\/td>\n<\/tr>\n<tr>\n<td> Garantie<\/td>\n<td> ISO:9001, SONCAP, certificat BV, TUV, SGS, ou certificat du client disponible<\/td>\n<\/tr>\n<tr>\n<td> MOQ<\/td>\n<td> 200KG pour chaque profil<\/td>\n<\/tr>\n<tr>\n<td> D\u00e9lai de livraison<\/td>\n<td> Le d\u00e9veloppement du moule et la conformation de l'\u00e9chantillon prennent 12 \u00e0 15 jours, puis la dur\u00e9e de production est de 15 \u00e0 25 jours apr\u00e8s r\u00e9ception de l'acompte de l'acheteur.<\/td>\n<\/tr>\n<tr>\n<td> \u00c9chantillon gratuit<\/td>\n<td> L'envoi peut \u00eatre effectu\u00e9 dans un d\u00e9lai de 1 \u00e0 3 jours<\/td>\n<\/tr>\n<\/tbody>\n<\/table>\n<h2>Notre base de production<\/h2>\n<h3>Panorama de l'usine<\/h3>\n<p><img decoding=\"async\" src=\"\/wp-content\/uploads\/factory-01.webp\"\/><\/p>\n<h3>Atelier de fabrication de barres d'aluminium<\/h3>\n<p><img decoding=\"async\" src=\"\/wp-content\/uploads\/factory-02.webp\"\/><\/p>\n<p><img decoding=\"async\" src=\"\/wp-content\/uploads\/factory-03.webp\"\/><\/p>\n<h3>Entrep\u00f4t de stockage des moules<\/h3>\n<p><img decoding=\"async\" src=\"\/wp-content\/uploads\/factory-04.webp\"\/><\/p>\n<h3>43 lignes d'extrusion d'aluminium (500-5500 tonnes)<\/h3>\n<p><img decoding=\"async\" src=\"\/wp-content\/uploads\/factory-05.webp\"\/><\/p>\n<p><img decoding=\"async\" src=\"\/wp-content\/uploads\/factory-06.webp\"\/><\/p>\n<p><img decoding=\"async\" src=\"\/wp-content\/uploads\/factory-07.webp\"\/><\/p>\n<h3>Atelier de peinture en poudre<\/h3>\n<p><img decoding=\"async\" src=\"\/wp-content\/uploads\/factory-09.webp\"\/><\/p>\n<h3>Atelier d'anodisation<\/h3>\n<p><img decoding=\"async\" src=\"\/wp-content\/uploads\/factory-10.webp\"\/><\/p>\n<h3>Atelier sur le traitement en profondeur<\/h3>\n<p><img decoding=\"async\" src=\"\/wp-content\/uploads\/factory-11.webp\"\/><\/p>\n<h3>Atelier d'usinage de pr\u00e9cision CNC<\/h3>\n<p><img decoding=\"async\" src=\"\/wp-content\/uploads\/factory-11.5.webp\"\/><\/p>\n<h3>Entrep\u00f4t de produits finis et d'exportation<\/h3>\n<p><img decoding=\"async\" src=\"\/wp-content\/uploads\/factory-12.webp\"\/><\/p>\n<p><img decoding=\"async\" src=\"\/wp-content\/uploads\/factory-13.webp\"\/><\/p>\n<p><img decoding=\"async\" src=\"\/wp-content\/uploads\/factory-14.webp\"\/><\/p>\n<h2>FAQ<\/h2>\n<p><p><b>1.Qu'est-ce qu'un profil\u00e9 d'aluminium extrud\u00e9 ?<\/b><\/p>\n<p>Les profil\u00e9s d'aluminium extrud\u00e9s sont des formes d'aluminium personnalis\u00e9es ou standard cr\u00e9\u00e9es par le processus d'extrusion, largement utilis\u00e9es dans les applications industrielles et structurelles.<br \/>\n<\/p><br \/>\n<br \/>\n<p><b>2) Pourquoi choisir les profil\u00e9s d'aluminium extrud\u00e9s pour la construction ?<\/b><\/p>\n<p>Les profil\u00e9s extrud\u00e9s en aluminium offrent un rapport r\u00e9sistance\/poids \u00e9lev\u00e9, une r\u00e9sistance \u00e0 la corrosion et une grande souplesse de conception, ce qui les rend id\u00e9aux pour la construction moderne.<br \/>\n<\/p><br \/>\n<br \/>\n<p><b>3. Les profil\u00e9s extrud\u00e9s en aluminium sont-ils personnalisables ?<\/b><\/p>\n<p>Oui, les profil\u00e9s extrud\u00e9s en aluminium peuvent \u00eatre adapt\u00e9s \u00e0 des sections transversales, des longueurs et des finitions sp\u00e9cifiques pour r\u00e9pondre aux besoins d'une application unique.<br \/>\n<\/p><br \/>\n<br \/>\n<p><b>4. Quelle est la durabilit\u00e9 des profil\u00e9s d'aluminium extrud\u00e9s ?<\/b><\/p>\n<p>Les profil\u00e9s extrud\u00e9s en aluminium sont tr\u00e8s durables, gr\u00e2ce \u00e0 leurs propri\u00e9t\u00e9s de r\u00e9sistance \u00e0 la corrosion et \u00e0 leur composition en alliage d'aluminium de haute qualit\u00e9.<br \/>\n<\/p><br \/>\n<br \/>\n<p><b>5. les profil\u00e9s extrud\u00e9s en aluminium peuvent-ils \u00eatre utilis\u00e9s \u00e0 l'ext\u00e9rieur ?<\/b><\/p>\n<p>Oui, leur excellente r\u00e9sistance aux intemp\u00e9ries et \u00e0 la corrosion leur permet d'\u00eatre utilis\u00e9s aussi bien \u00e0 l'int\u00e9rieur qu'\u00e0 l'ext\u00e9rieur.<br \/>\n<\/p><br \/>\n<br \/>\n<p><b>6. quelles industries utilisent les profil\u00e9s extrud\u00e9s en aluminium ?<\/b><\/p>\n<p>Les industries telles que l'a\u00e9rospatiale, l'automobile, la construction et l'automatisation s'appuient sur les profil\u00e9s d'aluminium extrud\u00e9s pour r\u00e9aliser des structures solides et l\u00e9g\u00e8res.<br \/>\n<\/p><br \/>\n<br \/>\n<p><b>7. Les profil\u00e9s extrud\u00e9s en aluminium sont-ils \u00e9cologiques ?<\/b><\/p>\n<p>Oui, l'aluminium est 100% recyclable, et l'utilisation de profil\u00e9s extrud\u00e9s favorise une fabrication durable et respectueuse de l'environnement.<br \/>\n<\/p><br \/>\n<br \/>\n<p><b>8. Quelle est la facilit\u00e9 d'assemblage des structures utilisant des profil\u00e9s d'aluminium extrud\u00e9s ?<\/b><\/p>\n<p>Les profils sont compatibles avec les connecteurs modulaires et peuvent \u00eatre assembl\u00e9s rapidement avec un minimum d'outils.<br \/>\n<\/p><br \/><\/p>","protected":false},"featured_media":7261,"template":"","categories":[67],"class_list":["post-7262","product","type-product","status-publish","has-post-thumbnail","hentry","category-architectural-aluminium-profile"],"meta_box":{"hilight_text_group":{"product_hilight_text":"<li>Customizable shapes and dimensions for diverse industrial applications<\/li>\r\r\n<li>Lightweight yet strong aluminum structure reduces load and increases efficiency<\/li>\r\r\n<li>Excellent corrosion resistance for indoor and outdoor environments<\/li>\r\r\n<li>High precision extrusion ensures compatibility with accessories and connectors<\/li>\r\r\n<li>Ideal for frameworks, enclosures, machine guards, and structural components<\/li>\r\r\n<li>Cost-effective and recyclable material supports sustainable manufacturing<\/li>\r\r\n<li>Supports modular design and easy on-site assembly<\/li>","product_chanpin_blog":"<ul>\r\r\n<li><a href=\"https:\/\/sinoextrud.com\/t-slot-v-slot-differences\/\" target=\"_blank\">t slot vs v slot<\/a><\/li>\r\r\n<li><a href=\"https:\/\/sinoextrud.com\/what-is-4040-aluminium-extrud\/\" target=\"_blank\">4040 aluminium extrusion<\/a><\/li>\r\r\n<li><a href=\"https:\/\/sinoextrud.com\/what-is-4040-aluminium-extrud\/\" target=\"_blank\">aluminum extrusions for industrial racks<\/a><\/li>\r\r\n<li><a href=\"https:\/\/sinoextrud.com\/powder-coating-aluminium-process\/\" target=\"_blank\">powder coating aluminium<\/a><\/li>\r\r\n<li><a href=\"https:\/\/sinoextrud.com\/what-is-an-aluminium-strip-ceiling\/\" target=\"_blank\">aluminium strip ceiling<\/a><\/li>\r\r\n<li><a href=\"https:\/\/sinoextrud.com\/what-is-a-heat-sink\/\" target=\"_blank\">what is a heat sink<\/a><\/li>\r\r\n<\/ul>","product_chanpin_chanpin":"<li><a href=\"https:\/\/sinoextrud.com\/product\/aluminium-profile-for-shower-room\/\" target=\"_blank\">Aluminium Profile For Shower Room<\/a><\/li>\r\n<li><a href=\"https:\/\/sinoextrud.com\/product\/bright-anodized-aluminum-profile\/\" target=\"_blank\">Bright Anodized Aluminum Profile<\/a><\/li>\r\n<li><a href=\"https:\/\/sinoextrud.com\/product\/modular-framing-systems\/\" target=\"_blank\">Modular Framing Systems<\/a><\/li>\r\n<li><a href=\"https:\/\/sinoextrud.com\/product\/aluminium-anodizing\/\" target=\"_blank\">Aluminium Anodizing<\/a><\/li>\r\n<li><a href=\"https:\/\/sinoextrud.com\/product\/extruded-aluminum-profiles\/\" target=\"_blank\">Extruded Aluminum Profiles<\/a><\/li>\r\n<li><a href=\"https:\/\/sinoextrud.com\/product\/aluminium-system-profile\/\" target=\"_blank\">Aluminium System Profile<\/a><\/li>\r\n<li><a href=\"https:\/\/sinoextrud.com\/product\/aluminium-extrusion-c-beam\/\" target=\"_blank\">Aluminium Extrusion C Beam<\/a><\/li>\r\n<li><a href=\"https:\/\/sinoextrud.com\/product\/extruded-aluminum-tubing-for-stair-rail\/\" target=\"_blank\">Extruded Aluminum Tubing For Stair Rail<\/a><\/li>\r\n<li><a href=\"https:\/\/sinoextrud.com\/product\/aluminium-extrusion-curtain-wall-profile-with-powder-coated-surface-manufacturer-direct-selling\/\" target=\"_blank\">Aluminium Extrusion Curtain Wall Profile With Powder Coated Surface Manufacturer Direct Selling<\/a><\/li>\r\n<li><a href=\"https:\/\/sinoextrud.com\/product\/6063-t5-oem-aluminum-profile-conner-angle-for-window-and-door-or-led-light-display-2\/\" target=\"_blank\">6063 T5  OEM  aluminum  profile  conner angle for window and door or led light display<\/a><\/li>\r\n<li><a href=\"https:\/\/sinoextrud.com\/product\/v-shaped-linear-ceiling-system\/\" target=\"_blank\">V-Shaped Linear Ceiling System<\/a><\/li>"},"feature_list":[]},"_links":{"self":[{"href":"https:\/\/sinoextrud.com\/fr\/wp-json\/wp\/v2\/product\/7262","targetHints":{"allow":["GET"]}}],"collection":[{"href":"https:\/\/sinoextrud.com\/fr\/wp-json\/wp\/v2\/product"}],"about":[{"href":"https:\/\/sinoextrud.com\/fr\/wp-json\/wp\/v2\/types\/product"}],"wp:featuredmedia":[{"embeddable":true,"href":"https:\/\/sinoextrud.com\/fr\/wp-json\/wp\/v2\/media\/7261"}],"wp:attachment":[{"href":"https:\/\/sinoextrud.com\/fr\/wp-json\/wp\/v2\/media?parent=7262"}],"wp:term":[{"taxonomy":"category","embeddable":true,"href":"https:\/\/sinoextrud.com\/fr\/wp-json\/wp\/v2\/categories?post=7262"}],"curies":[{"name":"wp","href":"https:\/\/api.w.org\/{rel}","templated":true}]}}