{"id":7260,"date":"2025-06-06T03:29:40","date_gmt":"2025-06-06T03:29:40","guid":{"rendered":"https:\/\/sinoextrud.com\/product\/aluminium-anodizing\/"},"modified":"2025-06-24T06:12:22","modified_gmt":"2025-06-24T06:12:22","slug":"anodisation-de-laluminium","status":"publish","type":"product","link":"https:\/\/sinoextrud.com\/fr\/product\/aluminium-anodizing\/","title":{"rendered":"Anodisation de l'aluminium"},"content":{"rendered":"<h2>D\u00e9tails des produits<\/h2>\n<table class=\"custom-table\">\n<tbody>\n<tr>\n<td> <\/td>\n<td>Profil d'anodisation de l'aluminium<\/td>\n<\/tr>\n<tr>\n<td>Alliage :<\/td>\n<td>Est un alliage<\/td>\n<\/tr>\n<tr>\n<td>Grade :<\/td>\n<td>S\u00e9rie 6000<\/td>\n<\/tr>\n<tr>\n<td>Temp\u00e9rer :<\/td>\n<td>T3-T8<\/td>\n<\/tr>\n<tr>\n<td>Longueur :<\/td>\n<td>1-9 m\u00e8tres ou sur mesure<\/td>\n<\/tr>\n<tr>\n<td>Certification :<\/td>\n<td>ISO<\/td>\n<\/tr>\n<tr>\n<td>Service :<\/td>\n<td>OEM\/ODM<\/td>\n<\/tr>\n<tr>\n<td>D\u00e9moulage :<\/td>\n<td>8-15 jours<\/td>\n<\/tr>\n<tr>\n<td>D\u00e9lai de livraison :<\/td>\n<td>25-30 jours apr\u00e8s confirmation de l'\u00e9chantillon par l'acheteur<\/td>\n<\/tr>\n<tr>\n<td>Paquet de transport :<\/td>\n<td>Film protecteur en plastique et papier de bricolage imperm\u00e9able<\/td>\n<\/tr>\n<tr>\n<td>Contr\u00f4le de la qualit\u00e9 :<\/td>\n<td>100% Inspection avant exp\u00e9dition<\/td>\n<\/tr>\n<tr>\n<td>Sp\u00e9cification :<\/td>\n<td>ISO14001, ISO9001<\/td>\n<\/tr>\n<\/tbody>\n<\/table>\n<h2>Notre base de production<\/h2>\n<h3>Panorama de l'usine<\/h3>\n<p><img decoding=\"async\" src=\"\/wp-content\/uploads\/factory-01.webp\"\/><\/p>\n<h3>Atelier de fabrication de barres d'aluminium<\/h3>\n<p><img decoding=\"async\" src=\"\/wp-content\/uploads\/factory-02.webp\"\/><\/p>\n<p><img decoding=\"async\" src=\"\/wp-content\/uploads\/factory-03.webp\"\/><\/p>\n<h3>Entrep\u00f4t de stockage des moules<\/h3>\n<p><img decoding=\"async\" src=\"\/wp-content\/uploads\/factory-04.webp\"\/><\/p>\n<h3>43 lignes d'extrusion d'aluminium (500 \u00e0 5500 tonnes)<\/h3>\n<p><img decoding=\"async\" src=\"\/wp-content\/uploads\/factory-05.webp\"\/><\/p>\n<p><img decoding=\"async\" src=\"\/wp-content\/uploads\/factory-06.webp\"\/><\/p>\n<p><img decoding=\"async\" src=\"\/wp-content\/uploads\/factory-07.webp\"\/><\/p>\n<h3>Atelier de peinture en poudre<\/h3>\n<p><img decoding=\"async\" src=\"\/wp-content\/uploads\/factory-09.webp\"\/><\/p>\n<h3>Atelier d'anodisation<\/h3>\n<p><img decoding=\"async\" src=\"\/wp-content\/uploads\/factory-10.webp\"\/><\/p>\n<h3>Atelier sur le traitement en profondeur<\/h3>\n<p><img decoding=\"async\" src=\"\/wp-content\/uploads\/factory-11.webp\"\/><\/p>\n<h3>Atelier d'usinage de pr\u00e9cision CNC<\/h3>\n<p><img decoding=\"async\" src=\"\/wp-content\/uploads\/factory-11.5.webp\"\/><\/p>\n<h3>Entrep\u00f4t de produits finis et d'exportation<\/h3>\n<p><img decoding=\"async\" src=\"\/wp-content\/uploads\/factory-12.webp\"\/><\/p>\n<p><img decoding=\"async\" src=\"\/wp-content\/uploads\/factory-13.webp\"\/><\/p>\n<p><img decoding=\"async\" src=\"\/wp-content\/uploads\/factory-14.webp\"\/><\/p>\n<h2>FAQ<\/h2>\n<p><p><b>1) Qu'est-ce que l'anodisation de l'aluminium ?<\/b><\/p>\n<p>L'anodisation de l'aluminium est un proc\u00e9d\u00e9 \u00e9lectrochimique qui \u00e9paissit la couche d'oxyde naturel de l'aluminium, am\u00e9liorant ainsi sa durabilit\u00e9 et son apparence.<br \/>\n<\/p><br \/>\n<br \/>\n<p><b>2. quels sont les avantages de l'anodisation de l'aluminium ?<\/b><\/p>\n<p>L'anodisation renforce la r\u00e9sistance \u00e0 la corrosion, am\u00e9liore la r\u00e9sistance \u00e0 l'usure et permet d'obtenir des finitions color\u00e9es attrayantes.<br \/>\n<\/p><br \/>\n<br \/>\n<p><b>3. l'aluminium anodis\u00e9 convient-il \u00e0 une utilisation en ext\u00e9rieur ?<\/b><\/p>\n<p>Oui, les surfaces anodis\u00e9es sont tr\u00e8s r\u00e9sistantes aux rayons UV et aux intemp\u00e9ries, ce qui les rend id\u00e9ales pour les applications ext\u00e9rieures.<br \/>\n<\/p><br \/>\n<br \/>\n<p><b>4. l'aluminium anodis\u00e9 peut-il \u00eatre color\u00e9 ?<\/b><\/p>\n<p>Oui, le processus d'anodisation permet de teinter l'aluminium en diff\u00e9rentes couleurs tout en conservant une finition m\u00e9tallique.<br \/>\n<\/p><br \/>\n<br \/>\n<p><b>5. l'anodisation affecte-t-elle la r\u00e9sistance de l'aluminium ?<\/b><\/p>\n<p>Non, l'anodisation am\u00e9liore les propri\u00e9t\u00e9s de la surface sans compromettre l'int\u00e9grit\u00e9 structurelle du m\u00e9tal de base.<br \/>\n<\/p><br \/>\n<br \/>\n<p><b>6) Quelles sont les industries qui utilisent l'aluminium anodis\u00e9 ?<\/b><\/p>\n<p>Les industries telles que l'architecture, l'\u00e9lectronique, le transport et les biens de consommation utilisent largement l'aluminium anodis\u00e9 \u00e0 des fins fonctionnelles et d\u00e9coratives.<br \/>\n<\/p><br \/>\n<br \/>\n<p><b>7. l'anodisation de l'aluminium est-elle respectueuse de l'environnement ?<\/b><\/p>\n<p>Oui, l'anodisation est un proc\u00e9d\u00e9 s\u00fbr, \u00e0 base d'eau, qui produit peu de d\u00e9chets et utilise des mat\u00e9riaux non toxiques.<br \/>\n<\/p><br \/>\n<br \/>\n<p><b>8) Quelle est la dur\u00e9e de vie de la finition anodis\u00e9e ?<\/b><\/p>\n<p>Si elles sont bien entretenues, les finitions anodis\u00e9es peuvent durer des d\u00e9cennies, en particulier dans les environnements architecturaux ou marins.<br \/>\n<\/p><br \/><\/p>","protected":false},"featured_media":7259,"template":"","categories":[67],"class_list":["post-7260","product","type-product","status-publish","has-post-thumbnail","hentry","category-architectural-aluminium-profile"],"meta_box":{"hilight_text_group":{"product_hilight_text":"<li>Enhances surface durability and corrosion resistance of aluminum<\/li>\r\r\n<li>Improves aesthetic appearance with a variety of color finishes<\/li>\r\r\n<li>Environmentally friendly and non-toxic surface treatment<\/li>\r\r\n<li>Provides excellent adhesion for paints and sealants<\/li>\r\r\n<li>Increases wear resistance for industrial and architectural applications<\/li>\r\r\n<li>Customizable anodizing thickness for specific performance needs<\/li>\r\r\n<li>UV-resistant finish maintains color and surface quality over time<\/li>","product_chanpin_blog":"<ul>\r\r\n<li><a href=\"https:\/\/sinoextrud.com\/t-slot-v-slot-differences\/\" target=\"_blank\">t slot vs v slot<\/a><\/li>\r\r\n<li><a href=\"https:\/\/sinoextrud.com\/what-is-4040-aluminium-extrud\/\" target=\"_blank\">4040 aluminium extrusion<\/a><\/li>\r\r\n<li><a href=\"https:\/\/sinoextrud.com\/what-is-4040-aluminium-extrud\/\" target=\"_blank\">aluminum extrusions for industrial racks<\/a><\/li>\r\r\n<li><a href=\"https:\/\/sinoextrud.com\/powder-coating-aluminium-process\/\" target=\"_blank\">powder coating aluminium<\/a><\/li>\r\r\n<li><a href=\"https:\/\/sinoextrud.com\/what-is-an-aluminium-strip-ceiling\/\" target=\"_blank\">aluminium strip ceiling<\/a><\/li>\r\r\n<li><a href=\"https:\/\/sinoextrud.com\/what-is-a-heat-sink\/\" target=\"_blank\">what is a heat sink<\/a><\/li>\r\r\n<\/ul>","product_chanpin_chanpin":"<li><a href=\"https:\/\/sinoextrud.com\/product\/customized-matt-electrophoresis-aluminum-extrusions-profile-for-building-material\/\" target=\"_blank\">Customized Matt Electrophoresis Aluminum Extrusions Profile For Building Material<\/a><\/li>\r\n<li><a href=\"https:\/\/sinoextrud.com\/product\/aluminium-profile-for-shower-room\/\" target=\"_blank\">Aluminium Profile For Shower Room<\/a><\/li>\r\n<li><a href=\"https:\/\/sinoextrud.com\/product\/bright-anodized-aluminum-profile\/\" target=\"_blank\">Bright Anodized Aluminum Profile<\/a><\/li>\r\n<li><a href=\"https:\/\/sinoextrud.com\/product\/modular-framing-systems\/\" target=\"_blank\">Modular Framing Systems<\/a><\/li>\r\n<li><a href=\"https:\/\/sinoextrud.com\/product\/aluminium-anodizing\/\" target=\"_blank\">Aluminium Anodizing<\/a><\/li>\r\n<li><a href=\"https:\/\/sinoextrud.com\/product\/extruded-aluminum-profiles\/\" target=\"_blank\">Extruded Aluminum Profiles<\/a><\/li>\r\n<li><a href=\"https:\/\/sinoextrud.com\/product\/aluminium-system-profile\/\" target=\"_blank\">Aluminium System Profile<\/a><\/li>\r\n<li><a href=\"https:\/\/sinoextrud.com\/product\/aluminium-extrusion-c-beam\/\" target=\"_blank\">Aluminium Extrusion C Beam<\/a><\/li>\r\n<li><a href=\"https:\/\/sinoextrud.com\/product\/extruded-aluminum-tubing-for-stair-rail\/\" target=\"_blank\">Extruded Aluminum Tubing For Stair Rail<\/a><\/li>\r\n<li><a href=\"https:\/\/sinoextrud.com\/product\/aluminum-extruded-handles\/\" target=\"_blank\">Aluminum Extruded Handles<\/a><\/li>\r\n<li><a href=\"https:\/\/sinoextrud.com\/product\/6063-t5-aluminum-extrusion-profile-for-windows-and-doors-and-curtain-walls\/\" target=\"_blank\">6063 T5 Aluminum Extrusion Profile for Windows and Doors and Curtain Walls<\/a><\/li>"},"feature_list":[]},"_links":{"self":[{"href":"https:\/\/sinoextrud.com\/fr\/wp-json\/wp\/v2\/product\/7260","targetHints":{"allow":["GET"]}}],"collection":[{"href":"https:\/\/sinoextrud.com\/fr\/wp-json\/wp\/v2\/product"}],"about":[{"href":"https:\/\/sinoextrud.com\/fr\/wp-json\/wp\/v2\/types\/product"}],"wp:featuredmedia":[{"embeddable":true,"href":"https:\/\/sinoextrud.com\/fr\/wp-json\/wp\/v2\/media\/7259"}],"wp:attachment":[{"href":"https:\/\/sinoextrud.com\/fr\/wp-json\/wp\/v2\/media?parent=7260"}],"wp:term":[{"taxonomy":"category","embeddable":true,"href":"https:\/\/sinoextrud.com\/fr\/wp-json\/wp\/v2\/categories?post=7260"}],"curies":[{"name":"wp","href":"https:\/\/api.w.org\/{rel}","templated":true}]}}