{"id":7258,"date":"2025-06-06T03:28:27","date_gmt":"2025-06-06T03:28:27","guid":{"rendered":"https:\/\/sinoextrud.com\/product\/modular-framing-systems\/"},"modified":"2025-06-24T06:12:22","modified_gmt":"2025-06-24T06:12:22","slug":"systemes-dencadrement-modulaires","status":"publish","type":"product","link":"https:\/\/sinoextrud.com\/fr\/product\/modular-framing-systems\/","title":{"rendered":"Syst\u00e8mes d'ossature modulaire"},"content":{"rendered":"<h2>D\u00e9tails des produits<\/h2>\n<table class=\"custom-table\">\n<tr>\n<td class=\"label\">\nForme :<\/td>\n<td> h - Profil\uff0c<\/td>\n<\/tr>\n<tr>\n<td class=\"label\">Temp\u00e9rer :<\/td>\n<td> T3-T8\uff0c<\/td>\n<\/tr>\n<tr>\n<td class=\"label\">Ingr\u00e9dient d'alliage :<\/td>\n<td> 6063\uff0c<\/td>\n<\/tr>\n<tr>\n<td class=\"label\">Aluminium poli Profil :<\/td>\n<td> Polissage chimique Bross\u00e9\uff0c<\/td>\n<\/tr>\n<tr>\n<td class=\"label\">Taille :<\/td>\n<td> 20*10mm sur mesure\uff0c<\/td>\n<\/tr>\n<tr>\n<td class=\"label\">Focus sur :<\/td>\n<td> Architecture, Appareils m\u00e9nagers\uff0c<\/td>\n<\/tr>\n<tr>\n<td class=\"label\">Garantie :<\/td>\n<td> Garantie de couleur de 15 \u00e0 20 ans\uff0c<\/td>\n<\/tr>\n<tr>\n<td class=\"label\">Hornors :<\/td>\n<td> Chine Top 10 Assured Quality Supplier\uff0c<\/td>\n<\/tr>\n<tr>\n<td class=\"label\">Origine :<\/td>\n<td> Chine, Guangdong\uff0c<\/td>\n<\/tr>\n<tr>\n<td class=\"label\">Nom du produit :<\/td>\n<td> Meubles en aluminium\uff0c<\/td>\n<\/tr>\n<tr>\n<td class=\"label\">Couleurs :<\/td>\n<td> Tout est disponible\uff0c<\/td>\n<\/tr>\n<tr>\n<td class=\"label\">Finition :<\/td>\n<td> syst\u00e8mes d'encadrement modulaires\uff0c<\/td>\n<\/tr>\n<tr>\n<td class=\"label\">Notre promesse :<\/td>\n<td> 100% Bons produits avant exp\u00e9dition\uff0c<\/td>\n<\/tr>\n<\/table>\n<h2>Notre base de production<\/h2>\n<h3>Panorama de l'usine<\/h3>\n<p><img decoding=\"async\" src=\"\/wp-content\/uploads\/factory-01.webp\"\/><\/p>\n<h3>Atelier de fabrication de barres d'aluminium<\/h3>\n<p><img decoding=\"async\" src=\"\/wp-content\/uploads\/factory-02.webp\"\/><\/p>\n<p><img decoding=\"async\" src=\"\/wp-content\/uploads\/factory-03.webp\"\/><\/p>\n<h3>Entrep\u00f4t de stockage des moules<\/h3>\n<p><img decoding=\"async\" src=\"\/wp-content\/uploads\/factory-04.webp\"\/><\/p>\n<h3>43 lignes d'extrusion d'aluminium (500-5500 tonnes)<\/h3>\n<p><img decoding=\"async\" src=\"\/wp-content\/uploads\/factory-05.webp\"\/><\/p>\n<p><img decoding=\"async\" src=\"\/wp-content\/uploads\/factory-06.webp\"\/><\/p>\n<p><img decoding=\"async\" src=\"\/wp-content\/uploads\/factory-07.webp\"\/><\/p>\n<h3>Atelier de peinture en poudre<\/h3>\n<p><img decoding=\"async\" src=\"\/wp-content\/uploads\/factory-09.webp\"\/><\/p>\n<h3>Atelier d'anodisation<\/h3>\n<p><img decoding=\"async\" src=\"\/wp-content\/uploads\/factory-10.webp\"\/><\/p>\n<h3>Atelier sur le traitement en profondeur<\/h3>\n<p><img decoding=\"async\" src=\"\/wp-content\/uploads\/factory-11.webp\"\/><\/p>\n<h3>Atelier d'usinage de pr\u00e9cision CNC<\/h3>\n<p><img decoding=\"async\" src=\"\/wp-content\/uploads\/factory-11.5.webp\"\/><\/p>\n<h3>Entrep\u00f4t de produits finis et d'exportation<\/h3>\n<p><img decoding=\"async\" src=\"\/wp-content\/uploads\/factory-12.webp\"\/><\/p>\n<p><img decoding=\"async\" src=\"\/wp-content\/uploads\/factory-13.webp\"\/><\/p>\n<p><img decoding=\"async\" src=\"\/wp-content\/uploads\/factory-14.webp\"\/><\/p>\n<h2>FAQ<\/h2>\n<p><p><b>1) Quels sont les avantages de l'utilisation de l'alliage d'aluminium 6063-T5 dans les syst\u00e8mes d'ossature modulaire ? <\/b><\/p>\n<p>L'alliage d'aluminium 6063-T5 offre un rapport r\u00e9sistance\/poids sup\u00e9rieur et une excellente r\u00e9sistance \u00e0 la corrosion, ce qui en fait un mat\u00e9riau id\u00e9al pour les syst\u00e8mes d'ossature modulaire durables et l\u00e9gers.<br \/>\n<\/p><br \/>\n<br \/>\n<p><b>2. Comment la conception modulaire des rainures en T am\u00e9liore-t-elle les processus d'assemblage ? <\/b><\/p>\n<p>La conception des rainures en T permet d'assembler, de modifier et de d\u00e9sassembler rapidement et facilement les structures sans avoir recours au soudage ou \u00e0 des outils sp\u00e9cialis\u00e9s, ce qui accro\u00eet la flexibilit\u00e9 et r\u00e9duit les co\u00fbts de main-d'\u0153uvre.<br \/>\n<\/p><br \/>\n<br \/>\n<p><b>3. Les syst\u00e8mes modulaires d'ossature en aluminium peuvent-ils \u00eatre personnalis\u00e9s pour des applications sp\u00e9cifiques ? <\/b><\/p>\n<p>Oui, les syst\u00e8mes d'ossature modulaire en aluminium sont hautement personnalisables, avec diff\u00e9rents profils et longueurs disponibles pour r\u00e9pondre aux diverses exigences des projets.<br \/>\n<\/p><br \/>\n<br \/>\n<p><b>4. ces syst\u00e8mes d'encadrement conviennent-ils pour des applications int\u00e9rieures et ext\u00e9rieures ? <\/b><\/p>\n<p>De plus, les propri\u00e9t\u00e9s anticorrosion de l'aluminium 6063-T5 permettent \u00e0 ces syst\u00e8mes d'encadrement de s'adapter \u00e0 un large \u00e9ventail d'environnements, y compris les applications int\u00e9rieures et ext\u00e9rieures.<br \/>\n<\/p><br \/>\n<br \/>\n<p><b>5. Comment les syst\u00e8mes d'ossature modulaire en aluminium contribuent-ils \u00e0 la r\u00e9duction des co\u00fbts ? <\/b><\/p>\n<p>En r\u00e9duisant le besoin de main-d'\u0153uvre sp\u00e9cialis\u00e9e, en minimisant les besoins d'entretien et en permettant une reconfiguration facile, les syst\u00e8mes de charpente modulaire en aluminium permettent de r\u00e9aliser des \u00e9conomies importantes par rapport aux m\u00e9thodes de construction traditionnelles.<br \/>\n<\/p><br \/><\/p>","protected":false},"featured_media":7257,"template":"","categories":[67],"class_list":["post-7258","product","type-product","status-publish","has-post-thumbnail","hentry","category-architectural-aluminium-profile"],"meta_box":{"hilight_text_group":{"product_hilight_text":"<li>Constructed from high-strength 6063-T5 aluminum alloy, offering excellent corrosion resistance and durability for modular framing applications<\/li>\r\r\n<li>Modular T-slot design enables easy assembly, modification, and disassembly without the need for welding or specialized tools<\/li>\r\r\n<li>Lightweight yet robust construction facilitates rapid deployment and reduces overall structural load<\/li>\r\r\n<li>Available in various profiles and customizable lengths to meet specific project requirements<\/li>\r\r\n<li>Cost-effective solution with reduced labor and maintenance costs, enhancing overall project efficiency<\/li>","product_chanpin_blog":"<ul>\r\r\n<li><a href=\"https:\/\/sinoextrud.com\/t-slot-v-slot-differences\/\" target=\"_blank\">t slot vs v slot<\/a><\/li>\r\r\n<li><a href=\"https:\/\/sinoextrud.com\/what-is-4040-aluminium-extrud\/\" target=\"_blank\">4040 aluminium extrusion<\/a><\/li>\r\r\n<li><a href=\"https:\/\/sinoextrud.com\/what-is-4040-aluminium-extrud\/\" target=\"_blank\">aluminum extrusions for industrial racks<\/a><\/li>\r\r\n<li><a href=\"https:\/\/sinoextrud.com\/powder-coating-aluminium-process\/\" target=\"_blank\">powder coating aluminium<\/a><\/li>\r\r\n<li><a href=\"https:\/\/sinoextrud.com\/what-is-an-aluminium-strip-ceiling\/\" target=\"_blank\">aluminium strip ceiling<\/a><\/li>\r\r\n<li><a href=\"https:\/\/sinoextrud.com\/what-is-a-heat-sink\/\" target=\"_blank\">what is a heat sink<\/a><\/li>\r\r\n<\/ul>","product_chanpin_chanpin":"<li><a href=\"https:\/\/sinoextrud.com\/product\/aluminium-glass-profile\/\" target=\"_blank\">Aluminium Glass Profile<\/a><\/li>\r\n<li><a href=\"https:\/\/sinoextrud.com\/product\/customized-matt-electrophoresis-aluminum-extrusions-profile-for-building-material\/\" target=\"_blank\">Customized Matt Electrophoresis Aluminum Extrusions Profile For Building Material<\/a><\/li>\r\n<li><a href=\"https:\/\/sinoextrud.com\/product\/aluminium-profile-for-shower-room\/\" target=\"_blank\">Aluminium Profile For Shower Room<\/a><\/li>\r\n<li><a href=\"https:\/\/sinoextrud.com\/product\/bright-anodized-aluminum-profile\/\" target=\"_blank\">Bright Anodized Aluminum Profile<\/a><\/li>\r\n<li><a href=\"https:\/\/sinoextrud.com\/product\/modular-framing-systems\/\" target=\"_blank\">Modular Framing Systems<\/a><\/li>\r\n<li><a href=\"https:\/\/sinoextrud.com\/product\/aluminium-anodizing\/\" target=\"_blank\">Aluminium Anodizing<\/a><\/li>\r\n<li><a href=\"https:\/\/sinoextrud.com\/product\/extruded-aluminum-profiles\/\" target=\"_blank\">Extruded Aluminum Profiles<\/a><\/li>\r\n<li><a href=\"https:\/\/sinoextrud.com\/product\/aluminium-system-profile\/\" target=\"_blank\">Aluminium System Profile<\/a><\/li>\r\n<li><a href=\"https:\/\/sinoextrud.com\/product\/aluminium-extrusion-c-beam\/\" target=\"_blank\">Aluminium Extrusion C Beam<\/a><\/li>\r\n<li><a href=\"https:\/\/sinoextrud.com\/product\/extruded-aluminum-rectangular-tubing\/\" target=\"_blank\">Extruded Aluminum Rectangular Tubing<\/a><\/li>\r\n<li><a href=\"https:\/\/sinoextrud.com\/product\/aluminum-window-frames-mosquito-netting-suppliers\/\" target=\"_blank\">Aluminum Window Frames Mosquito Netting Suppliers<\/a><\/li>"},"feature_list":[]},"_links":{"self":[{"href":"https:\/\/sinoextrud.com\/fr\/wp-json\/wp\/v2\/product\/7258","targetHints":{"allow":["GET"]}}],"collection":[{"href":"https:\/\/sinoextrud.com\/fr\/wp-json\/wp\/v2\/product"}],"about":[{"href":"https:\/\/sinoextrud.com\/fr\/wp-json\/wp\/v2\/types\/product"}],"wp:featuredmedia":[{"embeddable":true,"href":"https:\/\/sinoextrud.com\/fr\/wp-json\/wp\/v2\/media\/7257"}],"wp:attachment":[{"href":"https:\/\/sinoextrud.com\/fr\/wp-json\/wp\/v2\/media?parent=7258"}],"wp:term":[{"taxonomy":"category","embeddable":true,"href":"https:\/\/sinoextrud.com\/fr\/wp-json\/wp\/v2\/categories?post=7258"}],"curies":[{"name":"wp","href":"https:\/\/api.w.org\/{rel}","templated":true}]}}