{"id":7256,"date":"2025-06-06T03:26:58","date_gmt":"2025-06-06T03:26:58","guid":{"rendered":"https:\/\/sinoextrud.com\/product\/bright-anodized-aluminum-profile\/"},"modified":"2025-06-24T06:12:22","modified_gmt":"2025-06-24T06:12:22","slug":"profile-en-aluminium-anodise-brillant","status":"publish","type":"product","link":"https:\/\/sinoextrud.com\/fr\/product\/bright-anodized-aluminum-profile\/","title":{"rendered":"Profil\u00e9 en aluminium anodis\u00e9 brillant"},"content":{"rendered":"<h2>D\u00e9tails des produits<\/h2>\n<table class=\"custom-table\">\n<tbody>\n<tr>\n<td> Nom du produit<\/td>\n<td> Profil\u00e9 en aluminium anodis\u00e9 brillant avec couleur polie<\/td>\n<\/tr>\n<tr>\n<td> Application<\/td>\n<td> Salle de bains, garde-corps, construction, etc.<\/td>\n<\/tr>\n<tr>\n<td> Alliage<\/td>\n<td> 6063, 6463, 6061, etc.<\/td>\n<\/tr>\n<tr>\n<td> Temp\u00e9rer<\/td>\n<td> T5, T6<\/td>\n<\/tr>\n<tr>\n<td> Surface<\/td>\n<td> 1. Anodis\u00e9\/anodisation (\u00e9paisseur : 8-25um)<br \/>\n2. Rev\u00eatement en poudre (\u00e9paisseur : 60-120um)<br \/>\n3. peinture par \u00e9lectrophor\u00e8se<br \/>\n4. sablage<br \/>\n5. Polonais<br \/>\n6. Bross\u00e9<br \/>\n7. Rev\u00eatement PVDF<br \/>\n8. effet bois<\/td>\n<\/tr>\n<tr>\n<td> Tol\u00e9rance<\/td>\n<td> GB 5237.1-2008, ou personnalis\u00e9<\/td>\n<\/tr>\n<tr>\n<td> Couleur<\/td>\n<td> Argent, or, gris, champagne, noir, centaines, selon l'\u00e9chantillon ou la demande du client.<\/td>\n<\/tr>\n<tr>\n<td> \u00c9paisseur<\/td>\n<td> Sup\u00e9rieur \u00e0 0,7 mm, selon la forme exacte ; recommand\u00e9 1,2 mm et plus, ou personnalis\u00e9<\/td>\n<\/tr>\n<tr>\n<td> Longueur<\/td>\n<td> longueur maximale d'anodisation : 21ft\/6400mm<br \/>\nlongueur maximale du rev\u00eatement par poudre : 21ft\/6400mm<\/td>\n<\/tr>\n<tr>\n<td> Forme du profil<\/td>\n<td> 1, en fonction du dessin ou de la demande du client<br \/>\n2, service de conception disponible<\/td>\n<\/tr>\n<tr>\n<td> Caract\u00e9ristiques<\/td>\n<td> 1. Excellente \u00e9tanch\u00e9it\u00e9, r\u00e9sistance \u00e0 la chaleur<br \/>\n2. Isolation acoustique, r\u00e9sistance au vent, \u00e9tanch\u00e9it\u00e9 \u00e0 l'air<br \/>\n3. Performance anti-corrosion et anti-friction<\/td>\n<\/tr>\n<\/tbody>\n<\/table>\n<h2>Notre base de production<\/h2>\n<h3>Panorama de l'usine<\/h3>\n<p><img decoding=\"async\" src=\"\/wp-content\/uploads\/factory-01.webp\"\/><\/p>\n<h3>Atelier de fabrication de barres d'aluminium<\/h3>\n<p><img decoding=\"async\" src=\"\/wp-content\/uploads\/factory-02.webp\"\/><\/p>\n<p><img decoding=\"async\" src=\"\/wp-content\/uploads\/factory-03.webp\"\/><\/p>\n<h3>Entrep\u00f4t de stockage des moules<\/h3>\n<p><img decoding=\"async\" src=\"\/wp-content\/uploads\/factory-04.webp\"\/><\/p>\n<h3>43 lignes d'extrusion d'aluminium (500 \u00e0 5500 tonnes)<\/h3>\n<p><img decoding=\"async\" src=\"\/wp-content\/uploads\/factory-05.webp\"\/><\/p>\n<p><img decoding=\"async\" src=\"\/wp-content\/uploads\/factory-06.webp\"\/><\/p>\n<p><img decoding=\"async\" src=\"\/wp-content\/uploads\/factory-07.webp\"\/><\/p>\n<h3>Atelier de peinture en poudre<\/h3>\n<p><img decoding=\"async\" src=\"\/wp-content\/uploads\/factory-09.webp\"\/><\/p>\n<h3>Atelier d'anodisation<\/h3>\n<p><img decoding=\"async\" src=\"\/wp-content\/uploads\/factory-10.webp\"\/><\/p>\n<h3>Atelier sur le traitement en profondeur<\/h3>\n<p><img decoding=\"async\" src=\"\/wp-content\/uploads\/factory-11.webp\"\/><\/p>\n<h3>Atelier d'usinage de pr\u00e9cision CNC<\/h3>\n<p><img decoding=\"async\" src=\"\/wp-content\/uploads\/factory-11.5.webp\"\/><\/p>\n<h3>Entrep\u00f4t de produits finis et d'exportation<\/h3>\n<p><img decoding=\"async\" src=\"\/wp-content\/uploads\/factory-12.webp\"\/><\/p>\n<p><img decoding=\"async\" src=\"\/wp-content\/uploads\/factory-13.webp\"\/><\/p>\n<p><img decoding=\"async\" src=\"\/wp-content\/uploads\/factory-14.webp\"\/><\/p>\n<h2>FAQ<\/h2>\n<p><p><b>1) Qu'est-ce qu'un profil\u00e9 en aluminium anodis\u00e9 brillant ? <\/b><\/p>\n<p>Les profil\u00e9s en aluminium anodis\u00e9s brillants sont des extrusions d'aluminium qui ont subi une anodisation par immersion brillante, ce qui donne une finition brillante, semblable \u00e0 celle d'un miroir, id\u00e9ale pour les applications d\u00e9coratives.<br \/>\n<\/p><br \/>\n<br \/>\n<p><b>2. Comment l'anodisation par immersion am\u00e9liore-t-elle les profil\u00e9s en aluminium ? <\/b><\/p>\n<p>L'anodisation par immersion polit chimiquement la surface de l'aluminium, cr\u00e9ant une finition r\u00e9fl\u00e9chissante tout en ajoutant une couche anodis\u00e9e protectrice qui am\u00e9liore la r\u00e9sistance \u00e0 la corrosion.<br \/>\n<\/p><br \/>\n<br \/>\n<p><b>3. Quelles sont les applications typiques des profil\u00e9s en aluminium anodis\u00e9 brillant ? <\/b><\/p>\n<p>Les profil\u00e9s en aluminium anodis\u00e9 brillant sont couramment utilis\u00e9s dans les \u00e9l\u00e9ments architecturaux, la d\u00e9coration int\u00e9rieure, la signalisation et les produits de consommation o\u00f9 une apparence \u00e9l\u00e9gante et polie est souhait\u00e9e.<br \/>\n<\/p><br \/>\n<br \/>\n<p><b>4. Les profils en aluminium anodis\u00e9 brillant peuvent-ils \u00eatre personnalis\u00e9s en termes de forme et de taille ? <\/b><\/p>\n<p>Oui, les profil\u00e9s en aluminium anodis\u00e9 brillant peuvent \u00eatre adapt\u00e9s \u00e0 des formes, des tailles et des longueurs sp\u00e9cifiques pour r\u00e9pondre aux diverses exigences des projets.<br \/>\n<\/p><br \/>\n<br \/>\n<p><b>5. les profil\u00e9s en aluminium anodis\u00e9 brillant conviennent-ils pour une utilisation en ext\u00e9rieur ? <\/b><\/p>\n<p>En outre, la couche anodis\u00e9e offre une excellente protection contre les intemp\u00e9ries, ce qui rend ces profil\u00e9s id\u00e9aux pour les applications int\u00e9rieures et ext\u00e9rieures.<br \/>\n<\/p><br \/><\/p>","protected":false},"featured_media":7255,"template":"","categories":[67],"class_list":["post-7256","product","type-product","status-publish","has-post-thumbnail","hentry","category-architectural-aluminium-profile"],"meta_box":{"hilight_text_group":{"product_hilight_text":"<li>High-gloss mirror finish achieved through bright dip anodizing, enhancing aesthetic appeal for architectural and decorative applications<\/li>\r\r\n<li>Manufactured from premium 6063-T5 aluminum alloy, offering excellent corrosion resistance and durability<\/li>\r\r\n<li>Lightweight yet robust construction facilitates easy handling and installation, reducing labor costs and time<\/li>\r\r\n<li>Available in various profiles and customizable lengths to meet specific project requirements<\/li>\r\r\n<li>Eco-friendly anodizing process provides a non-toxic, UV-resistant, and maintenance-free surface<\/li>","product_chanpin_blog":"<ul>\r\r\n<li><a href=\"https:\/\/sinoextrud.com\/t-slot-v-slot-differences\/\" target=\"_blank\">t slot vs v slot<\/a><\/li>\r\r\n<li><a href=\"https:\/\/sinoextrud.com\/what-is-4040-aluminium-extrud\/\" target=\"_blank\">4040 aluminium extrusion<\/a><\/li>\r\r\n<li><a href=\"https:\/\/sinoextrud.com\/what-is-4040-aluminium-extrud\/\" target=\"_blank\">aluminum extrusions for industrial racks<\/a><\/li>\r\r\n<li><a href=\"https:\/\/sinoextrud.com\/powder-coating-aluminium-process\/\" target=\"_blank\">powder coating aluminium<\/a><\/li>\r\r\n<li><a href=\"https:\/\/sinoextrud.com\/what-is-an-aluminium-strip-ceiling\/\" target=\"_blank\">aluminium strip ceiling<\/a><\/li>\r\r\n<li><a href=\"https:\/\/sinoextrud.com\/what-is-a-heat-sink\/\" target=\"_blank\">what is a heat sink<\/a><\/li>\r\r\n<\/ul>","product_chanpin_chanpin":"<li><a href=\"https:\/\/sinoextrud.com\/product\/6463-electroplated-finish-shower-enclosure-aluminum-profile\/\" target=\"_blank\">6463 Electroplated Finish Shower Enclosure Aluminum Profile<\/a><\/li>\r\n<li><a href=\"https:\/\/sinoextrud.com\/product\/aluminium-glass-profile\/\" target=\"_blank\">Aluminium Glass Profile<\/a><\/li>\r\n<li><a href=\"https:\/\/sinoextrud.com\/product\/customized-matt-electrophoresis-aluminum-extrusions-profile-for-building-material\/\" target=\"_blank\">Customized Matt Electrophoresis Aluminum Extrusions Profile For Building Material<\/a><\/li>\r\n<li><a href=\"https:\/\/sinoextrud.com\/product\/aluminium-profile-for-shower-room\/\" target=\"_blank\">Aluminium Profile For Shower Room<\/a><\/li>\r\n<li><a href=\"https:\/\/sinoextrud.com\/product\/bright-anodized-aluminum-profile\/\" target=\"_blank\">Bright Anodized Aluminum Profile<\/a><\/li>\r\n<li><a href=\"https:\/\/sinoextrud.com\/product\/modular-framing-systems\/\" target=\"_blank\">Modular Framing Systems<\/a><\/li>\r\n<li><a href=\"https:\/\/sinoextrud.com\/product\/aluminium-anodizing\/\" target=\"_blank\">Aluminium Anodizing<\/a><\/li>\r\n<li><a href=\"https:\/\/sinoextrud.com\/product\/extruded-aluminum-profiles\/\" target=\"_blank\">Extruded Aluminum Profiles<\/a><\/li>\r\n<li><a href=\"https:\/\/sinoextrud.com\/product\/aluminium-system-profile\/\" target=\"_blank\">Aluminium System Profile<\/a><\/li>\r\n<li><a href=\"https:\/\/sinoextrud.com\/product\/aluminum-extrusion-alloys\/\" target=\"_blank\">Aluminum Extrusion Alloys<\/a><\/li>\r\n<li><a href=\"https:\/\/sinoextrud.com\/product\/building-materials-aluminium-profile-curtain-rod\/\" target=\"_blank\">Building Materials Aluminium Profile Curtain Rod<\/a><\/li>"},"feature_list":[]},"_links":{"self":[{"href":"https:\/\/sinoextrud.com\/fr\/wp-json\/wp\/v2\/product\/7256","targetHints":{"allow":["GET"]}}],"collection":[{"href":"https:\/\/sinoextrud.com\/fr\/wp-json\/wp\/v2\/product"}],"about":[{"href":"https:\/\/sinoextrud.com\/fr\/wp-json\/wp\/v2\/types\/product"}],"wp:featuredmedia":[{"embeddable":true,"href":"https:\/\/sinoextrud.com\/fr\/wp-json\/wp\/v2\/media\/7255"}],"wp:attachment":[{"href":"https:\/\/sinoextrud.com\/fr\/wp-json\/wp\/v2\/media?parent=7256"}],"wp:term":[{"taxonomy":"category","embeddable":true,"href":"https:\/\/sinoextrud.com\/fr\/wp-json\/wp\/v2\/categories?post=7256"}],"curies":[{"name":"wp","href":"https:\/\/api.w.org\/{rel}","templated":true}]}}