{"id":7254,"date":"2025-06-06T03:22:54","date_gmt":"2025-06-06T03:22:54","guid":{"rendered":"https:\/\/sinoextrud.com\/product\/aluminium-profile-for-shower-room\/"},"modified":"2025-06-24T06:12:21","modified_gmt":"2025-06-24T06:12:21","slug":"profile-en-aluminium-pour-salle-deau","status":"publish","type":"product","link":"https:\/\/sinoextrud.com\/fr\/product\/aluminium-profile-for-shower-room\/","title":{"rendered":"Profil\u00e9 en aluminium pour salle d'eau"},"content":{"rendered":"<h2>D\u00e9tails des produits<\/h2>\n<table class=\"custom-table\">\n<tbody>\n<tr>\n<td> Nom du produit<\/td>\n<td> Profil\u00e9 en aluminium pour salle d'eau<\/td>\n<\/tr>\n<tr>\n<td> Mat\u00e9riau<\/td>\n<td> Alliage d'aluminium 6063,6061,6005,6463,6005A,6060,6101,6082,6351<\/td>\n<\/tr>\n<tr>\n<td> Temp\u00e9rer<\/td>\n<td> T4, T5, T6, T66, T52<\/td>\n<\/tr>\n<tr>\n<td> Surface<\/td>\n<td> Anodisation, \u00e9lectrophor\u00e8se, rev\u00eatement par poudre, rev\u00eatement PVDF, peinture au grain de bois, bross\u00e9<\/td>\n<\/tr>\n<tr>\n<td> Couleur<\/td>\n<td> Blanc argent\u00e9, bronze, or, noir, champagne, personnalis\u00e9<\/td>\n<\/tr>\n<tr>\n<td> \u00c9paisseur de la paroi<\/td>\n<td> &gt;0,8mm, 1,0, 1,2, 2,0, 4,0...<\/td>\n<\/tr>\n<tr>\n<td> Forme<\/td>\n<td> Carr\u00e9, rond, plat, ovale, irr\u00e9gulier...<\/td>\n<\/tr>\n<tr>\n<td> Longueur<\/td>\n<td> Normal=5.8m, 5.9m, 6m, 3m-7m sur mesure<\/td>\n<\/tr>\n<tr>\n<td> MOQ<\/td>\n<td> 200 kgs<\/td>\n<\/tr>\n<tr>\n<td> Service OEM Production<\/td>\n<td> Dessins\/\u00e9chantillons du client ou service de conception offert<\/td>\n<\/tr>\n<tr>\n<td> Garantie<\/td>\n<td> La couleur de la surface peut rester stable pendant 10 \u00e0 20 ans en utilisation int\u00e9rieure.<\/td>\n<\/tr>\n<tr>\n<td> Fabrication<\/td>\n<td> Fraisage, per\u00e7age, d\u00e9coupe, CNC, cadres de fen\u00eatres et de portes<\/td>\n<\/tr>\n<tr>\n<td> Avantages Caract\u00e9ristiques<\/td>\n<td> 1. \u00e9tanch\u00e9it\u00e9 \u00e0 l'air, \u00e9tanch\u00e9it\u00e9 \u00e0 l'eau, isolation thermique, isolation thermique, antivieillissement, r\u00e9sistance aux chocs<br \/>\n2. respect de l'environnement<br \/>\n3. r\u00e9sistant \u00e0 la corrosion et \u00e0 l'usure<br \/>\n4. apparence moderne<\/td>\n<\/tr>\n<tr>\n<td> Norme d'essai<\/td>\n<td> GB,JIS,AAMA,BS,EN,AS\/NZS,AA<\/td>\n<\/tr>\n<\/tbody>\n<\/table>\n<h2>Notre base de production<\/h2>\n<h3>Panorama de l'usine<\/h3>\n<p><img decoding=\"async\" src=\"\/wp-content\/uploads\/factory-01.webp\"\/><\/p>\n<h3>Atelier de fabrication de barres d'aluminium<\/h3>\n<p><img decoding=\"async\" src=\"\/wp-content\/uploads\/factory-02.webp\"\/><\/p>\n<\/p>\n<p><img decoding=\"async\" src=\"\/wp-content\/uploads\/factory-03.webp\"\/><\/p>\n<h3>Entrep\u00f4t de stockage des moules<\/h3>\n<p><img decoding=\"async\" src=\"\/wp-content\/uploads\/factory-04.webp\"\/><\/p>\n<h3>43 lignes d'extrusion d'aluminium (500-5500 tonnes)<\/h3>\n<p><img decoding=\"async\" src=\"\/wp-content\/uploads\/factory-05.webp\"\/><\/p>\n<p><img decoding=\"async\" src=\"\/wp-content\/uploads\/factory-06.webp\"\/><\/p>\n<p><img decoding=\"async\" src=\"\/wp-content\/uploads\/factory-07.webp\"\/><\/p>\n<h3>Atelier de peinture en poudre<\/h3>\n<p><img decoding=\"async\" src=\"\/wp-content\/uploads\/factory-09.webp\"\/><\/p>\n<h3>Atelier d'anodisation<\/h3>\n<p><img decoding=\"async\" src=\"\/wp-content\/uploads\/factory-10.webp\"\/><\/p>\n<h3>Atelier sur le traitement en profondeur<\/h3>\n<p><img decoding=\"async\" src=\"\/wp-content\/uploads\/factory-11.webp\"\/><\/p>\n<h3>Atelier d'usinage de pr\u00e9cision CNC<\/h3>\n<p><img decoding=\"async\" src=\"\/wp-content\/uploads\/factory-11.5.webp\"\/><\/p>\n<h3>Entrep\u00f4t de produits finis et d'exportation<\/h3>\n<p><img decoding=\"async\" src=\"\/wp-content\/uploads\/factory-12.webp\"\/><\/p>\n<p><img decoding=\"async\" src=\"\/wp-content\/uploads\/factory-13.webp\"\/><\/p>\n<p><img decoding=\"async\" src=\"\/wp-content\/uploads\/factory-14.webp\"\/><\/p>\n<h2>FAQ<\/h2>\n<p><b>1) Quels sont les avantages de l'utilisation de profil\u00e9s en aluminium 6063-T5 dans les salles d'eau ? <\/b><\/p>\n<p>Les profil\u00e9s en aluminium 6063-T5 offrent une excellente r\u00e9sistance \u00e0 la corrosion, une grande l\u00e9g\u00e8ret\u00e9 et une grande facilit\u00e9 de fabrication, ce qui les rend id\u00e9aux pour les applications dans les salles d'eau.\n<\/p>\n<p><\/p>\n<p><b>2. les profil\u00e9s en aluminium peuvent-ils \u00eatre personnalis\u00e9s pour des conceptions sp\u00e9cifiques de salles d'eau ? <\/b><\/p>\n<p>Oui, les profil\u00e9s en aluminium peuvent \u00eatre adapt\u00e9s en termes de forme, de taille et de finition pour r\u00e9pondre aux exigences uniques de conception des salles d'eau.\n<\/p>\n<p><\/p>\n<p><b>3) Ces profil\u00e9s en aluminium conviennent-ils aux environnements tr\u00e8s humides comme les salles de bains ? <\/b><\/p>\n<p>De plus, les propri\u00e9t\u00e9s de r\u00e9sistance \u00e0 la corrosion de l'aluminium 6063-T5 font de ces profil\u00e9s la solution id\u00e9ale pour les environnements \u00e0 forte humidit\u00e9 tels que les salles de bains.\n<\/p>\n<p><\/p>\n<p><b>4. Quels sont les types de finitions disponibles pour les profil\u00e9s en aluminium utilis\u00e9s dans les salles d'eau ? <\/b><\/p>\n<p>Les profil\u00e9s en aluminium pour salles d'eau sont disponibles dans diff\u00e9rentes finitions, notamment anodis\u00e9es, peintes par poudrage et frais\u00e9es, afin de r\u00e9pondre aux diff\u00e9rentes pr\u00e9f\u00e9rences esth\u00e9tiques.\n<\/p>\n<p><\/p>\n<p><b>5. Comment les profil\u00e9s en aluminium am\u00e9liorent-ils la durabilit\u00e9 des installations des salles d'eau ? <\/b><\/p>\n<p>Les profil\u00e9s en aluminium assurent un soutien structurel et une protection contre la corrosion, am\u00e9liorant ainsi la long\u00e9vit\u00e9 et la r\u00e9sistance des installations des salles d'eau.\n<\/p>\n<p><\/p>","protected":false},"featured_media":7253,"template":"","categories":[67],"class_list":["post-7254","product","type-product","status-publish","has-post-thumbnail","hentry","category-architectural-aluminium-profile"],"meta_box":{"hilight_text_group":{"product_hilight_text":"<li>Manufactured from high-quality 6063-T5 aluminum alloy, ensuring excellent corrosion resistance and durability for shower room applications<\/li>\r\r\n<li>Lightweight design facilitates easy handling and installation, reducing labor costs and time<\/li>\r\r\n<li>Available in various finishes, including anodized and powder-coated options, to match diverse aesthetic requirements<\/li>\r\r\n<li>Customizable profiles to accommodate different glass thicknesses and shower room designs<\/li>\r\r\n<li>Cost-effective manufacturing prices, starting from $0.50 per piece for bulk orders<\/li>","product_chanpin_blog":"<ul>\r\r\n<li><a href=\"https:\/\/sinoextrud.com\/t-slot-v-slot-differences\/\" target=\"_blank\">t slot vs v slot<\/a><\/li>\r\r\n<li><a href=\"https:\/\/sinoextrud.com\/what-is-4040-aluminium-extrud\/\" target=\"_blank\">4040 aluminium extrusion<\/a><\/li>\r\r\n<li><a href=\"https:\/\/sinoextrud.com\/what-is-4040-aluminium-extrud\/\" target=\"_blank\">aluminum extrusions for industrial racks<\/a><\/li>\r\r\n<li><a href=\"https:\/\/sinoextrud.com\/powder-coating-aluminium-process\/\" target=\"_blank\">powder coating aluminium<\/a><\/li>\r\r\n<li><a href=\"https:\/\/sinoextrud.com\/what-is-an-aluminium-strip-ceiling\/\" target=\"_blank\">aluminium strip ceiling<\/a><\/li>\r\r\n<li><a href=\"https:\/\/sinoextrud.com\/what-is-a-heat-sink\/\" target=\"_blank\">what is a heat sink<\/a><\/li>\r\r\n<\/ul>","product_chanpin_chanpin":"<li><a href=\"https:\/\/sinoextrud.com\/product\/cnc-machined-6063-extruded-aluminum-fasteners\/\" target=\"_blank\">CNC Machined 6063 Extruded Aluminum Fasteners<\/a><\/li>\r\n<li><a href=\"https:\/\/sinoextrud.com\/product\/6463-electroplated-finish-shower-enclosure-aluminum-profile\/\" target=\"_blank\">6463 Electroplated Finish Shower Enclosure Aluminum Profile<\/a><\/li>\r\n<li><a href=\"https:\/\/sinoextrud.com\/product\/aluminium-glass-profile\/\" target=\"_blank\">Aluminium Glass Profile<\/a><\/li>\r\n<li><a href=\"https:\/\/sinoextrud.com\/product\/customized-matt-electrophoresis-aluminum-extrusions-profile-for-building-material\/\" target=\"_blank\">Customized Matt Electrophoresis Aluminum Extrusions Profile For Building Material<\/a><\/li>\r\n<li><a href=\"https:\/\/sinoextrud.com\/product\/aluminium-profile-for-shower-room\/\" target=\"_blank\">Aluminium Profile For Shower Room<\/a><\/li>\r\n<li><a href=\"https:\/\/sinoextrud.com\/product\/bright-anodized-aluminum-profile\/\" target=\"_blank\">Bright Anodized Aluminum Profile<\/a><\/li>\r\n<li><a href=\"https:\/\/sinoextrud.com\/product\/modular-framing-systems\/\" target=\"_blank\">Modular Framing Systems<\/a><\/li>\r\n<li><a href=\"https:\/\/sinoextrud.com\/product\/aluminium-anodizing\/\" target=\"_blank\">Aluminium Anodizing<\/a><\/li>\r\n<li><a href=\"https:\/\/sinoextrud.com\/product\/extruded-aluminum-profiles\/\" target=\"_blank\">Extruded Aluminum Profiles<\/a><\/li>\r\n<li><a href=\"https:\/\/sinoextrud.com\/product\/architectural-aluminum-extrusion-profiles\/\" target=\"_blank\">Architectural Aluminum Extrusion Profiles<\/a><\/li>\r\n<li><a href=\"https:\/\/sinoextrud.com\/product\/octagon-aluminum-extrusion\/\" target=\"_blank\">Octagon Aluminum Extrusion<\/a><\/li>"},"feature_list":[]},"_links":{"self":[{"href":"https:\/\/sinoextrud.com\/fr\/wp-json\/wp\/v2\/product\/7254","targetHints":{"allow":["GET"]}}],"collection":[{"href":"https:\/\/sinoextrud.com\/fr\/wp-json\/wp\/v2\/product"}],"about":[{"href":"https:\/\/sinoextrud.com\/fr\/wp-json\/wp\/v2\/types\/product"}],"wp:featuredmedia":[{"embeddable":true,"href":"https:\/\/sinoextrud.com\/fr\/wp-json\/wp\/v2\/media\/7253"}],"wp:attachment":[{"href":"https:\/\/sinoextrud.com\/fr\/wp-json\/wp\/v2\/media?parent=7254"}],"wp:term":[{"taxonomy":"category","embeddable":true,"href":"https:\/\/sinoextrud.com\/fr\/wp-json\/wp\/v2\/categories?post=7254"}],"curies":[{"name":"wp","href":"https:\/\/api.w.org\/{rel}","templated":true}]}}