{"id":7246,"date":"2025-06-06T03:13:43","date_gmt":"2025-06-06T03:13:43","guid":{"rendered":"https:\/\/sinoextrud.com\/product\/cnc-machined-6063-extruded-aluminum-fasteners\/"},"modified":"2025-06-24T06:12:20","modified_gmt":"2025-06-24T06:12:20","slug":"fixations-en-aluminium-extrude-6063-usinees-en-cnc","status":"publish","type":"product","link":"https:\/\/sinoextrud.com\/fr\/product\/cnc-machined-6063-extruded-aluminum-fasteners\/","title":{"rendered":"Attaches en aluminium extrud\u00e9 6063 usin\u00e9 CNC"},"content":{"rendered":"<h2>D\u00e9tails des produits<\/h2>\n<table class=\"custom-table\">\n<tbody>\n<tr>\n<td> Grade :<\/td>\n<td> 6063 -t5<\/td>\n<\/tr>\n<tr>\n<td> Technique :<\/td>\n<td> Attaches en aluminium extrud\u00e9 6063 usin\u00e9 CNC<\/td>\n<\/tr>\n<tr>\n<td> Temp\u00e9rer :<\/td>\n<td> T3 - T8<\/td>\n<\/tr>\n<tr>\n<td> Services d'usinage :<\/td>\n<td> Per\u00e7age, taraudage, rivetage, assemblage, etc.<\/td>\n<\/tr>\n<tr>\n<td> Marque d\u00e9pos\u00e9e :<\/td>\n<td> Sinoextrud Sinoextrud <\/td>\n<\/tr>\n<tr>\n<td> Type :<\/td>\n<td> Attaches en aluminium extrud\u00e9 6063 usin\u00e9 CNC<\/td>\n<\/tr>\n<tr>\n<td> Forme :<\/td>\n<td> Con\u00e7us par les clients<\/td>\n<\/tr>\n<tr>\n<td> Traitement de surface :<\/td>\n<td> Anodis\u00e9 finition fraisage<\/td>\n<\/tr>\n<tr>\n<td> Longueur :<\/td>\n<td> 1m \u00e0 9m par longueur<\/td>\n<\/tr>\n<tr>\n<td> Couleurs :<\/td>\n<td> Argent Noir<\/td>\n<\/tr>\n<tr>\n<td> Code HS :<\/td>\n<td> 76042990<\/td>\n<\/tr>\n<\/tbody>\n<\/table>\n<h2>Notre base de production<\/h2>\n<h3>Panorama de l'usine<\/h3>\n<p><img decoding=\"async\" src=\"\/wp-content\/uploads\/factory-01.webp\"\/><\/p>\n<h3>Atelier de fabrication de barres d'aluminium<\/h3>\n<p><img decoding=\"async\" src=\"\/wp-content\/uploads\/factory-02.webp\"\/><\/p>\n<p><img decoding=\"async\" src=\"\/wp-content\/uploads\/factory-03.webp\"\/><\/p>\n<h3>Entrep\u00f4t de stockage des moules<\/h3>\n<p><img decoding=\"async\" src=\"\/wp-content\/uploads\/factory-04.webp\"\/><\/p>\n<h3>43 lignes d'extrusion d'aluminium (500 \u00e0 5500 tonnes)<\/h3>\n<p><img decoding=\"async\" src=\"\/wp-content\/uploads\/factory-05.webp\"\/><\/p>\n<p><img decoding=\"async\" src=\"\/wp-content\/uploads\/factory-06.webp\"\/><\/p>\n<p><img decoding=\"async\" src=\"\/wp-content\/uploads\/factory-07.webp\"\/><\/p>\n<h3>Atelier de peinture en poudre<\/h3>\n<p><img decoding=\"async\" src=\"\/wp-content\/uploads\/factory-09.webp\"\/><\/p>\n<h3>Atelier d'anodisation<\/h3>\n<p><img decoding=\"async\" src=\"\/wp-content\/uploads\/factory-10.webp\"\/><\/p>\n<h3>Atelier sur le traitement en profondeur<\/h3>\n<p><img decoding=\"async\" src=\"\/wp-content\/uploads\/factory-11.webp\"\/><\/p>\n<h3>Atelier d'usinage de pr\u00e9cision CNC<\/h3>\n<p><img decoding=\"async\" src=\"\/wp-content\/uploads\/factory-11.5.webp\"\/><\/p>\n<h3>Entrep\u00f4t de produits finis et d'exportation<\/h3>\n<p><img decoding=\"async\" src=\"\/wp-content\/uploads\/factory-12.webp\"\/><\/p>\n<p><img decoding=\"async\" src=\"\/wp-content\/uploads\/factory-13.webp\"\/><\/p>\n<p><img decoding=\"async\" src=\"\/wp-content\/uploads\/factory-14.webp\"\/><\/p>\n<h2>FAQ<\/h2>\n<p><p><b>1) Quels sont les avantages de l'utilisation de l'alliage d'aluminium 6063 pour les fixations usin\u00e9es CNC ? <\/b><\/p>\n<p>L'alliage d'aluminium 6063 offre une excellente r\u00e9sistance \u00e0 la corrosion, une bonne solidit\u00e9 et une finition de surface sup\u00e9rieure, ce qui le rend id\u00e9al pour les fixations usin\u00e9es CNC.<br \/>\n<\/p><br \/>\n<br \/>\n<p><b>2. les fixations en aluminium 6063 usin\u00e9es CNC peuvent-elles \u00eatre personnalis\u00e9es pour des applications sp\u00e9cifiques ? <\/b><\/p>\n<p>Oui, l'usinage CNC permet de personnaliser avec pr\u00e9cision les fixations en aluminium 6063 afin de r\u00e9pondre \u00e0 des exigences de conception sp\u00e9cifiques.<br \/>\n<\/p><br \/>\n<br \/>\n<p><b>3. les fixations en aluminium 6063 conviennent-elles aux applications ext\u00e9rieures ? <\/b><\/p>\n<p>De plus, les propri\u00e9t\u00e9s de r\u00e9sistance \u00e0 la corrosion de l'aluminium 6063 rendent ces fixations id\u00e9ales pour les applications ext\u00e9rieures et architecturales.<br \/>\n<\/p><br \/>\n<br \/>\n<p><b>4) Quelle est la fourchette de prix pour les fixations en aluminium 6063 usin\u00e9es CNC ? <\/b><\/p>\n<p>Le prix de fabrication des fixations en aluminium 6063 usin\u00e9es CNC commence \u00e0 $0,50 par pi\u00e8ce, en fonction de la personnalisation et du volume de la commande.<br \/>\n<\/p><br \/>\n<br \/>\n<p><b>5. Comment les fixations en aluminium 6063 usin\u00e9 CNC am\u00e9liorent-elles l'assemblage des produits ? <\/b><\/p>\n<p>Les fixations en aluminium 6063 usin\u00e9es CNC offrent un ajustement et une finition pr\u00e9cis, garantissant un assemblage fiable et efficace dans divers produits.<br \/>\n<\/p><br \/><\/p>","protected":false},"featured_media":7245,"template":"","categories":[67],"class_list":["post-7246","product","type-product","status-publish","has-post-thumbnail","hentry","category-architectural-aluminium-profile"],"meta_box":{"hilight_text_group":{"product_hilight_text":"<li>Manufactured from high-quality 6063 aluminum alloy, providing excellent corrosion resistance and durability for CNC machined fasteners<\/li>\r\r\n<li>Precision CNC machining ensures tight tolerances and consistent quality in extruded aluminum fasteners<\/li>\r\r\n<li>Lightweight design facilitates easy installation and reduces overall structural load<\/li>\r\r\n<li>Cost-effective manufacturing prices, starting from $0.50 per piece for bulk orders<\/li>\r\r\n<li>Suitable for various applications, including electronics, automotive, and architectural projects<\/li>","product_chanpin_blog":"<ul>\r\r\n<li><a href=\"https:\/\/sinoextrud.com\/t-slot-v-slot-differences\/\" target=\"_blank\">t slot vs v slot<\/a><\/li>\r\r\n<li><a href=\"https:\/\/sinoextrud.com\/what-is-4040-aluminium-extrud\/\" target=\"_blank\">4040 aluminium extrusion<\/a><\/li>\r\r\n<li><a href=\"https:\/\/sinoextrud.com\/what-is-4040-aluminium-extrud\/\" target=\"_blank\">aluminum extrusions for industrial racks<\/a><\/li>\r\r\n<li><a href=\"https:\/\/sinoextrud.com\/powder-coating-aluminium-process\/\" target=\"_blank\">powder coating aluminium<\/a><\/li>\r\r\n<li><a href=\"https:\/\/sinoextrud.com\/what-is-an-aluminium-strip-ceiling\/\" target=\"_blank\">aluminium strip ceiling<\/a><\/li>\r\r\n<li><a href=\"https:\/\/sinoextrud.com\/what-is-a-heat-sink\/\" target=\"_blank\">what is a heat sink<\/a><\/li>\r\r\n<\/ul>","product_chanpin_chanpin":"<li><a href=\"https:\/\/sinoextrud.com\/product\/high-quality-aluminium-extrusion-profile-for-curtain-wall\/\" target=\"_blank\">High Quality Aluminium Extrusion Profile for Curtain Wall<\/a><\/li>\r\n<li><a href=\"https:\/\/sinoextrud.com\/product\/oem-precision-cnc-machining-for-aluminum-parts\/\" target=\"_blank\">OEM Precision CNC Machining For Aluminum Parts<\/a><\/li>\r\n<li><a href=\"https:\/\/sinoextrud.com\/product\/60x60-aluminium-extrusion\/\" target=\"_blank\">60\u00d760 Aluminium Extrusion<\/a><\/li>\r\n<li><a href=\"https:\/\/sinoextrud.com\/product\/extruded-aluminum-trim-shapes\/\" target=\"_blank\">Extruded Aluminum Trim Shapes<\/a><\/li>\r\n<li><a href=\"https:\/\/sinoextrud.com\/product\/cnc-machined-6063-extruded-aluminum-fasteners\/\" target=\"_blank\">CNC Machined 6063 Extruded Aluminum Fasteners<\/a><\/li>\r\n<li><a href=\"https:\/\/sinoextrud.com\/product\/6463-electroplated-finish-shower-enclosure-aluminum-profile\/\" target=\"_blank\">6463 Electroplated Finish Shower Enclosure Aluminum Profile<\/a><\/li>\r\n<li><a href=\"https:\/\/sinoextrud.com\/product\/aluminium-glass-profile\/\" target=\"_blank\">Aluminium Glass Profile<\/a><\/li>\r\n<li><a href=\"https:\/\/sinoextrud.com\/product\/customized-matt-electrophoresis-aluminum-extrusions-profile-for-building-material\/\" target=\"_blank\">Customized Matt Electrophoresis Aluminum Extrusions Profile For Building Material<\/a><\/li>\r\n<li><a href=\"https:\/\/sinoextrud.com\/product\/aluminium-profile-for-shower-room\/\" target=\"_blank\">Aluminium Profile For Shower Room<\/a><\/li>\r\n<li><a href=\"https:\/\/sinoextrud.com\/product\/aluminium-profile-10x10\/\" target=\"_blank\">Aluminium Profile 10\u00d710<\/a><\/li>\r\n<li><a href=\"https:\/\/sinoextrud.com\/product\/indoor-and-outdoor-aluminium-louver-profile\/\" target=\"_blank\">Indoor and Outdoor Aluminium Louver Profile<\/a><\/li>"},"feature_list":[]},"_links":{"self":[{"href":"https:\/\/sinoextrud.com\/fr\/wp-json\/wp\/v2\/product\/7246","targetHints":{"allow":["GET"]}}],"collection":[{"href":"https:\/\/sinoextrud.com\/fr\/wp-json\/wp\/v2\/product"}],"about":[{"href":"https:\/\/sinoextrud.com\/fr\/wp-json\/wp\/v2\/types\/product"}],"wp:featuredmedia":[{"embeddable":true,"href":"https:\/\/sinoextrud.com\/fr\/wp-json\/wp\/v2\/media\/7245"}],"wp:attachment":[{"href":"https:\/\/sinoextrud.com\/fr\/wp-json\/wp\/v2\/media?parent=7246"}],"wp:term":[{"taxonomy":"category","embeddable":true,"href":"https:\/\/sinoextrud.com\/fr\/wp-json\/wp\/v2\/categories?post=7246"}],"curies":[{"name":"wp","href":"https:\/\/api.w.org\/{rel}","templated":true}]}}