{"id":7222,"date":"2025-06-06T02:38:25","date_gmt":"2025-06-06T02:38:25","guid":{"rendered":"https:\/\/sinoextrud.com\/product\/aluminium-fence-slats-aluminum-strips-aluminium-bean-and-aluminium-channel\/"},"modified":"2025-06-24T06:12:17","modified_gmt":"2025-06-24T06:12:17","slug":"lames-de-cloture-en-aluminium-bandes-en-aluminium-haricot-en-aluminium-et-canal-en-aluminium","status":"publish","type":"product","link":"https:\/\/sinoextrud.com\/fr\/product\/aluminium-fence-slats-aluminum-strips-aluminium-bean-and-aluminium-channel\/","title":{"rendered":"Lames de cl\u00f4ture en aluminium Bandes en aluminium Haricot en aluminium et canal en aluminium"},"content":{"rendered":"<h2>D\u00e9tails des produits<\/h2>\n<table class=\"custom-table\">\n<tbody>\n<tr>\n<td> Article :<\/td>\n<td> Lames de cl\u00f4ture en aluminium Bandes en aluminium Haricot en aluminium et canal en aluminium<\/td>\n<td> Mat\u00e9riau :<\/td>\n<td> S\u00e9rie 6000<\/td>\n<\/tr>\n<tr>\n<td> Application :<\/td>\n<td> Industrie, \u00e9lectronique, pi\u00e8ces de machines<\/td>\n<td> Lieu d'origine :<\/td>\n<td> Foshan, Guangdong<\/td>\n<\/tr>\n<tr>\n<td> Forme :<\/td>\n<td> Personnalisation<\/td>\n<td> Alliage ou non :<\/td>\n<td> Alliage d'aluminium<\/td>\n<\/tr>\n<tr>\n<td> D\u00e9roulement du processus :<\/td>\n<td> Matrice ouverte-Extrusion-Traitement de surface-Usinage CNC<\/td>\n<td> Marque :<\/td>\n<td> Sinoextrud<\/td>\n<\/tr>\n<tr>\n<td> Standard :<\/td>\n<td> qualit\u00e9 moyenne et \u00e9lev\u00e9e<\/td>\n<td> Traitement de surface :<\/td>\n<td> rev\u00eatement en poudre, \u00e9lectrophor\u00e8se, grain de bois, anodis\u00e9, bross\u00e9, polissage<\/td>\n<\/tr>\n<tr>\n<td> D\u00e9lai de livraison :<\/td>\n<td> 25-30 jours<\/td>\n<td> MOQ :<\/td>\n<td> 200KG<\/td>\n<\/tr>\n<tr>\n<td> D\u00e9lai de paiement :<\/td>\n<td> T\/T(30% Deposit), L\/C<\/td>\n<td> Service de traitement :<\/td>\n<td> Pliage, d\u00e9roulage, soudage, poin\u00e7onnage, d\u00e9coupage<\/td>\n<\/tr>\n<tr>\n<td> Port :<\/td>\n<td> Guangzhou, Shenzhen<\/td>\n<td> Longueur :<\/td>\n<td> 1-9m ou sur mesure<\/td>\n<\/tr>\n<\/tbody>\n<\/table>\n<h2>Notre base de production<\/h2>\n<h3>Panorama de l'usine<\/h3>\n<p><img decoding=\"async\" src=\"\/wp-content\/uploads\/factory-01.webp\"\/><\/p>\n<h3>Atelier de fabrication de barres d'aluminium<\/h3>\n<p><img decoding=\"async\" src=\"\/wp-content\/uploads\/factory-02.webp\"\/><\/p>\n<p><img decoding=\"async\" src=\"\/wp-content\/uploads\/factory-03.webp\"\/><\/p>\n<h3>Entrep\u00f4t de stockage des moules<\/h3>\n<p><img decoding=\"async\" src=\"\/wp-content\/uploads\/factory-04.webp\"\/><\/p>\n<h3>43 lignes d'extrusion d'aluminium (500 \u00e0 5500 tonnes)<\/h3>\n<p><img decoding=\"async\" src=\"\/wp-content\/uploads\/factory-05.webp\"\/><\/p>\n<p><img decoding=\"async\" src=\"\/wp-content\/uploads\/factory-06.webp\"\/><\/p>\n<p><img decoding=\"async\" src=\"\/wp-content\/uploads\/factory-07.webp\"\/><\/p>\n<h3>Atelier de peinture en poudre<\/h3>\n<p><img decoding=\"async\" src=\"\/wp-content\/uploads\/factory-09.webp\"\/><\/p>\n<h3>Atelier d'anodisation<\/h3>\n<p><img decoding=\"async\" src=\"\/wp-content\/uploads\/factory-10.webp\"\/><\/p>\n<h3>Atelier sur le traitement en profondeur<\/h3>\n<p><img decoding=\"async\" src=\"\/wp-content\/uploads\/factory-11.webp\"\/><\/p>\n<h3>Atelier d'usinage de pr\u00e9cision CNC<\/h3>\n<p><img decoding=\"async\" src=\"\/wp-content\/uploads\/factory-11.5.webp\"\/><\/p>\n<h3>Entrep\u00f4t de produits finis et d'exportation<\/h3>\n<p><img decoding=\"async\" src=\"\/wp-content\/uploads\/factory-12.webp\"\/><\/p>\n<p><img decoding=\"async\" src=\"\/wp-content\/uploads\/factory-13.webp\"\/><\/p>\n<p><img decoding=\"async\" src=\"\/wp-content\/uploads\/factory-14.webp\"\/><\/p>\n<h2>FAQ<\/h2>\n<p><p><b>1. \u00e0 quoi servent les lames de cl\u00f4ture en aluminium ? <\/b><\/p>\n<p> Les lames de cl\u00f4ture en aluminium sont utilis\u00e9es pour am\u00e9liorer l'intimit\u00e9 et l'esth\u00e9tique dans les applications de cl\u00f4ture, offrant une solution durable et n\u00e9cessitant peu d'entretien.<br \/>\n<\/p><br \/>\n<br \/>\n<p><b>2. pourquoi choisir les bandes d'aluminium pour les projets de construction ? <\/b><\/p>\n<p> Les bandes d'aluminium sont robustes, r\u00e9sistantes \u00e0 la corrosion et polyvalentes, ce qui les rend adapt\u00e9es \u00e0 diverses applications dans le domaine de la construction et de la conception.<br \/>\n<\/p><br \/>\n<br \/>\n<p><b>3. quels sont les avantages de l'utilisation de poutres en aluminium dans la construction ? <\/b><\/p>\n<p> Les poutres en aluminium sont \u00e0 la fois l\u00e9g\u00e8res et solides, offrant un excellent soutien structurel tout en r\u00e9duisant le poids total de la construction.<br \/>\n<\/p><br \/>\n<br \/>\n<p><b>4. Comment les profil\u00e9s en aluminium contribuent-ils aux applications structurelles ? <\/b><\/p>\n<p> Les profil\u00e9s en aluminium fournissent un support et un alignement essentiels dans la charpente, offrant r\u00e9sistance et stabilit\u00e9 dans diverses applications structurelles et d\u00e9coratives.<br \/>\n<\/p><br \/>\n<br \/>\n<p><b>5. les produits en aluminium peuvent-ils \u00eatre utilis\u00e9s \u00e0 l'ext\u00e9rieur ? <\/b><\/p>\n<p> Oui, la grande r\u00e9sistance \u00e0 la corrosion de l'aluminium en fait un mat\u00e9riau id\u00e9al pour les applications ext\u00e9rieures, garantissant sa long\u00e9vit\u00e9 m\u00eame dans des environnements difficiles.<br \/>\n<\/p><br \/>\n<br \/>\n<p><b>6. les produits en aluminium peuvent-ils \u00eatre recycl\u00e9s ? <\/b><\/p>\n<p> Absolument, l'aluminium est 100% recyclable sans perte de propri\u00e9t\u00e9s, ce qui favorise les pratiques de construction durables et respectueuses de l'environnement.<br \/>\n<\/p><br \/>\n<br \/>\n<p><b>7. En quoi la l\u00e9g\u00e8ret\u00e9 de l'aluminium est-elle un avantage pour l'installation ? <\/b><\/p>\n<p> La l\u00e9g\u00e8ret\u00e9 de l'aluminium facilite la manipulation et l'installation, ce qui r\u00e9duit les co\u00fbts de main-d'\u0153uvre et le temps consacr\u00e9 aux projets de construction.<br \/>\n<\/p><br \/>\n<br \/>\n<p><b>8) Quel est l'entretien n\u00e9cessaire pour les produits en aluminium ? <\/b><\/p>\n<p> Les produits en aluminium n\u00e9cessitent un entretien minimal ; un nettoyage r\u00e9gulier avec un d\u00e9tergent doux et de l'eau suffit g\u00e9n\u00e9ralement \u00e0 pr\u00e9server leur apparence et leur fonctionnalit\u00e9.<\/p>\n<p><\/p><br \/><\/p>","protected":false},"featured_media":7221,"template":"","categories":[67],"class_list":["post-7222","product","type-product","status-publish","has-post-thumbnail","hentry","category-architectural-aluminium-profile"],"meta_box":{"hilight_text_group":{"product_hilight_text":"<li>Aluminum fence slats offer a durable and low-maintenance solution for enhancing privacy and aesthetics in fencing applications.<\/li>\r\r\n<li>Aluminum strips provide versatile options for construction and design, offering strength and corrosion resistance in various applications.<\/li>\r\r\n<li>Aluminum beams are lightweight yet strong structural components, ideal for supporting loads in construction and architectural projects.<\/li>\r\r\n<li>Aluminum channels serve as essential framing elements, providing support and alignment in various structural and decorative applications.<\/li>\r\r\n<li>High corrosion resistance of aluminum products ensures longevity and reliability in outdoor and harsh environments.<\/li>\r\r\n<li>Lightweight nature of aluminum facilitates easy handling and installation, reducing labor costs and time.<\/li>\r\r\n<li>Aluminum products are 100% recyclable, supporting sustainable and eco-friendly construction practices.<\/li>","product_chanpin_blog":"<ul>\r\r\n<li><a href=\"https:\/\/sinoextrud.com\/t-slot-v-slot-differences\/\" target=\"_blank\">t slot vs v slot<\/a><\/li>\r\r\n<li><a href=\"https:\/\/sinoextrud.com\/what-is-4040-aluminium-extrud\/\" target=\"_blank\">4040 aluminium extrusion<\/a><\/li>\r\r\n<li><a href=\"https:\/\/sinoextrud.com\/what-is-4040-aluminium-extrud\/\" target=\"_blank\">aluminum extrusions for industrial racks<\/a><\/li>\r\r\n<li><a href=\"https:\/\/sinoextrud.com\/powder-coating-aluminium-process\/\" target=\"_blank\">powder coating aluminium<\/a><\/li>\r\r\n<li><a href=\"https:\/\/sinoextrud.com\/what-is-an-aluminium-strip-ceiling\/\" target=\"_blank\">aluminium strip ceiling<\/a><\/li>\r\r\n<li><a href=\"https:\/\/sinoextrud.com\/what-is-a-heat-sink\/\" target=\"_blank\">what is a heat sink<\/a><\/li>\r\r\n<\/ul>","product_chanpin_chanpin":"<li><a href=\"https:\/\/sinoextrud.com\/product\/10x10-aluminum-extrusion-for-decoration\/\" target=\"_blank\">10\u00c3\u201410 Aluminum Extrusion For Decoration<\/a><\/li>\r\n<li><a href=\"https:\/\/sinoextrud.com\/product\/12-to-20-mm-glass-aluminum-glass-railing-price-per-foot\/\" target=\"_blank\">12 To 20 MM Glass Aluminum Glass Railing Price Per Foot<\/a><\/li>\r\n<li><a href=\"https:\/\/sinoextrud.com\/product\/aluminum-extrusion-framing-systems\/\" target=\"_blank\">Aluminum Extrusion Framing Systems<\/a><\/li>\r\n<li><a href=\"https:\/\/sinoextrud.com\/product\/aluminium-door-frame-extrusions\/\" target=\"_blank\">Aluminium Door Frame Extrusions<\/a><\/li>\r\n<li><a href=\"https:\/\/sinoextrud.com\/product\/aluminium-fence-slats-aluminum-strips-aluminium-bean-and-aluminium-channel\/\" target=\"_blank\">Aluminium Fence Slats Aluminum Strips Aluminium Bean and Aluminium Channel<\/a><\/li>\r\n<li><a href=\"https:\/\/sinoextrud.com\/product\/aluminium-sliding-door-with-french-style-bi-folding-glass-wall-door-energy-saving-heat-insulation\/\" target=\"_blank\">Aluminium Sliding Door With French Style Bi-folding Glass Wall Door Energy Saving Heat Insulation<\/a><\/li>\r\n<li><a href=\"https:\/\/sinoextrud.com\/product\/aluminum-glass-frame-extrusion\/\" target=\"_blank\">Aluminum Glass Frame Extrusion<\/a><\/li>\r\n<li><a href=\"https:\/\/sinoextrud.com\/product\/6063-t5-extruded-aluminum-t-slot\/\" target=\"_blank\">6063 T5 Extruded Aluminum T Slot<\/a><\/li>\r\n<li><a href=\"https:\/\/sinoextrud.com\/product\/aluminium-architectural-sections-profiles6063\/\" target=\"_blank\">Aluminium Architectural Sections Profiles6063<\/a><\/li>\r\n<li><a href=\"https:\/\/sinoextrud.com\/product\/aluminum-glass-channel\/\" target=\"_blank\">Aluminum Glass Channel<\/a><\/li>\r\n<li><a href=\"https:\/\/sinoextrud.com\/product\/customized-large-size-aluminum-alloy-louvers\/\" target=\"_blank\">Customized Large-Size Aluminum Alloy Louvers<\/a><\/li>"},"feature_list":[]},"_links":{"self":[{"href":"https:\/\/sinoextrud.com\/fr\/wp-json\/wp\/v2\/product\/7222","targetHints":{"allow":["GET"]}}],"collection":[{"href":"https:\/\/sinoextrud.com\/fr\/wp-json\/wp\/v2\/product"}],"about":[{"href":"https:\/\/sinoextrud.com\/fr\/wp-json\/wp\/v2\/types\/product"}],"wp:featuredmedia":[{"embeddable":true,"href":"https:\/\/sinoextrud.com\/fr\/wp-json\/wp\/v2\/media\/7221"}],"wp:attachment":[{"href":"https:\/\/sinoextrud.com\/fr\/wp-json\/wp\/v2\/media?parent=7222"}],"wp:term":[{"taxonomy":"category","embeddable":true,"href":"https:\/\/sinoextrud.com\/fr\/wp-json\/wp\/v2\/categories?post=7222"}],"curies":[{"name":"wp","href":"https:\/\/api.w.org\/{rel}","templated":true}]}}