{"id":7212,"date":"2025-06-06T02:10:37","date_gmt":"2025-06-06T02:10:37","guid":{"rendered":"https:\/\/sinoextrud.com\/product\/10-series-golden-aluminum-extrusion-profiles\/"},"modified":"2025-06-24T06:12:14","modified_gmt":"2025-06-24T06:12:14","slug":"profiles-dextrusion-en-aluminium-dore-de-la-serie-10","status":"publish","type":"product","link":"https:\/\/sinoextrud.com\/fr\/product\/10-series-golden-aluminum-extrusion-profiles\/","title":{"rendered":"Profil\u00e9s d'extrusion en aluminium dor\u00e9 de la s\u00e9rie 10"},"content":{"rendered":"<h2>D\u00e9tails des produits<\/h2>\n<table>\n<tbody>\n<tr>\n<td>\n<p>Grade :<\/p>\n<\/td>\n<td>\n<p>6063 -t5<\/p>\n<\/td>\n<\/tr>\n<tr>\n<td>\n<p>Technique :<\/p>\n<\/td>\n<td>\n<p>Profil\u00e9s d'extrusion en aluminium dor\u00e9 de la s\u00e9rie 10<\/p>\n<\/td>\n<\/tr>\n<tr>\n<td>\n<p>Temp\u00e9rer :<\/p>\n<\/td>\n<td>\n<p>T3 - T8<\/p>\n<\/td>\n<\/tr>\n<tr>\n<td>\n<p>Services d'usinage :<\/p>\n<\/td>\n<td>\n<p>Per\u00e7age, taraudage, rivetage, assemblage, etc.<\/p>\n<\/td>\n<\/tr>\n<tr>\n<td>\n<p>Marque d\u00e9pos\u00e9e :<\/p>\n<\/td>\n<td>\n<p>Sinoextrud Sinoextrud <\/p>\n<\/td>\n<\/tr>\n<tr>\n<td>\n<p>Type :<\/p>\n<\/td>\n<td>\n<p>Profil\u00e9s d'extrusion en aluminium dor\u00e9 de la s\u00e9rie 10<\/p>\n<\/td>\n<\/tr>\n<tr>\n<td>\n<p>Forme :<\/p>\n<\/td>\n<td>\n<p>Con\u00e7us par les clients<\/p>\n<\/td>\n<\/tr>\n<tr>\n<td>\n<p>Traitement de surface :<\/p>\n<\/td>\n<td>\n<p>Finition broyage Anodis\u00e9 Bross\u00e9<\/p>\n<\/td>\n<\/tr>\n<tr>\n<td>\n<p>Longueur :<\/p>\n<\/td>\n<td>\n<p>1m \u00e0 9m par longueur<\/p>\n<\/td>\n<\/tr>\n<tr>\n<td>\n<p>Couleurs :<\/p>\n<\/td>\n<td>\n<p>Argent Noir<\/p>\n<\/td>\n<\/tr>\n<tr>\n<td>\n<p>Code HS :<\/p>\n<\/td>\n<td>\n<p>76042990<\/p>\n<\/td>\n<\/tr>\n<\/tbody>\n<\/table>\n<h2>Notre base de production<\/h2>\n<h3>Panorama de l'usine<\/h3>\n<p><img decoding=\"async\" src=\"\/wp-content\/uploads\/factory-01.webp\"\/><\/p>\n<h3>Atelier de fabrication de barres d'aluminium<\/h3>\n<p><img decoding=\"async\" src=\"\/wp-content\/uploads\/factory-02.webp\"\/><\/p>\n<p><img decoding=\"async\" src=\"\/wp-content\/uploads\/factory-03.webp\"\/><\/p>\n<h3>Entrep\u00f4t de stockage des moules<\/h3>\n<p><img decoding=\"async\" src=\"\/wp-content\/uploads\/factory-04.webp\"\/><\/p>\n<h3>43 lignes d'extrusion d'aluminium (500 \u00e0 5500 tonnes)<\/h3>\n<p><img decoding=\"async\" src=\"\/wp-content\/uploads\/factory-05.webp\"\/><\/p>\n<p><img decoding=\"async\" src=\"\/wp-content\/uploads\/factory-06.webp\"\/><\/p>\n<p><img decoding=\"async\" src=\"\/wp-content\/uploads\/factory-07.webp\"\/><\/p>\n<h3>Atelier de peinture en poudre<\/h3>\n<p><img decoding=\"async\" src=\"\/wp-content\/uploads\/factory-09.webp\"\/><\/p>\n<h3>Atelier d'anodisation<\/h3>\n<p><img decoding=\"async\" src=\"\/wp-content\/uploads\/factory-10.webp\"\/><\/p>\n<h3>Atelier sur le traitement en profondeur<\/h3>\n<p><img decoding=\"async\" src=\"\/wp-content\/uploads\/factory-11.webp\"\/><\/p>\n<h3>Atelier d'usinage de pr\u00e9cision CNC<\/h3>\n<p><img decoding=\"async\" src=\"\/wp-content\/uploads\/factory-11.5.webp\"\/><\/p>\n<h3>Entrep\u00f4t de produits finis et d'exportation<\/h3>\n<p><img decoding=\"async\" src=\"\/wp-content\/uploads\/factory-12.webp\"\/><\/p>\n<p><img decoding=\"async\" src=\"\/wp-content\/uploads\/factory-13.webp\"\/><\/p>\n<p><img decoding=\"async\" src=\"\/wp-content\/uploads\/factory-14.webp\"\/><\/p>\n<h2>FAQ<\/h2>\n<p><p><b>1) Qu'est-ce qu'un profil\u00e9 d'extrusion en aluminium dor\u00e9 de la s\u00e9rie 10 ?<\/b><\/p>\n<p>Les profil\u00e9s d'extrusion en aluminium dor\u00e9 de la s\u00e9rie 10 sont des profil\u00e9s d'aluminium standardis\u00e9s avec une finition anodis\u00e9e dor\u00e9e utilis\u00e9s pour la construction de structures et de cadres modulaires.<br \/>\n<\/p><br \/>\n<br \/>\n<p><b>2. quels sont les avantages de l'utilisation des profil\u00e9s d'extrusion en aluminium dor\u00e9 ?<\/b><\/p>\n<p>Ils offrent une r\u00e9sistance \u00e0 la corrosion, une grande solidit\u00e9, une apparence \u00e9l\u00e9gante et une compatibilit\u00e9 avec les composants de la s\u00e9rie 10.<br \/>\n<\/p><br \/>\n<br \/>\n<p><b>3. la finition dor\u00e9e est-elle durable pour des applications \u00e0 long terme ?<\/b><\/p>\n<p>Oui, la finition dor\u00e9e anodis\u00e9e est r\u00e9sistante \u00e0 l'usure et offre une protection durable contre la corrosion et la d\u00e9coloration.<br \/>\n<\/p><br \/>\n<br \/>\n<p><b>4. o\u00f9 sont utilis\u00e9s les profil\u00e9s d'extrusion en aluminium dor\u00e9 de la s\u00e9rie 10 ?<\/b><\/p>\n<p>Ils sont couramment utilis\u00e9s dans les pr\u00e9sentoirs, les bo\u00eetiers personnalis\u00e9s, les cloisons de bureau et les ch\u00e2ssis de machines l\u00e9g\u00e8res.<br \/>\n<\/p><br \/>\n<br \/>\n<p><b>5. Ces profils sont-ils compatibles avec les accessoires standard ?<\/b><\/p>\n<p>Oui, ils sont enti\u00e8rement compatibles avec les supports, les fixations et les plaques de jonction de la s\u00e9rie 10 pour une int\u00e9gration parfaite.<br \/>\n<\/p><br \/>\n<br \/>\n<p><b>6) Est-il possible d'obtenir des longueurs et des finitions personnalis\u00e9es pour les extrusions d'aluminium dor\u00e9 ?<\/b><\/p>\n<p>Oui, la d\u00e9coupe, le per\u00e7age et les traitements de surface personnalis\u00e9s sont disponibles sur demande pour r\u00e9pondre aux besoins sp\u00e9cifiques des projets.<br \/>\n<\/p><br \/>\n<br \/>\n<p><b>7. ces profil\u00e9s en aluminium sont-ils faciles \u00e0 assembler ?<\/b><\/p>\n<p>Oui, leur conception modulaire permet une installation facile \u00e0 l'aide d'outils avec du mat\u00e9riel standard pour rainure en T.<br \/>\n<\/p><br \/>\n<br \/>\n<p><b>8. les profil\u00e9s d'extrusion en aluminium dor\u00e9 supportent-ils des charges structurelles ?<\/b><\/p>\n<p>Oui, ils sont con\u00e7us pour fournir une structure solide mais l\u00e9g\u00e8re, adapt\u00e9e \u00e0 des applications structurelles moyennes.<br \/>\n<\/p><br \/><\/p>","protected":false},"featured_media":7211,"template":"","categories":[67],"class_list":["post-7212","product","type-product","status-publish","has-post-thumbnail","hentry","category-architectural-aluminium-profile"],"meta_box":{"hilight_text_group":{"product_hilight_text":"<li>10 Series compatibility ensures standard modular assembly<\/li>\r\r\n<li>Golden anodized finish adds premium aesthetic appeal<\/li>\r\r\n<li>Lightweight and durable aluminum for structural stability<\/li>\r\r\n<li>Corrosion-resistant surface ideal for long-term use<\/li>\r\r\n<li>Easy to cut, drill, and assemble with common connectors<\/li>\r\r\n<li>Suitable for displays, workstations, enclosures, and custom frames<\/li>\r\r\n<li>Available in various lengths and customizable options<\/li>","product_chanpin_blog":"<ul>\r\r\n<li><a href=\"https:\/\/sinoextrud.com\/t-slot-v-slot-differences\/\" target=\"_blank\">t slot vs v slot<\/a><\/li>\r\r\n<li><a href=\"https:\/\/sinoextrud.com\/what-is-4040-aluminium-extrud\/\" target=\"_blank\">4040 aluminium extrusion<\/a><\/li>\r\r\n<li><a href=\"https:\/\/sinoextrud.com\/what-is-4040-aluminium-extrud\/\" target=\"_blank\">aluminum extrusions for industrial racks<\/a><\/li>\r\r\n<li><a href=\"https:\/\/sinoextrud.com\/powder-coating-aluminium-process\/\" target=\"_blank\">powder coating aluminium<\/a><\/li>\r\r\n<li><a href=\"https:\/\/sinoextrud.com\/what-is-an-aluminium-strip-ceiling\/\" target=\"_blank\">aluminium strip ceiling<\/a><\/li>\r\r\n<li><a href=\"https:\/\/sinoextrud.com\/what-is-a-heat-sink\/\" target=\"_blank\">what is a heat sink<\/a><\/li>\r\r\n<\/ul>","product_chanpin_chanpin":"<li><a href=\"https:\/\/sinoextrud.com\/product\/aluminum-extrusion-solar-panel-frame\/\" target=\"_blank\">Aluminum extrusion solar panel frame<\/a><\/li>\r\n<li><a href=\"https:\/\/sinoextrud.com\/product\/aluminum-partitioning-windows-doors-nigeria-design\/\" target=\"_blank\">Aluminum Partitioning Windows Doors Nigeria Design<\/a><\/li>\r\n<li><a href=\"https:\/\/sinoextrud.com\/product\/anodized-powder-coated-aluminum-extrusion-profile-for-outdoor-louver-shutter\/\" target=\"_blank\">Anodized Powder Coated Aluminum Extrusion Profile For Outdoor Louver Shutter<\/a><\/li>\r\n<li><a href=\"https:\/\/sinoextrud.com\/product\/extrusion-aluminium-tube-pipe-aluminum-polishing-style\/\" target=\"_blank\">Extrusion Aluminium Tube Pipe Aluminum Polishing Style<\/a><\/li>\r\n<li><a href=\"https:\/\/sinoextrud.com\/product\/10-series-golden-aluminum-extrusion-profiles\/\" target=\"_blank\">10 Series Golden Aluminum Extrusion Profiles<\/a><\/li>\r\n<li><a href=\"https:\/\/sinoextrud.com\/product\/10x10-aluminum-extrusion-for-decoration\/\" target=\"_blank\">10\u00c3\u201410 Aluminum Extrusion For Decoration<\/a><\/li>\r\n<li><a href=\"https:\/\/sinoextrud.com\/product\/12-to-20-mm-glass-aluminum-glass-railing-price-per-foot\/\" target=\"_blank\">12 To 20 MM Glass Aluminum Glass Railing Price Per Foot<\/a><\/li>\r\n<li><a href=\"https:\/\/sinoextrud.com\/product\/aluminum-extrusion-framing-systems\/\" target=\"_blank\">Aluminum Extrusion Framing Systems<\/a><\/li>\r\n<li><a href=\"https:\/\/sinoextrud.com\/product\/aluminium-door-frame-extrusions\/\" target=\"_blank\">Aluminium Door Frame Extrusions<\/a><\/li>\r\n<li><a href=\"https:\/\/sinoextrud.com\/product\/aluminium-window-parts-names-sliding-6063-material-framing-profile\/\" target=\"_blank\">aluminium window parts names sliding 6063 material framing profile<\/a><\/li>\r\n<li><a href=\"https:\/\/sinoextrud.com\/product\/extruded-aluminum-drawer-pulls\/\" target=\"_blank\">Extruded Aluminum Drawer Pulls<\/a><\/li>"},"feature_list":[]},"_links":{"self":[{"href":"https:\/\/sinoextrud.com\/fr\/wp-json\/wp\/v2\/product\/7212","targetHints":{"allow":["GET"]}}],"collection":[{"href":"https:\/\/sinoextrud.com\/fr\/wp-json\/wp\/v2\/product"}],"about":[{"href":"https:\/\/sinoextrud.com\/fr\/wp-json\/wp\/v2\/types\/product"}],"wp:featuredmedia":[{"embeddable":true,"href":"https:\/\/sinoextrud.com\/fr\/wp-json\/wp\/v2\/media\/7211"}],"wp:attachment":[{"href":"https:\/\/sinoextrud.com\/fr\/wp-json\/wp\/v2\/media?parent=7212"}],"wp:term":[{"taxonomy":"category","embeddable":true,"href":"https:\/\/sinoextrud.com\/fr\/wp-json\/wp\/v2\/categories?post=7212"}],"curies":[{"name":"wp","href":"https:\/\/api.w.org\/{rel}","templated":true}]}}