{"id":7210,"date":"2025-06-06T01:58:03","date_gmt":"2025-06-06T01:58:03","guid":{"rendered":"https:\/\/sinoextrud.com\/product\/extrusion-aluminium-tube-pipe-aluminum-polishing-style\/"},"modified":"2025-06-24T06:12:13","modified_gmt":"2025-06-24T06:12:13","slug":"extrusion-aluminium-tube-tuyau-aluminium-style-polissage","status":"publish","type":"product","link":"https:\/\/sinoextrud.com\/fr\/product\/extrusion-aluminium-tube-pipe-aluminum-polishing-style\/","title":{"rendered":"Extrusion d'un tube en aluminium Tube en aluminium Style de polissage"},"content":{"rendered":"<h2>D\u00e9tails des produits<\/h2>\n<table class=\"custom-table\">\n<tr>\n<td class=\"label\">Mod\u00e8le NO :<\/td>\n<td>Extrusion Tube\/tube d'aluminium\/Aluminium Style de polissage\uff0c<\/td>\n<\/tr>\n<tr>\n<td class=\"label\">Article :<\/td>\n<td>Tubes en aluminium poli\uff0c<\/td>\n<\/tr>\n<tr>\n<td class=\"label\">Traitement de surface :<\/td>\n<td>Poli\uff0c<\/td>\n<\/tr>\n<tr>\n<td class=\"label\">Alliage :<\/td>\n<td>Alliage\uff0c<\/td>\n<\/tr>\n<tr>\n<td class=\"label\">Diam\u00e8tre ext\u00e9rieur :<\/td>\n<td>Od 2.6mm to 90mm\uff0c<\/td>\n<\/tr>\n<tr>\n<td class=\"label\">\u00c9paisseur :<\/td>\n<td>0,1mm \u00e0 10mm\uff0c<\/td>\n<\/tr>\n<tr>\n<td class=\"label\">Lieu d'origine :<\/td>\n<td>Foshan, Chine (continent)\uff0c<\/td>\n<\/tr>\n<tr>\n<td class=\"label\">Num\u00e9ro de mod\u00e8le :<\/td>\n<td>Tl\uff0c<\/td>\n<\/tr>\n<tr>\n<td class=\"label\">Al (Min) :<\/td>\n<td>98.8%\uff0c<\/td>\n<\/tr>\n<tr>\n<td class=\"label\">Paquet de transport :<\/td>\n<td>Selon les exigences des clients\u2032\uff0c<\/td>\n<\/tr>\n<tr>\n<td class=\"label\">Forme :<\/td>\n<td>Rond\uff0c<\/td>\n<\/tr>\n<tr>\n<td class=\"label\">Grade :<\/td>\n<td>S\u00e9rie 6000\uff0c<\/td>\n<\/tr>\n<tr>\n<td class=\"label\">Temp\u00e9rer :<\/td>\n<td>T3 - T8\uff0c<\/td>\n<\/tr>\n<tr>\n<td class=\"label\">\u00c9paisseur de la paroi :<\/td>\n<td>\u00e0 votre demande\uff0c<\/td>\n<\/tr>\n<tr>\n<td class=\"label\">Longueur :<\/td>\n<td>1-9M\uff0c<\/td>\n<\/tr>\n<tr>\n<td class=\"label\">Nom de marque :<\/td>\n<td>Sinoextrud\uff0c<\/td>\n<\/tr>\n<tr>\n<td class=\"label\">Duret\u00e9 :<\/td>\n<td>Tube en alliage d'aluminium\uff0c<\/td>\n<\/tr>\n<tr>\n<td class=\"label\">Sp\u00e9cification :<\/td>\n<td>EN, ASTM, JIH et GB\uff0c<\/td>\n<\/tr>\n<tr>\n<td class=\"label\">Code HS :<\/td>\n<td>76082010\uff0c<\/td>\n<\/tr>\n<\/table>\n<h2>Notre base de production<\/h2>\n<h3>Panorama de l'usine<\/h3>\n<p><img decoding=\"async\" src=\"\/wp-content\/uploads\/factory-01.webp\"\/><\/p>\n<h3>Atelier de fabrication de barres d'aluminium<\/h3>\n<p><img decoding=\"async\" src=\"\/wp-content\/uploads\/factory-02.webp\"\/><\/p>\n<p><img decoding=\"async\" src=\"\/wp-content\/uploads\/factory-03.webp\"\/><\/p>\n<h3>Entrep\u00f4t de stockage des moules<\/h3>\n<p><img decoding=\"async\" src=\"\/wp-content\/uploads\/factory-04.webp\"\/><\/p>\n<h3>43 lignes d'extrusion d'aluminium (500-5500 tonnes)<\/h3>\n<p><img decoding=\"async\" src=\"\/wp-content\/uploads\/factory-05.webp\"\/><\/p>\n<p><img decoding=\"async\" src=\"\/wp-content\/uploads\/factory-06.webp\"\/><\/p>\n<p><img decoding=\"async\" src=\"\/wp-content\/uploads\/factory-07.webp\"\/><\/p>\n<h3>Atelier de peinture en poudre<\/h3>\n<p><img decoding=\"async\" src=\"\/wp-content\/uploads\/factory-09.webp\"\/><\/p>\n<h3>Atelier d'anodisation<\/h3>\n<p><img decoding=\"async\" src=\"\/wp-content\/uploads\/factory-10.webp\"\/><\/p>\n<h3>Atelier sur le traitement en profondeur<\/h3>\n<p><img decoding=\"async\" src=\"\/wp-content\/uploads\/factory-11.webp\"\/><\/p>\n<h3>Atelier d'usinage de pr\u00e9cision CNC<\/h3>\n<p><img decoding=\"async\" src=\"\/wp-content\/uploads\/factory-11.5.webp\"\/><\/p>\n<h3>Entrep\u00f4t de produits finis et d'exportation<\/h3>\n<p><img decoding=\"async\" src=\"\/wp-content\/uploads\/factory-12.webp\"\/><\/p>\n<p><img decoding=\"async\" src=\"\/wp-content\/uploads\/factory-13.webp\"\/><\/p>\n<p><img decoding=\"async\" src=\"\/wp-content\/uploads\/factory-14.webp\"\/><\/p>\n<h2>FAQ<\/h2>\n<p><p><b>1) Quel est le mat\u00e9riau utilis\u00e9 pour l'extrusion du tube en aluminium ?<\/b><\/p>\n<p>Le produit est fabriqu\u00e9 en aluminium extrud\u00e9 de haute qualit\u00e9, offrant durabilit\u00e9 et int\u00e9grit\u00e9 structurelle.<br \/>\n<\/p><br \/>\n<br \/>\n<p><b>2) Qu'est-ce qui rend le style de polissage de l'aluminium sp\u00e9cial ?<\/b><\/p>\n<p>Le style de polissage de l'aluminium permet d'obtenir une surface lisse et brillante qui am\u00e9liore l'esth\u00e9tique et offre une r\u00e9sistance accrue \u00e0 l'usure et \u00e0 la corrosion.<br \/>\n<\/p><br \/>\n<br \/>\n<p><b>3. le tube en aluminium peut-il \u00eatre utilis\u00e9 \u00e0 l'ext\u00e9rieur ?<\/b><\/p>\n<p>Oui, le tube en aluminium extrud\u00e9 est r\u00e9sistant \u00e0 la corrosion et convient parfaitement \u00e0 une utilisation en ext\u00e9rieur.<br \/>\n<\/p><br \/>\n<br \/>\n<p><b>4. le produit est-il disponible dans des dimensions personnalis\u00e9es ?<\/b><\/p>\n<p>Oui, des dimensions et des finitions personnalis\u00e9es sont disponibles pour r\u00e9pondre aux exigences de projets sp\u00e9cifiques.<br \/>\n<\/p><br \/>\n<br \/>\n<p><b>5. le tube d'aluminium extrud\u00e9 est-il facile \u00e0 travailler ?<\/b><\/p>\n<p>Absolument, il est facile \u00e0 couper, \u00e0 usiner, \u00e0 souder et \u00e0 fabriquer pour une large gamme d'applications industrielles.<br \/>\n<\/p><br \/>\n<br \/>\n<p><b>6) Quelles sont les industries qui utilisent couramment des tubes en aluminium poli ?<\/b><\/p>\n<p>Les tubes en aluminium extrud\u00e9 poli sont largement utilis\u00e9s dans les secteurs de la construction, de l'automobile, de l'ameublement et de la d\u00e9coration.<br \/>\n<\/p><br \/>\n<br \/>\n<p><b>7. l'aluminium poli affecte-t-il la conductivit\u00e9 ?<\/b><\/p>\n<p>Non, l'aluminium conserve une excellente conductivit\u00e9 thermique et \u00e9lectrique m\u00eame apr\u00e8s le polissage.<br \/>\n<\/p><br \/>\n<br \/>\n<p><b>8. ce produit est-il adapt\u00e9 \u00e0 une utilisation architecturale ?<\/b><\/p>\n<p>Oui, sa finition \u00e9l\u00e9gante et sa solidit\u00e9 en font un produit id\u00e9al pour les projets d'architecture et de design.<br \/>\n<\/p><br \/>\n<br \/>\n<p><b>9. comment la surface polie est-elle entretenue ?<\/b><\/p>\n<p>La surface en aluminium poli n\u00e9cessite peu d'entretien et peut \u00eatre nettoy\u00e9e facilement avec des produits non abrasifs.<\/p>\n<p><\/p><br \/><\/p>","protected":false},"featured_media":7209,"template":"","categories":[67],"class_list":["post-7210","product","type-product","status-publish","has-post-thumbnail","hentry","category-architectural-aluminium-profile"],"meta_box":{"hilight_text_group":{"product_hilight_text":"<li>Manufactured using high-quality extrusion aluminum for enhanced strength and precision<\/li>\r\r\n<li>Polished surface finish delivers a sleek, professional appearance<\/li>\r\r\n<li>Corrosion-resistant material suitable for both indoor and outdoor applications<\/li>\r\r\n<li>Lightweight yet durable structure ideal for industrial and architectural use<\/li>\r\r\n<li>Customizable dimensions and finishes available to meet specific project needs<\/li>\r\r\n<li>Easy to machine, weld, and fabricate for various industrial applications<\/li>\r\r\n<li>Excellent thermal and electrical conductivity properties<\/li>","product_chanpin_blog":"<ul>\r\r\n<li><a href=\"https:\/\/sinoextrud.com\/t-slot-v-slot-differences\/\" target=\"_blank\">t slot vs v slot<\/a><\/li>\r\r\n<li><a href=\"https:\/\/sinoextrud.com\/what-is-4040-aluminium-extrud\/\" target=\"_blank\">4040 aluminium extrusion<\/a><\/li>\r\r\n<li><a href=\"https:\/\/sinoextrud.com\/what-is-4040-aluminium-extrud\/\" target=\"_blank\">aluminum extrusions for industrial racks<\/a><\/li>\r\r\n<li><a href=\"https:\/\/sinoextrud.com\/powder-coating-aluminium-process\/\" target=\"_blank\">powder coating aluminium<\/a><\/li>\r\r\n<li><a href=\"https:\/\/sinoextrud.com\/what-is-an-aluminium-strip-ceiling\/\" target=\"_blank\">aluminium strip ceiling<\/a><\/li>\r\r\n<li><a href=\"https:\/\/sinoextrud.com\/what-is-a-heat-sink\/\" target=\"_blank\">what is a heat sink<\/a><\/li>\r\r\n<\/ul>","product_chanpin_chanpin":"<li><a href=\"https:\/\/sinoextrud.com\/product\/the-world-most-popular-6000-series-aluminum-extrusion-profile-louver-shutter-for-adjustable-waterproof-louver-windows\/\" target=\"_blank\">The World Most Popular 6000 Series aluminum extrusion Profile louver shutter For Adjustable Waterproof Louver Windows<\/a><\/li>\r\n<li><a href=\"https:\/\/sinoextrud.com\/product\/aluminum-extrusion-solar-panel-frame\/\" target=\"_blank\">Aluminum extrusion solar panel frame<\/a><\/li>\r\n<li><a href=\"https:\/\/sinoextrud.com\/product\/aluminum-partitioning-windows-doors-nigeria-design\/\" target=\"_blank\">Aluminum Partitioning Windows Doors Nigeria Design<\/a><\/li>\r\n<li><a href=\"https:\/\/sinoextrud.com\/product\/anodized-powder-coated-aluminum-extrusion-profile-for-outdoor-louver-shutter\/\" target=\"_blank\">Anodized Powder Coated Aluminum Extrusion Profile For Outdoor Louver Shutter<\/a><\/li>\r\n<li><a href=\"https:\/\/sinoextrud.com\/product\/extrusion-aluminium-tube-pipe-aluminum-polishing-style\/\" target=\"_blank\">Extrusion Aluminium Tube Pipe Aluminum Polishing Style<\/a><\/li>\r\n<li><a href=\"https:\/\/sinoextrud.com\/product\/10-series-golden-aluminum-extrusion-profiles\/\" target=\"_blank\">10 Series Golden Aluminum Extrusion Profiles<\/a><\/li>\r\n<li><a href=\"https:\/\/sinoextrud.com\/product\/10x10-aluminum-extrusion-for-decoration\/\" target=\"_blank\">10\u00c3\u201410 Aluminum Extrusion For Decoration<\/a><\/li>\r\n<li><a href=\"https:\/\/sinoextrud.com\/product\/12-to-20-mm-glass-aluminum-glass-railing-price-per-foot\/\" target=\"_blank\">12 To 20 MM Glass Aluminum Glass Railing Price Per Foot<\/a><\/li>\r\n<li><a href=\"https:\/\/sinoextrud.com\/product\/aluminum-extrusion-framing-systems\/\" target=\"_blank\">Aluminum Extrusion Framing Systems<\/a><\/li>\r\n<li><a href=\"https:\/\/sinoextrud.com\/product\/aluminum-handrail-systems\/\" target=\"_blank\">Aluminum Handrail Systems<\/a><\/li>\r\n<li><a href=\"https:\/\/sinoextrud.com\/product\/extruded-aluminium-retangular-tube\/\" target=\"_blank\">Extruded Aluminium Retangular Tube<\/a><\/li>"},"feature_list":[]},"_links":{"self":[{"href":"https:\/\/sinoextrud.com\/fr\/wp-json\/wp\/v2\/product\/7210","targetHints":{"allow":["GET"]}}],"collection":[{"href":"https:\/\/sinoextrud.com\/fr\/wp-json\/wp\/v2\/product"}],"about":[{"href":"https:\/\/sinoextrud.com\/fr\/wp-json\/wp\/v2\/types\/product"}],"wp:featuredmedia":[{"embeddable":true,"href":"https:\/\/sinoextrud.com\/fr\/wp-json\/wp\/v2\/media\/7209"}],"wp:attachment":[{"href":"https:\/\/sinoextrud.com\/fr\/wp-json\/wp\/v2\/media?parent=7210"}],"wp:term":[{"taxonomy":"category","embeddable":true,"href":"https:\/\/sinoextrud.com\/fr\/wp-json\/wp\/v2\/categories?post=7210"}],"curies":[{"name":"wp","href":"https:\/\/api.w.org\/{rel}","templated":true}]}}