{"id":7206,"date":"2025-06-06T01:52:24","date_gmt":"2025-06-06T01:52:24","guid":{"rendered":"https:\/\/sinoextrud.com\/product\/aluminum-partitioning-windows-doors-nigeria-design\/"},"modified":"2025-06-24T06:12:14","modified_gmt":"2025-06-24T06:12:14","slug":"cloisons-en-aluminium-fenetres-portes-nigeria-design","status":"publish","type":"product","link":"https:\/\/sinoextrud.com\/fr\/product\/aluminum-partitioning-windows-doors-nigeria-design\/","title":{"rendered":"Cloisons en aluminium Fen\u00eatres Portes Nigeria Design"},"content":{"rendered":"<h2>D\u00e9tails des produits<\/h2>\n<table class=\"custom-table\">\n<tr>\n<td class=\"label\">Mat\u00e9riau<\/td>\n<td>Verre ou verre et cadre en aluminium\uff0c<\/td>\n<\/tr>\n<tr>\n<td class=\"label\">Marque<\/td>\n<td>Sinoextrud\/Sinoextrud Aluminium Partition \/Fen\u00eatres Portes Nigeria Design\uff0c<\/td>\n<\/tr>\n<tr>\n<td class=\"label\">Verre<\/td>\n<td>1 : Couleur : teint\u00e9e (gris\/vert\/bleu\/th\u00e9\/ou autres) ou transparente<br \/>\n2 : Sp\u00e9cial : verre \u00e0 faible \u00e9missivit\u00e9\/verre r\u00e9fl\u00e9chi\/verre tremp\u00e9\/classe flottante\/verre artistique<br \/>\n3. Couleur : N'importe quelle couleur\uff0c<\/td>\n<\/tr>\n<tr>\n<td class=\"label\">Solution \u00e0 guichet unique<\/td>\n<td>Conception professionnelle, fabrication de haute qualit\u00e9 et installation exp\u00e9riment\u00e9e\uff0c<\/td>\n<\/tr>\n<tr>\n<td class=\"label\">Type<\/td>\n<td>Cloison en verre sans cadre ou cloison en verre avec cadre\uff0c<\/td>\n<\/tr>\n<tr>\n<td class=\"label\">Terme du commerce<\/td>\n<td>EXW, FOB et CIF\uff0c<\/td>\n<\/tr>\n<tr>\n<td class=\"label\">MOQ<\/td>\n<td>Plus de 200 m\u00e8tres carr\u00e9s\uff0c<\/td>\n<\/tr>\n<tr>\n<td class=\"label\">D\u00e9lai de paiement<\/td>\n<td>T\/T,L\/C Etc\uff0c<\/td>\n<\/tr>\n<tr>\n<td class=\"label\">Emballage<\/td>\n<td>Caisse en bois pour l'exportation\uff0c<\/td>\n<\/tr>\n<tr>\n<td class=\"label\">Port d'exportation<\/td>\n<td>Guangzhou ou Shenzhen FOSHAN\uff0c<\/td>\n<\/tr>\n<tr>\n<td class=\"label\">D\u00e9lai de livraison<\/td>\n<td>Dans les 20 \u00e0 25 jours suivant la confirmation du dessin de l'atelier \uff0c<\/td>\n<\/tr>\n<\/table>\n<h2>Notre base de production<\/h2>\n<h3>Panorama de l'usine<\/h3>\n<p><img decoding=\"async\" src=\"\/wp-content\/uploads\/factory-01.webp\"\/><\/p>\n<h3>Atelier de fabrication de barres d'aluminium<\/h3>\n<p><img decoding=\"async\" src=\"\/wp-content\/uploads\/factory-02.webp\"\/><\/p>\n<p><img decoding=\"async\" src=\"\/wp-content\/uploads\/factory-03.webp\"\/><\/p>\n<h3>Entrep\u00f4t de stockage des moules<\/h3>\n<p><img decoding=\"async\" src=\"\/wp-content\/uploads\/factory-04.webp\"\/><\/p>\n<h3>43 lignes d'extrusion d'aluminium (500-5500 tonnes)<\/h3>\n<p><img decoding=\"async\" src=\"\/wp-content\/uploads\/factory-05.webp\"\/><\/p>\n<p><img decoding=\"async\" src=\"\/wp-content\/uploads\/factory-06.webp\"\/><\/p>\n<p><img decoding=\"async\" src=\"\/wp-content\/uploads\/factory-07.webp\"\/><\/p>\n<h3>Atelier de peinture en poudre<\/h3>\n<p><img decoding=\"async\" src=\"\/wp-content\/uploads\/factory-09.webp\"\/><\/p>\n<h3>Atelier d'anodisation<\/h3>\n<p><img decoding=\"async\" src=\"\/wp-content\/uploads\/factory-10.webp\"\/><\/p>\n<h3>Atelier sur le traitement en profondeur<\/h3>\n<p><img decoding=\"async\" src=\"\/wp-content\/uploads\/factory-11.webp\"\/><\/p>\n<h3>Atelier d'usinage de pr\u00e9cision CNC<\/h3>\n<p><img decoding=\"async\" src=\"\/wp-content\/uploads\/factory-11.5.webp\"\/><\/p>\n<h3>Entrep\u00f4t de produits finis et d'exportation<\/h3>\n<p><img decoding=\"async\" src=\"\/wp-content\/uploads\/factory-12.webp\"\/><\/p>\n<p><img decoding=\"async\" src=\"\/wp-content\/uploads\/factory-13.webp\"\/><\/p>\n<p><img decoding=\"async\" src=\"\/wp-content\/uploads\/factory-14.webp\"\/><\/p>\n<h2>FAQ<\/h2>\n<p><p><b>1) Qu'est-ce qu'une cloison\/fen\u00eatre en aluminium ?<\/b><\/p>\n<p>Il s'agit de syst\u00e8mes en aluminium sur mesure con\u00e7us pour les cloisons, les fen\u00eatres et les portes qui r\u00e9pondent aux exigences esth\u00e9tiques et climatiques locales au Nig\u00e9ria.<br \/>\n<\/p><br \/>\n<br \/>\n<p><b>2. pourquoi choisir l'aluminium pour les cloisons, les fen\u00eatres et les portes ?<\/b><\/p>\n<p>L'aluminium offre une grande durabilit\u00e9, une r\u00e9sistance aux intemp\u00e9ries et un aspect \u00e9l\u00e9gant, ce qui en fait un mat\u00e9riau id\u00e9al pour les constructions nig\u00e9rianes modernes.<br \/>\n<\/p><br \/>\n<br \/>\n<p><b>3. ces syst\u00e8mes d'aluminium sont-ils adapt\u00e9s au climat du Nigeria ?<\/b><\/p>\n<p>Oui, ils sont r\u00e9sistants \u00e0 la corrosion et fonctionnent bien dans les environnements humides, c\u00f4tiers et tropicaux courants au Nigeria.<br \/>\n<\/p><br \/>\n<br \/>\n<p><b>4. les cloisons et les portes en aluminium peuvent-elles \u00eatre personnalis\u00e9es ?<\/b><\/p>\n<p>Absolument, ils sont disponibles en diff\u00e9rentes couleurs, tailles et configurations pour r\u00e9pondre aux besoins r\u00e9sidentiels et commerciaux.<br \/>\n<\/p><br \/>\n<br \/>\n<p><b>5. quels sont les types de mod\u00e8les disponibles pour les applications sp\u00e9cifiques au Nigeria ?<\/b><\/p>\n<p>Les mod\u00e8les comprennent des syst\u00e8mes coulissants, \u00e0 battants, pliables et fixes optimis\u00e9s pour la ventilation, la s\u00e9curit\u00e9 et le style.<br \/>\n<\/p><br \/>\n<br \/>\n<p><b>6. les cloisons en aluminium sont-elles faciles \u00e0 installer ?<\/b><\/p>\n<p>Oui, sa l\u00e9g\u00e8ret\u00e9 et sa conception modulaire permettent une installation rapide et efficace.<br \/>\n<\/p><br \/>\n<br \/>\n<p><b>7. ces syst\u00e8mes n\u00e9cessitent-ils peu d'entretien ?<\/b><\/p>\n<p>Oui, les syst\u00e8mes en aluminium n\u00e9cessitent un entretien minimal et conservent leur finition et leurs performances pendant des ann\u00e9es.<br \/>\n<\/p><br \/>\n<br \/>\n<p><b>8. l'aluminium est-il un mat\u00e9riau \u00e9cologique ?<\/b><\/p>\n<p>Oui, l'aluminium est 100% recyclable et soutient les pratiques de construction \u00e9cologique.<br \/>\n<\/p><br \/><\/p>","protected":false},"featured_media":7205,"template":"","categories":[67],"class_list":["post-7206","product","type-product","status-publish","has-post-thumbnail","hentry","category-architectural-aluminium-profile"],"meta_box":{"hilight_text_group":{"product_hilight_text":"<li>Durable aluminum construction ideal for high-traffic residential and commercial spaces<\/li>\r\r\n<li>Corrosion-resistant surface perfect for Nigeria\u00e2\u20ac\u2122s humid and tropical climate<\/li>\r\r\n<li>Modern, elegant designs tailored to local architectural preferences<\/li>\r\r\n<li>Lightweight profiles simplify transportation and installation<\/li>\r\r\n<li>Customizable for partitions, windows, and door systems<\/li>\r\r\n<li>Available in sliding, swing, and fixed configurations<\/li>\r\r\n<li>Low-maintenance and long-lasting performance in all weather conditions<\/li>","product_chanpin_blog":"<ul>\r\r\n<li><a href=\"https:\/\/sinoextrud.com\/t-slot-v-slot-differences\/\" target=\"_blank\">t slot vs v slot<\/a><\/li>\r\r\n<li><a href=\"https:\/\/sinoextrud.com\/what-is-4040-aluminium-extrud\/\" target=\"_blank\">4040 aluminium extrusion<\/a><\/li>\r\r\n<li><a href=\"https:\/\/sinoextrud.com\/what-is-4040-aluminium-extrud\/\" target=\"_blank\">aluminum extrusions for industrial racks<\/a><\/li>\r\r\n<li><a href=\"https:\/\/sinoextrud.com\/powder-coating-aluminium-process\/\" target=\"_blank\">powder coating aluminium<\/a><\/li>\r\r\n<li><a href=\"https:\/\/sinoextrud.com\/what-is-an-aluminium-strip-ceiling\/\" target=\"_blank\">aluminium strip ceiling<\/a><\/li>\r\r\n<li><a href=\"https:\/\/sinoextrud.com\/what-is-a-heat-sink\/\" target=\"_blank\">what is a heat sink<\/a><\/li>\r\r\n<\/ul>","product_chanpin_chanpin":"<li><a href=\"https:\/\/sinoextrud.com\/product\/aluminum-windows-and-doors-for-nigeria\/\" target=\"_blank\">Aluminum windows And Doors For Nigeria<\/a><\/li>\r\n<li><a href=\"https:\/\/sinoextrud.com\/product\/aluminum-curtain-wall-profile-extrusion-profiles-aluminum-tubing-catalog\/\" target=\"_blank\">aluminum curtain wall profile extrusion profiles aluminum tubing catalog<\/a><\/li>\r\n<li><a href=\"https:\/\/sinoextrud.com\/product\/the-world-most-popular-6000-series-aluminum-extrusion-profile-louver-shutter-for-adjustable-waterproof-louver-windows\/\" target=\"_blank\">The World Most Popular 6000 Series aluminum extrusion Profile louver shutter For Adjustable Waterproof Louver Windows<\/a><\/li>\r\n<li><a href=\"https:\/\/sinoextrud.com\/product\/aluminum-extrusion-solar-panel-frame\/\" target=\"_blank\">Aluminum extrusion solar panel frame<\/a><\/li>\r\n<li><a href=\"https:\/\/sinoextrud.com\/product\/aluminum-partitioning-windows-doors-nigeria-design\/\" target=\"_blank\">Aluminum Partitioning Windows Doors Nigeria Design<\/a><\/li>\r\n<li><a href=\"https:\/\/sinoextrud.com\/product\/anodized-powder-coated-aluminum-extrusion-profile-for-outdoor-louver-shutter\/\" target=\"_blank\">Anodized Powder Coated Aluminum Extrusion Profile For Outdoor Louver Shutter<\/a><\/li>\r\n<li><a href=\"https:\/\/sinoextrud.com\/product\/extrusion-aluminium-tube-pipe-aluminum-polishing-style\/\" target=\"_blank\">Extrusion Aluminium Tube Pipe Aluminum Polishing Style<\/a><\/li>\r\n<li><a href=\"https:\/\/sinoextrud.com\/product\/10-series-golden-aluminum-extrusion-profiles\/\" target=\"_blank\">10 Series Golden Aluminum Extrusion Profiles<\/a><\/li>\r\n<li><a href=\"https:\/\/sinoextrud.com\/product\/10x10-aluminum-extrusion-for-decoration\/\" target=\"_blank\">10\u00c3\u201410 Aluminum Extrusion For Decoration<\/a><\/li>\r\n<li><a href=\"https:\/\/sinoextrud.com\/product\/aluminum-tube-coated-powder-price-per-kg-for-lowes-aluminum-pipe-fence-china\/\" target=\"_blank\">aluminum tube coated powder price per kg for lowes aluminum pipe fence china<\/a><\/li>\r\n<li><a href=\"https:\/\/sinoextrud.com\/product\/aluminum-price-per-ton\/\" target=\"_blank\">Aluminum Price Per Ton<\/a><\/li>"},"feature_list":[]},"_links":{"self":[{"href":"https:\/\/sinoextrud.com\/fr\/wp-json\/wp\/v2\/product\/7206","targetHints":{"allow":["GET"]}}],"collection":[{"href":"https:\/\/sinoextrud.com\/fr\/wp-json\/wp\/v2\/product"}],"about":[{"href":"https:\/\/sinoextrud.com\/fr\/wp-json\/wp\/v2\/types\/product"}],"wp:featuredmedia":[{"embeddable":true,"href":"https:\/\/sinoextrud.com\/fr\/wp-json\/wp\/v2\/media\/7205"}],"wp:attachment":[{"href":"https:\/\/sinoextrud.com\/fr\/wp-json\/wp\/v2\/media?parent=7206"}],"wp:term":[{"taxonomy":"category","embeddable":true,"href":"https:\/\/sinoextrud.com\/fr\/wp-json\/wp\/v2\/categories?post=7206"}],"curies":[{"name":"wp","href":"https:\/\/api.w.org\/{rel}","templated":true}]}}