{"id":7038,"date":"2025-06-05T03:09:00","date_gmt":"2025-06-05T03:09:00","guid":{"rendered":"https:\/\/sinoextrud.com\/product\/l-shaped-aluminum-extrusion-6063-t5-aluminum-angle-bar-alloy-profile\/"},"modified":"2025-06-24T06:12:11","modified_gmt":"2025-06-24T06:12:11","slug":"profile-daluminium-en-forme-de-l-extrusion-6063-t5-profile-daluminium-en-forme-dangle","status":"publish","type":"product","link":"https:\/\/sinoextrud.com\/fr\/product\/l-shaped-aluminum-extrusion-6063-t5-aluminum-angle-bar-alloy-profile\/","title":{"rendered":"Profil\u00e9 d'aluminium extrud\u00e9 en forme de L 6063 T5 Barre d'angle en aluminium Profil\u00e9 d'alliage"},"content":{"rendered":"<h2>D\u00e9tails des produits<\/h2>\n<table class=\"custom-table\">\n<tr>\n<td class=\"label\">Article :<\/td>\n<td> Extrusion d'aluminium en forme de L \/ Profil\u00e9 d'alliage d'aluminium 6063 T5\uff0c<\/td>\n<\/tr>\n<tr>\n<td class=\"label\">Temp\u00e9rer :<\/td>\n<td> T3-T8\uff0c<\/td>\n<\/tr>\n<tr>\n<td class=\"label\">Alliage :<\/td>\n<td> Alliage\uff0c<\/td>\n<\/tr>\n<tr>\n<td class=\"label\">Ingr\u00e9dient d'alliage :<\/td>\n<td> 6063 T5\uff0c<\/td>\n<\/tr>\n<tr>\n<td class=\"label\">Aluminium poli Profil :<\/td>\n<td> Polissage m\u00e9canique\uff0c<\/td>\n<\/tr>\n<tr>\n<td class=\"label\">Garantie :<\/td>\n<td> Garantie de couleur de 15 \u00e0 20 ans\uff0c<\/td>\n<\/tr>\n<tr>\n<td class=\"label\">Focus sur :<\/td>\n<td> Architecture,Industrie,Appareils m\u00e9nagers\uff0c<\/td>\n<\/tr>\n<tr>\n<td class=\"label\">Taille :<\/td>\n<td> selon les besoins du client\uff0c<\/td>\n<\/tr>\n<tr>\n<td class=\"label\">Mat\u00e9riau :<\/td>\n<td> 6063\/6061\/6005\/6060 T5\/T6\uff0c<\/td>\n<\/tr>\n<tr>\n<td class=\"label\">Type de produits :<\/td>\n<td> Industrie Profil\u00e9s d'extrusion en alliage d'aluminium\uff0c<\/td>\n<\/tr>\n<tr>\n<td class=\"label\">Utilisation :<\/td>\n<td>Profil\u00e9 d'alliage d'aluminium \u00e0 angle droit\uff0c<\/td>\n<\/tr>\n<tr>\n<td class=\"label\">Paquet de transport :<\/td>\n<td> Film plastique et papier kraft\uff0c<\/td>\n<\/tr>\n<tr>\n<td class=\"label\">Origine :<\/td>\n<td> Chine, Foshan\uff0c<\/td>\n<\/tr>\n<tr>\n<td class=\"label\">Type :<\/td>\n<td> Profil\u00e9 d'aluminium pour portes et fen\u00eatres, profil\u00e9 d'aluminium pour d\u00e9coration, profil\u00e9 d'aluminium pour dissipateur thermique, profil\u00e9 d'aluminium pour parois en verre, profil\u00e9 d'aluminium pour le transport\uff0c<\/td>\n<\/tr>\n<tr>\n<td class=\"label\">Certification :<\/td>\n<td> CE, SONCAP, ISO, CIQ, RoHS, TUV\uff0c<\/td>\n<\/tr>\n<tr>\n<td class=\"label\">Hornors :<\/td>\n<td> Chine Top 10 Assured Quality Supplier of Aluminum Angle Extrusion Factory\uff0c<\/td>\n<\/tr>\n<tr>\n<td class=\"label\">Couleur :<\/td>\n<td> Argent, bronze, noir, or, selon la demande\uff0c<\/td>\n<\/tr>\n<tr>\n<td class=\"label\">Finition :<\/td>\n<td> Anodisation, rev\u00eatement par poudre, couleur du bois, polissage\uff0c<\/td>\n<\/tr>\n<tr>\n<td class=\"label\">Sp\u00e9cification :<\/td>\n<td> Selon la demande des clients\uff0c<\/td>\n<\/tr>\n<tr>\n<td class=\"label\">Code HS :<\/td>\n<td> 7604299000\uff0c<\/td>\n<\/tr>\n<\/table>\n<h2>Notre base de production<\/h2>\n<h3>Panorama de l'usine<\/h3>\n<p><img decoding=\"async\" src=\"\/wp-content\/uploads\/factory-01.webp\"\/><\/p>\n<h3>Atelier de fabrication de barres d'aluminium<\/h3>\n<p><img decoding=\"async\" src=\"\/wp-content\/uploads\/factory-02.webp\"\/><\/p>\n<\/p>\n<p><img decoding=\"async\" src=\"\/wp-content\/uploads\/factory-03.webp\"\/><\/p>\n<h3>Entrep\u00f4t de stockage des moules<\/h3>\n<p><img decoding=\"async\" src=\"\/wp-content\/uploads\/factory-04.webp\"\/><\/p>\n<h3>43 lignes d'extrusion d'aluminium (500-5500 tonnes)<\/h3>\n<p><img decoding=\"async\" src=\"\/wp-content\/uploads\/factory-05.webp\"\/><\/p>\n<p><img decoding=\"async\" src=\"\/wp-content\/uploads\/factory-06.webp\"\/><\/p>\n<p><img decoding=\"async\" src=\"\/wp-content\/uploads\/factory-07.webp\"\/><\/p>\n<h3>Atelier de peinture en poudre<\/h3>\n<p><img decoding=\"async\" src=\"\/wp-content\/uploads\/factory-09.webp\"\/><\/p>\n<h3>Atelier d'anodisation<\/h3>\n<p><img decoding=\"async\" src=\"\/wp-content\/uploads\/factory-10.webp\"\/><\/p>\n<h3>Atelier sur le traitement en profondeur<\/h3>\n<p><img decoding=\"async\" src=\"\/wp-content\/uploads\/factory-11.webp\"\/><\/p>\n<h3>Atelier d'usinage de pr\u00e9cision CNC<\/h3>\n<p><img decoding=\"async\" src=\"\/wp-content\/uploads\/factory-11.5.webp\"\/><\/p>\n<h3>Entrep\u00f4t de produits finis et d'exportation<\/h3>\n<p><img decoding=\"async\" src=\"\/wp-content\/uploads\/factory-12.webp\"\/><\/p>\n<p><img decoding=\"async\" src=\"\/wp-content\/uploads\/factory-13.webp\"\/><\/p>\n<p><img decoding=\"async\" src=\"\/wp-content\/uploads\/factory-14.webp\"\/><\/p>\n<h2>FAQ<\/h2>\n<p><b>1) Qu'est-ce qu'une barre d'angle en aluminium extrud\u00e9 en forme de L \/ barre d'angle en aluminium 6063 T5 ?<\/b><\/p>\n<p>Il s'agit d'un profil\u00e9 en aluminium avec une section transversale en forme de L, fabriqu\u00e9 \u00e0 partir d'un alliage 6063 T5, utilis\u00e9 pour le soutien structurel, l'encadrement et la protection des bords.\n<\/p>\n<p><\/p>\n<p><b>2. pourquoi choisir l'aluminium 6063 T5 pour les profil\u00e9s d'angle ?<\/b><\/p>\n<p>L'aluminium 6063 T5 offre un bon \u00e9quilibre entre la solidit\u00e9, la r\u00e9sistance \u00e0 la corrosion et la maniabilit\u00e9, ce qui en fait un mat\u00e9riau id\u00e9al pour les corni\u00e8res extrud\u00e9es.\n<\/p>\n<p><\/p>\n<p><b>3. Quelles sont les applications courantes des profil\u00e9s en L en aluminium ?<\/b><\/p>\n<p>Ces profil\u00e9s sont largement utilis\u00e9s dans les charpentes, les garnitures architecturales, les supports de renforcement, les machines et les structures de construction.\n<\/p>\n<p><\/p>\n<p><b>4. la barre d'angle en aluminium convient-elle \u00e0 une utilisation en ext\u00e9rieur ?<\/b><\/p>\n<p>En effet, gr\u00e2ce \u00e0 sa r\u00e9sistance \u00e0 la corrosion, les corni\u00e8res en aluminium 6063 T5 peuvent \u00eatre utilis\u00e9es aussi bien \u00e0 l'int\u00e9rieur qu'\u00e0 l'ext\u00e9rieur.\n<\/p>\n<p><\/p>\n<p><b>5. L'extrusion d'aluminium en forme de L peut-elle \u00eatre personnalis\u00e9e ?<\/b><\/p>\n<p>Absolument, il peut \u00eatre adapt\u00e9 en termes de longueur, d'angle, d'\u00e9paisseur et de finition pour r\u00e9pondre aux exigences sp\u00e9cifiques des OEM ou des architectes.\n<\/p>\n<p><\/p>\n<p><b>6. Quelles sont les finitions disponibles pour les corni\u00e8res en aluminium 6063 T5 ?<\/b><\/p>\n<p>Les finitions typiques comprennent la finition en usine, l'anodisation, le rev\u00eatement en poudre et la surface bross\u00e9e pour une durabilit\u00e9 et une apparence accrues.\n<\/p>\n<p><\/p>\n<p><b>7. les profil\u00e9s aluminium en L sont-ils faciles \u00e0 travailler ?<\/b><\/p>\n<p>Oui, ils sont l\u00e9gers, faciles \u00e0 couper et \u00e0 percer, et compatibles avec les syst\u00e8mes de soudage et de fixation.\n<\/p>\n<p><\/p>","protected":false},"featured_media":7037,"template":"","categories":[67],"class_list":["post-7038","product","type-product","status-publish","has-post-thumbnail","hentry","category-architectural-aluminium-profile"],"meta_box":{"hilight_text_group":{"product_hilight_text":"<li>Manufactured from 6063 T5 aluminum alloy for excellent strength and corrosion resistance<\/li>\r\r\n<li>L shaped design provides structural reinforcement and edge protection<\/li>\r\r\n<li>Lightweight yet durable for both industrial and architectural applications<\/li>\r\r\n<li>Easy to cut, machine, and assemble for customized fabrication<\/li>\r\r\n<li>Available in multiple sizes and finishes to meet diverse project needs<\/li>\r\r\n<li>Ideal for framing, brackets, supports, and trim solutions<\/li>","product_chanpin_blog":"<ul>\r\r\n<li><a href=\"https:\/\/sinoextrud.com\/t-slot-v-slot-differences\/\" target=\"_blank\">t slot vs v slot<\/a><\/li>\r\r\n<li><a href=\"https:\/\/sinoextrud.com\/what-is-4040-aluminium-extrud\/\" target=\"_blank\">4040 aluminium extrusion<\/a><\/li>\r\r\n<li><a href=\"https:\/\/sinoextrud.com\/what-is-4040-aluminium-extrud\/\" target=\"_blank\">aluminum extrusions for industrial racks<\/a><\/li>\r\r\n<li><a href=\"https:\/\/sinoextrud.com\/powder-coating-aluminium-process\/\" target=\"_blank\">powder coating aluminium<\/a><\/li>\r\r\n<li><a href=\"https:\/\/sinoextrud.com\/what-is-an-aluminium-strip-ceiling\/\" target=\"_blank\">aluminium strip ceiling<\/a><\/li>\r\r\n<li><a href=\"https:\/\/sinoextrud.com\/what-is-a-heat-sink\/\" target=\"_blank\">what is a heat sink<\/a><\/li>\r\r\n<\/ul>","product_chanpin_chanpin":"<li><a href=\"https:\/\/sinoextrud.com\/product\/color-polishing-aluminium-for-sliding-door\/\" target=\"_blank\">Color Polishing Aluminium For Sliding Door<\/a><\/li>\r\n<li><a href=\"https:\/\/sinoextrud.com\/product\/wood-grain-aluminium-frame-composite-used\/\" target=\"_blank\">Wood Grain Aluminium Frame Composite used<\/a><\/li>\r\n<li><a href=\"https:\/\/sinoextrud.com\/product\/half-round-aluminum-extrusion\/\" target=\"_blank\">Half Round Aluminum Extrusion<\/a><\/li>\r\n<li><a href=\"https:\/\/sinoextrud.com\/product\/u-channel-aluminium-extrusion\/\" target=\"_blank\">U Channel Aluminium Extrusion<\/a><\/li>\r\n<li><a href=\"https:\/\/sinoextrud.com\/product\/l-shaped-aluminum-extrusion-6063-t5-aluminum-angle-bar-alloy-profile\/\" target=\"_blank\">L Shaped Aluminum Extrusion  6063 T5 Aluminum Angle Bar Alloy Profile<\/a><\/li>\r\n<li><a href=\"https:\/\/sinoextrud.com\/product\/h-section-aluminium-extrusion-foshan-factory\/\" target=\"_blank\">H Section Aluminium Extrusion Foshan Factory<\/a><\/li>\r\n<li><a href=\"https:\/\/sinoextrud.com\/product\/6061-extruded-aluminum\/\" target=\"_blank\">6061 Extruded Aluminum<\/a><\/li>\r\n<li><a href=\"https:\/\/sinoextrud.com\/product\/powder-coating-aluminum-window-profile\/\" target=\"_blank\">Powder Coating Aluminum Window Profile<\/a><\/li>\r\n<li><a href=\"https:\/\/sinoextrud.com\/product\/aluminum-windows-and-doors-for-nigeria\/\" target=\"_blank\">Aluminum windows And Doors For Nigeria<\/a><\/li>\r\n<li><a href=\"https:\/\/sinoextrud.com\/product\/f-channel-aluminum-extrusion\/\" target=\"_blank\">F Channel Aluminum Extrusion<\/a><\/li>\r\n<li><a href=\"https:\/\/sinoextrud.com\/product\/curtain-aluminum-profile-extrusion-for-window\/\" target=\"_blank\">Curtain Aluminum Profile Extrusion For Window<\/a><\/li>"},"feature_list":[]},"_links":{"self":[{"href":"https:\/\/sinoextrud.com\/fr\/wp-json\/wp\/v2\/product\/7038","targetHints":{"allow":["GET"]}}],"collection":[{"href":"https:\/\/sinoextrud.com\/fr\/wp-json\/wp\/v2\/product"}],"about":[{"href":"https:\/\/sinoextrud.com\/fr\/wp-json\/wp\/v2\/types\/product"}],"wp:featuredmedia":[{"embeddable":true,"href":"https:\/\/sinoextrud.com\/fr\/wp-json\/wp\/v2\/media\/7037"}],"wp:attachment":[{"href":"https:\/\/sinoextrud.com\/fr\/wp-json\/wp\/v2\/media?parent=7038"}],"wp:term":[{"taxonomy":"category","embeddable":true,"href":"https:\/\/sinoextrud.com\/fr\/wp-json\/wp\/v2\/categories?post=7038"}],"curies":[{"name":"wp","href":"https:\/\/api.w.org\/{rel}","templated":true}]}}