{"id":7034,"date":"2025-06-05T03:03:17","date_gmt":"2025-06-05T03:03:17","guid":{"rendered":"https:\/\/sinoextrud.com\/product\/half-round-aluminum-extrusion\/"},"modified":"2025-06-24T06:12:10","modified_gmt":"2025-06-24T06:12:10","slug":"extrusion-daluminium-demi-ronde","status":"publish","type":"product","link":"https:\/\/sinoextrud.com\/fr\/product\/half-round-aluminum-extrusion\/","title":{"rendered":"Extrusion d'aluminium demi-ronde"},"content":{"rendered":"<h2>D\u00e9tails des produits<\/h2>\n<table class=\"custom-table\">\n<tr>\n<td class=\"label\">1) Mati\u00e8re premi\u00e8re :<\/td>\n<td> Billettes d'aluminium aux normes nationales 6061, 6063, 6005, 6082, 6463, etc.<\/td>\n<\/tr>\n<tr>\n<td class=\"label\">2) Taille :<\/td>\n<td> Selon la demande du client\uff0c<\/td>\n<\/tr>\n<tr>\n<td class=\"label\">3) \u00c9paisseur :<\/td>\n<td> 0.7-10mm\uff0c<\/td>\n<\/tr>\n<tr>\n<td class=\"label\">4) Longueur maximale :<\/td>\n<td> 10 millions d'euros pour l'usine finie.\uff0c<\/td>\n<\/tr>\n<tr>\n<td class=\"label\">5) Principales applications :<\/td>\n<td> Industrie, architecture, d\u00e9coration, etc.<\/td>\n<\/tr>\n<tr>\n<td class=\"label\">6) Surface finie :<\/td>\n<td> Anodis\u00e9, rev\u00eatement en poudre, grain de bois, etc.<\/td>\n<\/tr>\n<tr>\n<td class=\"label\">7) Certificats :<\/td>\n<td> ISO9001, ISO4001, CQM, SGS, CE, BV, etc.<\/td>\n<\/tr>\n<tr>\n<td class=\"label\">8) Plus de processus d'usinage :<\/td>\n<td> Prise en charge du fraisage, du per\u00e7age, du poin\u00e7onnage, du per\u00e7age, du taraudage et du cintrage CNC.<\/td>\n<\/tr>\n<tr>\n<td class=\"label\">9)  Lieu d'origine :<\/td>\n<td> Guangdong,Chine\uff0c<\/td>\n<\/tr>\n<tr>\n<td class=\"label\">11) D\u00e9lai de livraison :<\/td>\n<td> Ouverture du moule et confirmation de l'\u00e9chantillon : 13-18 jours ; production en s\u00e9rie : 25-30 jours.<\/td>\n<\/tr>\n<\/table>\n<h2>Notre base de production<\/h2>\n<h3>Panorama de l'usine<\/h3>\n<p><img decoding=\"async\" src=\"\/wp-content\/uploads\/factory-01.webp\"\/><\/p>\n<h3>Atelier de fabrication de barres d'aluminium<\/h3>\n<p><img decoding=\"async\" src=\"\/wp-content\/uploads\/factory-02.webp\"\/><\/p>\n<\/p>\n<p><img decoding=\"async\" src=\"\/wp-content\/uploads\/factory-03.webp\"\/><\/p>\n<h3>Entrep\u00f4t de stockage des moules<\/h3>\n<p><img decoding=\"async\" src=\"\/wp-content\/uploads\/factory-04.webp\"\/><\/p>\n<h3>43 lignes d'extrusion d'aluminium (500-5500 tonnes)<\/h3>\n<p><img decoding=\"async\" src=\"\/wp-content\/uploads\/factory-05.webp\"\/><\/p>\n<p><img decoding=\"async\" src=\"\/wp-content\/uploads\/factory-06.webp\"\/><\/p>\n<p><img decoding=\"async\" src=\"\/wp-content\/uploads\/factory-07.webp\"\/><\/p>\n<h3>Atelier de peinture en poudre<\/h3>\n<p><img decoding=\"async\" src=\"\/wp-content\/uploads\/factory-09.webp\"\/><\/p>\n<h3>Atelier d'anodisation<\/h3>\n<p><img decoding=\"async\" src=\"\/wp-content\/uploads\/factory-10.webp\"\/><\/p>\n<h3>Atelier sur le traitement en profondeur<\/h3>\n<p><img decoding=\"async\" src=\"\/wp-content\/uploads\/factory-11.webp\"\/><\/p>\n<h3>Atelier d'usinage de pr\u00e9cision CNC<\/h3>\n<p><img decoding=\"async\" src=\"\/wp-content\/uploads\/factory-11.5.webp\"\/><\/p>\n<h3>Entrep\u00f4t de produits finis et d'exportation<\/h3>\n<p><img decoding=\"async\" src=\"\/wp-content\/uploads\/factory-12.webp\"\/><\/p>\n<p><img decoding=\"async\" src=\"\/wp-content\/uploads\/factory-13.webp\"\/><\/p>\n<p><img decoding=\"async\" src=\"\/wp-content\/uploads\/factory-14.webp\"\/><\/p>\n<h2>FAQ<\/h2>\n<p><b>1) Qu'est-ce qu'une extrusion d'aluminium demi-ronde ?<\/b><\/p>\n<p>Une extrusion d'aluminium demi-ronde est un profil\u00e9 d'aluminium semi-circulaire couramment utilis\u00e9 pour des applications d\u00e9coratives, de garniture et fonctionnelles.\n<\/p>\n<p><\/p>\n<p><b>2. pourquoi choisir les profil\u00e9s aluminium demi-ronds ?<\/b><\/p>\n<p>Ils offrent un aspect \u00e9l\u00e9gant, des bords protecteurs et une fonctionnalit\u00e9 polyvalente pour une utilisation architecturale et industrielle.\n<\/p>\n<p><\/p>\n<p><b>3. Les profil\u00e9s aluminium demi-ronds peuvent-ils \u00eatre personnalis\u00e9s ?<\/b><\/p>\n<p>Oui, la personnalisation OEM comprend le diam\u00e8tre, la longueur, l'\u00e9paisseur de la paroi, la finition de la surface et les options de couleur.\n<\/p>\n<p><\/p>\n<p><b>4) Quelles sont les utilisations typiques des extrusions d'aluminium demi-rondes ?<\/b><\/p>\n<p>Ils sont souvent utilis\u00e9s dans les garnitures murales, les protections de bordures, les accents de fen\u00eatres, les cadres de signalisation et la conception de meubles.\n<\/p>\n<p><\/p>\n<p><b>5. les profil\u00e9s demi-ronds sont-ils r\u00e9sistants \u00e0 la corrosion ?<\/b><\/p>\n<p>Oui, fabriqu\u00e9s en aluminium avec des finitions anodis\u00e9es ou enduites de poudre, ils sont tr\u00e8s r\u00e9sistants \u00e0 la rouille et aux intemp\u00e9ries.\n<\/p>\n<p><\/p>\n<p><b>6. l'installation des profil\u00e9s aluminium demi-ronds est-elle facile ?<\/b><\/p>\n<p>Absolument, ces profils sont l\u00e9gers et faciles \u00e0 couper, \u00e0 monter ou \u00e0 coller \u00e0 l'aide d'outils et d'adh\u00e9sifs standard.\n<\/p>\n<p><\/p>\n<p><b>7. les fournisseurs proposent-ils des commandes OEM et des commandes en gros ?<\/b><\/p>\n<p>Oui, les fabricants prennent en charge les sp\u00e9cifications OEM, la production \u00e0 grande \u00e9chelle et l'emballage personnalis\u00e9 pour les clients en gros.\n<\/p>\n<p><\/p>","protected":false},"featured_media":7033,"template":"","categories":[67],"class_list":["post-7034","product","type-product","status-publish","has-post-thumbnail","hentry","category-architectural-aluminium-profile"],"meta_box":{"hilight_text_group":{"product_hilight_text":"<li>Smooth half-round profile offers modern aesthetics and functional edge protection<\/li>\r\r\n<li>Made from lightweight, corrosion-resistant aluminum for long-lasting performance<\/li>\r\r\n<li>Available in various diameters and finishes for versatile applications<\/li>\r\r\n<li>Ideal for trim, handrails, signage, and architectural details<\/li>\r\r\n<li>Custom OEM sizes, colors, and anodized coatings supported<\/li>\r\r\n<li>Easy to cut, drill, and install in commercial and residential projects<\/li>","product_chanpin_blog":"<ul>\r\r\n<li><a href=\"https:\/\/sinoextrud.com\/t-slot-v-slot-differences\/\" target=\"_blank\">t slot vs v slot<\/a><\/li>\r\r\n<li><a href=\"https:\/\/sinoextrud.com\/what-is-4040-aluminium-extrud\/\" target=\"_blank\">4040 aluminium extrusion<\/a><\/li>\r\r\n<li><a href=\"https:\/\/sinoextrud.com\/what-is-4040-aluminium-extrud\/\" target=\"_blank\">aluminum extrusions for industrial racks<\/a><\/li>\r\r\n<li><a href=\"https:\/\/sinoextrud.com\/powder-coating-aluminium-process\/\" target=\"_blank\">powder coating aluminium<\/a><\/li>\r\r\n<li><a href=\"https:\/\/sinoextrud.com\/what-is-an-aluminium-strip-ceiling\/\" target=\"_blank\">aluminium strip ceiling<\/a><\/li>\r\r\n<li><a href=\"https:\/\/sinoextrud.com\/what-is-a-heat-sink\/\" target=\"_blank\">what is a heat sink<\/a><\/li>\r\r\n<\/ul>","product_chanpin_chanpin":"<li><a href=\"https:\/\/sinoextrud.com\/product\/customized-aluminum-porch-railing\/\" target=\"_blank\">Customized Aluminum Porch Railing<\/a><\/li>\r\n<li><a href=\"https:\/\/sinoextrud.com\/product\/sell-well-window-and-door-aluminium-profile\/\" target=\"_blank\">Sell Well Window And Door Aluminium Profile<\/a><\/li>\r\n<li><a href=\"https:\/\/sinoextrud.com\/product\/color-polishing-aluminium-for-sliding-door\/\" target=\"_blank\">Color Polishing Aluminium For Sliding Door<\/a><\/li>\r\n<li><a href=\"https:\/\/sinoextrud.com\/product\/wood-grain-aluminium-frame-composite-used\/\" target=\"_blank\">Wood Grain Aluminium Frame Composite used<\/a><\/li>\r\n<li><a href=\"https:\/\/sinoextrud.com\/product\/half-round-aluminum-extrusion\/\" target=\"_blank\">Half Round Aluminum Extrusion<\/a><\/li>\r\n<li><a href=\"https:\/\/sinoextrud.com\/product\/u-channel-aluminium-extrusion\/\" target=\"_blank\">U Channel Aluminium Extrusion<\/a><\/li>\r\n<li><a href=\"https:\/\/sinoextrud.com\/product\/l-shaped-aluminum-extrusion-6063-t5-aluminum-angle-bar-alloy-profile\/\" target=\"_blank\">L Shaped Aluminum Extrusion  6063 T5 Aluminum Angle Bar Alloy Profile<\/a><\/li>\r\n<li><a href=\"https:\/\/sinoextrud.com\/product\/h-section-aluminium-extrusion-foshan-factory\/\" target=\"_blank\">H Section Aluminium Extrusion Foshan Factory<\/a><\/li>\r\n<li><a href=\"https:\/\/sinoextrud.com\/product\/6061-extruded-aluminum\/\" target=\"_blank\">6061 Extruded Aluminum<\/a><\/li>\r\n<li><a href=\"https:\/\/sinoextrud.com\/product\/gb-matt-anodized-aluminium\/\" target=\"_blank\">GB Matt Anodized Aluminium<\/a><\/li>\r\n<li><a href=\"https:\/\/sinoextrud.com\/product\/anodized-small-aluminum-extrusions\/\" target=\"_blank\">Anodized Small Aluminum Extrusions<\/a><\/li>"},"feature_list":[]},"_links":{"self":[{"href":"https:\/\/sinoextrud.com\/fr\/wp-json\/wp\/v2\/product\/7034","targetHints":{"allow":["GET"]}}],"collection":[{"href":"https:\/\/sinoextrud.com\/fr\/wp-json\/wp\/v2\/product"}],"about":[{"href":"https:\/\/sinoextrud.com\/fr\/wp-json\/wp\/v2\/types\/product"}],"wp:featuredmedia":[{"embeddable":true,"href":"https:\/\/sinoextrud.com\/fr\/wp-json\/wp\/v2\/media\/7033"}],"wp:attachment":[{"href":"https:\/\/sinoextrud.com\/fr\/wp-json\/wp\/v2\/media?parent=7034"}],"wp:term":[{"taxonomy":"category","embeddable":true,"href":"https:\/\/sinoextrud.com\/fr\/wp-json\/wp\/v2\/categories?post=7034"}],"curies":[{"name":"wp","href":"https:\/\/api.w.org\/{rel}","templated":true}]}}